{"id":3346,"date":"2020-12-03T16:53:16","date_gmt":"2020-12-03T15:53:16","guid":{"rendered":"https:\/\/mathy-austria.com\/?post_type=product&#038;p=3346"},"modified":"2025-06-13T11:03:29","modified_gmt":"2025-06-13T10:03:29","slug":"mathy-benzin-brennraum-kur","status":"publish","type":"product","link":"https:\/\/mathy-austria.com\/sk\/produkt\/mathy-benzin-brennraum-kur\/","title":{"rendered":"MATHY lie\u010denie spa\u013eovacej komory benz\u00ednu"},"content":{"rendered":"<h2>O\u0161etrenie spa\u013eovacej komory benz\u00ednu MATHY (len raz ro\u010dne)<\/h2>\n<div>Najm\u00e4 v pr\u00edpade benz\u00ednov\u00fdch motorov so zn\u00ed\u017eenou ve\u013ekos\u0165ou a probl\u00e9mami s LSPI<\/div>\n<div><\/div>\n<div><strong>Lie\u010divo pozost\u00e1va z t\u00fdchto benz\u00ednov\u00fdch pr\u00edsad:<\/strong><\/div>\n<div>1 x 250 ml \u010disti\u010d benz\u00ednov\u00e9ho syst\u00e9mu MATHY-BE<\/div>\n<div>3 x 250 ml MATHY-BR \u010disti\u010d spa\u013eovacej komory benz\u00edn<\/div>\n<div><\/div>\n<div>Str\u00e1nka\u00a0<strong>MATHY lie\u010denie spa\u013eovacej komory benz\u00ednu\u00a0<\/strong>\u00fa\u010dinne rozklad\u00e1 mikro\u010dastice v spa\u013eovacej komore zmen\u0161en\u00fdch benz\u00ednov\u00fdch motorov. Pou\u017eitie pr\u00edpravku zni\u017euje riziko pred\u010dasn\u00e9ho vznietenia zmesi benz\u00ednu a vzduchu. Takzvan\u00e9 n\u00edzkor\u00fdchlostn\u00e9 predz\u00e1paln\u00e9 vznietenie (LSPI) je vyvolan\u00e9 mikro\u010dasticami uhl\u00edka. Tieto \u010dastice sa vznietia pod vysok\u00fdm tlakom e\u0161te pred samotn\u00fdm vznieten\u00edm a spustia predz\u00e1pal. To m\u00f4\u017ee vies\u0165 k v\u00e1\u017enemu po\u0161kodeniu motora.<\/div>\n<div><\/div>\n<div>\u00daprava spa\u013eovacej komory benz\u00ednu MATHY odstra\u0148uje uhl\u00edkov\u00e9 \u010dastice z celej spa\u013eovacej komory a minimalizuje riziko po\u0161kodenia motora. O\u0161etrenie sa d\u00e1 jednoducho vykona\u0165 bez n\u00e1v\u0161tevy servisu pomocou n\u00e1vodu na aplik\u00e1ciu.<\/div>\n<h2>Aplik\u00e1cia krok za krokom<\/h2>\n<div>Na \u00fa\u010dinn\u00e9 odstr\u00e1nenie uhl\u00edkov\u00fdch \u010dast\u00edc zo spa\u013eovacej komory odpor\u00fa\u010dame ako liek pou\u017ei\u0165 na\u0161e adit\u00edva do benz\u00ednu MATHY-BE a MATHY-BR v kombin\u00e1cii. Oba produkty s\u00fa ur\u010den\u00e9 na pou\u017eitie v 60 litroch benz\u00ednov\u00e9ho paliva.<\/div>\n<div><\/div>\n<div>Ak chcete za\u010da\u0165 o\u0161etrovanie spa\u013eovacej komory benz\u00ednu, pridajte do n\u00e1dr\u017ee, ktor\u00e1 by mala by\u0165 \u010do najviac pr\u00e1zdna, plechovku \u010disti\u010da benz\u00ednov\u00e9ho syst\u00e9mu MATHY-BE (250 ml) a napl\u0148te ju\u00a0<strong>max. 60 l benz\u00ednu<\/strong>. Potom n\u00e1dr\u017e dopl\u0148te na rezervn\u00fa \u00farove\u0148. Potom nasleduje prv\u00e1 aplik\u00e1cia benz\u00ednu MATHY-BR na \u010distenie spa\u013eovacej komory (250 ml). Op\u00e4\u0165 vypr\u00e1zdnite n\u00e1dr\u017e a\u017e po rezervn\u00fd objem, napl\u0148te plechovku MATHY-BR (250 ml) a op\u00e4\u0165 dopl\u0148te 60 litrov benz\u00ednu. Potom napl\u0148te n\u00e1dr\u017e raz bez a potom znovu s MATHY-BR, k\u00fdm sa nepou\u017eij\u00fa v\u0161etky tri plechovky.<\/div>\n<div><\/div>\n<div>Pre optim\u00e1lny cyklus \u010distenia odpor\u00fa\u010dame 30-min\u00fatov\u00fa jazdu po dia\u013enici s MATHY-BR v n\u00e1dr\u017ei. Ak je to mo\u017en\u00e9, pou\u017eite na cel\u00fa aplik\u00e1ciu lie\u010dby pr\u00e9miov\u00e9 benz\u00ednov\u00e9 palivo.<\/div>\n<div><\/div>\n<div><strong>Pozn\u00e1mka:<\/strong>\u00a0Plnenie n\u00e1dr\u017ee bez adit\u00edv zabra\u0148uje nadmernej aditiv\u00e1cii benz\u00ednu.<\/div>\n<div><\/div>\n<div>\n<ol>\n<li>Plnenie n\u00e1dr\u017ee \u010disti\u010dom benz\u00ednov\u00e9ho syst\u00e9mu MATHY-BE<\/li>\n<li>Plnenie n\u00e1dr\u017ee benz\u00ednom MATHY-BR na \u010distenie spa\u013eovacej komory<\/li>\n<li>Tankovanie bez adit\u00edv<\/li>\n<li>Plnenie n\u00e1dr\u017ee benz\u00ednom MATHY-BR na \u010distenie spa\u013eovacej komory<\/li>\n<li>Tankovanie bez adit\u00edv<\/li>\n<li>Plnenie n\u00e1dr\u017ee benz\u00ednom MATHY-BR na \u010distenie spa\u013eovacej komory<\/li>\n<\/ol>\n<h3>Nebezpe\u010denstvo<\/h3>\n<ul>\n<li>H225: Vysoko hor\u013eav\u00e1 kvapalina a pary.<\/li>\n<li>H304: M\u00f4\u017ee by\u0165 smrte\u013en\u00fd pri po\u017eit\u00ed a vniknut\u00ed do d\u00fdchac\u00edch ciest.<\/li>\n<li>H317: M\u00f4\u017ee sp\u00f4sobi\u0165 alergick\u00fa ko\u017en\u00fa reakciu.<\/li>\n<li>H319: Sp\u00f4sobuje v\u00e1\u017ene podr\u00e1\u017edenie o\u010d\u00ed.<\/li>\n<li>H336: M\u00f4\u017ee sp\u00f4sobi\u0165 ospalos\u0165 alebo z\u00e1vraty.<\/li>\n<li>H411: Toxick\u00fd pre vodn\u00e9 organizmy s dlhodob\u00fdmi \u00fa\u010dinkami.<\/li>\n<li>H412: \u0160kodliv\u00fd pre vodn\u00e9 organizmy s dlhodob\u00fdmi \u00fa\u010dinkami.<\/li>\n<li>EUH066: Opakovan\u00e1 expoz\u00edcia m\u00f4\u017ee sp\u00f4sobi\u0165 vysu\u0161enie alebo popraskanie poko\u017eky.<\/li>\n<\/ul>\n<\/div>","protected":false},"excerpt":{"rendered":"<p>\u010cistiaca s\u00faprava najm\u00e4 pre benz\u00ednov\u00e9 motory s ni\u017e\u0161ou spotrebou<\/p>\n<p class=\"lead m-article_information-shortdesc\">1 x 250 ml MATHY-BE + 3 x 250 ml MATHY-BR<\/p>","protected":false},"featured_media":3350,"template":"","meta":[],"product_brand":[],"product_cat":[127,132],"product_tag":[],"class_list":{"0":"post-3346","1":"product","2":"type-product","3":"status-publish","4":"has-post-thumbnail","6":"product_cat-kraftstoffsystem","7":"product_cat-produkt-sets","8":"description-off","10":"first","11":"instock","12":"taxable","13":"shipping-taxable","14":"purchasable","15":"product-type-simple"},"_links":{"self":[{"href":"https:\/\/mathy-austria.com\/sk\/wp-json\/wp\/v2\/product\/3346","targetHints":{"allow":["GET"]}}],"collection":[{"href":"https:\/\/mathy-austria.com\/sk\/wp-json\/wp\/v2\/product"}],"about":[{"href":"https:\/\/mathy-austria.com\/sk\/wp-json\/wp\/v2\/types\/product"}],"wp:featuredmedia":[{"embeddable":true,"href":"https:\/\/mathy-austria.com\/sk\/wp-json\/wp\/v2\/media\/3350"}],"wp:attachment":[{"href":"https:\/\/mathy-austria.com\/sk\/wp-json\/wp\/v2\/media?parent=3346"}],"wp:term":[{"taxonomy":"product_brand","embeddable":true,"href":"https:\/\/mathy-austria.com\/sk\/wp-json\/wp\/v2\/product_brand?post=3346"},{"taxonomy":"product_cat","embeddable":true,"href":"https:\/\/mathy-austria.com\/sk\/wp-json\/wp\/v2\/product_cat?post=3346"},{"taxonomy":"product_tag","embeddable":true,"href":"https:\/\/mathy-austria.com\/sk\/wp-json\/wp\/v2\/product_tag?post=3346"}],"curies":[{"name":"wp","href":"https:\/\/api.w.org\/{rel}","templated":true}]}}