{"id":3092,"date":"2020-11-13T09:21:51","date_gmt":"2020-11-13T08:21:51","guid":{"rendered":"https:\/\/mathy-austria.com\/?post_type=product&#038;p=3092"},"modified":"2026-02-21T15:25:54","modified_gmt":"2026-02-21T14:25:54","slug":"mathy-diesel-kur","status":"publish","type":"product","link":"https:\/\/mathy-austria.com\/sk\/produkt\/mathy-diesel-kur\/","title":{"rendered":"MATHY lie\u010denie nafty"},"content":{"rendered":"<h3>MATHY-DIESEL CURE (len 1 x ro\u010dne)<\/h3>\n<p>3 x 300 ml MATHY-D \u010disti\u010d dieselov\u00e9ho syst\u00e9mu<br \/>\n1 x 250 ml MATHY-ID \u010cisti\u010d vstrekova\u010dov nafty<\/p>\n<h3>Aplik\u00e1cia krok za krokom<\/h3>\n<p>Odpor\u00fa\u010dame pou\u017e\u00edva\u0165 MATHY-D a MATHY-ID na zachovanie dlhodobej funk\u010dnosti dieselov\u00e9ho syst\u00e9mu. Oba produkty s\u00fa ur\u010den\u00e9 na pou\u017eitie v 50 litroch nafty.<\/p>\n<p>Ak chcete za\u010da\u0165 o\u0161etrenie, pridajte do pr\u00e1zdnej n\u00e1dr\u017ee plechovku MATHY-D (250 ml) a napl\u0148te ju maxim\u00e1lne 50 litrami nafty. Potom n\u00e1dr\u017e spustite a\u017e po rezervn\u00fa hladinu. Potom napl\u0148te n\u00e1dr\u017e raz bez MATHY-D a potom znovu MATHY-D, k\u00fdm sa neaplikuj\u00fa v\u0161etky tri d\u00e1vky. Potom nasleduje prv\u00e1 aplik\u00e1cia s MATHY-ID (200 ml). Op\u00e4\u0165 vypr\u00e1zdnite n\u00e1dr\u017e a\u017e po rezervn\u00fd objem, pridajte plechovku MATHY-ID a dopl\u0148te \u010fal\u0161\u00edch 50 litrov nafty. O\u0161etrenie nafty je teraz dokon\u010den\u00e9. Pre optim\u00e1lny cyklus \u010distenia odpor\u00fa\u010dame 30-min\u00fatov\u00fa jazdu po dia\u013enici s MATHY-D v n\u00e1dr\u017ei. Ak je to mo\u017en\u00e9, pou\u017eite na cel\u00fa aplik\u00e1ciu k\u00fary pr\u00e9miov\u00fa naftu.<\/p>\n<ol>\n<li>Tankovanie s MATHY-D<\/li>\n<li>Tankovanie bez adit\u00edv<\/li>\n<li>Tankovanie s MATHY-D<\/li>\n<li>Tankovanie bez adit\u00edv<\/li>\n<li>Tankovanie s MATHY-D<\/li>\n<li>Tankovanie s MATHY-ID<\/li>\n<\/ol>\n<h3>Nebezpe\u010denstvo<\/h3>\n<ul>\n<li>H315: Sp\u00f4sobuje podr\u00e1\u017edenie poko\u017eky.<\/li>\n<li>H319: Sp\u00f4sobuje v\u00e1\u017ene podr\u00e1\u017edenie o\u010d\u00ed.<\/li>\n<li>H226: Hor\u013eav\u00e1 kvapalina a para.<\/li>\n<li>H304: M\u00f4\u017ee by\u0165 smrte\u013en\u00fd pri po\u017eit\u00ed a vniknut\u00ed do d\u00fdchac\u00edch ciest.<\/li>\n<li>H318: Sp\u00f4sobuje v\u00e1\u017ene po\u0161kodenie o\u010d\u00ed.<\/li>\n<li>H317: M\u00f4\u017ee sp\u00f4sobi\u0165 alergick\u00fa ko\u017en\u00fa reakciu.<\/li>\n<li>H412: \u0160kodliv\u00fd pre vodn\u00e9 organizmy s dlhodob\u00fdmi \u00fa\u010dinkami.<\/li>\n<li>EUH066: Opakovan\u00e1 expoz\u00edcia m\u00f4\u017ee sp\u00f4sobi\u0165 vysu\u0161enie alebo popraskanie poko\u017eky; umiestnite hmatov\u00fa v\u00fdstra\u017en\u00fa zna\u010dku \/ uz\u00e1very odoln\u00e9 proti otvoreniu de\u0165mi.<\/li>\n<\/ul>","protected":false},"excerpt":{"rendered":"<p class=\"lead m-article_information-shortdesc\">3 x 250 ml MATHY-D + 1 x 200 ml MATHY-ID<\/p>","protected":false},"featured_media":146094,"template":"","meta":[],"product_brand":[],"product_cat":[183,127,132],"product_tag":[],"class_list":{"0":"post-3092","1":"product","2":"type-product","3":"status-publish","4":"has-post-thumbnail","6":"product_cat-spitzenreiter","7":"product_cat-kraftstoffsystem","8":"product_cat-produkt-sets","9":"description-off","11":"first","12":"instock","13":"taxable","14":"shipping-taxable","15":"purchasable","16":"product-type-simple"},"_links":{"self":[{"href":"https:\/\/mathy-austria.com\/sk\/wp-json\/wp\/v2\/product\/3092","targetHints":{"allow":["GET"]}}],"collection":[{"href":"https:\/\/mathy-austria.com\/sk\/wp-json\/wp\/v2\/product"}],"about":[{"href":"https:\/\/mathy-austria.com\/sk\/wp-json\/wp\/v2\/types\/product"}],"wp:featuredmedia":[{"embeddable":true,"href":"https:\/\/mathy-austria.com\/sk\/wp-json\/wp\/v2\/media\/146094"}],"wp:attachment":[{"href":"https:\/\/mathy-austria.com\/sk\/wp-json\/wp\/v2\/media?parent=3092"}],"wp:term":[{"taxonomy":"product_brand","embeddable":true,"href":"https:\/\/mathy-austria.com\/sk\/wp-json\/wp\/v2\/product_brand?post=3092"},{"taxonomy":"product_cat","embeddable":true,"href":"https:\/\/mathy-austria.com\/sk\/wp-json\/wp\/v2\/product_cat?post=3092"},{"taxonomy":"product_tag","embeddable":true,"href":"https:\/\/mathy-austria.com\/sk\/wp-json\/wp\/v2\/product_tag?post=3092"}],"curies":[{"name":"wp","href":"https:\/\/api.w.org\/{rel}","templated":true}]}}