{"id":2953,"date":"2020-10-27T21:53:52","date_gmt":"2020-10-27T19:53:52","guid":{"rendered":"https:\/\/mathy-austria.com\/?post_type=product&#038;p=2953"},"modified":"2024-07-15T07:11:34","modified_gmt":"2024-07-15T06:11:34","slug":"mathy-br","status":"publish","type":"product","link":"https:\/\/mathy-austria.com\/sk\/produkt\/mathy-br\/","title":{"rendered":"MATHY-BR"},"content":{"rendered":"<p>MATHY-BR je vysoko \u00fa\u010dinn\u00fd syst\u00e9mov\u00fd \u010disti\u010d spa\u013eovac\u00edch kom\u00f4r v benz\u00ednov\u00fdch motoroch so zn\u00ed\u017eenou ve\u013ekos\u0165ou. Intenz\u00edvny \u010distiaci \u00fa\u010dinok rozp\u00fa\u0161\u0165a uhl\u00edkov\u00e9 \u010dastice v spa\u013eovacej komore a t\u00fdm v\u00fdrazne zni\u017euje LSPI (Low Speed Pre-Ignition) pri n\u00edzkych ot\u00e1\u010dkach motora.<\/p>\n<p>Chemick\u00e9 zlo\u017eenie MATHY-BR rozklad\u00e1 odoln\u00e9 usadeniny na korunke piestu a zni\u017euje riziko samovznietenia zmesi benz\u00ednu a vzduchu. Pravideln\u00fdm pou\u017e\u00edvan\u00edm pr\u00edpravku MATHY-BR sa minimalizuje riziko po\u0161kodenia motora. M\u00f4\u017ee sa pou\u017e\u00edva\u0165 vo vstrekovac\u00edch syst\u00e9moch benz\u00ednov\u00fdch motorov so zn\u00ed\u017een\u00fdm zdvihov\u00fdm objemom (pr\u00edklad: zdvihov\u00fd objem 1,0 l s v\u00fdkonom 150 k).<\/p>\n<p><strong>Chr\u00e1\u0148te svoj motor pred po\u0161koden\u00edm sp\u00f4soben\u00fdm pred\u010dasn\u00fdm samovznieten\u00edm. \u010cisti\u010d spa\u013eovacej komory MATHY-BR sa \u013eahko pou\u017e\u00edva a m\u00f4\u017eete ho pou\u017ei\u0165 kedyko\u013evek. N\u00e1v\u0161teva servisu nie je potrebn\u00e1.<\/strong><\/p>\n<p>&nbsp;<\/p>\n<h2>Zn\u00ed\u017eenie alebo odstr\u00e1nenie technick\u00fdch probl\u00e9mov<\/h2>\n<ul>\n<li>Intenz\u00edvny \u010distiaci \u00fa\u010dinok v spa\u013eovacej komore benz\u00ednov\u00fdch motorov<\/li>\n<li>Zni\u017euje riziko vznietenia paliva (LSPI)<\/li>\n<li>Minimalizuje tvorbu \u017eiariacich \u010dast\u00edc<\/li>\n<li>Zni\u017euje riziko po\u0161kodenia motora<\/li>\n<li>M\u00f4\u017ee sa pou\u017e\u00edva\u0165 vo v\u0161etk\u00fdch benz\u00ednov\u00fdch paliv\u00e1ch<\/li>\n<li>Jednoduch\u00e9 d\u00e1vkovanie cez n\u00e1dr\u017e<\/li>\n<li>Plat\u00ed bez n\u00e1v\u0161tevy dielne<\/li>\n<\/ul>\n<p>&nbsp;<\/p>\n<h2>Oblasti pou\u017eitia<\/h2>\n<ul>\n<li>Benz\u00ednov\u00e9 motory so zn\u00ed\u017een\u00fdm zdvihov\u00fdm objemom (downsizingov\u00e9 motory)<br \/>\nVo v\u0161etk\u00fdch benz\u00ednov\u00fdch paliv\u00e1ch<br \/>\nKompatibiln\u00fd so v\u0161etk\u00fdmi filtra\u010dn\u00fdmi syst\u00e9mami v\u00fdfukov\u00fdch plynov<\/li>\n<li>D\u00e1vkovanie<br \/>\nDer Doseninhalt (250 ml) MATHY-BR reicht f\u00fcr bis zu 50,0 l \u2013 60,0 Liter Benzinkraftstoff<\/li>\n<li>Aplik\u00e1cia<br \/>\nMATHY-BR pridajte do n\u00e1dr\u017ee bezprostredne pred doplnen\u00edm paliva. Pre optim\u00e1lne premie\u0161anie zn\u00ed\u017ete objem n\u00e1dr\u017ee na \u00farove\u0148 rezervy. M\u00f4\u017ee sa pou\u017e\u00edva\u0165 so v\u0161etk\u00fdmi benz\u00ednov\u00fdmi palivami. Opakujte ka\u017ed\u00fdch 10 000 km.<\/li>\n<li>Od najazdenia viac ako 100 000 km vykonajte pred pou\u017eit\u00edm MATHY-BR o\u0161etrenie benz\u00ednov\u00e9ho motora MATHY. Pri benz\u00ednov\u00fdch motoroch so zn\u00ed\u017een\u00fdm zdvihov\u00fdm objemom potom odpor\u00fa\u010dame raz ro\u010dne pou\u017ei\u0165 na\u0161e o\u0161etrenie MATHY BR.<\/li>\n<\/ul>\n<p><strong>Pozn\u00e1mka: Mno\u017estvo paliva v n\u00e1dr\u017ei by malo by\u0165 minim\u00e1lne rovnak\u00e9 ako objem rezervy.<\/strong><\/p>\n<p><strong>Nepou\u017e\u00edvajte spolu s in\u00fdmi pr\u00edsadami!<\/strong><\/p>\n<p>&nbsp;<\/p>\n<h2>Nebezpe\u010denstvo<\/h2>\n<ul>\n<li>H317: M\u00f4\u017ee sp\u00f4sobi\u0165 alergick\u00fa ko\u017en\u00fa reakciu.<\/li>\n<li>H304: M\u00f4\u017ee by\u0165 smrte\u013en\u00fd pri po\u017eit\u00ed a vniknut\u00ed do d\u00fdchac\u00edch ciest.<\/li>\n<li>H319: Sp\u00f4sobuje v\u00e1\u017ene podr\u00e1\u017edenie o\u010d\u00ed.<\/li>\n<li>H411: Toxick\u00fd pre vodn\u00e9 organizmy s dlhodob\u00fdmi \u00fa\u010dinkami.<\/li>\n<li>EUH066: Opakovan\u00e1 expoz\u00edcia m\u00f4\u017ee sp\u00f4sobi\u0165 vysu\u0161enie alebo popraskanie poko\u017eky.<\/li>\n<\/ul>","protected":false},"excerpt":{"rendered":"<p>MATHY-BR je vysoko \u00fa\u010dinn\u00fd \u010disti\u010d spa\u013eovac\u00edch kom\u00f4r v zmen\u0161en\u00fdch benz\u00ednov\u00fdch motoroch. Jeho intenz\u00edvny \u010distiaci \u00fa\u010dinok rozp\u00fa\u0161\u0165a \u010dastice uhl\u00edka v spa\u013eovacej komore, \u010d\u00edm v\u00fdrazne zni\u017euje LSPI (predz\u00e1pal pri n\u00edzkych ot\u00e1\u010dkach) pri n\u00edzkych ot\u00e1\u010dkach motora. Chemick\u00e9 zlo\u017eenie MATHY-BR rozklad\u00e1 odoln\u00e9 usadeniny na dne piestu a zni\u017euje riziko samovznietenia zmesi benz\u00ednu a vzduchu. Riziko po\u0161kodenia motora sa pri pravidelnom pou\u017e\u00edvan\u00ed v\u00fdrazne zni\u017euje...<\/p>","protected":false},"featured_media":3198,"template":"","meta":[],"product_brand":[],"product_cat":[127],"product_tag":[],"class_list":{"0":"post-2953","1":"product","2":"type-product","3":"status-publish","4":"has-post-thumbnail","6":"product_cat-kraftstoffsystem","7":"description-off","9":"first","10":"instock","11":"taxable","12":"shipping-taxable","13":"purchasable","14":"product-type-variable"},"_links":{"self":[{"href":"https:\/\/mathy-austria.com\/sk\/wp-json\/wp\/v2\/product\/2953","targetHints":{"allow":["GET"]}}],"collection":[{"href":"https:\/\/mathy-austria.com\/sk\/wp-json\/wp\/v2\/product"}],"about":[{"href":"https:\/\/mathy-austria.com\/sk\/wp-json\/wp\/v2\/types\/product"}],"wp:featuredmedia":[{"embeddable":true,"href":"https:\/\/mathy-austria.com\/sk\/wp-json\/wp\/v2\/media\/3198"}],"wp:attachment":[{"href":"https:\/\/mathy-austria.com\/sk\/wp-json\/wp\/v2\/media?parent=2953"}],"wp:term":[{"taxonomy":"product_brand","embeddable":true,"href":"https:\/\/mathy-austria.com\/sk\/wp-json\/wp\/v2\/product_brand?post=2953"},{"taxonomy":"product_cat","embeddable":true,"href":"https:\/\/mathy-austria.com\/sk\/wp-json\/wp\/v2\/product_cat?post=2953"},{"taxonomy":"product_tag","embeddable":true,"href":"https:\/\/mathy-austria.com\/sk\/wp-json\/wp\/v2\/product_tag?post=2953"}],"curies":[{"name":"wp","href":"https:\/\/api.w.org\/{rel}","templated":true}]}}