{"id":23651,"date":"2021-11-25T19:04:23","date_gmt":"2021-11-25T18:04:23","guid":{"rendered":"https:\/\/mathy-austria.com\/?post_type=product&#038;p=23651"},"modified":"2024-07-15T07:11:33","modified_gmt":"2024-07-15T06:11:33","slug":"automatikgetriebeoel-reinigungsset-plus","status":"publish","type":"product","link":"https:\/\/mathy-austria.com\/sk\/produkt\/automatikgetriebeoel-reinigungsset-plus\/","title":{"rendered":"S\u00faprava na \u010distenie oleja automatickej prevodovky Plus"},"content":{"rendered":"<p><strong>\u010cistiaca s\u00faprava obsahuje:<\/strong><\/p>\n<ul>\n<li>150 ml <strong>MATHY-ATR<\/strong> \u010cisti\u010d automatickej prevodovky<\/li>\n<li>1,0 l <strong>MATHY-TA<\/strong> Pr\u00edsada do automatick\u00e9ho prevodov\u00e9ho oleja<\/li>\n<\/ul>\n<p>S\u00faprava na \u010distenie automatick\u00fdch prevodoviek MATHY sa pou\u017e\u00edva na \u010distenie a zn\u00ed\u017eenie opotrebovania automatick\u00fdch prevodoviek. \u010cistiaca s\u00faprava odstra\u0148uje probl\u00e9my s raden\u00edm, trhanie pri \u0161tarte a zvuky pri chode s\u00favisiace s opotrebovan\u00edm a predl\u017euje \u017eivotnos\u0165 automatickej prevodovky. Na dosiahnutie optim\u00e1lnych v\u00fdsledkov odpor\u00fa\u010dame \u010distenie ka\u017ed\u00fdch 60 000 km.<\/p>\n<p><strong>Zn\u00ed\u017eenie alebo odstr\u00e1nenie technick\u00fdch probl\u00e9mov<\/strong><\/p>\n<ul>\n<li>Odstr\u00e1nenie kontamin\u00e1cie v ropn\u00fdch vrtoch<\/li>\n<li>Zn\u00ed\u017eenie hluku spojen\u00e9ho s opotrebovan\u00edm<\/li>\n<li>Odstr\u00e1nili sa probl\u00e9my s raden\u00edm a trhnut\u00edm pri \u0161tarte<\/li>\n<li>Koeficienty vn\u00fatorn\u00e9ho trenia v automatickej prevodovke s\u00fa minimalizovan\u00e9<\/li>\n<li>Vyrovn\u00e1vanie v\u00f4le na bokoch zubov (zv\u00fd\u0161enie pevnosti v tlaku)<\/li>\n<li>Stabilita oleja ATF pri starnut\u00ed sa zvy\u0161uje<\/li>\n<\/ul>\n<p><strong>Oblasti pou\u017eitia<\/strong><\/p>\n<p>\u010cistiaca s\u00faprava sa m\u00f4\u017ee pou\u017e\u00edva\u0165 vo v\u0161etk\u00fdch automatick\u00fdch prevodovk\u00e1ch, ktor\u00e9 s\u00fa naplnen\u00e9 olejmi ATF.<\/p>\n<p><strong>D\u00e1vkovanie<\/strong><\/p>\n<p><strong>Na \u010distenie:<\/strong>\u00a0<strong>MATHY-ATR<\/strong> \u010cisti\u010d automatick\u00fdch prevodoviek (150 ml) posta\u010duje na objem prevodov\u00e9ho oleja 3 a\u017e 6 litrov.<\/p>\n<p><strong>Pre starostlivos\u0165 a zn\u00ed\u017eenie opotrebovania:<\/strong>\u00a010% <strong>MATHY-TA<\/strong> Do \u010derstv\u00e9ho prevodov\u00e9ho oleja ATF pridajte adit\u00edvum do automatickej prevodovky (500 ml). Maxim\u00e1lny pr\u00eddavok do prevodov\u00e9ho oleja: 10%<\/p>\n<p><strong>Pr\u00edklad pre 10%:<\/strong>\u00a0Objem oleja 5,0 l = 4,5 l oleja ATF + 500 ml <strong>MATHY-TA<\/strong><\/p>\n<p><strong>Aplik\u00e1cia<\/strong><\/p>\n<p><strong>Krok 1 \u010cistenie pomocou MATHY-ATR:<\/strong><br \/>\nVy\u010distite star\u00fdm prevodov\u00fdm olejom ATF. Obsah plechovky 150 ml <strong>MATHY-ATR<\/strong> prevodov\u00e9ho oleja pri prev\u00e1dzkovej teplote pred v\u00fdmenou oleja. Dbajte na to, aby nebol prekro\u010den\u00fd objem n\u00e1plne a v pr\u00edpade potreby vypustite \u010das\u0165 prevodov\u00e9ho oleja. Po doplnen\u00ed oleja jazdite 15 min\u00fat a nieko\u013ekokr\u00e1t preradte v\u0161etky prevodov\u00e9 stupne. Potom prevodov\u00fd olej vyme\u0148te, ke\u010f je tepl\u00fd.<\/p>\n<p><strong>Krok 2 plnenie \u010derstv\u00e9ho oleja pomocou MATHY-TA:<\/strong><br \/>\nPo vy\u010disten\u00ed a v\u00fdmene oleja, \u010derstv\u00fd prevodov\u00fd olej ATF + 10% <strong>MATHY-TA<\/strong> Dopl\u0148te olej do automatickej prevodovky.<\/p>\n<p><strong>Pozor<\/strong><\/p>\n<ul>\n<li>H317: M\u00f4\u017ee sp\u00f4sobi\u0165 alergick\u00fa ko\u017en\u00fa reakciu.<\/li>\n<li>H412: \u0160kodliv\u00fd pre vodn\u00e9 organizmy s dlhodob\u00fdmi \u00fa\u010dinkami.<\/li>\n<li>EUH208: Obsahuje 1-(terc-dodecyltio)prop\u00e1n-2-ol, acetamid, 2-hydroxy-, N,N-dikokoalkylderiv\u00e1ty, 1,2-prop\u00e1ndiol, 3-amino-, N,N-dikokoalkylderiv\u00e1ty. M\u00f4\u017ee sp\u00f4sobi\u0165 alergick\u00e9 reakcie.<\/li>\n<\/ul>\n<p>&nbsp;<\/p>\n<p>&nbsp;<\/p>","protected":false},"excerpt":{"rendered":"<p>\u010cisti\u010d oleja automatickej prevodovky a adit\u00edvum do oleja automatickej prevodovky<\/p>","protected":false},"featured_media":23656,"template":"","meta":[],"product_brand":[],"product_cat":[126,132],"product_tag":[],"class_list":{"0":"post-23651","1":"product","2":"type-product","3":"status-publish","4":"has-post-thumbnail","6":"product_cat-getriebe","7":"product_cat-produkt-sets","8":"product_shipping_class-standardversand-schwer","9":"description-off","11":"first","12":"instock","13":"taxable","14":"shipping-taxable","15":"purchasable","16":"product-type-simple"},"_links":{"self":[{"href":"https:\/\/mathy-austria.com\/sk\/wp-json\/wp\/v2\/product\/23651","targetHints":{"allow":["GET"]}}],"collection":[{"href":"https:\/\/mathy-austria.com\/sk\/wp-json\/wp\/v2\/product"}],"about":[{"href":"https:\/\/mathy-austria.com\/sk\/wp-json\/wp\/v2\/types\/product"}],"wp:featuredmedia":[{"embeddable":true,"href":"https:\/\/mathy-austria.com\/sk\/wp-json\/wp\/v2\/media\/23656"}],"wp:attachment":[{"href":"https:\/\/mathy-austria.com\/sk\/wp-json\/wp\/v2\/media?parent=23651"}],"wp:term":[{"taxonomy":"product_brand","embeddable":true,"href":"https:\/\/mathy-austria.com\/sk\/wp-json\/wp\/v2\/product_brand?post=23651"},{"taxonomy":"product_cat","embeddable":true,"href":"https:\/\/mathy-austria.com\/sk\/wp-json\/wp\/v2\/product_cat?post=23651"},{"taxonomy":"product_tag","embeddable":true,"href":"https:\/\/mathy-austria.com\/sk\/wp-json\/wp\/v2\/product_tag?post=23651"}],"curies":[{"name":"wp","href":"https:\/\/api.w.org\/{rel}","templated":true}]}}