{"id":1259,"date":"2020-05-03T06:35:55","date_gmt":"2020-05-03T05:35:55","guid":{"rendered":"https:\/\/mathy-austria.com\/?post_type=product&#038;p=1259"},"modified":"2024-07-15T07:11:34","modified_gmt":"2024-07-15T06:11:34","slug":"schaltgetriebeol-reinigungsset-plus","status":"publish","type":"product","link":"https:\/\/mathy-austria.com\/sk\/produkt\/schaltgetriebeol-reinigungsset-plus\/","title":{"rendered":"S\u00faprava na \u010distenie oleja manu\u00e1lnej prevodovky Plus (nov\u00e1)"},"content":{"rendered":"<p><strong>\u010cistiaca s\u00faprava obsahuje:<\/strong><\/p>\n<p><strong>150 ml MATHY-SGR<\/strong> \u010cisti\u010d prevodovky<br \/>\n<strong>1,0 l MATHY-T<\/strong> Pr\u00edsada do manu\u00e1lnej prevodovky<\/p>\n<p>Str\u00e1nka <strong>MATHY<\/strong> <strong>S\u00faprava na \u010distenie manu\u00e1lnej prevodovky<\/strong> sa pou\u017e\u00edva na \u010distenie a \u00fadr\u017ebu manu\u00e1lnych prevodoviek, zadn\u00fdch n\u00e1prav a v\u00fdvodov\u00fdch hriade\u013eov. \u010cistiaca s\u00faprava odstra\u0148uje probl\u00e9my s raden\u00edm (lepenie prevodov), zvuky spojen\u00e9 s opotrebovan\u00edm a kv\u00edlenie zadnej n\u00e1pravy a predl\u017euje \u017eivotnos\u0165 jednotiek. Na dosiahnutie optim\u00e1lnych v\u00fdsledkov odpor\u00fa\u010dame \u010distenie ka\u017ed\u00fdch 60 000 km.<\/p>\n<ul>\n<li>Zn\u00ed\u017eenie alebo odstr\u00e1nenie technick\u00fdch probl\u00e9mov<\/li>\n<li>Odstr\u00e1nenie kontamin\u00e1cie v ropn\u00fdch vrtoch<\/li>\n<li>Zn\u00ed\u017eenie hluku spojen\u00e9ho s opotrebovan\u00edm<\/li>\n<li>Roztrasen\u00e9 obvody sa op\u00e4\u0165 \u013eah\u0161ie ovl\u00e1daj\u00fa (s\u00fa m\u00e4k\u0161ie)<\/li>\n<li>Vn\u00fatorn\u00e9 trenie je minimalizovan\u00e9<\/li>\n<li>Vyrovn\u00e1vanie v\u00f4le na bokoch zubov (zv\u00fd\u0161enie pevnosti v tlaku)<\/li>\n<li>Oblasti pou\u017eitia<\/li>\n<\/ul>\n<p>Das Reinigungs-Set ist einsetzbar in allen Schaltgetrieben, Differenzialen und Nebenantrieben von PKW\u2019S, LKW\u2019S, landwirtschaftlichen Maschinen, Baumaschinen, Booten, Motorr\u00e4dern und Industrieanlagen.<\/p>\n<h2>D\u00e1vkovanie<\/h2>\n<ul>\n<li>Na \u010distenie:\u00a0<strong>MATHY-SGR \u010cisti\u010d prevodovky (150 ml)<\/strong> posta\u010duje pre objemy prevodov\u00e9ho oleja 3 a\u017e 6 litrov.<\/li>\n<li>Pre starostlivos\u0165 a zn\u00ed\u017eenie opotrebovania:<strong>\u00a0Pr\u00edsada do oleja pre manu\u00e1lne prevodovky MATHY-T (500 ml)<\/strong> 20% do \u010derstv\u00e9ho prevodov\u00e9ho oleja. Maxim\u00e1lne<\/li>\n<li>Pr\u00eddavok do prevodov\u00e9ho oleja: 50%<\/li>\n<li>Pr\u00edklad pre 20%: 2,5 litra oleja = 2,0 litra prevodov\u00e9ho oleja + 500 ml <strong>MATHY-T<\/strong><\/li>\n<\/ul>\n<h2>Aplik\u00e1cia<\/h2>\n<ul>\n<li>Krok 1 \u010cistenie pomocou <strong>MATHY-SGR<\/strong>:<br \/>\nVy\u010distite star\u00fdm prevodov\u00fdm olejom. Obsah plechovky 150 ml <strong>MATHY-SGR<\/strong> prevodovky\/ zadnej n\u00e1pravy pri prev\u00e1dzkovej teplote pred v\u00fdmenou oleja. Dbajte na to, aby nebol prekro\u010den\u00fd objem n\u00e1plne a v pr\u00edpade potreby vypustite \u010das\u0165 prevodov\u00e9ho oleja. Po doplnen\u00ed oleja jazdite 15 min\u00fat a nieko\u013ekokr\u00e1t preradte v\u0161etky prevodov\u00e9 stupne. Potom olej v prevodovke vyme\u0148te, ke\u010f je tepl\u00fd.<\/li>\n<li>Krok 2 Napl\u0148te n\u00e1dr\u017e na \u010derstv\u00fd olej <strong>MATHY-T<\/strong>:<br \/>\nPo vy\u010disten\u00ed a v\u00fdmene oleja, \u010derstv\u00fd prevodov\u00fd olej + 20% <strong>Pr\u00edsada do prevodov\u00e9ho oleja MATHY-T<\/strong> doplni\u0165. Pln\u00e1 \u00fa\u010dinnos\u0165 <strong>MATHY-T<\/strong> nastane pribli\u017ene po 1 500 km.<\/li>\n<\/ul>\n<h2>Nebezpe\u010denstvo<\/h2>\n<ul>\n<li>H317: M\u00f4\u017ee sp\u00f4sobi\u0165 alergick\u00fa ko\u017en\u00fa reakciu.<\/li>\n<li>H318: Sp\u00f4sobuje v\u00e1\u017ene po\u0161kodenie o\u010d\u00ed.<\/li>\n<li>H412: \u0160kodliv\u00fd pre vodn\u00e9 organizmy s dlhodob\u00fdmi \u00fa\u010dinkami.<\/li>\n<li>EUH208: Obsahuje 1-(terc-dodecyltio)prop\u00e1n-2-ol, acetamid, 2-hydroxy-, N,N-dikokoalkylderiv\u00e1ty, 1,2-prop\u00e1ndiol, 3-amino-, N,N-dikokoalkylderiv\u00e1ty. M\u00f4\u017ee sp\u00f4sobi\u0165 alergick\u00e9 reakcie.<\/li>\n<\/ul>","protected":false},"excerpt":{"rendered":"<p>150 ml MATHY-SGR \u010disti\u010d manu\u00e1lnej prevodovky + 1,0 l MATHY-T adit\u00edvum do oleja manu\u00e1lnej prevodovky<\/p>","protected":false},"featured_media":3318,"template":"","meta":[],"product_brand":[125],"product_cat":[183,126,132],"product_tag":[],"class_list":{"0":"post-1259","1":"product","2":"type-product","3":"status-publish","4":"has-post-thumbnail","6":"product_brand-mvg-mathe-schmierstofftechnik-gmbh","7":"product_cat-spitzenreiter","8":"product_cat-getriebe","9":"product_cat-produkt-sets","10":"description-off","12":"first","13":"instock","14":"taxable","15":"shipping-taxable","16":"purchasable","17":"product-type-simple"},"_links":{"self":[{"href":"https:\/\/mathy-austria.com\/sk\/wp-json\/wp\/v2\/product\/1259","targetHints":{"allow":["GET"]}}],"collection":[{"href":"https:\/\/mathy-austria.com\/sk\/wp-json\/wp\/v2\/product"}],"about":[{"href":"https:\/\/mathy-austria.com\/sk\/wp-json\/wp\/v2\/types\/product"}],"wp:featuredmedia":[{"embeddable":true,"href":"https:\/\/mathy-austria.com\/sk\/wp-json\/wp\/v2\/media\/3318"}],"wp:attachment":[{"href":"https:\/\/mathy-austria.com\/sk\/wp-json\/wp\/v2\/media?parent=1259"}],"wp:term":[{"taxonomy":"product_brand","embeddable":true,"href":"https:\/\/mathy-austria.com\/sk\/wp-json\/wp\/v2\/product_brand?post=1259"},{"taxonomy":"product_cat","embeddable":true,"href":"https:\/\/mathy-austria.com\/sk\/wp-json\/wp\/v2\/product_cat?post=1259"},{"taxonomy":"product_tag","embeddable":true,"href":"https:\/\/mathy-austria.com\/sk\/wp-json\/wp\/v2\/product_tag?post=1259"}],"curies":[{"name":"wp","href":"https:\/\/api.w.org\/{rel}","templated":true}]}}