{"id":1253,"date":"2020-05-03T07:17:14","date_gmt":"2020-05-03T05:17:14","guid":{"rendered":"https:\/\/mathy-austria.com\/?post_type=product&#038;p=1253"},"modified":"2024-07-15T07:11:34","modified_gmt":"2024-07-15T06:11:34","slug":"mathy-sgr","status":"publish","type":"product","link":"https:\/\/mathy-austria.com\/sk\/produkt\/mathy-sgr\/","title":{"rendered":"MATHY-SGR"},"content":{"rendered":"<p><strong>MATHY-SGR<\/strong> Systemreiniger f\u00fcr Schaltgetriebe, Hinterachsen und Nebenantrieben ist ein hochaktives Additiv das Ablagerungen und R\u00fcckst\u00e4nde in Schaltgetrieben und Hinterachsen entfernt. \u00d6lbohrungen im gesamten Getriebekreislauf werden ges\u00e4ubert und eine ausreichende \u00d6ldurchflutung in allen Bereichen sichergestellt. Die Schaltfunktion wird optimiert und die Lebensdauer des Schaltgetriebes verl\u00e4ngert. Neutral gegen\u00fcber Gummidichtungen, Kunststoffbauteile und Buntmetalle.<\/p>\n<ul>\n<li>Zn\u00ed\u017eenie alebo odstr\u00e1nenie technick\u00fdch probl\u00e9mov<\/li>\n<li>Ablagerungen und R\u00fcckst\u00e4nde im Schaltgetriebe, Hinterachsen und Nebenantriebenwerden entfernt<\/li>\n<li>Hakelige und schlecht schaltende Schaltgetriebe werden wieder g\u00e4ngig<\/li>\n<li>Laufger\u00e4usche in Schaltgetrieben werden minimiert<\/li>\n<li>Ger\u00e4usche bei jaulenden Hinterachsen\/Differenzialen werden reduziert<\/li>\n<\/ul>\n<h2>Oblasti pou\u017eitia<\/h2>\n<p><strong>MATHY-SGR<\/strong> ist anwendbar in allen g\u00e4ngigen Schaltgetriebe-, Hinterachs- und Nebenantriebs\u00f6len von PKW\u00b4S, LKW\u00b4S, landwirtschaftlichen Maschinen, Motorr\u00e4dern, Baumaschinen, Booten sowie Industriegetriebe.<\/p>\n<h2>D\u00e1vkovanie<\/h2>\n<ul>\n<li>Obsah plechovky 150 ml posta\u010duje na 3 a\u017e 6 litrov prevodov\u00e9ho oleja.<\/li>\n<\/ul>\n<h2>Aplik\u00e1cia<\/h2>\n<ul>\n<li>Reinigung mit dem alten Getriebe\u00f6l durchf\u00fchren. Den Doseninhalt von 150 ml dem betriebswarmen Getriebe-\/ Hinterachs\u00f6l vor dem \u00d6lwechsel zugeben. Bitte stellen Sie sicher, dass das F\u00fcllvolumen nicht \u00fcberschritten wird und lassen Sie ggf. etwas Getriebe\u00f6l ab. Nach der Zugabe 15 Minuten fahren und alle G\u00e4nge mehrfach durchschalten. Anschlie\u00dfend im warmen Zustand einen Getriebe\u00f6lwechsel durchf\u00fchren.<\/li>\n<\/ul>\n<h2>Pozor<\/h2>\n<ul>\n<li>H412: \u0160kodliv\u00fd pre vodn\u00e9 organizmy s dlhodob\u00fdmi \u00fa\u010dinkami.<\/li>\n<li>EUH208: Obsahuje 1-(terc-dodecyltio)prop\u00e1n-2-ol, acetamid, 2-hydroxy-, N,N-dikokoalkylderiv\u00e1ty, 1,2-prop\u00e1ndiol, 3-amino-, N,N-dikokoalkylderiv\u00e1ty. M\u00f4\u017ee sp\u00f4sobi\u0165 alergick\u00e9 reakcie.<\/li>\n<\/ul>","protected":false},"excerpt":{"rendered":"<p>MATHY-SGR 150 ml<br \/>\n\u010cisti\u010d syst\u00e9mu pre manu\u00e1lne prevodovky<\/p>","protected":false},"featured_media":1254,"template":"","meta":[],"product_brand":[125],"product_cat":[183,126],"product_tag":[],"class_list":{"0":"post-1253","1":"product","2":"type-product","3":"status-publish","4":"has-post-thumbnail","6":"product_brand-mvg-mathe-schmierstofftechnik-gmbh","7":"product_cat-spitzenreiter","8":"product_cat-getriebe","9":"description-off","11":"first","12":"instock","13":"taxable","14":"shipping-taxable","15":"purchasable","16":"product-type-variable"},"_links":{"self":[{"href":"https:\/\/mathy-austria.com\/sk\/wp-json\/wp\/v2\/product\/1253","targetHints":{"allow":["GET"]}}],"collection":[{"href":"https:\/\/mathy-austria.com\/sk\/wp-json\/wp\/v2\/product"}],"about":[{"href":"https:\/\/mathy-austria.com\/sk\/wp-json\/wp\/v2\/types\/product"}],"wp:featuredmedia":[{"embeddable":true,"href":"https:\/\/mathy-austria.com\/sk\/wp-json\/wp\/v2\/media\/1254"}],"wp:attachment":[{"href":"https:\/\/mathy-austria.com\/sk\/wp-json\/wp\/v2\/media?parent=1253"}],"wp:term":[{"taxonomy":"product_brand","embeddable":true,"href":"https:\/\/mathy-austria.com\/sk\/wp-json\/wp\/v2\/product_brand?post=1253"},{"taxonomy":"product_cat","embeddable":true,"href":"https:\/\/mathy-austria.com\/sk\/wp-json\/wp\/v2\/product_cat?post=1253"},{"taxonomy":"product_tag","embeddable":true,"href":"https:\/\/mathy-austria.com\/sk\/wp-json\/wp\/v2\/product_tag?post=1253"}],"curies":[{"name":"wp","href":"https:\/\/api.w.org\/{rel}","templated":true}]}}