{"id":1245,"date":"2019-10-24T18:08:11","date_gmt":"2019-10-24T16:08:11","guid":{"rendered":"https:\/\/mathy-austria.com\/?post_type=product&#038;p=1245"},"modified":"2026-02-22T14:32:24","modified_gmt":"2026-02-22T13:32:24","slug":"mathy-diesel-komplett-kur","status":"publish","type":"product","link":"https:\/\/mathy-austria.com\/sk\/produkt\/mathy-diesel-komplett-kur\/","title":{"rendered":"MATHY kompletn\u00e1 lie\u010dba nafty"},"content":{"rendered":"<h2>Jednoduch\u00e9 \u010distenie nafty od n\u00e1dr\u017ee a\u017e po v\u00fdfukov\u00fd syst\u00e9m<\/h2>\n<ul>\n<li>N\u00e1dr\u017e<\/li>\n<li>Spa\u013eovacia komora s ventilmi<\/li>\n<li>Vstrekova\u010de<\/li>\n<li>Syst\u00e9m recirkul\u00e1cie v\u00fdfukov\u00fdch plynov (EGR ventil)<\/li>\n<li>Syst\u00e9m filtra pevn\u00fdch \u010dast\u00edc (filter sadz\u00ed DPF)<\/li>\n<\/ul>\n<h2>Kompletn\u00e1 \u00faprava nafty MATHY pozost\u00e1va z<\/h2>\n<ul>\n<li>1 x 250 ml <strong>\u010cisti\u010d dieselov\u00e9ho syst\u00e9mu MATHY-D<\/strong><\/li>\n<li>1 x 200 ml <strong>MATHY-ID \u010cisti\u010d vstrekova\u010dov nafty<\/strong><\/li>\n<li>1 x 300 ml<strong> MATHY-AGR \u010cisti\u010d dieselov\u00e9ho syst\u00e9mu<\/strong> pre recirkul\u00e1ciu v\u00fdfukov\u00fdch plynov (EGR)<\/li>\n<li>1 x 300 ml <strong>MATHY-DPF \u010cisti\u010d filtra pevn\u00fdch \u010dast\u00edc<\/strong> (DPF)<\/li>\n<\/ul>\n<h2>Aplik\u00e1cia krok za krokom<\/h2>\n<ul>\n<li>Tankovanie s <strong>MATHY-D<\/strong><\/li>\n<li>Tankovanie bez adit\u00edv<\/li>\n<li>Tankovanie s <strong>MATHY-ID<\/strong><\/li>\n<li>Tankovanie bez adit\u00edv<\/li>\n<li>Tankovanie s<strong> MATHY-AGR<\/strong><\/li>\n<li>Tankovanie s <strong>MATHY-DPF<\/strong><\/li>\n<\/ul>","protected":false},"excerpt":{"rendered":"<p>250 ml MATHY-D + 200 ml MATHY-ID + 300 ml MATHY-AGR + 300 ml MATHY-DPF<\/p>","protected":false},"featured_media":146032,"template":"","meta":[],"product_brand":[125],"product_cat":[183,127,132],"product_tag":[311,368,382,351,369,379,346,352,343,342,386,362,344,361,357,366,360,341,375,385,356,363,347,364,367,358,374,353,365,371,370,372,349,377,359,378,373,348,247,248,340,390,253,391,249,251,255,250,254,252,345,376,355,350,381,354,313,383,380,384],"class_list":{"0":"post-1245","1":"product","2":"type-product","3":"status-publish","4":"has-post-thumbnail","6":"product_brand-mvg-mathe-schmierstofftechnik-gmbh","7":"product_cat-spitzenreiter","8":"product_cat-kraftstoffsystem","9":"product_cat-produkt-sets","10":"product_tag-abgase-verbessern","11":"product_tag-abgasrueckfuehrventil-reinigung","12":"product_tag-ablagerungen-loesen","13":"product_tag-agr-ventil-reinigen","14":"product_tag-agr-verkokungen-entfernen","15":"product_tag-cetanzahl-erhoehen","16":"product_tag-diesel-additiv","17":"product_tag-diesel-additiv-kaufen","18":"product_tag-diesel-agr-ventil-reiniger","19":"product_tag-diesel-injektor-reiniger","20":"product_tag-diesel-leistungssteigerung","21":"product_tag-diesel-motorpflege","22":"product_tag-diesel-partikelfilter-reiniger","23":"product_tag-diesel-reiniger-tuev","24":"product_tag-diesel-reinigungskur","25":"product_tag-diesel-russfilter-regenerieren","26":"product_tag-diesel-system-pflege","27":"product_tag-diesel-systemreiniger","28":"product_tag-diesel-tank-reiniger","29":"product_tag-diesel-verbrauch-senken","30":"product_tag-dieselabgase-reduzieren","31":"product_tag-dieselkraftstoff-additiv","32":"product_tag-dieselmotor-reinigen","33":"product_tag-dieselpartikelfilter-reiniger","34":"product_tag-dieselpartikelfilter-verstopfung-beseitigen","35":"product_tag-dieselpflegemittel","36":"product_tag-dieselsystem-reinigung","37":"product_tag-dpf-reiniger","38":"product_tag-dpf-reinigung","39":"product_tag-einspritzduesen-reinigung","40":"product_tag-injektor-reiniger-diesel","41":"product_tag-injektor-verkokung-loesen","42":"product_tag-injektoren-reinigen","43":"product_tag-kfz-kraftstoffpflege","44":"product_tag-kraftstoff-additiv","45":"product_tag-kraftstoffadditiv-diesel","46":"product_tag-kraftstoffsystem-pflegen","47":"product_tag-kraftstoffsystem-reinigen","48":"product_tag-mathy","49":"product_tag-mathy-austria","50":"product_tag-mathy-diesel-komplettkur","51":"product_tag-mathy-diesel-komplettkur-kaufen","52":"product_tag-mathy-hungaria","53":"product_tag-mathy-in-oesterreich-kaufen","54":"product_tag-mathy-oesterreich","55":"product_tag-mathy-slovakia","56":"product_tag-mathy-slovenija","57":"product_tag-mathy-slowakei","58":"product_tag-mathy-slowenien","59":"product_tag-mathy-ungarn","60":"product_tag-mathy-universal","61":"product_tag-motor-dieselpflege","62":"product_tag-motorschutz-diesel","63":"product_tag-partikelfilter-reinigung","64":"product_tag-russpartikel-verbrennen","65":"product_tag-russpartikelfilter-reinigen","66":"product_tag-startverhalten-verbessern","67":"product_tag-ventile-reinigen","68":"product_tag-verbrennung-optimieren","69":"product_tag-verkokungen-entfernen","70":"description-off","72":"first","73":"instock","74":"taxable","75":"shipping-taxable","76":"purchasable","77":"product-type-simple"},"_links":{"self":[{"href":"https:\/\/mathy-austria.com\/sk\/wp-json\/wp\/v2\/product\/1245","targetHints":{"allow":["GET"]}}],"collection":[{"href":"https:\/\/mathy-austria.com\/sk\/wp-json\/wp\/v2\/product"}],"about":[{"href":"https:\/\/mathy-austria.com\/sk\/wp-json\/wp\/v2\/types\/product"}],"wp:featuredmedia":[{"embeddable":true,"href":"https:\/\/mathy-austria.com\/sk\/wp-json\/wp\/v2\/media\/146032"}],"wp:attachment":[{"href":"https:\/\/mathy-austria.com\/sk\/wp-json\/wp\/v2\/media?parent=1245"}],"wp:term":[{"taxonomy":"product_brand","embeddable":true,"href":"https:\/\/mathy-austria.com\/sk\/wp-json\/wp\/v2\/product_brand?post=1245"},{"taxonomy":"product_cat","embeddable":true,"href":"https:\/\/mathy-austria.com\/sk\/wp-json\/wp\/v2\/product_cat?post=1245"},{"taxonomy":"product_tag","embeddable":true,"href":"https:\/\/mathy-austria.com\/sk\/wp-json\/wp\/v2\/product_tag?post=1245"}],"curies":[{"name":"wp","href":"https:\/\/api.w.org\/{rel}","templated":true}]}}