{"id":1229,"date":"2019-08-04T20:55:44","date_gmt":"2019-08-04T18:55:44","guid":{"rendered":"https:\/\/mathy-austria.com\/?post_type=product&#038;p=1229"},"modified":"2025-12-07T13:05:41","modified_gmt":"2025-12-07T12:05:41","slug":"mathy-fd-250ml","status":"publish","type":"product","link":"https:\/\/mathy-austria.com\/sk\/produkt\/mathy-fd-250ml\/","title":{"rendered":"Pr\u00edsada do paliva MATHY-FD pre starostlivos\u0165 o naftu"},"content":{"rendered":"<p><strong>MATHY-FD<\/strong> zlep\u0161uje v\u00fdkon dieselov\u00fdch motorov. Jeho pou\u017eitie optimalizuje spa\u013eovanie, zlep\u0161uje z\u00e1palnos\u0165 zv\u00fd\u0161en\u00edm cet\u00e1nov\u00e9ho \u010d\u00edsla a optimalizuje hodnoty v\u00fdfukov\u00fdch plynov. Odstra\u0148uj\u00fa sa usadeniny na vstrekovac\u00edch trysk\u00e1ch a zabra\u0148uje sa ich tvorbe. Pri pravidelnom pou\u017e\u00edvan\u00ed zost\u00e1va cel\u00fd palivov\u00fd syst\u00e9m \u010dist\u00fd. <strong>MATHY-FD<\/strong> sa m\u00f4\u017ee pou\u017e\u00edva\u0165 vo v\u0161etk\u00fdch vozidl\u00e1ch so vznetov\u00fdm motorom.<\/p>\n<p><strong>MATHY-FD Pr\u00edsada do motorovej nafty<\/strong> sa odpor\u00fa\u010da pre v\u0161etky vozidl\u00e1 so vznetov\u00fdm motorom, aby sa neutralizovali negat\u00edvne \u00fa\u010dinky obsahu bionafty v motorovej nafte do 7 %.<\/p>\n<ul>\n<li>Zn\u00ed\u017eenie alebo odstr\u00e1nenie technick\u00fdch probl\u00e9mov<\/li>\n<li>\u010cist\u00ed cel\u00fd palivov\u00fd syst\u00e9m<\/li>\n<li>Zni\u017euje emisie zne\u010dis\u0165uj\u00facich l\u00e1tok<\/li>\n<li>Zlep\u0161uje spr\u00e1vanie pri \u0161tarte<\/li>\n<li>Zabezpe\u010duje \u010dist\u00e9 spa\u013eovanie<\/li>\n<li>Zvy\u0161uje cet\u00e1nov\u00e9 \u010d\u00edslo<\/li>\n<li>Udr\u017euje \u010distotu vstrekovac\u00edch \u010derpadiel, vstrekovac\u00edch trysiek a spa\u013eovac\u00edch kom\u00f4r<\/li>\n<\/ul>\n<h2>Oblasti pou\u017eitia<\/h2>\n<ul>\n<li>Pr\u00edsada do v\u0161etk\u00fdch druhov nafty<\/li>\n<li>udr\u017eiava\u0165 cel\u00fd palivov\u00fd syst\u00e9m \u010dist\u00fd a premazan\u00fd.<\/li>\n<li>so zv\u00fd\u0161enou spotrebou paliva<\/li>\n<li>pre vysok\u00e9 za\u0165a\u017eenie a opotrebenie (vstrekovacie \u010derpadl\u00e1 a ventily)<\/li>\n<\/ul>\n<h2>D\u00e1vkovanie<\/h2>\n<ul>\n<li><strong>MATHY-FD<\/strong> v pomere 1:1000. To zodpoved\u00e1 10 ml adit\u00edva na 10 litrov nafty. Pridajte <strong>MATHY-FD<\/strong> s ka\u017edou n\u00e1dr\u017eou paliva a spotrebujte v\u00fdrobok do jedn\u00e9ho roka. Ak<strong> MATHY-FD<\/strong> bezprostredne pred tankovan\u00edm, z\u00edskate optim\u00e1lnu zmes adit\u00edva a nafty po\u010das tankovania.<\/li>\n<\/ul>\n<h2>Nebezpe\u010denstvo<\/h2>\n<ul>\n<li>H304: M\u00f4\u017ee by\u0165 smrte\u013en\u00fd pri po\u017eit\u00ed a vniknut\u00ed do d\u00fdchac\u00edch ciest.<\/li>\n<li>H319: Sp\u00f4sobuje v\u00e1\u017ene podr\u00e1\u017edenie o\u010d\u00ed.<\/li>\n<li>H412: \u0160kodliv\u00fd pre vodn\u00e9 organizmy s dlhodob\u00fdmi \u00fa\u010dinkami.<\/li>\n<li>EUH044: Nebezpe\u010denstvo v\u00fdbuchu pri zahrievan\u00ed v uzavretom priestore.<\/li>\n<li>EUH066: Opakovan\u00e1 expoz\u00edcia m\u00f4\u017ee sp\u00f4sobi\u0165 vysu\u0161enie alebo popraskanie poko\u017eky.<\/li>\n<\/ul>","protected":false},"excerpt":{"rendered":"<p>Pr\u00edsada do motorovej nafty<br \/>\n1 x 250 ml (cena za liter 71,80 \u20ac)<\/p>","protected":false},"featured_media":107495,"template":"","meta":[],"product_brand":[125],"product_cat":[127],"product_tag":[],"class_list":{"0":"post-1229","1":"product","2":"type-product","3":"status-publish","4":"has-post-thumbnail","6":"product_brand-mvg-mathe-schmierstofftechnik-gmbh","7":"product_cat-kraftstoffsystem","8":"description-off","10":"first","11":"instock","12":"taxable","13":"shipping-taxable","14":"purchasable","15":"product-type-variable","16":"has-default-attributes"},"_links":{"self":[{"href":"https:\/\/mathy-austria.com\/sk\/wp-json\/wp\/v2\/product\/1229","targetHints":{"allow":["GET"]}}],"collection":[{"href":"https:\/\/mathy-austria.com\/sk\/wp-json\/wp\/v2\/product"}],"about":[{"href":"https:\/\/mathy-austria.com\/sk\/wp-json\/wp\/v2\/types\/product"}],"wp:featuredmedia":[{"embeddable":true,"href":"https:\/\/mathy-austria.com\/sk\/wp-json\/wp\/v2\/media\/107495"}],"wp:attachment":[{"href":"https:\/\/mathy-austria.com\/sk\/wp-json\/wp\/v2\/media?parent=1229"}],"wp:term":[{"taxonomy":"product_brand","embeddable":true,"href":"https:\/\/mathy-austria.com\/sk\/wp-json\/wp\/v2\/product_brand?post=1229"},{"taxonomy":"product_cat","embeddable":true,"href":"https:\/\/mathy-austria.com\/sk\/wp-json\/wp\/v2\/product_cat?post=1229"},{"taxonomy":"product_tag","embeddable":true,"href":"https:\/\/mathy-austria.com\/sk\/wp-json\/wp\/v2\/product_tag?post=1229"}],"curies":[{"name":"wp","href":"https:\/\/api.w.org\/{rel}","templated":true}]}}