{"id":1209,"date":"2017-07-02T14:05:59","date_gmt":"2017-07-02T12:05:59","guid":{"rendered":"https:\/\/mathy-austria.com\/?post_type=product&#038;p=1209"},"modified":"2024-07-15T07:11:34","modified_gmt":"2024-07-15T06:11:34","slug":"mathy-ib-200ml","status":"publish","type":"product","link":"https:\/\/mathy-austria.com\/sk\/produkt\/mathy-ib-200ml\/","title":{"rendered":"MATHY-IB"},"content":{"rendered":"<p><strong>MATHY-IB<\/strong> okam\u017eite a intenz\u00edvne \u010dist\u00ed vstrekovacie trysky a vstrekova\u010de benz\u00ednov\u00fdch motorov pridan\u00edm do n\u00e1dr\u017ee. Usadeniny a ne\u010distoty na vstrekova\u010doch sa rozpustia a rozpra\u0161ovanie sa dostane na \u00farove\u0148 nov\u00e9ho vozidla. V\u00fdsledkom je optimaliz\u00e1cia spotreby paliva a hodn\u00f4t v\u00fdfukov\u00fdch plynov.<\/p>\n<h2><strong>D\u00e1vkovanie<\/strong><\/h2>\n<ul>\n<li>Obsah plechovky (200 ml) vysta\u010d\u00ed na 50 litrov benz\u00ednu.<\/li>\n<\/ul>\n<h2><strong>Aplik\u00e1cia<\/strong><\/h2>\n<ul>\n<li>Jednoducho 200 ml <strong>MATHY-IB<\/strong> do n\u00e1dr\u017ee bezprostredne pred tankovan\u00edm, aby sa za\u010dal proces \u010distenia. Pre optim\u00e1lne premie\u0161anie zn\u00ed\u017ete objem n\u00e1dr\u017ee na \u00farove\u0148 rezervy. M\u00f4\u017ee sa pou\u017e\u00edva\u0165 so v\u0161etk\u00fdmi benz\u00ednov\u00fdmi palivami. Opakujte ka\u017ed\u00fdch 10 000 km!<\/li>\n<\/ul>\n<h2><strong>Nebezpe\u010denstvo<\/strong><\/h2>\n<ul>\n<li>H225: Vysoko hor\u013eav\u00e1 kvapalina a pary.<\/li>\n<li>H318: Sp\u00f4sobuje v\u00e1\u017ene po\u0161kodenie o\u010d\u00ed.<\/li>\n<li>H336: M\u00f4\u017ee sp\u00f4sobi\u0165 ospalos\u0165 alebo z\u00e1vraty.<\/li>\n<li>H317: M\u00f4\u017ee sp\u00f4sobi\u0165 alergick\u00fa ko\u017en\u00fa reakciu.<\/li>\n<li>H411: Toxick\u00fd pre vodn\u00e9 organizmy s dlhodob\u00fdmi \u00fa\u010dinkami.<\/li>\n<\/ul>","protected":false},"excerpt":{"rendered":"<p>Injektorreiniger f\u00fcr Benzinmotoren<\/p>","protected":false},"featured_media":1210,"template":"","meta":[],"product_brand":[125],"product_cat":[127],"product_tag":[],"class_list":{"0":"post-1209","1":"product","2":"type-product","3":"status-publish","4":"has-post-thumbnail","6":"product_brand-mvg-mathe-schmierstofftechnik-gmbh","7":"product_cat-kraftstoffsystem","8":"description-off","10":"first","11":"instock","12":"taxable","13":"shipping-taxable","14":"purchasable","15":"product-type-variable"},"_links":{"self":[{"href":"https:\/\/mathy-austria.com\/sk\/wp-json\/wp\/v2\/product\/1209","targetHints":{"allow":["GET"]}}],"collection":[{"href":"https:\/\/mathy-austria.com\/sk\/wp-json\/wp\/v2\/product"}],"about":[{"href":"https:\/\/mathy-austria.com\/sk\/wp-json\/wp\/v2\/types\/product"}],"wp:featuredmedia":[{"embeddable":true,"href":"https:\/\/mathy-austria.com\/sk\/wp-json\/wp\/v2\/media\/1210"}],"wp:attachment":[{"href":"https:\/\/mathy-austria.com\/sk\/wp-json\/wp\/v2\/media?parent=1209"}],"wp:term":[{"taxonomy":"product_brand","embeddable":true,"href":"https:\/\/mathy-austria.com\/sk\/wp-json\/wp\/v2\/product_brand?post=1209"},{"taxonomy":"product_cat","embeddable":true,"href":"https:\/\/mathy-austria.com\/sk\/wp-json\/wp\/v2\/product_cat?post=1209"},{"taxonomy":"product_tag","embeddable":true,"href":"https:\/\/mathy-austria.com\/sk\/wp-json\/wp\/v2\/product_tag?post=1209"}],"curies":[{"name":"wp","href":"https:\/\/api.w.org\/{rel}","templated":true}]}}