{"id":1205,"date":"2017-07-02T13:24:43","date_gmt":"2017-07-02T11:24:43","guid":{"rendered":"https:\/\/mathy-austria.com\/?post_type=product&#038;p=1205"},"modified":"2024-07-15T07:11:34","modified_gmt":"2024-07-15T06:11:34","slug":"mathy-id-200ml","status":"publish","type":"product","link":"https:\/\/mathy-austria.com\/sk\/produkt\/mathy-id-200ml\/","title":{"rendered":"MATHY-ID"},"content":{"rendered":"<p><strong>MATHY-ID<\/strong> je vysoko \u00fa\u010dinn\u00fd \u010disti\u010d vstrekova\u010dov pre dieselov\u00e9 vozidl\u00e1 na intenz\u00edvne okam\u017eit\u00e9 \u010distenie vstrekova\u010dov \/ vstrekovac\u00edch trysiek. Zne\u010distenie na vstrekova\u010doch a trysk\u00e1ch sa rozpust\u00ed, \u010d\u00edm sa zregeneruje \u0161trukt\u00fara rozstreku a v d\u00f4sledku toho sa optimalizuje spotreba paliva.<\/p>\n<h2>D\u00e1vkovanie<\/h2>\n<ul>\n<li>200 ml <strong>MATHY-ID<\/strong> posta\u010duj\u00fa na 50 litrov nafty. M\u00f4\u017ee sa pou\u017e\u00edva\u0165 vo v\u0161etk\u00fdch typoch nafty.<\/li>\n<li>Opakujte ka\u017ed\u00fdch 10 000 km!<\/li>\n<\/ul>\n<h2>Aplik\u00e1cia<\/h2>\n<ul>\n<li>200 ml <strong>MATHY-ID<\/strong> do n\u00e1dr\u017ee bezprostredne pred tankovan\u00edm, aby sa za\u010dal proces \u010distenia. Pre optim\u00e1lne premie\u0161anie zn\u00ed\u017ete objem n\u00e1dr\u017ee na \u00farove\u0148 rezervy.<\/li>\n<\/ul>\n<h2>Nebezpe\u010denstvo<\/h2>\n<ul>\n<li>H226: Hor\u013eav\u00e1 kvapalina a para.<\/li>\n<li>H304: M\u00f4\u017ee by\u0165 smrte\u013en\u00fd pri po\u017eit\u00ed a vniknut\u00ed do d\u00fdchac\u00edch ciest.<\/li>\n<li>H318: Sp\u00f4sobuje v\u00e1\u017ene po\u0161kodenie o\u010d\u00ed.<\/li>\n<li>H317: M\u00f4\u017ee sp\u00f4sobi\u0165 alergick\u00fa ko\u017en\u00fa reakciu.<\/li>\n<li>H412: \u0160kodliv\u00fd pre vodn\u00e9 organizmy s dlhodob\u00fdmi \u00fa\u010dinkami.<\/li>\n<li>EUH066: Opakovan\u00e1 expoz\u00edcia m\u00f4\u017ee sp\u00f4sobi\u0165 vysu\u0161enie alebo popraskanie poko\u017eky. Pripevnite hmatov\u00fa v\u00fdstra\u017en\u00fa zna\u010dku \/ uz\u00e1very odoln\u00e9 vo\u010di de\u0165om.<\/li>\n<\/ul>","protected":false},"excerpt":{"rendered":"<p>\u010cisti\u010d vstrekova\u010dov pre dieselov\u00e9 motory<\/p>","protected":false},"featured_media":1206,"template":"","meta":[],"product_brand":[125],"product_cat":[127],"product_tag":[],"class_list":{"0":"post-1205","1":"product","2":"type-product","3":"status-publish","4":"has-post-thumbnail","6":"product_brand-mvg-mathe-schmierstofftechnik-gmbh","7":"product_cat-kraftstoffsystem","8":"description-off","10":"first","11":"instock","12":"taxable","13":"shipping-taxable","14":"purchasable","15":"product-type-variable"},"_links":{"self":[{"href":"https:\/\/mathy-austria.com\/sk\/wp-json\/wp\/v2\/product\/1205","targetHints":{"allow":["GET"]}}],"collection":[{"href":"https:\/\/mathy-austria.com\/sk\/wp-json\/wp\/v2\/product"}],"about":[{"href":"https:\/\/mathy-austria.com\/sk\/wp-json\/wp\/v2\/types\/product"}],"wp:featuredmedia":[{"embeddable":true,"href":"https:\/\/mathy-austria.com\/sk\/wp-json\/wp\/v2\/media\/1206"}],"wp:attachment":[{"href":"https:\/\/mathy-austria.com\/sk\/wp-json\/wp\/v2\/media?parent=1205"}],"wp:term":[{"taxonomy":"product_brand","embeddable":true,"href":"https:\/\/mathy-austria.com\/sk\/wp-json\/wp\/v2\/product_brand?post=1205"},{"taxonomy":"product_cat","embeddable":true,"href":"https:\/\/mathy-austria.com\/sk\/wp-json\/wp\/v2\/product_cat?post=1205"},{"taxonomy":"product_tag","embeddable":true,"href":"https:\/\/mathy-austria.com\/sk\/wp-json\/wp\/v2\/product_tag?post=1205"}],"curies":[{"name":"wp","href":"https:\/\/api.w.org\/{rel}","templated":true}]}}