{"id":1201,"date":"2016-11-14T11:42:12","date_gmt":"2016-11-14T10:42:12","guid":{"rendered":"https:\/\/mathy-austria.com\/?post_type=product&#038;p=1201"},"modified":"2024-07-15T07:11:35","modified_gmt":"2024-07-15T06:11:35","slug":"lwechsel-set-plus-sae-10w-60-racing","status":"publish","type":"product","link":"https:\/\/mathy-austria.com\/sk\/produkt\/lwechsel-set-plus-sae-10w-60-racing\/","title":{"rendered":"S\u00faprava na v\u00fdmenu oleja PLUS SAE 10W-60 Racing"},"content":{"rendered":"<p>S\u00faprava na \u010fal\u0161iu v\u00fdmenu oleja pozost\u00e1va z \u010disti\u010da vn\u00fatorn\u00e9ho motora, motorov\u00e9ho oleja pod\u013ea v\u00e1\u0161ho v\u00fdberu, litra pr\u00edsady do motorov\u00e9ho oleja a odmerky na presn\u00e9 naplnenie.<\/p>\n<p>V\u0161imnite si tie\u017e na\u0161u ponuku v\u0161etk\u00fdch typov motorov\u00fdch olejov s objemom 1,0 litra. <strong>Triedy SAE<\/strong>!<\/p>\n<h2><strong>Nebezpe\u010denstvo<\/strong><\/h2>\n<ul>\n<li>H304: M\u00f4\u017ee by\u0165 smrte\u013en\u00fd pri po\u017eit\u00ed a vniknut\u00ed do d\u00fdchac\u00edch ciest.<\/li>\n<li>H317: M\u00f4\u017ee sp\u00f4sobi\u0165 alergick\u00fa ko\u017en\u00fa reakciu.<\/li>\n<li>H319: Sp\u00f4sobuje v\u00e1\u017ene podr\u00e1\u017edenie o\u010d\u00ed.<\/li>\n<li>H412: \u0160kodliv\u00fd pre vodn\u00e9 organizmy s dlhodob\u00fdmi \u00fa\u010dinkami.<\/li>\n<li>EUH066: Opakovan\u00e1 expoz\u00edcia m\u00f4\u017ee sp\u00f4sobi\u0165 vysu\u0161enie alebo popraskanie poko\u017eky.<\/li>\n<li>EUH208: Obsahuje alkylam\u00edn s dlh\u00fdm re\u0165azcom. M\u00f4\u017ee sp\u00f4sobi\u0165 alergick\u00e9 reakcie.<\/li>\n<\/ul>","protected":false},"excerpt":{"rendered":"<p>S\u00faprava na v\u00fdmenu oleja SAE 10W-60 Racing<br \/>\n5,0 l motorov\u00e9ho oleja + 0,4 l vn\u00fatorn\u00e9ho \u010disti\u010da motora MATHY-C + pr\u00edsada do motorov\u00e9ho oleja MATHY-M + 0,5 l odmerka<\/p>","protected":false},"featured_media":3255,"template":"","meta":[],"product_brand":[125],"product_cat":[132],"product_tag":[],"class_list":{"0":"post-1201","1":"product","2":"type-product","3":"status-publish","4":"has-post-thumbnail","6":"product_brand-mvg-mathe-schmierstofftechnik-gmbh","7":"product_cat-produkt-sets","8":"description-off","10":"first","11":"instock","12":"taxable","13":"shipping-taxable","14":"purchasable","15":"product-type-simple"},"_links":{"self":[{"href":"https:\/\/mathy-austria.com\/sk\/wp-json\/wp\/v2\/product\/1201","targetHints":{"allow":["GET"]}}],"collection":[{"href":"https:\/\/mathy-austria.com\/sk\/wp-json\/wp\/v2\/product"}],"about":[{"href":"https:\/\/mathy-austria.com\/sk\/wp-json\/wp\/v2\/types\/product"}],"wp:featuredmedia":[{"embeddable":true,"href":"https:\/\/mathy-austria.com\/sk\/wp-json\/wp\/v2\/media\/3255"}],"wp:attachment":[{"href":"https:\/\/mathy-austria.com\/sk\/wp-json\/wp\/v2\/media?parent=1201"}],"wp:term":[{"taxonomy":"product_brand","embeddable":true,"href":"https:\/\/mathy-austria.com\/sk\/wp-json\/wp\/v2\/product_brand?post=1201"},{"taxonomy":"product_cat","embeddable":true,"href":"https:\/\/mathy-austria.com\/sk\/wp-json\/wp\/v2\/product_cat?post=1201"},{"taxonomy":"product_tag","embeddable":true,"href":"https:\/\/mathy-austria.com\/sk\/wp-json\/wp\/v2\/product_tag?post=1201"}],"curies":[{"name":"wp","href":"https:\/\/api.w.org\/{rel}","templated":true}]}}