{"id":1198,"date":"2016-11-14T11:32:09","date_gmt":"2016-11-14T10:32:09","guid":{"rendered":"https:\/\/mathy-austria.com\/?post_type=product&#038;p=1198"},"modified":"2024-07-15T07:11:35","modified_gmt":"2024-07-15T06:11:35","slug":"lwechsel-set-plus-sae-5w-30-longlife-iii","status":"publish","type":"product","link":"https:\/\/mathy-austria.com\/sk\/produkt\/lwechsel-set-plus-sae-5w-30-longlife-iii\/","title":{"rendered":"S\u00faprava na v\u00fdmenu oleja PLUS SAE 5W-30 Longlife III"},"content":{"rendered":"<p style=\"margin-bottom: 12pt; background-color: white;\">Das Set f\u00fcr den n\u00e4chsten \u00d6lwechsel bestehend aus Motorinnenreiniger, Motoren\u00f6l Ihrer Wahl, einem Liter Motoren\u00f6lzusatz sowie einem Messbechers zur exakten Bef\u00fcllung.<\/p>\n<p style=\"margin-bottom: 12pt; background-color: white;\">Bitte beachten Sie auch unsere Angebote von 1,0 Liter Motoren\u00f6len aller <strong>SAE-Klassen<\/strong>!<\/p>\n<h2 style=\"margin-bottom: 12pt; background-color: white;\">Gefahr<\/h2>\n<ul>\n<li style=\"background-color: white;\">H304: Kann bei Verschlucken und Eindringen in die Atemwege t\u00f6dlich sein.<\/li>\n<li style=\"background-color: white;\">H317: Kann allergische Hautreaktionen verursachen.<\/li>\n<li style=\"background-color: white;\">H319: Verursacht schwere Augenreizung.<\/li>\n<li style=\"background-color: white;\">H412: Sch\u00e4dlich f\u00fcr Wasserorganismen, mit langfristiger Wirkung.<\/li>\n<li style=\"background-color: white;\">EUH066: Wiederholter Kontakt kann zu spr\u00f6der oder rissiger Haut fu\u0308hren.<\/li>\n<li style=\"background-color: white;\">EUH208: Enth\u00e4lt Alkylamin, langkettig. Kann allergische Reaktionen hervorrufen<\/li>\n<\/ul>\n<h1 class=\"csc-firstHeader\"><\/h1>\n<p><!-- Header: [end] --> <!-- Text: [begin] --><\/p>\n<p class=\"bodytext\">\n","protected":false},"excerpt":{"rendered":"<p>S\u00faprava na v\u00fdmenu oleja SAE 5W-30 Longlife III<br \/>\n5,0 l motorov\u00e9ho oleja + 0,4 l vn\u00fatorn\u00e9ho \u010disti\u010da motora MATHY-C + pr\u00edsada do motorov\u00e9ho oleja MATHY-M + 0,5 l odmerka<\/p>","protected":false},"featured_media":3238,"template":"","meta":[],"product_brand":[125],"product_cat":[132],"product_tag":[],"class_list":{"0":"post-1198","1":"product","2":"type-product","3":"status-publish","4":"has-post-thumbnail","6":"product_brand-mvg-mathe-schmierstofftechnik-gmbh","7":"product_cat-produkt-sets","8":"description-off","10":"first","11":"instock","12":"taxable","13":"shipping-taxable","14":"purchasable","15":"product-type-simple"},"_links":{"self":[{"href":"https:\/\/mathy-austria.com\/sk\/wp-json\/wp\/v2\/product\/1198","targetHints":{"allow":["GET"]}}],"collection":[{"href":"https:\/\/mathy-austria.com\/sk\/wp-json\/wp\/v2\/product"}],"about":[{"href":"https:\/\/mathy-austria.com\/sk\/wp-json\/wp\/v2\/types\/product"}],"wp:featuredmedia":[{"embeddable":true,"href":"https:\/\/mathy-austria.com\/sk\/wp-json\/wp\/v2\/media\/3238"}],"wp:attachment":[{"href":"https:\/\/mathy-austria.com\/sk\/wp-json\/wp\/v2\/media?parent=1198"}],"wp:term":[{"taxonomy":"product_brand","embeddable":true,"href":"https:\/\/mathy-austria.com\/sk\/wp-json\/wp\/v2\/product_brand?post=1198"},{"taxonomy":"product_cat","embeddable":true,"href":"https:\/\/mathy-austria.com\/sk\/wp-json\/wp\/v2\/product_cat?post=1198"},{"taxonomy":"product_tag","embeddable":true,"href":"https:\/\/mathy-austria.com\/sk\/wp-json\/wp\/v2\/product_tag?post=1198"}],"curies":[{"name":"wp","href":"https:\/\/api.w.org\/{rel}","templated":true}]}}