{"id":1164,"date":"2016-10-25T08:55:11","date_gmt":"2016-10-25T06:55:11","guid":{"rendered":"https:\/\/mathy-austria.com\/?post_type=product&#038;p=1164"},"modified":"2024-07-15T07:11:35","modified_gmt":"2024-07-15T06:11:35","slug":"sae-5w-40-performance-vx4","status":"publish","type":"product","link":"https:\/\/mathy-austria.com\/sk\/produkt\/sae-5w-40-performance-vx4\/","title":{"rendered":"SAE 5W-40 Performance VX4"},"content":{"rendered":"<p><strong>SAE 5W-40 Performance VX4<\/strong> je motorov\u00fd olej na b\u00e1ze hydrokrakovej synt\u00e9zy (HC). Je ide\u00e1lny na ochranu \u0161tvortaktn\u00fdch benz\u00ednov\u00fdch a naftov\u00fdch motorov, motorov s prirodzen\u00fdm nas\u00e1van\u00edm a turbod\u00fachadlom.<br \/>\nPou\u017eit\u00edm motorov\u00e9ho oleja<strong> SAE 5W-40 Performance VX4<\/strong> optim\u00e1lne udr\u017eiava teplotu motorov\u00e9ho oleja aj pri vysok\u00fdch teplot\u00e1ch. <strong>MATHY SAE 5W-40 Performance VX4<\/strong> je ide\u00e1lny z\u00e1kladn\u00fd olej na pou\u017eitie s <strong>MATHY -M <\/strong>Pr\u00edsada do motorov\u00e9ho oleja.<\/p>\n<h2>\u0160pecifik\u00e1cie\/schv\u00e1lenia*<\/h2>\n<ul>\n<li>ACEA A3\/B4<\/li>\n<li>PI SN\/CF<\/li>\n<li>Mercedes Benz MB verzia 229.3<\/li>\n<li>Porsche A40<\/li>\n<li>BMW pod\u013ea BMW Longlife-01<\/li>\n<li>Opel GM-LL-B025<\/li>\n<li>Volkswagen VW, pod\u013ea noriem VW 502 00, 505 00<\/li>\n<li>PSA B71 2296<\/li>\n<li>Renault RN 0700\/0710<\/li>\n<\/ul>\n<p>*Schv\u00e1lenia s\u00fa k dispoz\u00edcii pod in\u00fdm ozna\u010den\u00edm odrody.<\/p>\n<h2>Pozor<\/h2>\n<ul>\n<li>H319: Sp\u00f4sobuje v\u00e1\u017ene podr\u00e1\u017edenie o\u010d\u00ed.<\/li>\n<li>EUH208: Obsahuje alkylam\u00edn s dlh\u00fdm re\u0165azcom. M\u00f4\u017ee sp\u00f4sobi\u0165 alergick\u00e9 reakcie.<\/li>\n<\/ul>","protected":false},"excerpt":{"rendered":"<p>Syntetick\u00fd motorov\u00fd olej HC<br \/>\npre v\u0161etky \u0161tvortaktn\u00e9 benz\u00ednov\u00e9 a naftov\u00e9 motory s prirodzen\u00fdm nas\u00e1van\u00edm a turbod\u00fachadlom 1,0 l<\/p>","protected":false},"featured_media":3246,"template":"","meta":[],"product_brand":[125],"product_cat":[124,168],"product_tag":[],"class_list":{"0":"post-1164","1":"product","2":"type-product","3":"status-publish","4":"has-post-thumbnail","6":"product_brand-mvg-mathe-schmierstofftechnik-gmbh","7":"product_cat-motor","8":"product_cat-motorenoel","9":"description-off","11":"first","12":"instock","13":"taxable","14":"shipping-taxable","15":"purchasable","16":"product-type-variable"},"_links":{"self":[{"href":"https:\/\/mathy-austria.com\/sk\/wp-json\/wp\/v2\/product\/1164","targetHints":{"allow":["GET"]}}],"collection":[{"href":"https:\/\/mathy-austria.com\/sk\/wp-json\/wp\/v2\/product"}],"about":[{"href":"https:\/\/mathy-austria.com\/sk\/wp-json\/wp\/v2\/types\/product"}],"wp:featuredmedia":[{"embeddable":true,"href":"https:\/\/mathy-austria.com\/sk\/wp-json\/wp\/v2\/media\/3246"}],"wp:attachment":[{"href":"https:\/\/mathy-austria.com\/sk\/wp-json\/wp\/v2\/media?parent=1164"}],"wp:term":[{"taxonomy":"product_brand","embeddable":true,"href":"https:\/\/mathy-austria.com\/sk\/wp-json\/wp\/v2\/product_brand?post=1164"},{"taxonomy":"product_cat","embeddable":true,"href":"https:\/\/mathy-austria.com\/sk\/wp-json\/wp\/v2\/product_cat?post=1164"},{"taxonomy":"product_tag","embeddable":true,"href":"https:\/\/mathy-austria.com\/sk\/wp-json\/wp\/v2\/product_tag?post=1164"}],"curies":[{"name":"wp","href":"https:\/\/api.w.org\/{rel}","templated":true}]}}