{"id":1162,"date":"2016-10-25T07:51:05","date_gmt":"2016-10-25T06:51:05","guid":{"rendered":"https:\/\/mathy-austria.com\/?post_type=product&#038;p=1162"},"modified":"2024-07-15T07:11:35","modified_gmt":"2024-07-15T06:11:35","slug":"mathe-classic-bleiersatz","status":"publish","type":"product","link":"https:\/\/mathy-austria.com\/sk\/produkt\/mathe-classic-bleiersatz\/","title":{"rendered":"MATH\u00c9 Classic \u2013 Bleiersatz"},"content":{"rendered":"<p><strong>MATH\u00c9 Classic Bleiersatz<\/strong> wird als Bleiersatzstoff dem Benzin-Kraftstoffen mit der Dosierung 1 : 1000 beigemischt.<br \/>\n<strong>MATH\u00c9 Classic Bleiersatz<\/strong> sichert systemseitig eine schmierende Wirkung bei allen kraftstoffumsp\u00fclten Bauteilen und ist in Otto-Motoren mit ungeh\u00e4rteten Ventilsitzringen und Zylinderk\u00f6pfen auf Graugussbasis einzusetzen.<\/p>\n<h2>Anwendung\/Dosierung:<\/h2>\n<ul>\n<li>Vor dem Betanken in einem Mischungsverh\u00e4ltnis von 1:1000 in den Tank geben. Sicherheitsverschluss \u00f6ffnen und durch Druck auf die Flasche die ben\u00f6tigte Menge Bleiersatz in den Dosierbeh\u00e4lter pumpen: 25 ml <strong>MATH\u00c9 Classic Bleiersatz<\/strong> f\u00fcr 25 L Benzin.<\/li>\n<li>250 ml sind ausreichend f\u00fcr 250 L Benzin-Kraftstoff.<\/li>\n<li>Empfehlung: Zugabe zu jeder Tankf\u00fcllung.<\/li>\n<\/ul>\n<h2>Nebezpe\u010denstvo<\/h2>\n<ul>\n<li>H304: M\u00f4\u017ee by\u0165 smrte\u013en\u00fd pri po\u017eit\u00ed a vniknut\u00ed do d\u00fdchac\u00edch ciest.<\/li>\n<li>H412: \u0160kodliv\u00fd pre vodn\u00e9 organizmy s dlhodob\u00fdmi \u00fa\u010dinkami.<\/li>\n<li>EUH066: Opakovan\u00e1 expoz\u00edcia m\u00f4\u017ee sp\u00f4sobi\u0165 vysu\u0161enie alebo popraskanie poko\u017eky.<\/li>\n<\/ul>","protected":false},"excerpt":{"rendered":"<p>Bleiersatz<br \/>\n250ml (Literpreis 51,60 \u20ac)<\/p>","protected":false},"featured_media":3157,"template":"","meta":[],"product_brand":[125],"product_cat":[127,131],"product_tag":[],"class_list":{"0":"post-1162","1":"product","2":"type-product","3":"status-publish","4":"has-post-thumbnail","6":"product_brand-mvg-mathe-schmierstofftechnik-gmbh","7":"product_cat-kraftstoffsystem","8":"product_cat-klassiker","9":"description-off","11":"first","12":"instock","13":"taxable","14":"shipping-taxable","15":"purchasable","16":"product-type-variable"},"_links":{"self":[{"href":"https:\/\/mathy-austria.com\/sk\/wp-json\/wp\/v2\/product\/1162","targetHints":{"allow":["GET"]}}],"collection":[{"href":"https:\/\/mathy-austria.com\/sk\/wp-json\/wp\/v2\/product"}],"about":[{"href":"https:\/\/mathy-austria.com\/sk\/wp-json\/wp\/v2\/types\/product"}],"wp:featuredmedia":[{"embeddable":true,"href":"https:\/\/mathy-austria.com\/sk\/wp-json\/wp\/v2\/media\/3157"}],"wp:attachment":[{"href":"https:\/\/mathy-austria.com\/sk\/wp-json\/wp\/v2\/media?parent=1162"}],"wp:term":[{"taxonomy":"product_brand","embeddable":true,"href":"https:\/\/mathy-austria.com\/sk\/wp-json\/wp\/v2\/product_brand?post=1162"},{"taxonomy":"product_cat","embeddable":true,"href":"https:\/\/mathy-austria.com\/sk\/wp-json\/wp\/v2\/product_cat?post=1162"},{"taxonomy":"product_tag","embeddable":true,"href":"https:\/\/mathy-austria.com\/sk\/wp-json\/wp\/v2\/product_tag?post=1162"}],"curies":[{"name":"wp","href":"https:\/\/api.w.org\/{rel}","templated":true}]}}