{"id":1150,"date":"2016-06-11T11:52:40","date_gmt":"2016-06-11T09:52:40","guid":{"rendered":"https:\/\/mathy-austria.com\/?post_type=product&#038;p=1150"},"modified":"2025-07-30T11:07:01","modified_gmt":"2025-07-30T10:07:01","slug":"mathy-tdl-sae-75w-90","status":"publish","type":"product","link":"https:\/\/mathy-austria.com\/sk\/produkt\/mathy-tdl-sae-75w-90\/","title":{"rendered":"MATHY-TDL SAE 75W-90"},"content":{"rendered":"<div>\n<div>Polosyntetick\u00fd viacstup\u0148ov\u00fd prevodov\u00fd olej <strong>SAE 75W-90<\/strong> pre synchronizovan\u00e9 a nesynchronizovan\u00e9 manu\u00e1lne prevodovky, ako aj pre prevodovky s hypoidn\u00fdm ozuben\u00edm na zadnej n\u00e1prave.<\/div>\n<div>Str\u00e1nka <strong>MATHY TDL 75W-90<\/strong> je vhodn\u00fd pre manu\u00e1lne, pr\u00eddavn\u00e9 a diferenci\u00e1lne prevodovky.<\/div>\n<div>M\u00f4\u017ee sa pou\u017e\u00edva\u0165 aj v prevodovk\u00e1ch prednej a zadnej n\u00e1pravy \u00fa\u017eitkov\u00fdch vozidiel.<\/div>\n<div>Ide\u00e1lny z\u00e1kladn\u00fd olej na pou\u017eitie s <strong>Pr\u00edsada do manu\u00e1lnej prevodovky MATHY-T.<\/strong><\/div>\n<h2>\u00farove\u0148 kvality:<\/h2>\n<div>API GL 4<br \/>\nAPI MT-1<br \/>\nEATON<br \/>\nDAF<br \/>\nMIL-L-2105 D, MIL-L-PRF-2105 E<br \/>\nScania STO 1:0<br \/>\nMAN 341 typ Z2, MAN 342 typ M2<br \/>\nZF TE-ML 12E, 16B, 17B, 19B<br \/>\nVolvo (n\u00e1pravy)<\/div>\n<h2>Pozor<\/h2>\n<ul>\n<li>H317: M\u00f4\u017ee sp\u00f4sobi\u0165 alergick\u00fa ko\u017en\u00fa reakciu.<\/li>\n<li>H319: Sp\u00f4sobuje v\u00e1\u017ene podr\u00e1\u017edenie o\u010d\u00ed.<\/li>\n<\/ul>\n<\/div>","protected":false},"excerpt":{"rendered":"<p>Polosyntetick\u00fd prevodov\u00fd olej, 1,0 l<\/p>","protected":false},"featured_media":3259,"template":"","meta":[],"product_brand":[125],"product_cat":[126],"product_tag":[],"class_list":{"0":"post-1150","1":"product","2":"type-product","3":"status-publish","4":"has-post-thumbnail","6":"product_brand-mvg-mathe-schmierstofftechnik-gmbh","7":"product_cat-getriebe","8":"description-off","10":"first","11":"instock","12":"taxable","13":"shipping-taxable","14":"purchasable","15":"product-type-variable"},"_links":{"self":[{"href":"https:\/\/mathy-austria.com\/sk\/wp-json\/wp\/v2\/product\/1150","targetHints":{"allow":["GET"]}}],"collection":[{"href":"https:\/\/mathy-austria.com\/sk\/wp-json\/wp\/v2\/product"}],"about":[{"href":"https:\/\/mathy-austria.com\/sk\/wp-json\/wp\/v2\/types\/product"}],"wp:featuredmedia":[{"embeddable":true,"href":"https:\/\/mathy-austria.com\/sk\/wp-json\/wp\/v2\/media\/3259"}],"wp:attachment":[{"href":"https:\/\/mathy-austria.com\/sk\/wp-json\/wp\/v2\/media?parent=1150"}],"wp:term":[{"taxonomy":"product_brand","embeddable":true,"href":"https:\/\/mathy-austria.com\/sk\/wp-json\/wp\/v2\/product_brand?post=1150"},{"taxonomy":"product_cat","embeddable":true,"href":"https:\/\/mathy-austria.com\/sk\/wp-json\/wp\/v2\/product_cat?post=1150"},{"taxonomy":"product_tag","embeddable":true,"href":"https:\/\/mathy-austria.com\/sk\/wp-json\/wp\/v2\/product_tag?post=1150"}],"curies":[{"name":"wp","href":"https:\/\/api.w.org\/{rel}","templated":true}]}}