{"id":1142,"date":"2016-06-11T11:19:18","date_gmt":"2016-06-11T10:19:18","guid":{"rendered":"https:\/\/mathy-austria.com\/?post_type=product&#038;p=1142"},"modified":"2024-07-15T07:11:35","modified_gmt":"2024-07-15T06:11:35","slug":"mathy-tdg-direktschalt-getriebeol-additiv","status":"publish","type":"product","link":"https:\/\/mathy-austria.com\/sk\/produkt\/mathy-tdg-direktschalt-getriebeol-additiv\/","title":{"rendered":"MATHY-TDG"},"content":{"rendered":"<div>Na optimaliz\u00e1ciu radenia a zn\u00ed\u017eenie opotrebenia v prevodovk\u00e1ch s priamym raden\u00edm\/dvojspojkov\u00fdch prevodovk\u00e1ch (<strong>DSG<\/strong>). Pridanie <strong>MATHY-TDG <\/strong>do prevodov\u00e9ho oleja, zlep\u0161uje sa jeho mazac\u00ed \u00fa\u010dinok a optimalizuj\u00fa sa procesy radenia. Tepeln\u00e9 za\u0165a\u017eenie v teplej\u0161\u00edch oblastiach sa zni\u017euje a stabilita prevodov\u00e9ho oleja DSG sa zvy\u0161uje. Existuj\u00faci v\u00fdvoj hluku sa minimalizuje v\u010faka <strong>MATHY-TDG <\/strong>minimalizuje a zabra\u0148uje \u010fal\u0161iemu opotrebovaniu. Prevodovka DSG je trvalo chr\u00e1nen\u00e1 a zbaven\u00e1 zne\u010distenia a tvorbe nov\u00e9ho zne\u010distenia zabra\u0148uj\u00fa akt\u00edvne \u010distiace komponenty.<\/div>\n<div><\/div>\n<div><strong>MATHY-TDG <\/strong>neobsahuje pevn\u00e9 \u010dastice a m\u00f4\u017ee sa pou\u017e\u00edva\u0165 vo v\u0161etk\u00fdch prevodov\u00fdch olejoch DSG.<\/div>\n<h2>Zn\u00ed\u017eenie alebo odstr\u00e1nenie technick\u00fdch probl\u00e9mov<\/h2>\n<ul>\n<li>Optimalizuje procesy radenia v prevodovk\u00e1ch DSG<\/li>\n<li>Minimalizuje poruchy<\/li>\n<li>Zni\u017euje opotrebovanie v miestach kontaktu kov na kov: klzn\u00e9 plochy alebo sp\u00ednacie prvky<\/li>\n<li>Vysok\u00fd \u010distiaci \u00fa\u010dinok<\/li>\n<li>Dobr\u00e1 kompatibilita tesnenia<\/li>\n<li>Zni\u017euje tepeln\u00e9 za\u0165a\u017eenie<\/li>\n<\/ul>\n<h2>D\u00e1vkovanie<\/h2>\n<div>10 % mno\u017estva oleja v prevodovke DSG pod\u013ea <strong>MATHY-TDG <\/strong>nahradi\u0165.<\/div>\n<h2>Aplik\u00e1cia<\/h2>\n<div>Ak po\u010det najazden\u00fdch kilometrov presiahne 60 000 km, odpor\u00fa\u010dame vykona\u0165 \u010distiacu f\u00e1zu a n\u00e1sledne vymeni\u0165 olej. Na tento \u00fa\u010del je potrebn\u00e9 pou\u017ei\u0165 10% star\u00e9ho <strong>DSG<\/strong>-olej sa vypust\u00ed a nahrad\u00ed <strong>MATHY-TDG <\/strong>nahraden\u00e9. Potom najazdite s vozidlom 1 000 km (nie je \u010dasovo obmedzen\u00e9). Po f\u00e1ze \u010distenia vykonajte kompletn\u00fa v\u00fdmenu oleja a dopl\u0148te ho \u010derstv\u00fdm<strong> DSG<\/strong>-Dopl\u0148te prevodov\u00fd olej 10% MATHY-TDG.<\/div>\n<h2>Pozor<\/h2>\n<ul>\n<li>H317: M\u00f4\u017ee sp\u00f4sobi\u0165 alergick\u00fa ko\u017en\u00fa reakciu.<\/li>\n<\/ul>","protected":false},"excerpt":{"rendered":"<p>Pr\u00edsada do oleja pre prevodovky s priamym raden\u00edm<\/p>","protected":false},"featured_media":22985,"template":"","meta":[],"product_brand":[125],"product_cat":[126],"product_tag":[],"class_list":{"0":"post-1142","1":"product","2":"type-product","3":"status-publish","4":"has-post-thumbnail","6":"product_brand-mvg-mathe-schmierstofftechnik-gmbh","7":"product_cat-getriebe","8":"description-off","10":"first","11":"instock","12":"taxable","13":"shipping-taxable","14":"purchasable","15":"product-type-variable"},"_links":{"self":[{"href":"https:\/\/mathy-austria.com\/sk\/wp-json\/wp\/v2\/product\/1142","targetHints":{"allow":["GET"]}}],"collection":[{"href":"https:\/\/mathy-austria.com\/sk\/wp-json\/wp\/v2\/product"}],"about":[{"href":"https:\/\/mathy-austria.com\/sk\/wp-json\/wp\/v2\/types\/product"}],"wp:featuredmedia":[{"embeddable":true,"href":"https:\/\/mathy-austria.com\/sk\/wp-json\/wp\/v2\/media\/22985"}],"wp:attachment":[{"href":"https:\/\/mathy-austria.com\/sk\/wp-json\/wp\/v2\/media?parent=1142"}],"wp:term":[{"taxonomy":"product_brand","embeddable":true,"href":"https:\/\/mathy-austria.com\/sk\/wp-json\/wp\/v2\/product_brand?post=1142"},{"taxonomy":"product_cat","embeddable":true,"href":"https:\/\/mathy-austria.com\/sk\/wp-json\/wp\/v2\/product_cat?post=1142"},{"taxonomy":"product_tag","embeddable":true,"href":"https:\/\/mathy-austria.com\/sk\/wp-json\/wp\/v2\/product_tag?post=1142"}],"curies":[{"name":"wp","href":"https:\/\/api.w.org\/{rel}","templated":true}]}}