{"id":1124,"date":"2016-01-07T12:18:52","date_gmt":"2016-01-07T10:18:52","guid":{"rendered":"https:\/\/mathy-austria.com\/?post_type=product&#038;p=1124"},"modified":"2024-07-15T07:11:35","modified_gmt":"2024-07-15T06:11:35","slug":"sae-5w-30-performance-vx3","status":"publish","type":"product","link":"https:\/\/mathy-austria.com\/sk\/produkt\/sae-5w-30-performance-vx3\/","title":{"rendered":"SAE 5W-30 Performance VX3"},"content":{"rendered":"<p>Syntetick\u00e9 <strong>Motorov\u00fd olej 5W-30 Performance VX3<\/strong> je olej s n\u00edzkym obsahom popola a n\u00edzkym tren\u00edm, \u0161peci\u00e1lne vyvinut\u00fd na pou\u017eitie v modern\u00fdch dieselov\u00fdch a plynov\u00fdch motoroch so syst\u00e9mami dodato\u010dnej \u00fapravy v\u00fdfukov\u00fdch plynov.<strong> 5W-30 Performance VX3<\/strong> m\u00e1 ve\u013emi n\u00edzky obsah fosforu a s\u00edry.<br \/>\nIde\u00e1lny z\u00e1kladov\u00fd olej na pou\u017eitie s <strong>MATHY-M, MATHY-VS<\/strong> alebo DropStop.<\/p>\n<p>&nbsp;<\/p>\n<h2>\u0160pecifik\u00e1cie\/schv\u00e1lenia*<strong><br \/>\n<\/strong><\/h2>\n<ul>\n<li>ACEA CE-10<\/li>\n<li>API SN\/CF<\/li>\n<li>Mercedes Benz MB 229.51<\/li>\n<li>General Motors GM Dexos 2<\/li>\n<li>BMW LL 04<\/li>\n<li>Volkswagen VW 502 00\/505 00\/505 01<\/li>\n<\/ul>\n<p><strong>*Schv\u00e1lenia s\u00fa k dispoz\u00edcii pod in\u00fdm ozna\u010den\u00edm odrody.<br \/>\n<\/strong><\/p>\n<p>&nbsp;<\/p>\n<h2>Pozor<strong><br \/>\n<\/strong><\/h2>\n<ul>\n<li>H412: \u0160kodliv\u00fd pre vodn\u00e9 organizmy s dlhodob\u00fdmi \u00fa\u010dinkami.<\/li>\n<\/ul>","protected":false},"excerpt":{"rendered":"<p>Syntetick\u00fd motorov\u00fd olej HC<br \/>\nna pou\u017eitie v modern\u00fdch dieselov\u00fdch a plynov\u00fdch motoroch so syst\u00e9mami dodato\u010dnej \u00fapravy v\u00fdfukov\u00fdch plynov 1.0L<\/p>","protected":false},"featured_media":3243,"template":"","meta":[],"product_brand":[125],"product_cat":[124,168],"product_tag":[],"class_list":{"0":"post-1124","1":"product","2":"type-product","3":"status-publish","4":"has-post-thumbnail","6":"product_brand-mvg-mathe-schmierstofftechnik-gmbh","7":"product_cat-motor","8":"product_cat-motorenoel","9":"description-off","11":"first","12":"instock","13":"taxable","14":"shipping-taxable","15":"purchasable","16":"product-type-variable"},"_links":{"self":[{"href":"https:\/\/mathy-austria.com\/sk\/wp-json\/wp\/v2\/product\/1124","targetHints":{"allow":["GET"]}}],"collection":[{"href":"https:\/\/mathy-austria.com\/sk\/wp-json\/wp\/v2\/product"}],"about":[{"href":"https:\/\/mathy-austria.com\/sk\/wp-json\/wp\/v2\/types\/product"}],"wp:featuredmedia":[{"embeddable":true,"href":"https:\/\/mathy-austria.com\/sk\/wp-json\/wp\/v2\/media\/3243"}],"wp:attachment":[{"href":"https:\/\/mathy-austria.com\/sk\/wp-json\/wp\/v2\/media?parent=1124"}],"wp:term":[{"taxonomy":"product_brand","embeddable":true,"href":"https:\/\/mathy-austria.com\/sk\/wp-json\/wp\/v2\/product_brand?post=1124"},{"taxonomy":"product_cat","embeddable":true,"href":"https:\/\/mathy-austria.com\/sk\/wp-json\/wp\/v2\/product_cat?post=1124"},{"taxonomy":"product_tag","embeddable":true,"href":"https:\/\/mathy-austria.com\/sk\/wp-json\/wp\/v2\/product_tag?post=1124"}],"curies":[{"name":"wp","href":"https:\/\/api.w.org\/{rel}","templated":true}]}}