{"id":1119,"date":"2015-09-14T09:00:22","date_gmt":"2015-09-14T07:00:22","guid":{"rendered":"https:\/\/mathy-austria.com\/?post_type=product&#038;p=1119"},"modified":"2024-07-15T07:11:36","modified_gmt":"2024-07-15T06:11:36","slug":"sae-15w-40-performance-vx2-2","status":"publish","type":"product","link":"https:\/\/mathy-austria.com\/sk\/produkt\/sae-15w-40-performance-vx2-2\/","title":{"rendered":"SAE 15W-40 Performance VX2"},"content":{"rendered":"<p><strong>SAE 15W-40<\/strong> ist ein Universal-Motorenoel, das katalysator- und turbogetestet ist. Es kann entsprechend den Herstellervorschriften in allen Diesel- und Ottomotoren von Nutzfahrzeugen und PKW eingesetzt werden. Typische Einsatzgebiete sind: Nutzfahrzeuge im Nah- und Fernverkehr, Omnibusse im Reise- und Stadtlinienverkehr sowie Baumaschinen aller Art.<\/p>\n<p><strong>SAE 15W-40<\/strong> erf\u00fcllt ebenfalls spezifische Anforderungen f\u00fcr den Einsatz in bestimmten Fahrzeug-Getrieben. In Abh\u00e4ngigkeit von Motorkonstruktion und Betriebsbedingungen sind lange \u00d6lwechselfristen zu erreichen. Dabei sind die Vorschriften der Motorenhersteller zu beachten.<\/p>\n<p>Durch seine hoch-ausraffinierten Grund\u00f6le ist das <strong>SAE 15W-40<\/strong> universell und ganzj\u00e4hrig in Fuhr- und Ger\u00e4teparks auch mit Pkw-Bestand gem\u00e4ss Herstellervorschrift einsetzbar. Die Viskosit\u00e4tsspanne <strong>SAE 15W-40<\/strong> gew\u00e4hrleistet durch das g\u00fcnstige K\u00e4lteflie\u00dfverhalten einen leichten Start bis \u201315\u00b0C.<\/p>\n<p>Pridanie <strong>Pr\u00edsada do motorov\u00e9ho oleja MATHY-M<\/strong> m\u00f4\u017eete pou\u017ei\u0165 <strong>SAE 15W-40-\u00d6l<\/strong> na zlep\u0161enie jeho \u00fa\u010dinku na zn\u00ed\u017eenie opotrebovania a inhib\u00edciu kor\u00f3zie.<\/p>\n<p>&nbsp;<\/p>\n<h2>\u0160pecifik\u00e1cie \/ schv\u00e1lenia*<\/h2>\n<ul>\n<li>ACEA E2, B4, A3<\/li>\n<li>API CG-4 \/SJ<\/li>\n<li>MB-Freigabe 228.1, 229.1*<\/li>\n<li>MAN M 3275-1<\/li>\n<li>Volvo VDS*<\/li>\n<li>Caterpillar TO-2<\/li>\n<li>Allison C4<\/li>\n<\/ul>\n<p><strong>*Schv\u00e1lenia s\u00fa k dispoz\u00edcii pod in\u00fdm ozna\u010den\u00edm odrody.<br \/>\n<\/strong><\/p>\n<p>&nbsp;<\/p>\n<h2><strong>Pozor:<br \/>\n<\/strong><\/h2>\n<ul>\n<li>H319: Sp\u00f4sobuje v\u00e1\u017ene podr\u00e1\u017edenie o\u010d\u00ed.<\/li>\n<li>H412: \u0160kodliv\u00fd pre vodn\u00e9 organizmy s dlhodob\u00fdmi \u00fa\u010dinkami.<\/li>\n<\/ul>","protected":false},"excerpt":{"rendered":"<p>Miner\u00e1lny motorov\u00fd olej<br \/>\nSAE 15W-40 je univerz\u00e1lny motorov\u00fd olej, ktor\u00fd je testovan\u00fd na katalyz\u00e1tor a turbo 1.0L<\/p>","protected":false},"featured_media":3268,"template":"","meta":[],"product_brand":[125],"product_cat":[124,168],"product_tag":[],"class_list":{"0":"post-1119","1":"product","2":"type-product","3":"status-publish","4":"has-post-thumbnail","6":"product_brand-mvg-mathe-schmierstofftechnik-gmbh","7":"product_cat-motor","8":"product_cat-motorenoel","9":"description-off","11":"first","12":"instock","13":"taxable","14":"shipping-taxable","15":"purchasable","16":"product-type-variable"},"_links":{"self":[{"href":"https:\/\/mathy-austria.com\/sk\/wp-json\/wp\/v2\/product\/1119","targetHints":{"allow":["GET"]}}],"collection":[{"href":"https:\/\/mathy-austria.com\/sk\/wp-json\/wp\/v2\/product"}],"about":[{"href":"https:\/\/mathy-austria.com\/sk\/wp-json\/wp\/v2\/types\/product"}],"wp:featuredmedia":[{"embeddable":true,"href":"https:\/\/mathy-austria.com\/sk\/wp-json\/wp\/v2\/media\/3268"}],"wp:attachment":[{"href":"https:\/\/mathy-austria.com\/sk\/wp-json\/wp\/v2\/media?parent=1119"}],"wp:term":[{"taxonomy":"product_brand","embeddable":true,"href":"https:\/\/mathy-austria.com\/sk\/wp-json\/wp\/v2\/product_brand?post=1119"},{"taxonomy":"product_cat","embeddable":true,"href":"https:\/\/mathy-austria.com\/sk\/wp-json\/wp\/v2\/product_cat?post=1119"},{"taxonomy":"product_tag","embeddable":true,"href":"https:\/\/mathy-austria.com\/sk\/wp-json\/wp\/v2\/product_tag?post=1119"}],"curies":[{"name":"wp","href":"https:\/\/api.w.org\/{rel}","templated":true}]}}