{"id":1115,"date":"2015-09-08T17:01:01","date_gmt":"2015-09-08T15:01:01","guid":{"rendered":"https:\/\/mathy-austria.com\/?post_type=product&#038;p=1115"},"modified":"2024-07-15T07:11:36","modified_gmt":"2024-07-15T06:11:36","slug":"sae-5w-30-longlife-iii-2","status":"publish","type":"product","link":"https:\/\/mathy-austria.com\/sk\/produkt\/sae-5w-30-longlife-iii-2\/","title":{"rendered":"SAE 5W-30 Longlife III"},"content":{"rendered":"<div class=\"m-tabbed-boxes\">\n<div class=\"m-tabbed-box cmsContent\">\n<p><strong>SAE 5W-30 Longlife III<\/strong> je vysoko v\u00fdkonn\u00fd motorov\u00fd olej pre benz\u00ednov\u00e9 a naftov\u00e9 motory zalo\u017een\u00fd na hydrokrakovej synt\u00e9ze (HC). Je to motorov\u00fd olej s n\u00edzkou spotrebou paliva a n\u00edzkym tren\u00edm, ktor\u00fd sp\u00e1ja vysok\u00e9 po\u017eiadavky na benz\u00ednov\u00e9 a naftov\u00e9 motory (najm\u00e4 naftov\u00e9 motory s \u010derpadlom a d\u00fdzou, aj s filtrom pevn\u00fdch \u010dast\u00edc) v jednom v\u00fdrobku.<\/p>\n<p>Predl\u017euje \u017eivotnos\u0165 filtra pevn\u00fdch \u010dast\u00edc t\u00fdm, \u017ee zni\u017euje koncentr\u00e1ciu \u010dast\u00edc tvoriacich popol vo v\u00fdfukov\u00fdch plynoch.<\/p>\n<p><strong>SAE 5W-30 Longlife III<\/strong> mo\u017eno pou\u017ei\u0165 v takmer v\u0161etk\u00fdch vozidl\u00e1ch VW a Audi LongLife, ako aj sp\u00e4tne v star\u0161\u00edch vozidl\u00e1ch s pevne stanoven\u00fdm intervalom v\u00fdmeny (s v\u00fdnimkou dieselov\u00fdch vozidiel R5 a V 10 TDI). To umo\u017e\u0148uje zn\u00ed\u017ei\u0165 rozmanitos\u0165 typov v servisoch.<\/p>\n<p>Str\u00e1nka <strong>Olej SAE 5W-30 Longlife III<\/strong> je v\u00fdrazne zn\u00ed\u017een\u00fd obsah kovov, \u010do zaru\u010duje dlh\u00fa \u017eivotnos\u0165 filtra\u010dn\u00e9ho syst\u00e9mu.<\/p>\n<p><strong>SAE 5W-30 Longlife III<\/strong> je \u0161peci\u00e1lne navrhnut\u00fd tak, aby udr\u017eiaval motor a syst\u00e9my dodato\u010dnej \u00fapravy v\u00fdfukov\u00fdch plynov \u010dist\u00e9 s cie\u013eom zn\u00ed\u017ei\u0165 uvo\u013e\u0148ovanie \u0161kodliv\u00fdch emisi\u00ed do \u017eivotn\u00e9ho prostredia.<\/p>\n<p><strong>SAE 5W-30 Longlife III<\/strong> pon\u00faka vy\u0161\u0161iu bezpe\u010dnos\u0165 v\u010faka trvalej vysokej ochrane motorov.<br \/>\nPridanie <strong>Pr\u00edsada do motorov\u00e9ho oleja MATHY-M<\/strong> m\u00f4\u017eete pou\u017ei\u0165 <strong>Olej SAE 5W-30 Longlife III<\/strong> na zlep\u0161enie jeho \u00fa\u010dinku na zn\u00ed\u017eenie opotrebovania a inhib\u00edciu kor\u00f3zie.<\/p>\n<p>&nbsp;<\/p>\n<h2>\u0160PECIFIK\u00c1CIE \/ SCHV\u00c1LENIA*<\/h2>\n<ul>\n<li>ACEA C3<\/li>\n<li>VW 504.00 \/ 507.00<\/li>\n<li>MB 229.51<\/li>\n<li>BMW LL 04<\/li>\n<\/ul>\n<p><strong>*Schv\u00e1lenia s\u00fa k dispoz\u00edcii<\/strong><strong>n pod in\u00fdm ozna\u010den\u00edm odrody.<\/strong><\/p>\n<p>&nbsp;<\/p>\n<h2>POZOR:<\/h2>\n<ul>\n<li>EUH208: Obsahuje alkylam\u00edn s dlh\u00fdm re\u0165azcom. M\u00f4\u017ee sp\u00f4sobi\u0165 alergick\u00e9 reakcie.<\/li>\n<\/ul>\n<\/div>\n<\/div>","protected":false},"excerpt":{"rendered":"<p>Vysokov\u00fdkonn\u00fd motorov\u00fd olej, 1,0 l<br \/>\nSAE 5W-30 Longlife III je vysoko v\u00fdkonn\u00fd motorov\u00fd olej na b\u00e1ze hydrokrakovej synt\u00e9zy (HC) pre benz\u00ednov\u00e9 a dieselov\u00e9 motory<\/p>","protected":false},"featured_media":3235,"template":"","meta":[],"product_brand":[125],"product_cat":[124,168],"product_tag":[],"class_list":{"0":"post-1115","1":"product","2":"type-product","3":"status-publish","4":"has-post-thumbnail","6":"product_brand-mvg-mathe-schmierstofftechnik-gmbh","7":"product_cat-motor","8":"product_cat-motorenoel","9":"description-off","11":"first","12":"instock","13":"taxable","14":"shipping-taxable","15":"purchasable","16":"product-type-variable"},"_links":{"self":[{"href":"https:\/\/mathy-austria.com\/sk\/wp-json\/wp\/v2\/product\/1115","targetHints":{"allow":["GET"]}}],"collection":[{"href":"https:\/\/mathy-austria.com\/sk\/wp-json\/wp\/v2\/product"}],"about":[{"href":"https:\/\/mathy-austria.com\/sk\/wp-json\/wp\/v2\/types\/product"}],"wp:featuredmedia":[{"embeddable":true,"href":"https:\/\/mathy-austria.com\/sk\/wp-json\/wp\/v2\/media\/3235"}],"wp:attachment":[{"href":"https:\/\/mathy-austria.com\/sk\/wp-json\/wp\/v2\/media?parent=1115"}],"wp:term":[{"taxonomy":"product_brand","embeddable":true,"href":"https:\/\/mathy-austria.com\/sk\/wp-json\/wp\/v2\/product_brand?post=1115"},{"taxonomy":"product_cat","embeddable":true,"href":"https:\/\/mathy-austria.com\/sk\/wp-json\/wp\/v2\/product_cat?post=1115"},{"taxonomy":"product_tag","embeddable":true,"href":"https:\/\/mathy-austria.com\/sk\/wp-json\/wp\/v2\/product_tag?post=1115"}],"curies":[{"name":"wp","href":"https:\/\/api.w.org\/{rel}","templated":true}]}}