{"id":1107,"date":"2015-09-01T19:35:59","date_gmt":"2015-09-01T17:35:59","guid":{"rendered":"https:\/\/mathy-austria.com\/?post_type=product&#038;p=1107"},"modified":"2024-07-15T07:11:36","modified_gmt":"2024-07-15T06:11:36","slug":"sae-10w-60-racing","status":"publish","type":"product","link":"https:\/\/mathy-austria.com\/sk\/produkt\/sae-10w-60-racing\/","title":{"rendered":"SAE 10W-60 Racing"},"content":{"rendered":"<p><strong>10W-60 Racing<\/strong> je plne syntetick\u00fd motorov\u00fd olej pre benz\u00ednov\u00e9 a naftov\u00e9 motory, ktor\u00fd sa m\u00f4\u017ee pou\u017e\u00edva\u0165 po\u010das cel\u00e9ho roka.<\/p>\n<p><strong>10W-60 Racing<\/strong> zabezpe\u010duje vysok\u00fd v\u00fdkon, najm\u00e4 pre extr\u00e9mne nam\u00e1han\u00e9 \u0161tvortaktn\u00e9 motory.<\/p>\n<p>Zabra\u0148uje sa tvorbe olejov\u00fdch kalov a kor\u00f3zii. Ide\u00e1lny z\u00e1kladov\u00fd olej na pou\u017eitie s <strong>MATHY-M, MATHY-VS<\/strong> alebo <strong>DropStop<\/strong> Tesniaca pr\u00edsada.<\/p>\n<p>&nbsp;<\/p>\n<h2>\u0160pecifik\u00e1cie\/schv\u00e1lenia*<\/h2>\n<p>ACEA A3\/B4<\/p>\n<p>API SM\/CF<\/p>\n<p>Fiat 9.55535-H3*<\/p>\n<p>*Schv\u00e1lenia s\u00fa k dispoz\u00edcii pod in\u00fdm ozna\u010den\u00edm odrody.<\/p>\n<p>&nbsp;<\/p>\n<h2>Pozor:<\/h2>\n<p>H319: Sp\u00f4sobuje v\u00e1\u017ene podr\u00e1\u017edenie o\u010d\u00ed.<\/p>\n<p>H412: \u0160kodliv\u00fd pre vodn\u00e9 organizmy s dlhodob\u00fdmi \u00fa\u010dinkami.<\/p>","protected":false},"excerpt":{"rendered":"<p>Plne syntetick\u00fd motorov\u00fd olej, 1,0 l<br \/>\n10W-60 Racing je plne syntetick\u00fd motorov\u00fd olej pre benz\u00ednov\u00e9 a dieselov\u00e9 motory, ktor\u00fd sa m\u00f4\u017ee pou\u017e\u00edva\u0165 po\u010das cel\u00e9ho roka.<\/p>","protected":false},"featured_media":3265,"template":"","meta":[],"product_brand":[125],"product_cat":[124,168],"product_tag":[],"class_list":{"0":"post-1107","1":"product","2":"type-product","3":"status-publish","4":"has-post-thumbnail","6":"product_brand-mvg-mathe-schmierstofftechnik-gmbh","7":"product_cat-motor","8":"product_cat-motorenoel","9":"description-off","11":"first","12":"instock","13":"taxable","14":"shipping-taxable","15":"purchasable","16":"product-type-variable"},"_links":{"self":[{"href":"https:\/\/mathy-austria.com\/sk\/wp-json\/wp\/v2\/product\/1107","targetHints":{"allow":["GET"]}}],"collection":[{"href":"https:\/\/mathy-austria.com\/sk\/wp-json\/wp\/v2\/product"}],"about":[{"href":"https:\/\/mathy-austria.com\/sk\/wp-json\/wp\/v2\/types\/product"}],"wp:featuredmedia":[{"embeddable":true,"href":"https:\/\/mathy-austria.com\/sk\/wp-json\/wp\/v2\/media\/3265"}],"wp:attachment":[{"href":"https:\/\/mathy-austria.com\/sk\/wp-json\/wp\/v2\/media?parent=1107"}],"wp:term":[{"taxonomy":"product_brand","embeddable":true,"href":"https:\/\/mathy-austria.com\/sk\/wp-json\/wp\/v2\/product_brand?post=1107"},{"taxonomy":"product_cat","embeddable":true,"href":"https:\/\/mathy-austria.com\/sk\/wp-json\/wp\/v2\/product_cat?post=1107"},{"taxonomy":"product_tag","embeddable":true,"href":"https:\/\/mathy-austria.com\/sk\/wp-json\/wp\/v2\/product_tag?post=1107"}],"curies":[{"name":"wp","href":"https:\/\/api.w.org\/{rel}","templated":true}]}}