{"id":1083,"date":"2014-10-19T15:16:09","date_gmt":"2014-10-19T13:16:09","guid":{"rendered":"https:\/\/mathy-austria.com\/?post_type=product&#038;p=1083"},"modified":"2026-02-22T14:30:55","modified_gmt":"2026-02-22T13:30:55","slug":"mathy-dpf-kur","status":"publish","type":"product","link":"https:\/\/mathy-austria.com\/sk\/produkt\/mathy-dpf-kur\/","title":{"rendered":"MATHY-DPF Cure"},"content":{"rendered":"<ul>\n<li>1 x 250 ml <strong>MATHY-D \u010cisti\u010d dieselov\u00e9ho syst\u00e9mu<\/strong><\/li>\n<li>3 x 300 ml <strong>MATHY-DPF<\/strong> \u010cisti\u010d filtrov pevn\u00fdch \u010dast\u00edc pre dieselov\u00e9 motory<\/li>\n<\/ul>\n<p>Jednoduch\u00e9 <strong>\u010cistenie dieselov\u00fdch motorov a DPF filtrov<\/strong>. Bez n\u00e1v\u0161tevy dielne!<br \/>\nJednoducho vyu\u017eite svoj dovolenkov\u00fd v\u00fdlet na<strong> \u010cistenie dieselov\u00fdch motorov a DPF filtrov<\/strong>.<\/p>\n<p>Liek sa d\u00e1 pou\u017ei\u0165 bez n\u00e1v\u0161tevy servisu a uvo\u013e\u0148uje sa cez palivov\u00fa n\u00e1dr\u017e. Syst\u00e9mov\u00e9 lie\u010divo sa sklad\u00e1 z jednej plechovky <strong>MATHY-D<\/strong> (\u010disti\u010d dieselov\u00e9ho syst\u00e9mu) a tri plechovky <strong>MATHY-DPF<\/strong> (\u010disti\u010d filtra pevn\u00fdch \u010dast\u00edc).<\/p>\n<p>M\u00f4\u017eete sa tak vyhn\u00fa\u0165 drah\u00e9mu<strong> DPF<\/strong>-Predch\u00e1dzajte v\u00fdmene!<\/p>\n<p>&nbsp;<\/p>\n<h2>D\u00f4le\u017eit\u00e9 upozornenie:<\/h2>\n<p>Filter pevn\u00fdch \u010dast\u00edc (<strong>DPF<\/strong>), ktor\u00e9 s\u00fa u\u017e \u00faplne naplnen\u00e9 popolom, kontrolka motora (\u017elt\u00e1) je \u010diasto\u010dne alebo trvalo rozsvieten\u00e1, motor be\u017e\u00ed v programe n\u00fadzov\u00e9ho chodu, m\u00f4\u017ee sa vypn\u00fa\u0165 pomocou <strong>MATHY-DPF<\/strong> sa u\u017e ned\u00e1 \u010disti\u0165.<\/p>\n<p>V t\u00fdchto pr\u00edpadoch mus\u00ed filter pevn\u00fdch \u010dast\u00edc vymeni\u0165 alebo vyp\u00e1li\u0165 \u0161pecializovan\u00fd servis. Odpor\u00fa\u010dame <strong>MATHY-DPF<\/strong> ako prevent\u00edvne opatrenie!<\/p>\n<p>&nbsp;<\/p>\n<h2>Nebezpe\u010denstvo:<\/h2>\n<ul>\n<li>H315: Sp\u00f4sobuje podr\u00e1\u017edenie poko\u017eky.<\/li>\n<li>H319: Sp\u00f4sobuje v\u00e1\u017ene podr\u00e1\u017edenie o\u010d\u00ed.<\/li>\n<li>H304: M\u00f4\u017ee by\u0165 smrte\u013en\u00fd pri po\u017eit\u00ed a vniknut\u00ed do d\u00fdchac\u00edch ciest.<\/li>\n<li>H412: \u0160kodliv\u00fd pre vodn\u00e9 organizmy s dlhodob\u00fdmi \u00fa\u010dinkami.<\/li>\n<li>EUH066: Opakovan\u00e1 expoz\u00edcia m\u00f4\u017ee sp\u00f4sobi\u0165 vysu\u0161enie alebo popraskanie poko\u017eky.<\/li>\n<\/ul>","protected":false},"excerpt":{"rendered":"<p>\u010cistiaca s\u00faprava pre filtre pevn\u00fdch \u010dast\u00edc<br \/>\n1x MATHY-D a 3x MATHY-DPF<\/p>","protected":false},"featured_media":146051,"template":"","meta":[],"product_brand":[125],"product_cat":[183,127,132],"product_tag":[311,382,379,346,352,342,386,362,344,361,357,366,360,341,375,385,356,363,347,364,367,358,374,353,365,377,359,378,373,348,247,248,389,253,249,251,255,250,254,252,345,376,355,350,381,354,313,383,380,384],"class_list":{"0":"post-1083","1":"product","2":"type-product","3":"status-publish","4":"has-post-thumbnail","6":"product_brand-mvg-mathe-schmierstofftechnik-gmbh","7":"product_cat-spitzenreiter","8":"product_cat-kraftstoffsystem","9":"product_cat-produkt-sets","10":"product_tag-abgase-verbessern","11":"product_tag-ablagerungen-loesen","12":"product_tag-cetanzahl-erhoehen","13":"product_tag-diesel-additiv","14":"product_tag-diesel-additiv-kaufen","15":"product_tag-diesel-injektor-reiniger","16":"product_tag-diesel-leistungssteigerung","17":"product_tag-diesel-motorpflege","18":"product_tag-diesel-partikelfilter-reiniger","19":"product_tag-diesel-reiniger-tuev","20":"product_tag-diesel-reinigungskur","21":"product_tag-diesel-russfilter-regenerieren","22":"product_tag-diesel-system-pflege","23":"product_tag-diesel-systemreiniger","24":"product_tag-diesel-tank-reiniger","25":"product_tag-diesel-verbrauch-senken","26":"product_tag-dieselabgase-reduzieren","27":"product_tag-dieselkraftstoff-additiv","28":"product_tag-dieselmotor-reinigen","29":"product_tag-dieselpartikelfilter-reiniger","30":"product_tag-dieselpartikelfilter-verstopfung-beseitigen","31":"product_tag-dieselpflegemittel","32":"product_tag-dieselsystem-reinigung","33":"product_tag-dpf-reiniger","34":"product_tag-dpf-reinigung","35":"product_tag-kfz-kraftstoffpflege","36":"product_tag-kraftstoff-additiv","37":"product_tag-kraftstoffadditiv-diesel","38":"product_tag-kraftstoffsystem-pflegen","39":"product_tag-kraftstoffsystem-reinigen","40":"product_tag-mathy","41":"product_tag-mathy-austria","42":"product_tag-mathy-dpf-kur-kaufen","43":"product_tag-mathy-hungaria","44":"product_tag-mathy-oesterreich","45":"product_tag-mathy-slovakia","46":"product_tag-mathy-slovenija","47":"product_tag-mathy-slowakei","48":"product_tag-mathy-slowenien","49":"product_tag-mathy-ungarn","50":"product_tag-mathy-universal","51":"product_tag-motor-dieselpflege","52":"product_tag-motorschutz-diesel","53":"product_tag-partikelfilter-reinigung","54":"product_tag-russpartikel-verbrennen","55":"product_tag-russpartikelfilter-reinigen","56":"product_tag-startverhalten-verbessern","57":"product_tag-ventile-reinigen","58":"product_tag-verbrennung-optimieren","59":"product_tag-verkokungen-entfernen","60":"description-off","62":"first","63":"instock","64":"taxable","65":"shipping-taxable","66":"purchasable","67":"product-type-simple"},"_links":{"self":[{"href":"https:\/\/mathy-austria.com\/sk\/wp-json\/wp\/v2\/product\/1083","targetHints":{"allow":["GET"]}}],"collection":[{"href":"https:\/\/mathy-austria.com\/sk\/wp-json\/wp\/v2\/product"}],"about":[{"href":"https:\/\/mathy-austria.com\/sk\/wp-json\/wp\/v2\/types\/product"}],"wp:featuredmedia":[{"embeddable":true,"href":"https:\/\/mathy-austria.com\/sk\/wp-json\/wp\/v2\/media\/146051"}],"wp:attachment":[{"href":"https:\/\/mathy-austria.com\/sk\/wp-json\/wp\/v2\/media?parent=1083"}],"wp:term":[{"taxonomy":"product_brand","embeddable":true,"href":"https:\/\/mathy-austria.com\/sk\/wp-json\/wp\/v2\/product_brand?post=1083"},{"taxonomy":"product_cat","embeddable":true,"href":"https:\/\/mathy-austria.com\/sk\/wp-json\/wp\/v2\/product_cat?post=1083"},{"taxonomy":"product_tag","embeddable":true,"href":"https:\/\/mathy-austria.com\/sk\/wp-json\/wp\/v2\/product_tag?post=1083"}],"curies":[{"name":"wp","href":"https:\/\/api.w.org\/{rel}","templated":true}]}}