{"id":1077,"date":"2014-06-19T16:36:40","date_gmt":"2014-06-19T15:36:40","guid":{"rendered":"https:\/\/mathy-austria.com\/?post_type=product&#038;p=1077"},"modified":"2024-07-15T07:11:36","modified_gmt":"2024-07-15T06:11:36","slug":"mathy-atr","status":"publish","type":"product","link":"https:\/\/mathy-austria.com\/sk\/produkt\/mathy-atr\/","title":{"rendered":"MATHY-ATR"},"content":{"rendered":"<p>Str\u00e1nka <strong>\u010cisti\u010d syst\u00e9mu MATHY-ATR<\/strong> pre automatick\u00e9 prevodovky je vysoko akt\u00edvny \u010distiaci prostriedok na odstra\u0148ovanie usaden\u00edn a zvy\u0161kov v automatick\u00fdch prevodovk\u00e1ch.<\/p>\n<p>Obnov\u00ed sa alebo sa zaru\u010d\u00ed optim\u00e1lna funkcia radenia a pred\u013a\u017ei sa \u017eivotnos\u0165 automatickej prevodovky.<\/p>\n<p>&nbsp;<\/p>\n<h2>Technick\u00e9 probl\u00e9my sa zn\u00ed\u017eia alebo odstr\u00e1nia:<\/h2>\n<ul>\n<li>Zl\u00e9 radenie automatick\u00fdch prevodoviek je op\u00e4\u0165 be\u017en\u00e9<\/li>\n<li>Odstr\u00e1nenie usaden\u00edn a zvy\u0161kov v automatickej prevodovke<\/li>\n<\/ul>\n<p>&nbsp;<\/p>\n<h2>Oblasti pou\u017eitia:<\/h2>\n<ul>\n<li><strong>MATHY-ATR <\/strong>je kompatibiln\u00fd so v\u0161etk\u00fdmi be\u017en\u00fdmi <strong>Prevodovky ATR<\/strong> pou\u017eit\u00e9 oleje.<\/li>\n<li>\u010cisti\u010d syst\u00e9mu pre automatick\u00e9 prevodovky <strong>MATHY-ATR <\/strong>mo\u017eno pou\u017ei\u0165 pri probl\u00e9moch s kvalitou radenia automatick\u00fdch prevodoviek.<\/li>\n<\/ul>\n<p>&nbsp;<\/p>\n<h2>D\u00e1vkovanie:<\/h2>\n<p>Obsah plechovky 150 ml posta\u010duje na 3 a\u017e 6 litrov prevodov\u00e9ho oleja.<\/p>\n<p>&nbsp;<\/p>\n<h2>Pou\u017eitie:<\/h2>\n<p>Pred v\u00fdmenou automatick\u00e9ho oleja jednoducho pridajte obsah plechovky 150 ml do tepl\u00e9ho prevodov\u00e9ho oleja.<\/p>\n<p>Uistite sa, \u017ee objem n\u00e1plne nie je prekro\u010den\u00fd, a v pr\u00edpade potreby nechajte odsa\u0165 trochu kvapaliny z automatickej prevodovky.<\/p>\n<p>Jazdite s motorom pribli\u017ene 10 min\u00fat a aspo\u0148 dvakr\u00e1t prepnite v\u0161etky polohy voli\u010da.<\/p>\n<p>Potom vyme\u0148te prevodov\u00fd olej, ke\u010f je tepl\u00fd.<\/p>\n<p>&nbsp;<\/p>\n<h2>Pozor:<\/h2>\n<ul>\n<li>H412: \u0160kodliv\u00fd pre vodn\u00e9 organizmy s dlhodob\u00fdmi \u00fa\u010dinkami.<\/li>\n<li>EUH208: Obsahuje 1-(terc-dodecyltio)prop\u00e1n-2-ol, acetamid, 2-hydroxy-, N,N-dikokoalkylderiv\u00e1ty, 1,2-prop\u00e1ndiol, 3-amino-, N,N-dikokoalkylderiv\u00e1ty.<\/li>\n<\/ul>\n<p><strong> M\u00f4\u017ee sp\u00f4sobi\u0165 alergick\u00e9 reakcie.<\/strong><\/p>","protected":false},"excerpt":{"rendered":"<p>\u010disti\u010d automatickej prevodovky<\/p>","protected":false},"featured_media":23338,"template":"","meta":[],"product_brand":[125],"product_cat":[126],"product_tag":[],"class_list":{"0":"post-1077","1":"product","2":"type-product","3":"status-publish","4":"has-post-thumbnail","6":"product_brand-mvg-mathe-schmierstofftechnik-gmbh","7":"product_cat-getriebe","8":"description-off","10":"first","11":"instock","12":"taxable","13":"shipping-taxable","14":"purchasable","15":"product-type-variable"},"_links":{"self":[{"href":"https:\/\/mathy-austria.com\/sk\/wp-json\/wp\/v2\/product\/1077","targetHints":{"allow":["GET"]}}],"collection":[{"href":"https:\/\/mathy-austria.com\/sk\/wp-json\/wp\/v2\/product"}],"about":[{"href":"https:\/\/mathy-austria.com\/sk\/wp-json\/wp\/v2\/types\/product"}],"wp:featuredmedia":[{"embeddable":true,"href":"https:\/\/mathy-austria.com\/sk\/wp-json\/wp\/v2\/media\/23338"}],"wp:attachment":[{"href":"https:\/\/mathy-austria.com\/sk\/wp-json\/wp\/v2\/media?parent=1077"}],"wp:term":[{"taxonomy":"product_brand","embeddable":true,"href":"https:\/\/mathy-austria.com\/sk\/wp-json\/wp\/v2\/product_brand?post=1077"},{"taxonomy":"product_cat","embeddable":true,"href":"https:\/\/mathy-austria.com\/sk\/wp-json\/wp\/v2\/product_cat?post=1077"},{"taxonomy":"product_tag","embeddable":true,"href":"https:\/\/mathy-austria.com\/sk\/wp-json\/wp\/v2\/product_tag?post=1077"}],"curies":[{"name":"wp","href":"https:\/\/api.w.org\/{rel}","templated":true}]}}