{"id":1075,"date":"2014-06-19T16:28:08","date_gmt":"2014-06-19T14:28:08","guid":{"rendered":"https:\/\/mathy-austria.com\/?post_type=product&#038;p=1075"},"modified":"2024-07-15T07:11:36","modified_gmt":"2024-07-15T06:11:36","slug":"mathy-dpf","status":"publish","type":"product","link":"https:\/\/mathy-austria.com\/sk\/produkt\/mathy-dpf\/","title":{"rendered":"MATHY-DPF"},"content":{"rendered":"<p>\u010cistenie odpor\u00fa\u010dame<strong> MATHY DPF lie\u010denie<\/strong> pou\u017e\u00edva\u0165!<\/p>\n<p>&nbsp;<\/p>\n<p>Na <strong>MATHY DPF-KUR<\/strong>:<\/p>\n<p>N\u00e1kladn\u00e1 v\u00fdmena\/n\u00e1hrada filtra pevn\u00fdch \u010dast\u00edc nie je potrebn\u00e1! Nedovo\u013ete, aby v\u00e1m v servise povedali: \"Filter pevn\u00fdch \u010dast\u00edc je pln\u00fd, mus\u00edte si k\u00fapi\u0165 nov\u00fd.\" Pre nov\u00fd filter pevn\u00fdch \u010dast\u00edc (<strong>DPF<\/strong>) mus\u00edte investova\u0165 v priemere 1400 eur vr\u00e1tane in\u0161tal\u00e1cie.<\/p>\n<p>Filter pevn\u00fdch \u010dast\u00edc (<strong>DPF<\/strong>) m\u00e1 len obmedzen\u00fa kapacitu na uskladnenie \u010dast\u00edc sadz\u00ed. Pri prekro\u010den\u00ed ur\u010dit\u00e9ho mno\u017estva sadz\u00ed sa tieto musia v procese regener\u00e1cie sp\u00e1li\u0165 na CO2 a popol.<\/p>\n<p>M\u00f4\u017eu by\u0165 sadze v <strong>DPF<\/strong> sa nerozkladaj\u00fa, \u010do automaticky vedie k tvorbe popola.<\/p>\n<p>Popol nastav\u00ed filter \u010dast\u00edc (<strong>DPF<\/strong>) \u201ezu\u201c, und dieser kann nicht mehr arbeiten und ein teurer Ersatz bzw. Austausch des Partikelfilters (<strong>DPF<\/strong>) sa v dielni \u010doskoro objav\u00ed.<\/p>\n<p>\u017divotnos\u0165 filtra pevn\u00fdch \u010dast\u00edc (<strong>DPF<\/strong>) v\u00fdrazne.<\/p>\n<p>Pri kr\u00e1tkodobej prev\u00e1dzke sa filter pevn\u00fdch \u010dast\u00edc (<strong>DPF<\/strong>) nedosahuj\u00fa potrebn\u00fa prev\u00e1dzkov\u00fa teplotu na regener\u00e1ciu.<\/p>\n<p>Pr\u00e1ve tu <strong>MATHY-DPF<\/strong> preto\u017ee potrebn\u00e1 teplota vyhorenia sadz\u00ed vo filtri pevn\u00fdch \u010dast\u00edc (<strong>DPF<\/strong>) sa zn\u00ed\u017ei, aby proces regener\u00e1cie mohol pokra\u010dova\u0165 aj pri ni\u017e\u0161\u00edch prev\u00e1dzkov\u00fdch teplot\u00e1ch filtra pevn\u00fdch \u010dast\u00edc (<strong>DPF<\/strong>).<\/p>\n<p>\u017divotnos\u0165 filtra pevn\u00fdch \u010dast\u00edc (<strong>DPF<\/strong>) je roz\u0161\u00edren\u00fd.<\/p>\n<p>Ak m\u00e1 va\u0161e vozidlo nasleduj\u00face charakteristiky, zvy\u010dajne je u\u017e pr\u00edli\u0161 neskoro na to, aby ste zabr\u00e1nili drahej v\u00fdmene filtra pevn\u00fdch \u010dast\u00edc:<\/p>\n<ul>\n<li>Kontrolka motora na pr\u00edstrojovej doske u\u017e svieti<\/li>\n<li>Vozidlo u\u017e nem\u00e1 \u017eiadny v\u00fdkon<\/li>\n<li>N\u00fadzov\u00e1 oper\u00e1cia sa u\u017e za\u010dala<\/li>\n<li>Vozidlo m\u00e1 vysok\u00fa spotrebu paliva<\/li>\n<\/ul>\n<p>S <strong>MATHY-DPF<\/strong> pred\u00eds\u0165 drahej v\u00fdmene filtra pevn\u00fdch \u010dast\u00edc a s t\u00fdm spojenej poruche vozidla!<\/p>\n<p>Pre vozidl\u00e1 s najazden\u00fdmi menej ako 50 000 km odpor\u00fa\u010dame pravidelne aplikova\u0165 <strong>MATHY-DPF<\/strong>.<\/p>\n<p>Pri \u010dast\u00fdch kr\u00e1tkych cest\u00e1ch (menej ako 20 km) by sa mal aplikova\u0165 ka\u017ed\u00fdch 5 000 km; pre \"\u010dast\u00fdch vodi\u010dov\" aspo\u0148 ka\u017ed\u00fdch 10 000 km (1 plechovka s 300 ml; vysta\u010d\u00ed a\u017e na 50 litrov nafty).<\/p>\n<p>Pri vozidl\u00e1ch s najazden\u00fdmi viac ako 50 000 km odpor\u00fa\u010dame najprv <strong>MATHY-DPF vylie\u010di\u0165 www.mathy.de\/dpf<\/strong> a potom ka\u017ed\u00fdch 5 000 km pri \u010dast\u00fdch kr\u00e1tkych cest\u00e1ch (menej ako 20 km); v pr\u00edpade \"\u010dast\u00fdch vodi\u010dov\" najnesk\u00f4r ka\u017ed\u00fdch 10 000 km.<\/p>\n<p>&nbsp;<\/p>\n<h2>Technick\u00e9 probl\u00e9my sa zn\u00ed\u017eia alebo odstr\u00e1nia:<\/h2>\n<ul>\n<li>Zabra\u0148uje strate v\u00fdkonu v d\u00f4sledku upchat\u00e9ho <strong>DPF<\/strong><\/li>\n<li>Zabra\u0148uje zv\u00fd\u0161enej spotrebe paliva v d\u00f4sledku upchat\u00e9ho <strong>DPF<\/strong><\/li>\n<li>Zabra\u0148uje v\u00fdmene\/v\u00fdmene <strong>DPF<\/strong> pred<\/li>\n<li>pre v\u0161etky dieselov\u00e9 motory s filtrom pevn\u00fdch \u010dast\u00edc<\/li>\n<li>Odpor\u00fa\u010da sa najm\u00e4 pre vozidl\u00e1, ktor\u00e9 sa pou\u017e\u00edvaj\u00fa najm\u00e4 v mestskej prem\u00e1vke (zastav a cho\u010f)<\/li>\n<li>Vysok\u00e1 \u00fa\u010dinnos\u0165 pri star\u0161\u00edch vozidl\u00e1ch alebo star\u0161\u00edch filtroch pevn\u00fdch \u010dast\u00edc<\/li>\n<li>Kompatibiln\u00fd s AdBlue<\/li>\n<\/ul>\n<p>&nbsp;<\/p>\n<h2>D\u00e1vkovanie:<\/h2>\n<p>Obsah plechovky <strong>MATHY-DPF (300 ml)<\/strong> vysta\u010d\u00ed a\u017e na 50 litrov nafty.<\/p>\n<p>&nbsp;<\/p>\n<h2>Pou\u017eitie:<\/h2>\n<p>Pred tankovan\u00edm jednoducho pridajte cel\u00fd obsah plechovky (300 ml) do takmer pr\u00e1zdnej n\u00e1dr\u017ee a dopl\u0148te 50 litrov nafty.<\/p>\n<p>M\u00f4\u017ee sa pou\u017e\u00edva\u0165 v letn\u00fdch a zimn\u00fdch dieselov\u00fdch motoroch; vhodn\u00fd pre modern\u00e9 motory so vstrekovan\u00edm common-rail (CDI) a vstrekovan\u00edm \u010derpadlom (TDI).<\/p>\n<p>V pr\u00edpade \u010dast\u00fdch kr\u00e1tkych ciest (menej ako 20 km) by sa mala uplat\u0148ova\u0165 ka\u017ed\u00fdch 5 000 km a v pr\u00edpade \"\u010dast\u00fdch vodi\u010dov\" aspo\u0148 ka\u017ed\u00fdch 10 000 km.<\/p>\n<p>Pri n\u00e1jazde viac ako 50 000 km je prv\u00fdm krokom vykonanie <strong>MATHY-DPF lie\u010di\u0165<\/strong> prostredn\u00edctvom str\u00e1nky . <strong>www.mathy.de\/dpf.<\/strong><\/p>\n<p>V druhom kroku pou\u017eite pri \u010dast\u00fdch kr\u00e1tkych cest\u00e1ch nasleduj\u00face \u00fadaje <strong>MATHY-DPF<\/strong> ka\u017ed\u00fdch 5 000 km; pre \u010dast\u00fdch vodi\u010dov aspo\u0148 ka\u017ed\u00fdch 10 000 km.<\/p>\n<p>&nbsp;<\/p>\n<h2>D\u00f4le\u017eit\u00e9 upozornenie:<\/h2>\n<p>Filter pevn\u00fdch \u010dast\u00edc (<strong>DPF<\/strong>), ktor\u00e9 s\u00fa u\u017e \u00faplne naplnen\u00e9 popolom, kontrolka motora (\u017elt\u00e1) je \u010diasto\u010dne alebo trvalo rozsvieten\u00e1, motor be\u017e\u00ed v programe n\u00fadzov\u00e9ho chodu, m\u00f4\u017ee sa vypn\u00fa\u0165 pomocou <strong>MATHY-DPF<\/strong> sa u\u017e ned\u00e1 \u010disti\u0165.<\/p>\n<p>V t\u00fdchto pr\u00edpadoch mus\u00ed filter pevn\u00fdch \u010dast\u00edc vymeni\u0165 alebo vyp\u00e1li\u0165 \u0161pecializovan\u00fd servis. Odpor\u00fa\u010dame <strong>MATHY-DPF<\/strong> ako prevent\u00edvne opatrenie!<\/p>\n<p>Mno\u017estvo paliva v n\u00e1dr\u017ei by malo by\u0165 najmenej 10 litrov.<\/p>\n<p>&nbsp;<\/p>\n<h2>Nebezpe\u010denstvo:<\/h2>\n<ul>\n<li>H304: M\u00f4\u017ee by\u0165 smrte\u013en\u00fd pri po\u017eit\u00ed a vniknut\u00ed do d\u00fdchac\u00edch ciest.<\/li>\n<li>H412: \u0160kodliv\u00fd pre vodn\u00e9 organizmy s dlhodob\u00fdmi \u00fa\u010dinkami.<\/li>\n<li>EUH066: Opakovan\u00e1 expoz\u00edcia m\u00f4\u017ee sp\u00f4sobi\u0165 vysu\u0161enie alebo popraskanie poko\u017eky.<\/li>\n<\/ul>","protected":false},"excerpt":{"rendered":"<p>\u010cisti\u010d filtra pevn\u00fdch \u010dast\u00edc<\/p>","protected":false},"featured_media":1076,"template":"","meta":[],"product_brand":[125],"product_cat":[127],"product_tag":[],"class_list":{"0":"post-1075","1":"product","2":"type-product","3":"status-publish","4":"has-post-thumbnail","6":"product_brand-mvg-mathe-schmierstofftechnik-gmbh","7":"product_cat-kraftstoffsystem","8":"description-off","10":"first","11":"instock","12":"taxable","13":"shipping-taxable","14":"purchasable","15":"product-type-variable"},"_links":{"self":[{"href":"https:\/\/mathy-austria.com\/sk\/wp-json\/wp\/v2\/product\/1075","targetHints":{"allow":["GET"]}}],"collection":[{"href":"https:\/\/mathy-austria.com\/sk\/wp-json\/wp\/v2\/product"}],"about":[{"href":"https:\/\/mathy-austria.com\/sk\/wp-json\/wp\/v2\/types\/product"}],"wp:featuredmedia":[{"embeddable":true,"href":"https:\/\/mathy-austria.com\/sk\/wp-json\/wp\/v2\/media\/1076"}],"wp:attachment":[{"href":"https:\/\/mathy-austria.com\/sk\/wp-json\/wp\/v2\/media?parent=1075"}],"wp:term":[{"taxonomy":"product_brand","embeddable":true,"href":"https:\/\/mathy-austria.com\/sk\/wp-json\/wp\/v2\/product_brand?post=1075"},{"taxonomy":"product_cat","embeddable":true,"href":"https:\/\/mathy-austria.com\/sk\/wp-json\/wp\/v2\/product_cat?post=1075"},{"taxonomy":"product_tag","embeddable":true,"href":"https:\/\/mathy-austria.com\/sk\/wp-json\/wp\/v2\/product_tag?post=1075"}],"curies":[{"name":"wp","href":"https:\/\/api.w.org\/{rel}","templated":true}]}}