{"id":1003,"date":"2014-04-10T10:53:03","date_gmt":"2014-04-10T08:53:03","guid":{"rendered":"https:\/\/mathy-austria.com\/?post_type=product&#038;p=1003"},"modified":"2024-07-15T07:11:37","modified_gmt":"2024-07-15T06:11:37","slug":"motorreinigungs-set","status":"publish","type":"product","link":"https:\/\/mathy-austria.com\/sk\/produkt\/motorreinigungs-set\/","title":{"rendered":"S\u00faprava na \u010distenie motora"},"content":{"rendered":"<p><strong>S\u00faprava na \u010distenie motora MATHY<\/strong> pozost\u00e1va z:<\/p>\n<ul>\n<li>1 x <strong>400 ml MATHY-C \u010disti\u010d interi\u00e9ru motora<\/strong><\/li>\n<li>1 x <strong>500 ml pr\u00edsady do motorov\u00e9ho oleja MATHY-M<\/strong><\/li>\n<\/ul>\n<p>T\u00e1to s\u00faprava na \u010distenie motora obsahuje 400 ml \u010distiaceho prostriedku na vn\u00fatorn\u00e9 priestory motora <strong>MATHY-C<\/strong> a\u017e do objemu 5 litrov oleja a 500 ml pr\u00edsady do motorov\u00e9ho oleja <strong>MATHY-M<\/strong>. T\u00e1to s\u00faprava sa odpor\u00fa\u010da pre motory s objemom oleja do 5 litrov.<\/p>\n<h2>Aplik\u00e1cia<\/h2>\n<ol>\n<li>Motor uve\u010fte do prev\u00e1dzkovej teploty (jazdite aspo\u0148 30 min\u00fat).<\/li>\n<li>Potom vypnite motor a vypr\u00e1zdnite 400 ml n\u00e1dobu <strong>MATHY-C<\/strong> do star\u00e9ho, tepl\u00e9ho motorov\u00e9ho oleja.<\/li>\n<li>Potom nechajte motor be\u017ea\u0165 na vo\u013enobeh 10 min\u00fat (nejazdite).<\/li>\n<li>Teraz vypustite motorov\u00fd olej a vyme\u0148te olejov\u00fd filter.<\/li>\n<li>Potom pridajte \u010derstv\u00fd motorov\u00fd olej a 500 ml <strong>Pr\u00edsada do motorov\u00e9ho oleja MATHY-M<\/strong> doplni\u0165.<\/li>\n<\/ol>\n<p><strong>\u010cisti\u010d interi\u00e9ru motora MATHY-C<\/strong> rozp\u00fa\u0161\u0165a ne\u010distoty a \u010dist\u00ed cel\u00fd olejov\u00fd okruh. MATHY-M potom udr\u017eiava olejov\u00fd okruh \u010dist\u00fd, zlep\u0161uje mazac\u00ed \u00fa\u010dinok motorov\u00e9ho oleja, preuk\u00e1zate\u013ene zni\u017euje opotrebenie a zabezpe\u010duje v\u00fdrazne hlad\u0161\u00ed chod motora.<\/p>\n<h2>Nebezpe\u010denstvo<\/h2>\n<ul>\n<li>H317: M\u00f4\u017ee sp\u00f4sobi\u0165 alergick\u00fa ko\u017en\u00fa reakciu.<\/li>\n<li>H304: M\u00f4\u017ee by\u0165 smrte\u013en\u00fd pri po\u017eit\u00ed a vniknut\u00ed do d\u00fdchac\u00edch ciest.<\/li>\n<li>H319: Sp\u00f4sobuje v\u00e1\u017ene podr\u00e1\u017edenie o\u010d\u00ed.<\/li>\n<li>EUH066: Opakovan\u00e1 expoz\u00edcia m\u00f4\u017ee sp\u00f4sobi\u0165 vysu\u0161enie alebo popraskanie poko\u017eky.<\/li>\n<\/ul>","protected":false},"excerpt":{"rendered":"<p>\u010cisti\u010d interi\u00e9ru motora + pr\u00edsada do motorov\u00e9ho oleja<br \/>\n0,4 l MATHY-C + 0,5 l MATHY-M<\/p>","protected":false},"featured_media":1004,"template":"","meta":[],"product_brand":[125],"product_cat":[132],"product_tag":[],"class_list":{"0":"post-1003","1":"product","2":"type-product","3":"status-publish","4":"has-post-thumbnail","6":"product_brand-mvg-mathe-schmierstofftechnik-gmbh","7":"product_cat-produkt-sets","8":"description-off","10":"first","11":"instock","12":"taxable","13":"shipping-taxable","14":"purchasable","15":"product-type-simple"},"_links":{"self":[{"href":"https:\/\/mathy-austria.com\/sk\/wp-json\/wp\/v2\/product\/1003","targetHints":{"allow":["GET"]}}],"collection":[{"href":"https:\/\/mathy-austria.com\/sk\/wp-json\/wp\/v2\/product"}],"about":[{"href":"https:\/\/mathy-austria.com\/sk\/wp-json\/wp\/v2\/types\/product"}],"wp:featuredmedia":[{"embeddable":true,"href":"https:\/\/mathy-austria.com\/sk\/wp-json\/wp\/v2\/media\/1004"}],"wp:attachment":[{"href":"https:\/\/mathy-austria.com\/sk\/wp-json\/wp\/v2\/media?parent=1003"}],"wp:term":[{"taxonomy":"product_brand","embeddable":true,"href":"https:\/\/mathy-austria.com\/sk\/wp-json\/wp\/v2\/product_brand?post=1003"},{"taxonomy":"product_cat","embeddable":true,"href":"https:\/\/mathy-austria.com\/sk\/wp-json\/wp\/v2\/product_cat?post=1003"},{"taxonomy":"product_tag","embeddable":true,"href":"https:\/\/mathy-austria.com\/sk\/wp-json\/wp\/v2\/product_tag?post=1003"}],"curies":[{"name":"wp","href":"https:\/\/api.w.org\/{rel}","templated":true}]}}