{"id":2873,"date":"2020-10-21T15:22:10","date_gmt":"2020-10-21T13:22:10","guid":{"rendered":"https:\/\/mathy-austria.com\/?page_id=2873"},"modified":"2020-10-21T15:23:30","modified_gmt":"2020-10-21T13:23:30","slug":"fahrzeugpflege","status":"publish","type":"page","link":"https:\/\/mathy-austria.com\/sk\/anwendung\/offroad\/fahrzeugpflege\/","title":{"rendered":"Starostlivos\u0165 o vozidlo"},"content":{"rendered":"<div data-elementor-type=\"wp-page\" data-elementor-id=\"2873\" class=\"elementor elementor-2873\" data-elementor-post-type=\"page\">\n\t\t\t\t\t\t<section class=\"elementor-section elementor-top-section elementor-element elementor-element-17d99ff elementor-section-boxed elementor-section-height-default elementor-section-height-default\" data-id=\"17d99ff\" data-element_type=\"section\" data-e-type=\"section\">\n\t\t\t\t\t\t<div class=\"elementor-container elementor-column-gap-default\">\n\t\t\t\t\t<div class=\"elementor-column elementor-col-100 elementor-top-column elementor-element elementor-element-722c005\" data-id=\"722c005\" data-element_type=\"column\" data-e-type=\"column\">\n\t\t\t<div class=\"elementor-widget-wrap elementor-element-populated\">\n\t\t\t\t\t\t<div class=\"elementor-element elementor-element-253b668 elementor-widget elementor-widget-text-editor\" data-id=\"253b668\" data-element_type=\"widget\" data-e-type=\"widget\" data-widget_type=\"text-editor.default\">\n\t\t\t\t<div class=\"elementor-widget-container\">\n\t\t\t\t\t\t\t\t\t<h1 class=\"\">Profesion\u00e1lna starostlivos\u0165 o povrch na b\u00e1ze akrylu<\/h1><div id=\"c856\" class=\"frame frame-default frame-type-textmedia frame-layout-0\"><div class=\"ce-textpic ce-right ce-intext\"><div class=\"ce-bodytext\"><p class=\"lead\"><strong>Dlhodob\u00e1 \u017eivotnos\u0165 a jednoduch\u00e9 pou\u017e\u00edvanie<\/strong><\/p><p>TEC12 je nov\u00fd typ nanoakt\u00edvnej farby na b\u00e1ze akryl\u00e1tu a pr\u00edpravku na o\u0161etrovanie povrchov, ktor\u00fd mo\u017eno pou\u017ei\u0165 na v\u0161etky lakovan\u00e9 a hladk\u00e9 povrchy. Ne\u010distoty a vonkaj\u0161ie vplyvy nemaj\u00fa na povrchoch o\u0161etren\u00fdch pr\u00edpravkom TEC12 prakticky \u017eiadnu pri\u013enavos\u0165. Kvapky vody sa dokonale kot\u00fa\u013eaj\u00fa z utesnen\u00e9ho povrchu. Spr\u00e1vna ochrana pre pou\u017eitie v ter\u00e9ne.<\/p><\/div><\/div><\/div>\t\t\t\t\t\t\t\t<\/div>\n\t\t\t\t<\/div>\n\t\t\t\t<div class=\"elementor-element elementor-element-448852b elementor-widget elementor-widget-text-editor\" data-id=\"448852b\" data-element_type=\"widget\" data-e-type=\"widget\" data-widget_type=\"text-editor.default\">\n\t\t\t\t<div class=\"elementor-widget-container\">\n\t\t\t\t\t\t\t\t\t<h2>Preh\u013ead v\u00fdhod<\/h2><ul><li>Spo\u013eahlivo \u010dist\u00ed zne\u010disten\u00e9 povrchy<\/li><li>Chr\u00e1ni pred agres\u00edvnymi vplyvmi prostredia<\/li><li>Osvie\u017euje star\u00e9 povrchy<\/li><li>Poskytuje brilantn\u00fd lesk<\/li><li>Dlhotrvaj\u00face tesnenie<\/li><\/ul>\t\t\t\t\t\t\t\t<\/div>\n\t\t\t\t<\/div>\n\t\t\t\t\t<\/div>\n\t\t<\/div>\n\t\t\t\t\t<\/div>\n\t\t<\/section>\n\t\t\t\t<section class=\"elementor-section elementor-top-section elementor-element elementor-element-b971897 elementor-section-boxed elementor-section-height-default elementor-section-height-default\" data-id=\"b971897\" data-element_type=\"section\" data-e-type=\"section\">\n\t\t\t\t\t\t<div class=\"elementor-container elementor-column-gap-default\">\n\t\t\t\t\t<div class=\"elementor-column elementor-col-100 elementor-top-column elementor-element elementor-element-3a3f5af\" data-id=\"3a3f5af\" data-element_type=\"column\" data-e-type=\"column\">\n\t\t\t<div class=\"elementor-widget-wrap elementor-element-populated\">\n\t\t\t\t\t\t<div class=\"elementor-element elementor-element-63fa635 elementor-widget elementor-widget-text-editor\" data-id=\"63fa635\" data-element_type=\"widget\" data-e-type=\"widget\" data-widget_type=\"text-editor.default\">\n\t\t\t\t<div class=\"elementor-widget-container\">\n\t\t\t\t\t\t\t\t\t<div id=\"c1585\" class=\"frame frame-default frame-type-textmedia frame-layout-0\"><div class=\"ce-textpic ce-right ce-intext\"><div class=\"ce-bodytext\"><p><strong>N\u00e1\u0161 sortiment pre dokonal\u00fa starostlivos\u0165<\/strong><\/p><\/div><\/div><\/div>\t\t\t\t\t\t\t\t<\/div>\n\t\t\t\t<\/div>\n\t\t\t\t\t<\/div>\n\t\t<\/div>\n\t\t\t\t\t<\/div>\n\t\t<\/section>\n\t\t\t\t<\/div>","protected":false},"excerpt":{"rendered":"<p>Profesion\u00e1lna starostlivos\u0165 o povrchy na akrylovej b\u00e1ze. Dlhotrvaj\u00faca a \u013eahko pou\u017eite\u013en\u00e1. TEC12 je nov\u00fd, nanoakt\u00edvny, akrylov\u00fd n\u00e1ter a produkt na starostlivos\u0165 o povrchy, ktor\u00fd je mo\u017en\u00e9 pou\u017ei\u0165 na v\u0161etky lakovan\u00e9 a hladk\u00e9 povrchy. Ne\u010distoty a vonkaj\u0161ie vplyvy maj\u00fa na povrchoch o\u0161etren\u00fdch TEC12 mal\u00fa pri\u013enavos\u0165. Kvap\u00f4\u010dky vody sa jednoducho zhroma\u017e\u010fuj\u00fa a odkot\u00fa\u013eaj\u00fa z utesnen\u00e9ho povrchu. Dokonal\u00e1 ochrana pre pou\u017eitie v ter\u00e9ne. V\u00fdhody v\u2026<\/p>","protected":false},"author":1,"featured_media":0,"parent":2129,"menu_order":0,"comment_status":"closed","ping_status":"closed","template":"","meta":{"footnotes":""},"class_list":["post-2873","page","type-page","status-publish","hentry"],"_links":{"self":[{"href":"https:\/\/mathy-austria.com\/sk\/wp-json\/wp\/v2\/pages\/2873","targetHints":{"allow":["GET"]}}],"collection":[{"href":"https:\/\/mathy-austria.com\/sk\/wp-json\/wp\/v2\/pages"}],"about":[{"href":"https:\/\/mathy-austria.com\/sk\/wp-json\/wp\/v2\/types\/page"}],"author":[{"embeddable":true,"href":"https:\/\/mathy-austria.com\/sk\/wp-json\/wp\/v2\/users\/1"}],"replies":[{"embeddable":true,"href":"https:\/\/mathy-austria.com\/sk\/wp-json\/wp\/v2\/comments?post=2873"}],"version-history":[{"count":0,"href":"https:\/\/mathy-austria.com\/sk\/wp-json\/wp\/v2\/pages\/2873\/revisions"}],"up":[{"embeddable":true,"href":"https:\/\/mathy-austria.com\/sk\/wp-json\/wp\/v2\/pages\/2129"}],"wp:attachment":[{"href":"https:\/\/mathy-austria.com\/sk\/wp-json\/wp\/v2\/media?parent=2873"}],"curies":[{"name":"wp","href":"https:\/\/api.w.org\/{rel}","templated":true}]}}