{"id":2838,"date":"2020-10-20T21:21:41","date_gmt":"2020-10-20T19:21:41","guid":{"rendered":"https:\/\/mathy-austria.com\/?page_id=2838"},"modified":"2020-12-04T16:08:12","modified_gmt":"2020-12-04T15:08:12","slug":"agb","status":"publish","type":"page","link":"https:\/\/mathy-austria.com\/sk\/agb\/","title":{"rendered":"GTC"},"content":{"rendered":"<div data-elementor-type=\"wp-page\" data-elementor-id=\"2838\" class=\"elementor elementor-2838\" data-elementor-post-type=\"page\">\n\t\t\t\t\t\t<section class=\"elementor-section elementor-top-section elementor-element elementor-element-e613814 elementor-section-boxed elementor-section-height-default elementor-section-height-default\" data-id=\"e613814\" data-element_type=\"section\" data-e-type=\"section\">\n\t\t\t\t\t\t<div class=\"elementor-container elementor-column-gap-default\">\n\t\t\t\t\t<div class=\"elementor-column elementor-col-100 elementor-top-column elementor-element elementor-element-4c9d53a\" data-id=\"4c9d53a\" data-element_type=\"column\" data-e-type=\"column\">\n\t\t\t<div class=\"elementor-widget-wrap elementor-element-populated\">\n\t\t\t\t\t\t<div class=\"elementor-element elementor-element-c59434d elementor-widget elementor-widget-text-editor\" data-id=\"c59434d\" data-element_type=\"widget\" data-e-type=\"widget\" data-widget_type=\"text-editor.default\">\n\t\t\t\t<div class=\"elementor-widget-container\">\n\t\t\t\t\t\t\t\t\t<p><strong>Allgemeine Gesch\u00e4ftsbedingungen MATHY Universal \u2013 AUSTRIA<\/strong><\/p><p>Allgemeine Verkaufs- und Lieferbedingungen MATHY Universal-Austria f\u00fcr den Verkauf und die Lieferung von Waren an Verbraucher<\/p><p>Direkt zur Widerrufsbelehrung<\/p><ol><li>VERTRAGSABSCHLUSS<\/li><\/ol><p>1.1<\/p><p>Die nachstehenden Verkaufs- und Lieferbedingungen gelten f\u00fcr alle Verk\u00e4ufe und Lieferungen von MATHY Universal-Austria, A-4030 Linz, Pachingerstrasse 4 (im Folgenden: \u201eVerk\u00e4ufer\u201c). Erg\u00e4nzende oder abweichende Regelungen sind f\u00fcr den Verk\u00e4ufer nur dann verbindlich, wenn sie von ihm schriftlich ausdr\u00fccklich anerkannt werden.<\/p><p>1.2<\/p><p>Die Darstellung der Produkte im Online-Shop stellt kein rechtlich bindendes Angebot, sondern einen unverbindlichen Online-Katalog dar. Durch Anklicken des Buttons \u201eKaufen\u201c \/ \u201ezahlungspflichtig bestellen\u201c geben Sie eine verbindliche Bestellung der im Warenkorb enthaltenen Waren ab. Die Best\u00e4tigung des Eingangs Ihrer Bestellung erfolgt zusammen mit der Annahme der Bestellung unmittelbar nach dem Absenden durch automatisierte E-Mail. Mit dieser E-Mail-Best\u00e4tigung ist der Kaufvertrag zustande gekommen.<\/p><ol start=\"2\"><li>BESCHAFFENHEIT, MENGE, LIEFERUNG UND GEFAHR\u00dcBERGANG<\/li><\/ol><p>2.1<\/p><p>Die Waren des Verk\u00e4ufers werden in handels\u00fcblicher Qualit\u00e4t und Ausf\u00fchrung geliefert, unter Ber\u00fccksichtigung fabrikationsbedingter Toleranzen f\u00fcr Abmessungen, Gewichte und G\u00fctebedingungen.<\/p><p>2.2<\/p><p>Teillieferungen und Teilleistungen des Verk\u00e4ufers sind zul\u00e4ssig, soweit sie f\u00fcr den K\u00e4ufer wirtschaftlich zumutbar sind.<\/p><p>2.3<\/p><p>Die Gefahr geht mit \u00dcbergabe der Ware auf den K\u00e4ufer \u00fcber. Der K\u00e4ufer hat den Verk\u00e4ufer bei der Wahrung etwaiger R\u00fcckgriffsrechte gegen die Versandperson zu unterst\u00fctzen. Falls eine Sendung schadhaft eingeht, soll der K\u00e4ufer deswegen vor Annahme der Sendung eine detaillierte Tatbestandsaufnahme, soweit m\u00f6glich, eine bahnamtliche Tatbestandsaufnahme erstellen lassen, bei der alle erkennbaren M\u00e4ngel und Beanstandungen schriftlich festgehalten werden.<\/p><ol start=\"3\"><li>LIEFERFRISTEN<\/li><\/ol><p>3.1<\/p><p>Die Lieferzeit kann bis zu 14 Tage betragen, abh\u00e4ngig von Lager. Abweichende Lieferzeiten weisen wir auf der jeweiligen Produktseite hin.<\/p><ol start=\"4\"><li>LEIHBEH\u00c4LTER (dzt. nicht verf\u00fcgbar)<\/li><\/ol><p>\u00a0<\/p><ol start=\"5\"><li>ZAHLUNG<\/li><\/ol><p>5.1<\/p><p>Bestellungen k\u00f6nnen innerhalb \u00d6sterreichs im Voraus, via PayPal oder Sofort\u00fcberweisung (Klarna) bezahlt werden. Weitere Zahlungsmodalit\u00e4ten stehen vorerst nicht zur Verf\u00fcgung. Versand ins Ausland dzt. auf Anfrage.<\/p><p>5.2<\/p><p>Die Verg\u00fctung ist im Voraus ohne Abzug f\u00e4llig. Der Verk\u00e4ufer ist berechtigt, trotz anders lautender Bestimmungen des K\u00e4ufers Zahlungen zun\u00e4chst auf dessen \u00e4ltere Schulden anzurechnen, und wird den Verk\u00e4ufer \u00fcber die Art der erfolgten Verrechnung informieren. Sind bereits Kosten und Zinsen entstanden, so ist der Verk\u00e4ufer berechtigt, die Zahlung zun\u00e4chst auf die Kosten, dann auf die Zinsen und zuletzt auf die Hauptleistung anzurechnen.<\/p><p>5.3<\/p><p>Falls der K\u00e4ufer mit der Zahlung in Verzug ger\u00e4t, kann der Verk\u00e4ufer Zinsen in H\u00f6he von 5 Prozentpunkten \u00fcber dem Basiszins berechnen. Falls der Verk\u00e4ufer von Umst\u00e4nden Kenntnis erlangt, die erwarten lassen, dass sich die Verm\u00f6gensverh\u00e4ltnisse des K\u00e4ufers nach Vertragsschluss wesentlich verschlechtert haben, insbesondere wenn der K\u00e4ufer f\u00e4llige Forderungen des Verk\u00e4ufers nicht ausgleicht und deshalb Zahlungsanspr\u00fcche des Verk\u00e4ufers gef\u00e4hrdet erscheinen, ist der Verk\u00e4ufer berechtigt, Lieferungen nur gegen volle oder teilweise Zahlung Zug um Zug oder Sicherheitsleistung auszuf\u00fchren. Im Fall der Zahlungsunf\u00e4higkeit des K\u00e4ufers oder des Antrags auf Einleitung eines Insolvenzverfahrens \u00fcber das Verm\u00f6gen des K\u00e4ufers ist der Verk\u00e4ufer berechtigt, von allen noch nicht ausgef\u00fchrten Kaufvertr\u00e4gen zur\u00fcckzutreten, es sei denn, ein Insolvenzverfahren ist bereits er\u00f6ffnet.<\/p><p>5.4<\/p><p>Die Aufrechnung oder Aus\u00fcbung des Zur\u00fcckbehaltungsrechts wegen von dem Verk\u00e4ufer bestrittener oder nicht rechtskr\u00e4ftig festgestellter Gegenanspr\u00fcche des K\u00e4ufers ist ausgeschlossen. Die Aus\u00fcbung eines Zur\u00fcckbehaltungsrechts ist auch insoweit ausgeschlossen, als die Gegenanspr\u00fcche des K\u00e4ufers nicht auf demselben Vertragsverh\u00e4ltnis beruhen.<\/p><ol start=\"6\"><li>ANSPR\u00dcCHE BEI M\u00c4NGELN<\/li><\/ol><p>6.1<\/p><p>Der Verk\u00e4ufer beh\u00e4lt sich vor, bei behaupteten Anspr\u00fcchen wegen M\u00e4ngeln der Ware, insbesondere bei der Geltendmachung von Schadensersatzanspr\u00fcchen, durch Gutachten von geeigneter Stelle nachzuweisen, dass die Waren nicht mangelhaft sind oder ein behaupteter Schaden nicht auf der Mangelhaftigkeit der Waren beruht. Der K\u00e4ufer ist verpflichtet, hierf\u00fcr die betroffene Ware und gegebenenfalls durch diese besch\u00e4digtes anderes Eigentum zur Verf\u00fcgung zu stellen. Stellt sich bei der Pr\u00fcfung behaupteter M\u00e4ngel heraus, dass kein Anspruch des K\u00e4ufers wegen M\u00e4ngeln besteht, ist der K\u00e4ufer verpflichtet, die durch die Pr\u00fcfung veranlassten Kosten des Verk\u00e4ufers zu ersetzen.<\/p><p>\u00a0<\/p><p>\u00a0<\/p><p>6.2<\/p><p>Die Beseitigung von M\u00e4ngeln oder Lieferung eines fehlerfreien Ersatzst\u00fcckes (\u201eNacherf\u00fcllung\u201c) erfolgt ohne Anerkennung der Rechtspflicht und f\u00fchrt nicht zu einem Neubeginn der Verj\u00e4hrung f\u00fcr die betroffene Ware.<\/p><ol start=\"7\"><li>HAFTUNGSBESCHR\u00c4NKUNG<\/li><\/ol><p>7.1<\/p><p>Der Verk\u00e4ufer haftet f\u00fcr leicht fahrl\u00e4ssig verursachte Sch\u00e4den nur dann, wenn diese auf wesentliche Pflichtverletzungen zur\u00fcckzuf\u00fchren sind, die die Erreichung des Vertragszwecks gef\u00e4hrden, oder auf die Verletzung von Pflichten, deren Erf\u00fcllung die ordnungsgem\u00e4\u00dfe Vertragsdurchf\u00fchrung erst erm\u00f6glicht. In diesen F\u00e4llen ist die Haftung auf den vertragstypischen, vorhersehbaren Schaden begrenzt.<\/p><p>7.2<\/p><p>Die Haftungsbegrenzungen aus Ziffer 7.1 gelten nicht in den F\u00e4llen einer Haftung nach dem Produkthaftungsgesetz, f\u00fcr einen Mangel nach \u00dcbernahme einer Garantie f\u00fcr die Beschaffenheit einer Sache oder eines Werkes, bei arglistig verschwiegenen Fehlern oder bei Personensch\u00e4den.<\/p><p>7.3<\/p><p>Die vorstehenden Haftungsbeschr\u00e4nkungen gelten auch im Falle etwaiger Schadensersatzanspr\u00fcche des K\u00e4ufers gegen Mitarbeiter oder Beauftragte des Verk\u00e4ufers.<\/p><ol start=\"8\"><li>EIGENTUMSVORBEHALTE UND SICHERUNGSRECHTE<\/li><\/ol><p>8.1<\/p><p>Der Verk\u00e4ufer beh\u00e4lt sich das Eigentum an der Ware bis zur vollst\u00e4ndigen Bezahlung des Kaufpreises vor.<\/p><p>8.2<\/p><p>Die Verarbeitung oder Umbildung der Ware durch den K\u00e4ufer wird stets f\u00fcr den Verk\u00e4ufer vorgenommen, jedoch ohne Verpflichtung f\u00fcr ihn. Wird die Ware mit anderen, dem Verk\u00e4ufer nicht geh\u00f6renden Gegenst\u00e4nden verarbeitet, so erwirbt der Verk\u00e4ufer das Miteigentum an der neuen Sache im Verh\u00e4ltnis des Wertes der Ware zu den anderen verarbeiteten Gegenst\u00e4nden zur Zeit der Verarbeitung. F\u00fcr die durch Verarbeitung entstehende Sache gilt im \u00dcbrigen das gleiche wie f\u00fcr die unter Vorbehalt gelieferte Ware. Der K\u00e4ufer verwahrt das Eigentum des Verk\u00e4ufers unentgeltlich. Ware, an der dem Verk\u00e4ufer das Eigentum zusteht, wird im Folgenden als Vorbehaltsware bezeichnet.<\/p><p>8.3<\/p><p>Zugriffe Dritter auf die Vorbehaltsware, insbesondere Pf\u00e4ndungen sind dem Verk\u00e4ufer vom K\u00e4ufer unverz\u00fcglich mit eingeschriebenem Brief mitzuteilen. Soweit der Dritte nicht in der Lage ist, dem Verk\u00e4ufer die in diesem Zusammenhang entstehenden gerichtlichen oder au\u00dfergerichtlichen Kosten zu erstatten, haftet hierf\u00fcr der K\u00e4ufer.<\/p><p>8.4<\/p><p>Die Vorbehaltsware darf vor vollst\u00e4ndiger Bezahlung der Forderungen von dem K\u00e4ufer weder an Dritte verpf\u00e4ndet noch (zur Sicherheit) \u00fcbereignet oder abgetreten werden.<\/p><ol start=\"9\"><li>WIDERRUFSBELEHRUNG<\/li><\/ol><p>9.1 Widerrufsrecht<\/p><p>Sie k\u00f6nnen Ihre Vertragserkl\u00e4rung innerhalb von 14 Tagen ohne Angabe von Gr\u00fcnden in Textform (z.B. Brief, E-Mail) oder \u2013 wenn Ihnen die Sache vor Fristablauf \u00fcberlassen wird \u2013 auch durch R\u00fccksendung der Sache widerrufen. Die Frist beginnt nach Erhalt dieser Belehrung in Textform, jedoch nicht vor Eingang der Ware beim Empf\u00e4nger (bei der wiederkehrenden Lieferung gleichartiger Waren nicht vor Eingang der ersten Teillieferung) und auch nicht vor Erf\u00fcllung unserer Informationspflichten gem\u00e4\u00df Artikel 246 \u00a7 2 in Verbindung mit \u00a7 1 Absatz 1 und 2 EGBGB sowie unserer Pflichten gem\u00e4\u00df \u00a7 312g Absatz 1 Satz 1 BGB in Verbindung mit Artikel 246 \u00a7 3 EGBGB. Zur Wahrung der Widerrufsfrist gen\u00fcgt die rechtzeitige Absendung des Widerrufs oder der Sache.<\/p><p>Der Widerruf ist zu richten an: MATHY Universal-Austria, Harald Dostal, Pachingerstrasse 4, 4030 Linz<\/p><p>E-Mail:\u00a0<a href=\"mailto:office@mathy-austria.com\">office@mathy-austria.com<\/a><\/p><p>9.2 Wiederufsfolgen<\/p><p>Im Falle eines wirksamen Widerrufs sind die beiderseits empfangenen Leistungen zur\u00fcckzugew\u00e4hren und ggf. gezogene Nutzungen (z.B. Zinsen) herauszugeben. K\u00f6nnen Sie uns die empfangene Leistung sowie Nutzungen (z.B. Gebrauchsvorteile) nicht oder teilweise nicht oder nur in verschlechtertem Zustand zur\u00fcckgew\u00e4hren beziehungsweise herausgeben, m\u00fcssen Sie uns insoweit Wertersatz leisten. F\u00fcr die Verschlechterung der Sache und f\u00fcr gezogene Nutzungen m\u00fcssen Sie Wertersatz nur leisten, soweit die Nutzungen oder die Verschlechterung auf einen Umgang mit der Sache zur\u00fcckzuf\u00fchren ist, der \u00fcber die Pr\u00fcfung der Eigenschaften und der Funktionsweise hinausgeht. Unter \u201ePr\u00fcfung der Eigenschaften und der Funktionsweise\u201c versteht man das Testen und Ausprobieren der jeweiligen Ware, wie es etwa im Ladengesch\u00e4ft m\u00f6glich und \u00fcblich ist. Paketversandf\u00e4hige Sachen sind auf unsere Gefahr zur\u00fcckzusenden. Sie haben die regelm\u00e4\u00dfigen Kosten der R\u00fccksendung zu tragen, wenn die gelieferte Ware der bestellten entspricht und wenn der Preis der zur\u00fcckzusendenden Sache einen Betrag von 40 Euro nicht \u00fcbersteigt oder wenn Sie bei einem h\u00f6heren Preis der Sache zum Zeitpunkt des Widerrufs noch nicht die Gegenleistung oder eine vertraglich vereinbarte Teilzahlung erbracht haben. Anderenfalls ist die R\u00fccksendung f\u00fcr Sie kostenfrei. Nicht paketversandf\u00e4hige Sachen werden bei Ihnen abgeholt. Verpflichtungen zur Erstattung von Zahlungen m\u00fcssen innerhalb von 30 Tagen erf\u00fcllt werden. Die Frist beginnt f\u00fcr Sie mit der Absendung Ihrer Widerrufserkl\u00e4rung oder der Sache, f\u00fcr uns mit deren Empfang.<\/p><ol start=\"10\"><li>R\u00dcCKSENDEKOSTEN BEI AUS\u00dcBUNG DES WIDERRUFSRECHTES<\/li><\/ol><p>Machen Sie von Ihrem Widerrufsrecht Gebrauch, haben Sie die regelm\u00e4\u00dfigen Kosten der Ru\u0308cksendung zu tragen, wenn die gelieferte Ware der bestellten entspricht und wenn der Preis der zuru\u0308ckzusendenden Sache einen Betrag von 40 Euro nicht u\u0308bersteigt oder wenn Sie bei einem h\u00f6heren Preis der Sache zum Zeitpunkt des Widerrufs noch nicht die Gegenleistung oder eine vertraglich vereinbarte Teilzahlung erbracht haben. Anderenfalls ist die Ru\u0308cksendung fu\u0308r Sie kostenfrei.<\/p><ol start=\"11\"><li>SCHLUSSBESTIMMUNGEN<\/li><\/ol><p>11.1<\/p><p>Es gilt das Recht in \u00d6sterreich unter Ausschluss der Verweisungsnormen des Internationalen Privatrechts (IPR). Die Anwendung des UN-\u00dcbereinkommens \u00fcber den internationalen Warenkauf (CISG) ist ausgeschlossen.<\/p><p>F\u00fcr etwaige Streitigkeiten aus s\u00e4mtlichen Lieferungen ist das sachlich zust\u00e4ndige Gericht am Sitz des Verk\u00e4ufers anzurufen.<\/p><p>\u00a0<\/p><p>11.2<\/p><p>Der Verk\u00e4ufer weist darauf hin, dass die bez\u00fcglich der Gesch\u00e4ftsbeziehung oder im Zusammenhang mit dieser erhaltenen personenbezogenen Daten, gleich, ob sie vom K\u00e4ufer selbst oder von Dritten stammen, gem\u00e4\u00df den Bestimmungen des Bundesdatenschutzgesetzes verarbeitet werden.<\/p><p>Die Fassung dieser Gesch\u00e4ftsbedingungen in deutscher Sprache ist f\u00fcr die rechtliche Wirksamkeit und Auslegung der zwischen dem Verk\u00e4ufer und dem K\u00e4ufer geschlossenen Vertr\u00e4ge die allein ma\u00dfgebliche. Dies gilt auch dann, wenn \u00dcbersetzungen dieser Verkaufsbedingungen von den Parteien unterzeichnet werden bzw. wenn der Verk\u00e4ufer dem K\u00e4ufer solche \u00dcbersetzungen zur Verf\u00fcgung stellt.<\/p><p>Stand: Dezember 2020<\/p>\t\t\t\t\t\t\t\t<\/div>\n\t\t\t\t<\/div>\n\t\t\t\t\t<\/div>\n\t\t<\/div>\n\t\t\t\t\t<\/div>\n\t\t<\/section>\n\t\t\t\t<\/div>","protected":false},"excerpt":{"rendered":"<p>V\u0161eobecn\u00e9 obchodn\u00e9 podmienky spolo\u010dnosti MATHY Universal \u2013 RAK\u00daSKO V\u0161eobecn\u00e9 obchodn\u00e9 podmienky predaja a dodania spolo\u010dnosti MATHY Universal-Austria pre predaj a dod\u00e1vku tovaru spotrebite\u013eom. Prejdite priamo na podmienky zru\u0161enia zmluvy. UZAVRETIE ZMLUVY 1.1 Nasleduj\u00face obchodn\u00e9 a dodacie podmienky platia pre v\u0161etky predaje a dod\u00e1vky spolo\u010dnosti MATHY Universal-Austria, Pachingerstrasse 4, A-4030 Linz (\u010falej len \u201ePred\u00e1vaj\u00faci\u201c). Dopl\u0148uj\u00face alebo odli\u0161n\u00e9 ustanovenia sa nevz\u0165ahuj\u00fa na...<\/p>","protected":false},"author":1,"featured_media":0,"parent":0,"menu_order":0,"comment_status":"closed","ping_status":"closed","template":"","meta":{"footnotes":""},"class_list":["post-2838","page","type-page","status-publish","hentry"],"_links":{"self":[{"href":"https:\/\/mathy-austria.com\/sk\/wp-json\/wp\/v2\/pages\/2838","targetHints":{"allow":["GET"]}}],"collection":[{"href":"https:\/\/mathy-austria.com\/sk\/wp-json\/wp\/v2\/pages"}],"about":[{"href":"https:\/\/mathy-austria.com\/sk\/wp-json\/wp\/v2\/types\/page"}],"author":[{"embeddable":true,"href":"https:\/\/mathy-austria.com\/sk\/wp-json\/wp\/v2\/users\/1"}],"replies":[{"embeddable":true,"href":"https:\/\/mathy-austria.com\/sk\/wp-json\/wp\/v2\/comments?post=2838"}],"version-history":[{"count":0,"href":"https:\/\/mathy-austria.com\/sk\/wp-json\/wp\/v2\/pages\/2838\/revisions"}],"wp:attachment":[{"href":"https:\/\/mathy-austria.com\/sk\/wp-json\/wp\/v2\/media?parent=2838"}],"curies":[{"name":"wp","href":"https:\/\/api.w.org\/{rel}","templated":true}]}}