{"id":2471,"date":"2020-09-02T11:45:45","date_gmt":"2020-09-02T09:45:45","guid":{"rendered":"https:\/\/mathy-austria.com\/?page_id=2471"},"modified":"2020-09-22T19:59:26","modified_gmt":"2020-09-22T17:59:26","slug":"kraftstoff-additive","status":"publish","type":"page","link":"https:\/\/mathy-austria.com\/sk\/anwendung\/oldtimer\/kraftstoff-additive\/","title":{"rendered":"Pr\u00edsady do paliva"},"content":{"rendered":"<div data-elementor-type=\"wp-page\" data-elementor-id=\"2471\" class=\"elementor elementor-2471\" data-elementor-post-type=\"page\">\n\t\t\t\t\t\t<section class=\"elementor-section elementor-top-section elementor-element elementor-element-17d99ff elementor-section-boxed elementor-section-height-default elementor-section-height-default\" data-id=\"17d99ff\" data-element_type=\"section\" data-e-type=\"section\">\n\t\t\t\t\t\t<div class=\"elementor-container elementor-column-gap-default\">\n\t\t\t\t\t<div class=\"elementor-column elementor-col-100 elementor-top-column elementor-element elementor-element-722c005\" data-id=\"722c005\" data-element_type=\"column\" data-e-type=\"column\">\n\t\t\t<div class=\"elementor-widget-wrap elementor-element-populated\">\n\t\t\t\t\t\t<div class=\"elementor-element elementor-element-253b668 elementor-widget elementor-widget-text-editor\" data-id=\"253b668\" data-element_type=\"widget\" data-e-type=\"widget\" data-widget_type=\"text-editor.default\">\n\t\t\t\t<div class=\"elementor-widget-container\">\n\t\t\t\t\t\t\t\t\t<div class=\"page-header\"><h1 class=\"\">Jednoduch\u00e1 aplik\u00e1cia a optim\u00e1lna ochrana<\/h1><div id=\"c791\" class=\"frame frame-default frame-type-textmedia frame-layout-0\"><div class=\"ce-textpic ce-right ce-intext\"><div class=\"ce-bodytext\"><p class=\"lead\"><strong>Cel\u00fd palivov\u00fd syst\u00e9m je spo\u013eahlivo vy\u010disten\u00fd a chr\u00e1nen\u00fd!<\/strong><\/p><p>Stabiliz\u00e1tor paliva MATH\u00c9 Classic je vhodn\u00fd najm\u00e4 pre star\u0161ie benz\u00ednov\u00e9 motory. Poskytuje vynikaj\u00facu ochranu proti kor\u00f3zii (zabra\u0148uje kondenz\u00e1cii) a ma\u017ee v\u0161etky pohybliv\u00e9 \u010dasti palivov\u00e9ho syst\u00e9mu (\u010derpadlo a ventily). Zabra\u0148uje tie\u017e tvorbe usaden\u00edn na ventiloch a zapa\u013eovac\u00edch svie\u010dkach. Okrem toho MATH\u00c9 Classic Fuel Stabiliser konzervuje a chr\u00e1ni palivo pred starnut\u00edm a oxid\u00e1ciou; p\u00f4sob\u00ed ako stabiliz\u00e1tor paliva a udr\u017euje jeho z\u00e1paln\u00fa stabilitu. Vhodn\u00fd najm\u00e4 na sez\u00f3nne a dlhodob\u00e9 vyra\u010fovanie klasick\u00fdch a historick\u00fdch vozidiel z prev\u00e1dzky.<\/p><\/div><\/div><\/div><\/div>\t\t\t\t\t\t\t\t<\/div>\n\t\t\t\t<\/div>\n\t\t\t\t<div class=\"elementor-element elementor-element-448852b elementor-widget elementor-widget-text-editor\" data-id=\"448852b\" data-element_type=\"widget\" data-e-type=\"widget\" data-widget_type=\"text-editor.default\">\n\t\t\t\t<div class=\"elementor-widget-container\">\n\t\t\t\t\t\t\t\t\t<h2>Preh\u013ead v\u00fdhod<\/h2><ul><li>Chr\u00e1ni pred starnut\u00edm paliva<\/li><li>\u010cist\u00ed ventily a spa\u013eovaciu komoru<\/li><li>Udr\u017euje stabilitu vznietenia paliva<\/li><li>Zabra\u0148uje kor\u00f3zii v n\u00e1dr\u017ei<\/li><li>Optimalizuje spa\u013eovanie<\/li><\/ul>\t\t\t\t\t\t\t\t<\/div>\n\t\t\t\t<\/div>\n\t\t\t\t\t<\/div>\n\t\t<\/div>\n\t\t\t\t\t<\/div>\n\t\t<\/section>\n\t\t\t\t<section class=\"elementor-section elementor-top-section elementor-element elementor-element-94528d8 elementor-section-boxed elementor-section-height-default elementor-section-height-default\" data-id=\"94528d8\" data-element_type=\"section\" data-e-type=\"section\">\n\t\t\t\t\t\t<div class=\"elementor-container elementor-column-gap-default\">\n\t\t\t\t\t<div class=\"elementor-column elementor-col-100 elementor-top-column elementor-element elementor-element-2d5524d4\" data-id=\"2d5524d4\" data-element_type=\"column\" data-e-type=\"column\">\n\t\t\t<div class=\"elementor-widget-wrap elementor-element-populated\">\n\t\t\t\t\t\t<div class=\"elementor-element elementor-element-14790e9e elementor-widget elementor-widget-heading\" data-id=\"14790e9e\" data-element_type=\"widget\" data-e-type=\"widget\" data-widget_type=\"heading.default\">\n\t\t\t\t<div class=\"elementor-widget-container\">\n\t\t\t\t\t<h2 class=\"elementor-heading-title elementor-size-default\">\u010casto kladen\u00e9 ot\u00e1zky alebo vzniknut\u00e9 probl\u00e9my<\/h2>\t\t\t\t<\/div>\n\t\t\t\t<\/div>\n\t\t\t\t<div class=\"elementor-element elementor-element-4f9f1ee5 elementor-widget elementor-widget-accordion\" data-id=\"4f9f1ee5\" data-element_type=\"widget\" data-e-type=\"widget\" data-widget_type=\"accordion.default\">\n\t\t\t\t<div class=\"elementor-widget-container\">\n\t\t\t\t\t\t\t<div class=\"elementor-accordion\">\n\t\t\t\t\t\t\t<div class=\"elementor-accordion-item\">\n\t\t\t\t\t<div id=\"elementor-tab-title-1331\" class=\"elementor-tab-title\" data-tab=\"1\" role=\"button\" aria-controls=\"elementor-tab-content-1331\" aria-expanded=\"false\">\n\t\t\t\t\t\t\t\t\t\t\t\t\t<span class=\"elementor-accordion-icon elementor-accordion-icon-left\" aria-hidden=\"true\">\n\t\t\t\t\t\t\t\t\t\t\t\t\t\t\t<span class=\"elementor-accordion-icon-closed\"><i class=\"fas fa-plus\"><\/i><\/span>\n\t\t\t\t\t\t\t\t<span class=\"elementor-accordion-icon-opened\"><i class=\"fas fa-minus\"><\/i><\/span>\n\t\t\t\t\t\t\t\t\t\t\t\t\t\t<\/span>\n\t\t\t\t\t\t\t\t\t\t\t\t<a class=\"elementor-accordion-title\" tabindex=\"0\">Moje klasick\u00e9 auto (benz\u00ednov\u00fd motor) po zimnej prest\u00e1vke zle \u0161tartuje, \u010do m\u00f4\u017ee by\u0165 pr\u00ed\u010dinou?<\/a>\n\t\t\t\t\t<\/div>\n\t\t\t\t\t<div id=\"elementor-tab-content-1331\" class=\"elementor-tab-content elementor-clearfix\" data-tab=\"1\" role=\"region\" aria-labelledby=\"elementor-tab-title-1331\"><section class=\"m-accordion-item js-accordion-item m-accordion--open\"><div class=\"m-accordion-content js-accordion-content\"><p>Okt\u00e1nov\u00e9 \u010d\u00edslo benz\u00ednu sa po dlh\u0161ej ne\u010dinnosti zni\u017euje. Zni\u017euje sa stabilita zapa\u013eovania a palivo v n\u00e1dr\u017ei u\u017e nem\u00e1 \u017eiadne v\u00fdkonov\u00e9 rezervy. V\u010dasn\u00fdm pridan\u00edm stabiliz\u00e1tora paliva MATH\u00c9 Classic do n\u00e1dr\u017ee pred zimn\u00fdm uskladnen\u00edm sa udr\u017e\u00ed z\u00e1paln\u00e1 stabilita paliva a optimalizuje sa proces spa\u013eovania.<\/p><\/div><\/section><section class=\"m-accordion-item js-accordion-item\"><\/section><\/div>\n\t\t\t\t<\/div>\n\t\t\t\t\t\t\t<div class=\"elementor-accordion-item\">\n\t\t\t\t\t<div id=\"elementor-tab-title-1332\" class=\"elementor-tab-title\" data-tab=\"2\" role=\"button\" aria-controls=\"elementor-tab-content-1332\" aria-expanded=\"false\">\n\t\t\t\t\t\t\t\t\t\t\t\t\t<span class=\"elementor-accordion-icon elementor-accordion-icon-left\" aria-hidden=\"true\">\n\t\t\t\t\t\t\t\t\t\t\t\t\t\t\t<span class=\"elementor-accordion-icon-closed\"><i class=\"fas fa-plus\"><\/i><\/span>\n\t\t\t\t\t\t\t\t<span class=\"elementor-accordion-icon-opened\"><i class=\"fas fa-minus\"><\/i><\/span>\n\t\t\t\t\t\t\t\t\t\t\t\t\t\t<\/span>\n\t\t\t\t\t\t\t\t\t\t\t\t<a class=\"elementor-accordion-title\" tabindex=\"0\">Potrebuje moje klasick\u00e9 vozidlo v\u00fdmenu olova?<\/a>\n\t\t\t\t\t<\/div>\n\t\t\t\t\t<div id=\"elementor-tab-content-1332\" class=\"elementor-tab-content elementor-clearfix\" data-tab=\"2\" role=\"region\" aria-labelledby=\"elementor-tab-title-1332\"><section class=\"m-accordion-item js-accordion-item m-accordion--open\"><div class=\"m-accordion-content js-accordion-content\"><p>Mnoh\u00e9 klasick\u00e9 motory e\u0161te nemaj\u00fa tvrden\u00e9 sedl\u00e1 ventilov a zvy\u010dajne vy\u017eaduj\u00fa olovnat\u00e9 palivo. Ke\u010f\u017ee to u\u017e nie je k dispoz\u00edcii, pou\u017e\u00edvaj\u00fa sa oloven\u00e9 n\u00e1hrady. Na\u0161a n\u00e1hrada olova MATH\u00c9 Classic poskytuje dostato\u010dn\u00fa ochranu v palive a chr\u00e1ni ventily pred po\u0161koden\u00edm. Pou\u017eitie je ve\u013emi jednoduch\u00e9. D\u00e1vkovanie: 1:1000 (pr\u00edklad: 50 ml na 50 litrov paliva) Pridajte do n\u00e1dr\u017ee pred natankovan\u00edm.\u00a0<\/p><\/div><\/section><section class=\"m-accordion-item js-accordion-item\"><\/section><\/div>\n\t\t\t\t<\/div>\n\t\t\t\t\t\t\t<div class=\"elementor-accordion-item\">\n\t\t\t\t\t<div id=\"elementor-tab-title-1333\" class=\"elementor-tab-title\" data-tab=\"3\" role=\"button\" aria-controls=\"elementor-tab-content-1333\" aria-expanded=\"false\">\n\t\t\t\t\t\t\t\t\t\t\t\t\t<span class=\"elementor-accordion-icon elementor-accordion-icon-left\" aria-hidden=\"true\">\n\t\t\t\t\t\t\t\t\t\t\t\t\t\t\t<span class=\"elementor-accordion-icon-closed\"><i class=\"fas fa-plus\"><\/i><\/span>\n\t\t\t\t\t\t\t\t<span class=\"elementor-accordion-icon-opened\"><i class=\"fas fa-minus\"><\/i><\/span>\n\t\t\t\t\t\t\t\t\t\t\t\t\t\t<\/span>\n\t\t\t\t\t\t\t\t\t\t\t\t<a class=\"elementor-accordion-title\" tabindex=\"0\">Moje klasick\u00e9 auto nejazd\u00ed tak dobre na norm\u00e1lny benz\u00edn, pre\u010do je to tak?<\/a>\n\t\t\t\t\t<\/div>\n\t\t\t\t\t<div id=\"elementor-tab-content-1333\" class=\"elementor-tab-content elementor-clearfix\" data-tab=\"3\" role=\"region\" aria-labelledby=\"elementor-tab-title-1333\"><section class=\"m-accordion-item js-accordion-item m-accordion--open\"><div class=\"m-accordion-content js-accordion-content\"><p>Dne\u0161n\u00e9 benz\u00ednov\u00e9 paliv\u00e1 maj\u00fa zv\u00fd\u0161en\u00fd podiel bio. To m\u00e1 negat\u00edvny vplyv na proces spa\u013eovania. Najm\u00e4 klasick\u00e9 motory maj\u00fa s t\u00fdmito palivami \u010dasto probl\u00e9my. Pridan\u00edm stabiliz\u00e1tora paliva MATH\u00c9 Classic do ka\u017edej n\u00e1dr\u017ee paliva sa tento negat\u00edvny vplyv vyrovn\u00e1. Spa\u013eovac\u00ed proces sa optimalizuje a cel\u00fd palivov\u00fd syst\u00e9m sa udr\u017eiava \u010dist\u00fd.<\/p><\/div><\/section><section class=\"m-accordion-item js-accordion-item js-accordion-item--last\"><\/section><\/div>\n\t\t\t\t<\/div>\n\t\t\t\t\t\t\t<div class=\"elementor-accordion-item\">\n\t\t\t\t\t<div id=\"elementor-tab-title-1334\" class=\"elementor-tab-title\" data-tab=\"4\" role=\"button\" aria-controls=\"elementor-tab-content-1334\" aria-expanded=\"false\">\n\t\t\t\t\t\t\t\t\t\t\t\t\t<span class=\"elementor-accordion-icon elementor-accordion-icon-left\" aria-hidden=\"true\">\n\t\t\t\t\t\t\t\t\t\t\t\t\t\t\t<span class=\"elementor-accordion-icon-closed\"><i class=\"fas fa-plus\"><\/i><\/span>\n\t\t\t\t\t\t\t\t<span class=\"elementor-accordion-icon-opened\"><i class=\"fas fa-minus\"><\/i><\/span>\n\t\t\t\t\t\t\t\t\t\t\t\t\t\t<\/span>\n\t\t\t\t\t\t\t\t\t\t\t\t<a class=\"elementor-accordion-title\" tabindex=\"0\">M\u00f4\u017eu pr\u00edsady do paliva zabr\u00e1ni\u0165 kor\u00f3zii palivov\u00e9ho syst\u00e9mu?<\/a>\n\t\t\t\t\t<\/div>\n\t\t\t\t\t<div id=\"elementor-tab-content-1334\" class=\"elementor-tab-content elementor-clearfix\" data-tab=\"4\" role=\"region\" aria-labelledby=\"elementor-tab-title-1334\"><div class=\"m-accordion js-accordion\"><section class=\"m-accordion-item js-accordion-item js-accordion-item--last m-accordion--open\"><div class=\"m-accordion-content js-accordion-content\"><p>Pridanie stabiliz\u00e1tora paliva MATH\u00c9 Classic do n\u00e1dr\u017ee via\u017ee kondenz\u00e1t a chr\u00e1ni kovov\u00e9 povrchy pred vznikom hrdze. V\u0161etky komponenty prepl\u00e1chnut\u00e9 palivom s\u00fa chr\u00e1nen\u00e9 a udr\u017eiavan\u00e9. Odpor\u00fa\u010dame trval\u00e9 pou\u017e\u00edvanie.\u00a0<\/p><\/div><\/section><\/div><\/div>\n\t\t\t\t<\/div>\n\t\t\t\t\t\t\t\t<\/div>\n\t\t\t\t\t\t<\/div>\n\t\t\t\t<\/div>\n\t\t\t\t\t<\/div>\n\t\t<\/div>\n\t\t\t\t\t<\/div>\n\t\t<\/section>\n\t\t\t\t<section class=\"elementor-section elementor-top-section elementor-element elementor-element-b971897 elementor-section-boxed elementor-section-height-default elementor-section-height-default\" data-id=\"b971897\" data-element_type=\"section\" data-e-type=\"section\">\n\t\t\t\t\t\t<div class=\"elementor-container elementor-column-gap-default\">\n\t\t\t\t\t<div class=\"elementor-column elementor-col-100 elementor-top-column elementor-element elementor-element-3a3f5af\" data-id=\"3a3f5af\" data-element_type=\"column\" data-e-type=\"column\">\n\t\t\t<div class=\"elementor-widget-wrap elementor-element-populated\">\n\t\t\t\t\t\t<div class=\"elementor-element elementor-element-63fa635 elementor-widget elementor-widget-text-editor\" data-id=\"63fa635\" data-element_type=\"widget\" data-e-type=\"widget\" data-widget_type=\"text-editor.default\">\n\t\t\t\t<div class=\"elementor-widget-container\">\n\t\t\t\t\t\t\t\t\t<div id=\"c1628\" class=\"frame frame-default frame-type-textmedia frame-layout-0\"><div class=\"ce-textpic ce-right ce-intext\"><div class=\"ce-bodytext\"><p><strong>Na\u0161e rie\u0161enia probl\u00e9mov s palivov\u00fdm syst\u00e9mom klasick\u00fdch a historick\u00fdch vozidiel<\/strong><\/p><\/div><\/div><\/div>\t\t\t\t\t\t\t\t<\/div>\n\t\t\t\t<\/div>\n\t\t\t\t<div class=\"elementor-element elementor-element-7ac161f elementor-widget elementor-widget-the7-elements-woo-carousel\" data-id=\"7ac161f\" data-element_type=\"widget\" data-e-type=\"widget\" data-widget_type=\"the7-elements-woo-carousel.default\">\n\t\t\t\t<div class=\"elementor-widget-container\">\n\t\t\t\t\t<div class=\"owl-carousel products-carousel-shortcode dt-owl-carousel-call the7-elements-woo-carousel-7ac161f cart-btn-below-img bullets-small-dot-stroke reposition-arrows arrows-bg-on dt-arrow-border-on dt-arrow-hover-border-on disable-arrows-hover-bg arrows-hover-bg-on wc-img-hover hide-description\" data-scroll-mode=\"1\" data-wide-col-num=\"4\" data-col-num=\"3\" data-laptop-col=\"3\" data-h-tablet-columns-num=\"2\" data-v-tablet-columns-num=\"2\" data-phone-columns-num=\"1\" data-auto-height=\"false\" data-col-gap=\"15\" data-stage-padding=\"0\" data-speed=\"600\" data-autoplay=\"false\" data-autoplay_speed=\"6000\" data-arrows=\"true\" data-bullet=\"false\" data-next-icon=\"fas fa-chevron-right\" data-prev-icon=\"fas fa-chevron-left\"><article class=\"post post-981 product type-product status-publish has-post-thumbnail product_brand-mvg-mathe-schmierstofftechnik-gmbh product_cat-klassiker product_cat-kraftstoffsystem description-off first instock taxable shipping-taxable purchasable product-type-variable\" ><figure class=\"woocom-project\">\n\t<div class=\"woo-buttons-on-img\">\n\n\t\t<a href=\"https:\/\/mathy-austria.com\/sk\/produkt\/mathe-classic-kraftstoff-stabilisator\/\" class=\"alignnone layzr-bg\"><img fetchpriority=\"high\" decoding=\"async\" width=\"300\" height=\"300\" src=\"data:image\/svg+xml;charset=utf-8,%3Csvg xmlns%3D&#039;http%3A%2F%2Fwww.w3.org%2F2000%2Fsvg&#039; viewBox%3D&#039;0 0 300 300&#039;%2F%3E\" class=\"attachment-woocommerce_thumbnail size-woocommerce_thumbnail owl-lazy-load preload-me\" alt=\"MATH\u00c9 Classic - Kraftstoff-Stabilisator - *ABVERKAUF 250ml Gebinde\/noch 8 Stk. verf\u00fcgbar*\" data-src=\"https:\/\/mathy-austria.com\/wp-content\/uploads\/2014\/04\/mathe-classic-kraftstoff-stabilisator_kraftstoffadditiv_klassische-fahrzeuge_500ml_1920x1920-300x300.webp\" data-srcset=\"https:\/\/mathy-austria.com\/wp-content\/uploads\/2014\/04\/mathe-classic-kraftstoff-stabilisator_kraftstoffadditiv_klassische-fahrzeuge_500ml_1920x1920-300x300.webp 300w, https:\/\/mathy-austria.com\/wp-content\/uploads\/2014\/04\/mathe-classic-kraftstoff-stabilisator_kraftstoffadditiv_klassische-fahrzeuge_500ml_1920x1920-150x150.webp 150w, https:\/\/mathy-austria.com\/wp-content\/uploads\/2014\/04\/mathe-classic-kraftstoff-stabilisator_kraftstoffadditiv_klassische-fahrzeuge_500ml_1920x1920-768x768.webp 768w, https:\/\/mathy-austria.com\/wp-content\/uploads\/2014\/04\/mathe-classic-kraftstoff-stabilisator_kraftstoffadditiv_klassische-fahrzeuge_500ml_1920x1920-12x12.webp 12w, https:\/\/mathy-austria.com\/wp-content\/uploads\/2014\/04\/mathe-classic-kraftstoff-stabilisator_kraftstoffadditiv_klassische-fahrzeuge_500ml_1920x1920-600x600.webp 600w, https:\/\/mathy-austria.com\/wp-content\/uploads\/2014\/04\/mathe-classic-kraftstoff-stabilisator_kraftstoffadditiv_klassische-fahrzeuge_500ml_1920x1920-200x200.webp 200w, https:\/\/mathy-austria.com\/wp-content\/uploads\/2014\/04\/mathe-classic-kraftstoff-stabilisator_kraftstoffadditiv_klassische-fahrzeuge_500ml_1920x1920.webp 800w\" \/><img decoding=\"async\" width=\"300\" height=\"300\" src=\"data:image\/svg+xml;charset=utf-8,%3Csvg xmlns%3D&#039;http%3A%2F%2Fwww.w3.org%2F2000%2Fsvg&#039; viewBox%3D&#039;0 0 300 300&#039;%2F%3E\" class=\"show-on-hover back-image owl-lazy-load preload-me\" alt=\"\" data-src=\"https:\/\/mathy-austria.com\/wp-content\/uploads\/2014\/04\/mathe-classic-kraftstoff-stabilisator_kraftstoffadditiv_klassische-fahrzeuge_500ml-rueck_1920x1920-300x300.webp\" data-srcset=\"https:\/\/mathy-austria.com\/wp-content\/uploads\/2014\/04\/mathe-classic-kraftstoff-stabilisator_kraftstoffadditiv_klassische-fahrzeuge_500ml-rueck_1920x1920-300x300.webp 300w, https:\/\/mathy-austria.com\/wp-content\/uploads\/2014\/04\/mathe-classic-kraftstoff-stabilisator_kraftstoffadditiv_klassische-fahrzeuge_500ml-rueck_1920x1920-150x150.webp 150w, https:\/\/mathy-austria.com\/wp-content\/uploads\/2014\/04\/mathe-classic-kraftstoff-stabilisator_kraftstoffadditiv_klassische-fahrzeuge_500ml-rueck_1920x1920-768x768.webp 768w, https:\/\/mathy-austria.com\/wp-content\/uploads\/2014\/04\/mathe-classic-kraftstoff-stabilisator_kraftstoffadditiv_klassische-fahrzeuge_500ml-rueck_1920x1920-12x12.webp 12w, https:\/\/mathy-austria.com\/wp-content\/uploads\/2014\/04\/mathe-classic-kraftstoff-stabilisator_kraftstoffadditiv_klassische-fahrzeuge_500ml-rueck_1920x1920-600x600.webp 600w, https:\/\/mathy-austria.com\/wp-content\/uploads\/2014\/04\/mathe-classic-kraftstoff-stabilisator_kraftstoffadditiv_klassische-fahrzeuge_500ml-rueck_1920x1920-200x200.webp 200w, https:\/\/mathy-austria.com\/wp-content\/uploads\/2014\/04\/mathe-classic-kraftstoff-stabilisator_kraftstoffadditiv_klassische-fahrzeuge_500ml-rueck_1920x1920.webp 800w\" \/><\/a>\n\t<\/div>\n\t<figcaption class=\"woocom-list-content\">\n\n\t\t<div class=\"woo-buttons\"><a href=\"https:\/\/mathy-austria.com\/sk\/produkt\/mathe-classic-kraftstoff-stabilisator\/\" aria-describedby=\"woocommerce_loop_add_to_cart_link_describedby_981\" data-quantity=\"1\" class=\"product_type_variable add_to_cart_button\" data-product_id=\"981\" data-product_sku=\"1410-025\" aria-label=\"V\u00fdber nastaven\u00ed pre \u201cMATH\u00c9 Classic - Kraftstoff-Stabilisator - *ABVERKAUF 250ml Gebinde\/noch 8 Stk. verf\u00fcgbar*\u201d\" rel=\"nofollow\" data-no-translation=\"\" data-trp-gettext=\"\" data-no-translation-aria-label=\"\">V\u00fdber mo\u017enost\u00ed<\/a>\t<span id=\"woocommerce_loop_add_to_cart_link_describedby_981\" class=\"screen-reader-text\">\n\t\tTento v\u00fdrobok m\u00e1 viacero variantov. Varianty si m\u00f4\u017eete vybra\u0165 na str\u00e1nke produktu\t<\/span>\n<\/div>\n\t<\/figcaption>\n<\/figure>\n<\/article><\/div>\t\t\t\t<\/div>\n\t\t\t\t<\/div>\n\t\t\t\t\t<\/div>\n\t\t<\/div>\n\t\t\t\t\t<\/div>\n\t\t<\/section>\n\t\t\t\t<\/div>","protected":false},"excerpt":{"rendered":"<p>Jednoduch\u00e1 aplik\u00e1cia a optim\u00e1lna ochrana. Cel\u00fd palivov\u00fd syst\u00e9m je spo\u013eahlivo vy\u010disten\u00fd a chr\u00e1nen\u00fd! Stabiliz\u00e1tor paliva MATH\u00c9 Classic je \u0161peci\u00e1lne navrhnut\u00fd pre star\u0161ie benz\u00ednov\u00e9 motory. Poskytuje vynikaj\u00facu ochranu proti kor\u00f3zii (zabra\u0148uje kondenz\u00e1cii) a z\u00e1rove\u0148 premazuje v\u0161etky pohybliv\u00e9 \u010dasti palivov\u00e9ho syst\u00e9mu (\u010derpadlo a ventily). Zabra\u0148uje tie\u017e usadzovaniu usaden\u00edn na ventiloch a zapa\u013eovac\u00edch svie\u010dkach. Okrem toho konzervuje a chr\u00e1ni...<\/p>","protected":false},"author":1,"featured_media":0,"parent":2128,"menu_order":0,"comment_status":"closed","ping_status":"closed","template":"","meta":{"footnotes":""},"class_list":["post-2471","page","type-page","status-publish","hentry"],"_links":{"self":[{"href":"https:\/\/mathy-austria.com\/sk\/wp-json\/wp\/v2\/pages\/2471","targetHints":{"allow":["GET"]}}],"collection":[{"href":"https:\/\/mathy-austria.com\/sk\/wp-json\/wp\/v2\/pages"}],"about":[{"href":"https:\/\/mathy-austria.com\/sk\/wp-json\/wp\/v2\/types\/page"}],"author":[{"embeddable":true,"href":"https:\/\/mathy-austria.com\/sk\/wp-json\/wp\/v2\/users\/1"}],"replies":[{"embeddable":true,"href":"https:\/\/mathy-austria.com\/sk\/wp-json\/wp\/v2\/comments?post=2471"}],"version-history":[{"count":0,"href":"https:\/\/mathy-austria.com\/sk\/wp-json\/wp\/v2\/pages\/2471\/revisions"}],"up":[{"embeddable":true,"href":"https:\/\/mathy-austria.com\/sk\/wp-json\/wp\/v2\/pages\/2128"}],"wp:attachment":[{"href":"https:\/\/mathy-austria.com\/sk\/wp-json\/wp\/v2\/media?parent=2471"}],"curies":[{"name":"wp","href":"https:\/\/api.w.org\/{rel}","templated":true}]}}