{"id":2455,"date":"2020-09-01T13:18:26","date_gmt":"2020-09-01T11:18:26","guid":{"rendered":"https:\/\/mathy-austria.com\/?page_id=2455"},"modified":"2020-10-07T16:15:13","modified_gmt":"2020-10-07T14:15:13","slug":"fahrzeugpflege","status":"publish","type":"page","link":"https:\/\/mathy-austria.com\/sk\/anwendung\/tuning\/fahrzeugpflege\/","title":{"rendered":"Starostlivos\u0165 o vozidlo"},"content":{"rendered":"<div data-elementor-type=\"wp-page\" data-elementor-id=\"2455\" class=\"elementor elementor-2455\" data-elementor-post-type=\"page\">\n\t\t\t\t\t\t<section class=\"elementor-section elementor-top-section elementor-element elementor-element-17d99ff elementor-section-boxed elementor-section-height-default elementor-section-height-default\" data-id=\"17d99ff\" data-element_type=\"section\" data-e-type=\"section\">\n\t\t\t\t\t\t<div class=\"elementor-container elementor-column-gap-default\">\n\t\t\t\t\t<div class=\"elementor-column elementor-col-100 elementor-top-column elementor-element elementor-element-722c005\" data-id=\"722c005\" data-element_type=\"column\" data-e-type=\"column\">\n\t\t\t<div class=\"elementor-widget-wrap elementor-element-populated\">\n\t\t\t\t\t\t<div class=\"elementor-element elementor-element-253b668 elementor-widget elementor-widget-text-editor\" data-id=\"253b668\" data-element_type=\"widget\" data-e-type=\"widget\" data-widget_type=\"text-editor.default\">\n\t\t\t\t<div class=\"elementor-widget-container\">\n\t\t\t\t\t\t\t\t\t<h1 class=\"\">Vyladenie povrchu s brilantn\u00fdm leskom<\/h1><div id=\"c830\" class=\"frame frame-default frame-type-textmedia frame-layout-0\"><div class=\"ce-textpic ce-right ce-intext\"><div class=\"ce-bodytext\"><p class=\"lead\"><strong>V\u010faka novej akrylovej technol\u00f3gii nezost\u00e1vaj\u00fa \u017eiadne zvy\u0161ky po le\u0161ten\u00ed<\/strong><\/p><p>N\u00e1\u0161 rad TEC12 Care pon\u00faka nad\u0161en\u00fdm tuningov\u00fdm \u0161pecialistom dokonal\u00fa starostlivos\u0165 o povrch. Jednoduch\u00e9 pou\u017eitie a dlhotrvaj\u00faca ochrana povrchu charakterizuj\u00fa tri produkty TEC12. V\u00fdsledky v\u00e1s ohromia u\u017e po prvom \u010disten\u00ed. \u00a0<\/p><\/div><\/div><\/div>\t\t\t\t\t\t\t\t<\/div>\n\t\t\t\t<\/div>\n\t\t\t\t<div class=\"elementor-element elementor-element-448852b elementor-widget elementor-widget-text-editor\" data-id=\"448852b\" data-element_type=\"widget\" data-e-type=\"widget\" data-widget_type=\"text-editor.default\">\n\t\t\t\t<div class=\"elementor-widget-container\">\n\t\t\t\t\t\t\t\t\t<h2>Preh\u013ead v\u00fdhod<\/h2><ul><li>Jednoduch\u00e9 pou\u017e\u00edvanie<\/li><li>Dlhotrvaj\u00faca ochrana povrchu<\/li><li>\u017diadne pruhy\u00a0<\/li><li>Najnov\u0161ia akrylov\u00e1 technol\u00f3gia<\/li><li>Brilantn\u00fd lesk<\/li><\/ul>\t\t\t\t\t\t\t\t<\/div>\n\t\t\t\t<\/div>\n\t\t\t\t\t<\/div>\n\t\t<\/div>\n\t\t\t\t\t<\/div>\n\t\t<\/section>\n\t\t\t\t<section class=\"elementor-section elementor-top-section elementor-element elementor-element-b971897 elementor-section-boxed elementor-section-height-default elementor-section-height-default\" data-id=\"b971897\" data-element_type=\"section\" data-e-type=\"section\">\n\t\t\t\t\t\t<div class=\"elementor-container elementor-column-gap-default\">\n\t\t\t\t\t<div class=\"elementor-column elementor-col-100 elementor-top-column elementor-element elementor-element-3a3f5af\" data-id=\"3a3f5af\" data-element_type=\"column\" data-e-type=\"column\">\n\t\t\t<div class=\"elementor-widget-wrap elementor-element-populated\">\n\t\t\t\t\t\t<div class=\"elementor-element elementor-element-63fa635 elementor-widget elementor-widget-text-editor\" data-id=\"63fa635\" data-element_type=\"widget\" data-e-type=\"widget\" data-widget_type=\"text-editor.default\">\n\t\t\t\t<div class=\"elementor-widget-container\">\n\t\t\t\t\t\t\t\t\t<div id=\"c1585\" class=\"frame frame-default frame-type-textmedia frame-layout-0\"><div class=\"ce-textpic ce-right ce-intext\"><div class=\"ce-bodytext\"><p><strong>N\u00e1\u0161 sortiment pre dokonal\u00fa starostlivos\u0165<\/strong><\/p><\/div><\/div><\/div>\t\t\t\t\t\t\t\t<\/div>\n\t\t\t\t<\/div>\n\t\t\t\t\t<\/div>\n\t\t<\/div>\n\t\t\t\t\t<\/div>\n\t\t<\/section>\n\t\t\t\t<\/div>","protected":false},"excerpt":{"rendered":"<p>Ladenie povrchu s brilantn\u00fdm leskom. \u017diadne zvy\u0161ky po le\u0161ten\u00ed v\u010faka novej akrylovej technol\u00f3gii. Na\u0161a s\u00e9ria starostlivosti TEC12 pon\u00faka nad\u0161en\u00fdm \u0161pecialistom na ladenie dokonal\u00fa starostlivos\u0165 o povrch. Tri produkty TEC12 sa \u013eahko pou\u017e\u00edvaj\u00fa a poskytuj\u00fa dlhotrvaj\u00facu ochranu povrchu. V\u00fdsledky v\u00e1s ohromia u\u017e po prvom \u010disten\u00ed. V\u00fdhody na prv\u00fd poh\u013ead: Jednoduch\u00e1 aplik\u00e1cia, dlhotrvaj\u00faca ochrana povrchu, \u017eiadne \u0161muhy, najnov\u0161ia akrylov\u00e1 technol\u00f3gia, brilantn\u00fd lesk...<\/p>","protected":false},"author":1,"featured_media":0,"parent":2127,"menu_order":0,"comment_status":"closed","ping_status":"closed","template":"","meta":{"footnotes":""},"class_list":["post-2455","page","type-page","status-publish","hentry"],"_links":{"self":[{"href":"https:\/\/mathy-austria.com\/sk\/wp-json\/wp\/v2\/pages\/2455","targetHints":{"allow":["GET"]}}],"collection":[{"href":"https:\/\/mathy-austria.com\/sk\/wp-json\/wp\/v2\/pages"}],"about":[{"href":"https:\/\/mathy-austria.com\/sk\/wp-json\/wp\/v2\/types\/page"}],"author":[{"embeddable":true,"href":"https:\/\/mathy-austria.com\/sk\/wp-json\/wp\/v2\/users\/1"}],"replies":[{"embeddable":true,"href":"https:\/\/mathy-austria.com\/sk\/wp-json\/wp\/v2\/comments?post=2455"}],"version-history":[{"count":0,"href":"https:\/\/mathy-austria.com\/sk\/wp-json\/wp\/v2\/pages\/2455\/revisions"}],"up":[{"embeddable":true,"href":"https:\/\/mathy-austria.com\/sk\/wp-json\/wp\/v2\/pages\/2127"}],"wp:attachment":[{"href":"https:\/\/mathy-austria.com\/sk\/wp-json\/wp\/v2\/media?parent=2455"}],"curies":[{"name":"wp","href":"https:\/\/api.w.org\/{rel}","templated":true}]}}