{"id":2448,"date":"2020-09-01T13:10:40","date_gmt":"2020-09-01T11:10:40","guid":{"rendered":"https:\/\/mathy-austria.com\/?page_id=2448"},"modified":"2020-09-22T20:01:40","modified_gmt":"2020-09-22T18:01:40","slug":"kraftstoff-additive","status":"publish","type":"page","link":"https:\/\/mathy-austria.com\/sk\/anwendung\/tuning\/kraftstoff-additive\/","title":{"rendered":"Pr\u00edsady do paliva"},"content":{"rendered":"<div data-elementor-type=\"wp-page\" data-elementor-id=\"2448\" class=\"elementor elementor-2448\" data-elementor-post-type=\"page\">\n\t\t\t\t\t\t<section class=\"elementor-section elementor-top-section elementor-element elementor-element-17d99ff elementor-section-boxed elementor-section-height-default elementor-section-height-default\" data-id=\"17d99ff\" data-element_type=\"section\" data-e-type=\"section\">\n\t\t\t\t\t\t<div class=\"elementor-container elementor-column-gap-default\">\n\t\t\t\t\t<div class=\"elementor-column elementor-col-100 elementor-top-column elementor-element elementor-element-722c005\" data-id=\"722c005\" data-element_type=\"column\" data-e-type=\"column\">\n\t\t\t<div class=\"elementor-widget-wrap elementor-element-populated\">\n\t\t\t\t\t\t<div class=\"elementor-element elementor-element-253b668 elementor-widget elementor-widget-text-editor\" data-id=\"253b668\" data-element_type=\"widget\" data-e-type=\"widget\" data-widget_type=\"text-editor.default\">\n\t\t\t\t<div class=\"elementor-widget-container\">\n\t\t\t\t\t\t\t\t\t<div class=\"page-header\"><h1 class=\"\">Vysoko \u00fa\u010dinn\u00e9 pr\u00edsady pre vy\u0161\u0161\u00ed v\u00fdkon<\/h1><\/div><p class=\"lead\"><strong>Einfache Anwendung \u00fcber den Tank<\/strong><\/p><p>Len \u010dist\u00fd palivov\u00fd syst\u00e9m zabezpe\u010duje optim\u00e1lny proces spa\u013eovania pri plnom za\u0165a\u017een\u00ed. Palivov\u00e9 adit\u00edva MATHY \u010distia v\u0161etky komponenty preplachovan\u00e9 palivom a udr\u017euj\u00fa ich \u010dist\u00e9 pri nepretr\u017eitom pou\u017e\u00edvan\u00ed. Ventily a sedl\u00e1 ventilov sa \u0161etrne zbavuj\u00fa koksovania a op\u00e4\u0165 sa \u00faplne zatv\u00e1raj\u00fa. Odstr\u00e1nia sa inkrust\u00e1cie na vstrekovac\u00edch trysk\u00e1ch a zlep\u0161\u00ed sa priebeh rozstreku.\u00a0<\/p>\t\t\t\t\t\t\t\t<\/div>\n\t\t\t\t<\/div>\n\t\t\t\t<div class=\"elementor-element elementor-element-448852b elementor-widget elementor-widget-text-editor\" data-id=\"448852b\" data-element_type=\"widget\" data-e-type=\"widget\" data-widget_type=\"text-editor.default\">\n\t\t\t\t<div class=\"elementor-widget-container\">\n\t\t\t\t\t\t\t\t\t<h2>Preh\u013ead v\u00fdhod<\/h2><ul><li>\u010cistenie palivov\u00e9ho syst\u00e9mu<\/li><li>Optimaliz\u00e1cia spa\u013eovacieho procesu<\/li><li>Leistungsverbesserung<\/li><li>Zlep\u0161uje hodnoty v\u00fdfukov\u00fdch plynov<\/li><li>Udr\u017euje palivov\u00fd syst\u00e9m trvalo \u010dist\u00fd<\/li><\/ul>\t\t\t\t\t\t\t\t<\/div>\n\t\t\t\t<\/div>\n\t\t\t\t\t<\/div>\n\t\t<\/div>\n\t\t\t\t\t<\/div>\n\t\t<\/section>\n\t\t\t\t<section class=\"elementor-section elementor-top-section elementor-element elementor-element-94528d8 elementor-section-boxed elementor-section-height-default elementor-section-height-default\" data-id=\"94528d8\" data-element_type=\"section\" data-e-type=\"section\">\n\t\t\t\t\t\t<div class=\"elementor-container elementor-column-gap-default\">\n\t\t\t\t\t<div class=\"elementor-column elementor-col-100 elementor-top-column elementor-element elementor-element-2d5524d4\" data-id=\"2d5524d4\" data-element_type=\"column\" data-e-type=\"column\">\n\t\t\t<div class=\"elementor-widget-wrap elementor-element-populated\">\n\t\t\t\t\t\t<div class=\"elementor-element elementor-element-14790e9e elementor-widget elementor-widget-heading\" data-id=\"14790e9e\" data-element_type=\"widget\" data-e-type=\"widget\" data-widget_type=\"heading.default\">\n\t\t\t\t<div class=\"elementor-widget-container\">\n\t\t\t\t\t<h2 class=\"elementor-heading-title elementor-size-default\">\u010casto kladen\u00e9 ot\u00e1zky alebo vzniknut\u00e9 probl\u00e9my<\/h2>\t\t\t\t<\/div>\n\t\t\t\t<\/div>\n\t\t\t\t<div class=\"elementor-element elementor-element-4f9f1ee5 elementor-widget elementor-widget-accordion\" data-id=\"4f9f1ee5\" data-element_type=\"widget\" data-e-type=\"widget\" data-widget_type=\"accordion.default\">\n\t\t\t\t<div class=\"elementor-widget-container\">\n\t\t\t\t\t\t\t<div class=\"elementor-accordion\">\n\t\t\t\t\t\t\t<div class=\"elementor-accordion-item\">\n\t\t\t\t\t<div id=\"elementor-tab-title-1331\" class=\"elementor-tab-title\" data-tab=\"1\" role=\"button\" aria-controls=\"elementor-tab-content-1331\" aria-expanded=\"false\">\n\t\t\t\t\t\t\t\t\t\t\t\t\t<span class=\"elementor-accordion-icon elementor-accordion-icon-left\" aria-hidden=\"true\">\n\t\t\t\t\t\t\t\t\t\t\t\t\t\t\t<span class=\"elementor-accordion-icon-closed\"><i class=\"fas fa-plus\"><\/i><\/span>\n\t\t\t\t\t\t\t\t<span class=\"elementor-accordion-icon-opened\"><i class=\"fas fa-minus\"><\/i><\/span>\n\t\t\t\t\t\t\t\t\t\t\t\t\t\t<\/span>\n\t\t\t\t\t\t\t\t\t\t\t\t<a class=\"elementor-accordion-title\" tabindex=\"0\">Ako sa pou\u017e\u00edvaj\u00fa pr\u00edsady do paliva MATHY?<\/a>\n\t\t\t\t\t<\/div>\n\t\t\t\t\t<div id=\"elementor-tab-content-1331\" class=\"elementor-tab-content elementor-clearfix\" data-tab=\"1\" role=\"region\" aria-labelledby=\"elementor-tab-title-1331\"><section class=\"m-accordion-item js-accordion-item m-accordion--open\"><div class=\"m-accordion-content js-accordion-content\"><p><b>Pr\u00edsady do paliva MATHY\u00a0<\/b>sa prid\u00e1vaj\u00fa do n\u00e1dr\u017ee bezprostredne pred tankovan\u00edm. Ak je to mo\u017en\u00e9, pred pou\u017eit\u00edm palivov\u00fdch pr\u00edsad MATHY by sa mala n\u00e1dr\u017e vypr\u00e1zdni\u0165 a\u017e po rezervu. T\u00fdm sa zabezpe\u010d\u00ed optim\u00e1lne premie\u0161anie s palivom.\u00a0\u00a0<\/p><\/div><\/section><section class=\"m-accordion-item js-accordion-item\"><\/section><\/div>\n\t\t\t\t<\/div>\n\t\t\t\t\t\t\t<div class=\"elementor-accordion-item\">\n\t\t\t\t\t<div id=\"elementor-tab-title-1332\" class=\"elementor-tab-title\" data-tab=\"2\" role=\"button\" aria-controls=\"elementor-tab-content-1332\" aria-expanded=\"false\">\n\t\t\t\t\t\t\t\t\t\t\t\t\t<span class=\"elementor-accordion-icon elementor-accordion-icon-left\" aria-hidden=\"true\">\n\t\t\t\t\t\t\t\t\t\t\t\t\t\t\t<span class=\"elementor-accordion-icon-closed\"><i class=\"fas fa-plus\"><\/i><\/span>\n\t\t\t\t\t\t\t\t<span class=\"elementor-accordion-icon-opened\"><i class=\"fas fa-minus\"><\/i><\/span>\n\t\t\t\t\t\t\t\t\t\t\t\t\t\t<\/span>\n\t\t\t\t\t\t\t\t\t\t\t\t<a class=\"elementor-accordion-title\" tabindex=\"0\">S\u00fa pr\u00edsady do paliva schv\u00e1len\u00e9 v\u00fdrobcami vozidiel?<\/a>\n\t\t\t\t\t<\/div>\n\t\t\t\t\t<div id=\"elementor-tab-content-1332\" class=\"elementor-tab-content elementor-clearfix\" data-tab=\"2\" role=\"region\" aria-labelledby=\"elementor-tab-title-1332\"><section class=\"m-accordion-item js-accordion-item m-accordion--open\"><div class=\"m-accordion-content js-accordion-content\"><p>Vzh\u013eadom na zv\u00fd\u0161en\u00fd podiel biopal\u00edv v s\u00fa\u010dasn\u00fdch paliv\u00e1ch je spa\u013eovanie menej \u010dist\u00e9. To vedie k zv\u00fd\u0161enej tvorbe koksu a zne\u010disteniu vstrekovac\u00edch trysiek, spa\u013eovac\u00edch kom\u00f4r, ventilov a sediel ventilov. Z dlhodob\u00e9ho h\u013eadiska sa zhor\u0161uj\u00fa hodnoty v\u00fdfukov\u00fdch plynov. Mnoh\u00ed v\u00fdrobcovia vozidiel maj\u00fa v s\u00fa\u010dasnosti vo svojom programe vlastn\u00e9 \u010disti\u010de palivov\u00e9ho syst\u00e9mu, ktor\u00e9 maj\u00fa t\u00fdmto negat\u00edvnym \u00fa\u010dinkom \u010deli\u0165. Spolo\u010dnos\u0165 MATHY sa na tieto probl\u00e9my zameriava u\u017e dlh\u0161\u00ed \u010das a pon\u00faka \u010disti\u010de syst\u00e9mov testovan\u00e9 a certifikovan\u00e9 T\u00dcV a vyroben\u00e9 v Nemecku.\u00a0\u00a0<\/p><\/div><\/section><section class=\"m-accordion-item js-accordion-item js-accordion-item--last\"><\/section><\/div>\n\t\t\t\t<\/div>\n\t\t\t\t\t\t\t<div class=\"elementor-accordion-item\">\n\t\t\t\t\t<div id=\"elementor-tab-title-1333\" class=\"elementor-tab-title\" data-tab=\"3\" role=\"button\" aria-controls=\"elementor-tab-content-1333\" aria-expanded=\"false\">\n\t\t\t\t\t\t\t\t\t\t\t\t\t<span class=\"elementor-accordion-icon elementor-accordion-icon-left\" aria-hidden=\"true\">\n\t\t\t\t\t\t\t\t\t\t\t\t\t\t\t<span class=\"elementor-accordion-icon-closed\"><i class=\"fas fa-plus\"><\/i><\/span>\n\t\t\t\t\t\t\t\t<span class=\"elementor-accordion-icon-opened\"><i class=\"fas fa-minus\"><\/i><\/span>\n\t\t\t\t\t\t\t\t\t\t\t\t\t\t<\/span>\n\t\t\t\t\t\t\t\t\t\t\t\t<a class=\"elementor-accordion-title\" tabindex=\"0\">Pre ktor\u00e9 oblasti pou\u017eitia s\u00fa k dispoz\u00edcii pr\u00edsady do paliva MATHY?<\/a>\n\t\t\t\t\t<\/div>\n\t\t\t\t\t<div id=\"elementor-tab-content-1333\" class=\"elementor-tab-content elementor-clearfix\" data-tab=\"3\" role=\"region\" aria-labelledby=\"elementor-tab-title-1333\"><div class=\"m-accordion js-accordion\"><section class=\"m-accordion-item js-accordion-item js-accordion-item--last m-accordion--open\"><div class=\"m-accordion-content js-accordion-content\"><p>Pr\u00edsady do paliva MATHY s\u00fa k dispoz\u00edcii pre naftu, bionaftu, rastlinn\u00e9 oleje, benz\u00edn a benz\u00edn s etanolom, ako aj pre \u0161peci\u00e1lne syst\u00e9my \u010distenia v oblasti v\u00fdfukov\u00fdch plynov, ako s\u00fa syst\u00e9my recirkul\u00e1cie v\u00fdfukov\u00fdch plynov (EGR ventil), katalyz\u00e1tory a filtre pevn\u00fdch \u010dast\u00edc (DPF). \u00a0<\/p><\/div><\/section><\/div><\/div>\n\t\t\t\t<\/div>\n\t\t\t\t\t\t\t\t<\/div>\n\t\t\t\t\t\t<\/div>\n\t\t\t\t<\/div>\n\t\t\t\t\t<\/div>\n\t\t<\/div>\n\t\t\t\t\t<\/div>\n\t\t<\/section>\n\t\t\t\t<section class=\"elementor-section elementor-top-section elementor-element elementor-element-b971897 elementor-section-boxed elementor-section-height-default elementor-section-height-default\" data-id=\"b971897\" data-element_type=\"section\" data-e-type=\"section\">\n\t\t\t\t\t\t<div class=\"elementor-container elementor-column-gap-default\">\n\t\t\t\t\t<div class=\"elementor-column elementor-col-100 elementor-top-column elementor-element elementor-element-3a3f5af\" data-id=\"3a3f5af\" data-element_type=\"column\" data-e-type=\"column\">\n\t\t\t<div class=\"elementor-widget-wrap elementor-element-populated\">\n\t\t\t\t\t\t<div class=\"elementor-element elementor-element-63fa635 elementor-widget elementor-widget-text-editor\" data-id=\"63fa635\" data-element_type=\"widget\" data-e-type=\"widget\" data-widget_type=\"text-editor.default\">\n\t\t\t\t<div class=\"elementor-widget-container\">\n\t\t\t\t\t\t\t\t\t<p><strong>Na\u0161i rie\u0161itelia probl\u00e9mov<\/strong><\/p>\t\t\t\t\t\t\t\t<\/div>\n\t\t\t\t<\/div>\n\t\t\t\t<div class=\"elementor-element elementor-element-7ac161f elementor-widget elementor-widget-the7-elements-woo-carousel\" data-id=\"7ac161f\" data-element_type=\"widget\" data-e-type=\"widget\" data-widget_type=\"the7-elements-woo-carousel.default\">\n\t\t\t\t<div class=\"elementor-widget-container\">\n\t\t\t\t\t<div class=\"owl-carousel products-carousel-shortcode dt-owl-carousel-call the7-elements-woo-carousel-7ac161f cart-btn-below-img bullets-small-dot-stroke reposition-arrows arrows-bg-on dt-arrow-border-on dt-arrow-hover-border-on disable-arrows-hover-bg arrows-hover-bg-on wc-img-hover hide-description\" data-scroll-mode=\"1\" data-wide-col-num=\"4\" data-col-num=\"3\" data-laptop-col=\"3\" data-h-tablet-columns-num=\"2\" data-v-tablet-columns-num=\"2\" data-phone-columns-num=\"1\" data-auto-height=\"false\" data-col-gap=\"15\" data-stage-padding=\"0\" data-speed=\"600\" data-autoplay=\"false\" data-autoplay_speed=\"6000\" data-arrows=\"true\" data-bullet=\"false\" data-next-icon=\"fas fa-chevron-right\" data-prev-icon=\"fas fa-chevron-left\"><article class=\"post post-906 product type-product status-publish has-post-thumbnail product_brand-mvg-mathe-schmierstofftechnik-gmbh product_cat-kraftstoffsystem description-off first instock taxable shipping-taxable purchasable product-type-variable\" ><figure class=\"woocom-project\">\n\t<div class=\"woo-buttons-on-img\">\n\n\t\t<a href=\"https:\/\/mathy-austria.com\/sk\/produkt\/mathy-d\/\" class=\"alignnone layzr-bg\"><img fetchpriority=\"high\" decoding=\"async\" width=\"300\" height=\"300\" src=\"data:image\/svg+xml;charset=utf-8,%3Csvg xmlns%3D&#039;http%3A%2F%2Fwww.w3.org%2F2000%2Fsvg&#039; viewBox%3D&#039;0 0 300 300&#039;%2F%3E\" class=\"attachment-woocommerce_thumbnail size-woocommerce_thumbnail owl-lazy-load preload-me\" alt=\"MATHY-D\" data-src=\"https:\/\/mathy-austria.com\/wp-content\/uploads\/2019\/08\/products-mathy-d-diesel-systemreiniger_250ml-300x300.jpg\" data-srcset=\"https:\/\/mathy-austria.com\/wp-content\/uploads\/2019\/08\/products-mathy-d-diesel-systemreiniger_250ml-300x300.jpg 300w, https:\/\/mathy-austria.com\/wp-content\/uploads\/2019\/08\/products-mathy-d-diesel-systemreiniger_250ml-200x200.jpg 200w, https:\/\/mathy-austria.com\/wp-content\/uploads\/2019\/08\/products-mathy-d-diesel-systemreiniger_250ml.jpg 150w, https:\/\/mathy-austria.com\/wp-content\/uploads\/2019\/08\/products-mathy-d-diesel-systemreiniger_250ml.jpg 475w\" \/><img decoding=\"async\" width=\"300\" height=\"300\" src=\"data:image\/svg+xml;charset=utf-8,%3Csvg xmlns%3D&#039;http%3A%2F%2Fwww.w3.org%2F2000%2Fsvg&#039; viewBox%3D&#039;0 0 300 300&#039;%2F%3E\" class=\"show-on-hover back-image owl-lazy-load preload-me\" alt=\"\" data-src=\"https:\/\/mathy-austria.com\/wp-content\/uploads\/2014\/04\/mathy-d_diesel_systemreiniger_3x250ml-Kopie-300x300.jpg\" data-srcset=\"https:\/\/mathy-austria.com\/wp-content\/uploads\/2014\/04\/mathy-d_diesel_systemreiniger_3x250ml-Kopie-300x300.jpg 300w, https:\/\/mathy-austria.com\/wp-content\/uploads\/2014\/04\/mathy-d_diesel_systemreiniger_3x250ml-Kopie-1024x1024.jpg 1024w, https:\/\/mathy-austria.com\/wp-content\/uploads\/2014\/04\/mathy-d_diesel_systemreiniger_3x250ml-Kopie-150x150.jpg 150w, https:\/\/mathy-austria.com\/wp-content\/uploads\/2014\/04\/mathy-d_diesel_systemreiniger_3x250ml-Kopie-768x768.jpg 768w, https:\/\/mathy-austria.com\/wp-content\/uploads\/2014\/04\/mathy-d_diesel_systemreiniger_3x250ml-Kopie-1536x1536.jpg 1536w, https:\/\/mathy-austria.com\/wp-content\/uploads\/2014\/04\/mathy-d_diesel_systemreiniger_3x250ml-Kopie-600x600.jpg 600w, https:\/\/mathy-austria.com\/wp-content\/uploads\/2014\/04\/mathy-d_diesel_systemreiniger_3x250ml-Kopie-200x200.jpg 200w, https:\/\/mathy-austria.com\/wp-content\/uploads\/2014\/04\/mathy-d_diesel_systemreiniger_3x250ml-Kopie.jpg 1772w\" \/><\/a>\n\t<\/div>\n\t<figcaption class=\"woocom-list-content\">\n\n\t\t<div class=\"woo-buttons\"><a href=\"https:\/\/mathy-austria.com\/sk\/produkt\/mathy-d\/\" aria-describedby=\"woocommerce_loop_add_to_cart_link_describedby_906\" data-quantity=\"1\" class=\"product_type_variable add_to_cart_button\" data-product_id=\"906\" data-product_sku=\"1290-999\" aria-label=\"V\u00fdber nastaven\u00ed pre \u201cMATHY-D\u201d\" rel=\"nofollow\" data-no-translation=\"\" data-trp-gettext=\"\" data-no-translation-aria-label=\"\">V\u00fdber mo\u017enost\u00ed<\/a>\t<span id=\"woocommerce_loop_add_to_cart_link_describedby_906\" class=\"screen-reader-text\">\n\t\tTento v\u00fdrobok m\u00e1 viacero variantov. Varianty si m\u00f4\u017eete vybra\u0165 na str\u00e1nke produktu\t<\/span>\n<\/div>\n\t<\/figcaption>\n<\/figure>\n<\/article><article class=\"post post-904 product type-product status-publish has-post-thumbnail product_brand-mvg-mathe-schmierstofftechnik-gmbh product_cat-kraftstoffsystem description-off  instock taxable shipping-taxable purchasable product-type-variable\" ><figure class=\"woocom-project\">\n\t<div class=\"woo-buttons-on-img\">\n\n\t\t<a href=\"https:\/\/mathy-austria.com\/sk\/produkt\/mathy-be\/\" class=\"alignnone layzr-bg\"><img decoding=\"async\" width=\"300\" height=\"300\" src=\"data:image\/svg+xml;charset=utf-8,%3Csvg xmlns%3D&#039;http%3A%2F%2Fwww.w3.org%2F2000%2Fsvg&#039; viewBox%3D&#039;0 0 300 300&#039;%2F%3E\" class=\"attachment-woocommerce_thumbnail size-woocommerce_thumbnail owl-lazy-load preload-me\" alt=\"MATHY-BE\" data-src=\"https:\/\/mathy-austria.com\/wp-content\/uploads\/2019\/08\/products-mathy-be_benzin-systemreiniger_250ml-300x300.jpg\" data-srcset=\"https:\/\/mathy-austria.com\/wp-content\/uploads\/2019\/08\/products-mathy-be_benzin-systemreiniger_250ml-300x300.jpg 300w, https:\/\/mathy-austria.com\/wp-content\/uploads\/2019\/08\/products-mathy-be_benzin-systemreiniger_250ml-200x200.jpg 200w, https:\/\/mathy-austria.com\/wp-content\/uploads\/2019\/08\/products-mathy-be_benzin-systemreiniger_250ml.jpg 150w, https:\/\/mathy-austria.com\/wp-content\/uploads\/2019\/08\/products-mathy-be_benzin-systemreiniger_250ml.jpg 475w\" \/><img loading=\"lazy\" decoding=\"async\" width=\"300\" height=\"300\" src=\"data:image\/svg+xml;charset=utf-8,%3Csvg xmlns%3D&#039;http%3A%2F%2Fwww.w3.org%2F2000%2Fsvg&#039; viewBox%3D&#039;0 0 300 300&#039;%2F%3E\" class=\"show-on-hover back-image owl-lazy-load preload-me\" alt=\"\" data-src=\"https:\/\/mathy-austria.com\/wp-content\/uploads\/2014\/04\/mathy-be-benzin-Systemreiniger_3x2500ml-300x300.jpg\" data-srcset=\"https:\/\/mathy-austria.com\/wp-content\/uploads\/2014\/04\/mathy-be-benzin-Systemreiniger_3x2500ml-300x300.jpg 300w, https:\/\/mathy-austria.com\/wp-content\/uploads\/2014\/04\/mathy-be-benzin-Systemreiniger_3x2500ml-1024x1024.jpg 1024w, https:\/\/mathy-austria.com\/wp-content\/uploads\/2014\/04\/mathy-be-benzin-Systemreiniger_3x2500ml-150x150.jpg 150w, https:\/\/mathy-austria.com\/wp-content\/uploads\/2014\/04\/mathy-be-benzin-Systemreiniger_3x2500ml-768x768.jpg 768w, https:\/\/mathy-austria.com\/wp-content\/uploads\/2014\/04\/mathy-be-benzin-Systemreiniger_3x2500ml-1536x1536.jpg 1536w, https:\/\/mathy-austria.com\/wp-content\/uploads\/2014\/04\/mathy-be-benzin-Systemreiniger_3x2500ml-600x600.jpg 600w, https:\/\/mathy-austria.com\/wp-content\/uploads\/2014\/04\/mathy-be-benzin-Systemreiniger_3x2500ml-200x200.jpg 200w, https:\/\/mathy-austria.com\/wp-content\/uploads\/2014\/04\/mathy-be-benzin-Systemreiniger_3x2500ml.jpg 1772w\" \/><\/a>\n\t<\/div>\n\t<figcaption class=\"woocom-list-content\">\n\n\t\t<div class=\"woo-buttons\"><a href=\"https:\/\/mathy-austria.com\/sk\/produkt\/mathy-be\/\" aria-describedby=\"woocommerce_loop_add_to_cart_link_describedby_904\" data-quantity=\"1\" class=\"product_type_variable add_to_cart_button\" data-product_id=\"904\" data-product_sku=\"1270-999\" aria-label=\"V\u00fdber nastaven\u00ed pre \u201cMATHY-BE\u201d\" rel=\"nofollow\" data-no-translation=\"\" data-trp-gettext=\"\" data-no-translation-aria-label=\"\">V\u00fdber mo\u017enost\u00ed<\/a>\t<span id=\"woocommerce_loop_add_to_cart_link_describedby_904\" class=\"screen-reader-text\">\n\t\tTento v\u00fdrobok m\u00e1 viacero variantov. Varianty si m\u00f4\u017eete vybra\u0165 na str\u00e1nke produktu\t<\/span>\n<\/div>\n\t<\/figcaption>\n<\/figure>\n<\/article><\/div>\t\t\t\t<\/div>\n\t\t\t\t<\/div>\n\t\t\t\t\t<\/div>\n\t\t<\/div>\n\t\t\t\t\t<\/div>\n\t\t<\/section>\n\t\t\t\t<\/div>","protected":false},"excerpt":{"rendered":"<p>Vysoko \u00fa\u010dinn\u00e9 pr\u00edsady pre v\u00e4\u010d\u0161\u00ed V\u00ddKON. Jednoduch\u00e1 aplik\u00e1cia cez n\u00e1dr\u017e. Len \u010dist\u00fd palivov\u00fd syst\u00e9m zais\u0165uje optim\u00e1lne spa\u013eovanie pri plnom za\u0165a\u017een\u00ed. Pr\u00edsady do paliva MATHY \u010distia v\u0161etky komponenty, ktor\u00e9 s\u00fa vystaven\u00e9 palivu, a pri nepretr\u017eitom pou\u017e\u00edvan\u00ed ich udr\u017eiavaj\u00fa \u010dist\u00e9. Ventily a sedl\u00e1 ventilov sa jemne zbavia uhl\u00edkov\u00fdch usaden\u00edn a op\u00e4\u0165 sa \u00faplne zatvoria. Usadeniny na vstrekovac\u00edch trysk\u00e1ch sa rozlo\u017eia a zlep\u0161\u00ed sa rozstrekovac\u00ed obraz. V\u00fdhody v skratke: \u010cistenie\u2026<\/p>","protected":false},"author":1,"featured_media":0,"parent":2127,"menu_order":0,"comment_status":"closed","ping_status":"closed","template":"","meta":{"footnotes":""},"class_list":["post-2448","page","type-page","status-publish","hentry"],"_links":{"self":[{"href":"https:\/\/mathy-austria.com\/sk\/wp-json\/wp\/v2\/pages\/2448","targetHints":{"allow":["GET"]}}],"collection":[{"href":"https:\/\/mathy-austria.com\/sk\/wp-json\/wp\/v2\/pages"}],"about":[{"href":"https:\/\/mathy-austria.com\/sk\/wp-json\/wp\/v2\/types\/page"}],"author":[{"embeddable":true,"href":"https:\/\/mathy-austria.com\/sk\/wp-json\/wp\/v2\/users\/1"}],"replies":[{"embeddable":true,"href":"https:\/\/mathy-austria.com\/sk\/wp-json\/wp\/v2\/comments?post=2448"}],"version-history":[{"count":0,"href":"https:\/\/mathy-austria.com\/sk\/wp-json\/wp\/v2\/pages\/2448\/revisions"}],"up":[{"embeddable":true,"href":"https:\/\/mathy-austria.com\/sk\/wp-json\/wp\/v2\/pages\/2127"}],"wp:attachment":[{"href":"https:\/\/mathy-austria.com\/sk\/wp-json\/wp\/v2\/media?parent=2448"}],"curies":[{"name":"wp","href":"https:\/\/api.w.org\/{rel}","templated":true}]}}