{"id":2430,"date":"2020-09-01T12:24:48","date_gmt":"2020-09-01T10:24:48","guid":{"rendered":"https:\/\/mathy-austria.com\/?page_id=2430"},"modified":"2020-09-22T19:57:43","modified_gmt":"2020-09-22T17:57:43","slug":"motoroel-additive","status":"publish","type":"page","link":"https:\/\/mathy-austria.com\/sk\/anwendung\/motorsport\/motoroel-additive\/","title":{"rendered":"Pr\u00edsady do motorov\u00e9ho oleja"},"content":{"rendered":"<div data-elementor-type=\"wp-page\" data-elementor-id=\"2430\" class=\"elementor elementor-2430\" data-elementor-post-type=\"page\">\n\t\t\t\t\t\t<section class=\"elementor-section elementor-top-section elementor-element elementor-element-17d99ff elementor-section-boxed elementor-section-height-default elementor-section-height-default\" data-id=\"17d99ff\" data-element_type=\"section\" data-e-type=\"section\">\n\t\t\t\t\t\t<div class=\"elementor-container elementor-column-gap-default\">\n\t\t\t\t\t<div class=\"elementor-column elementor-col-100 elementor-top-column elementor-element elementor-element-722c005\" data-id=\"722c005\" data-element_type=\"column\" data-e-type=\"column\">\n\t\t\t<div class=\"elementor-widget-wrap elementor-element-populated\">\n\t\t\t\t\t\t<div class=\"elementor-element elementor-element-253b668 elementor-widget elementor-widget-text-editor\" data-id=\"253b668\" data-element_type=\"widget\" data-e-type=\"widget\" data-widget_type=\"text-editor.default\">\n\t\t\t\t<div class=\"elementor-widget-container\">\n\t\t\t\t\t\t\t\t\t<div class=\"page-header\"><h1 class=\"\">\u00dcber 70 Jahre Erfahrung im Rennsport<\/h1><div id=\"c713\" class=\"frame frame-default frame-type-textmedia frame-layout-0\"><div class=\"ce-textpic ce-right ce-intext\"><div class=\"ce-bodytext\"><p class=\"lead\"><strong>Nur optimale Schmierperformance sch\u00fctzt Rennmotoren langfristig<\/strong><\/p><p>Viele Rennsportteams versuchen permanent mehr Leistung aus den Rennmotoren heraus zu kitzeln. Oft geht es nur um wenige Pferdest\u00e4rken. Aber auf genau diese kommt es an, um am Ende erfolgreich \u00fcber die Ziellinie zu fahren.<\/p><p>Durch den Einsatz von MATHY-M Motoren\u00f6l-Additiv werden Rennmotoren sicher an ihre Leistungsgrenze gebracht. Es reduziert den inneren Widerstand und l\u00e4\u00dft die gesamte Kraft am Rad ankommen. MATHY-M zeichnet sich durch hervorragende Notlaufeigenschaften aus. In extrem Situationen bleibt der Schmierfilm erhalten und sch\u00fctzt den Motor vor Sch\u00e4den.<\/p><\/div><\/div><\/div><\/div>\t\t\t\t\t\t\t\t<\/div>\n\t\t\t\t<\/div>\n\t\t\t\t<div class=\"elementor-element elementor-element-448852b elementor-widget elementor-widget-text-editor\" data-id=\"448852b\" data-element_type=\"widget\" data-e-type=\"widget\" data-widget_type=\"text-editor.default\">\n\t\t\t\t<div class=\"elementor-widget-container\">\n\t\t\t\t\t\t\t\t\t<h2>Preh\u013ead v\u00fdhod<\/h2><ul><li>Reduzierung der \u00d6ltemperatur<\/li><li>Optimierung der Leistung<\/li><li>Verbesserung der Notlaufeigenschaften<\/li><li>Verschlei\u00dfreduzierung<\/li><\/ul>\t\t\t\t\t\t\t\t<\/div>\n\t\t\t\t<\/div>\n\t\t\t\t\t<\/div>\n\t\t<\/div>\n\t\t\t\t\t<\/div>\n\t\t<\/section>\n\t\t\t\t<section class=\"elementor-section elementor-top-section elementor-element elementor-element-94528d8 elementor-section-boxed elementor-section-height-default elementor-section-height-default\" data-id=\"94528d8\" data-element_type=\"section\" data-e-type=\"section\">\n\t\t\t\t\t\t<div class=\"elementor-container elementor-column-gap-default\">\n\t\t\t\t\t<div class=\"elementor-column elementor-col-100 elementor-top-column elementor-element elementor-element-2d5524d4\" data-id=\"2d5524d4\" data-element_type=\"column\" data-e-type=\"column\">\n\t\t\t<div class=\"elementor-widget-wrap elementor-element-populated\">\n\t\t\t\t\t\t<div class=\"elementor-element elementor-element-14790e9e elementor-widget elementor-widget-heading\" data-id=\"14790e9e\" data-element_type=\"widget\" data-e-type=\"widget\" data-widget_type=\"heading.default\">\n\t\t\t\t<div class=\"elementor-widget-container\">\n\t\t\t\t\t<h2 class=\"elementor-heading-title elementor-size-default\">\u010casto kladen\u00e9 ot\u00e1zky o pretekoch<\/h2>\t\t\t\t<\/div>\n\t\t\t\t<\/div>\n\t\t\t\t<div class=\"elementor-element elementor-element-4f9f1ee5 elementor-widget elementor-widget-accordion\" data-id=\"4f9f1ee5\" data-element_type=\"widget\" data-e-type=\"widget\" data-widget_type=\"accordion.default\">\n\t\t\t\t<div class=\"elementor-widget-container\">\n\t\t\t\t\t\t\t<div class=\"elementor-accordion\">\n\t\t\t\t\t\t\t<div class=\"elementor-accordion-item\">\n\t\t\t\t\t<div id=\"elementor-tab-title-1331\" class=\"elementor-tab-title\" data-tab=\"1\" role=\"button\" aria-controls=\"elementor-tab-content-1331\" aria-expanded=\"false\">\n\t\t\t\t\t\t\t\t\t\t\t\t\t<span class=\"elementor-accordion-icon elementor-accordion-icon-left\" aria-hidden=\"true\">\n\t\t\t\t\t\t\t\t\t\t\t\t\t\t\t<span class=\"elementor-accordion-icon-closed\"><i class=\"fas fa-plus\"><\/i><\/span>\n\t\t\t\t\t\t\t\t<span class=\"elementor-accordion-icon-opened\"><i class=\"fas fa-minus\"><\/i><\/span>\n\t\t\t\t\t\t\t\t\t\t\t\t\t\t<\/span>\n\t\t\t\t\t\t\t\t\t\t\t\t<a class=\"elementor-accordion-title\" tabindex=\"0\">Wie wird MATHY-M in Rennmotoren eingesetzt?<\/a>\n\t\t\t\t\t<\/div>\n\t\t\t\t\t<div id=\"elementor-tab-content-1331\" class=\"elementor-tab-content elementor-clearfix\" data-tab=\"1\" role=\"region\" aria-labelledby=\"elementor-tab-title-1331\"><section class=\"m-accordion-item js-accordion-item m-accordion--open\"><div class=\"m-accordion-content js-accordion-content\"><p>Nach dem \u00d6lwechsel wird 20% MATHY-M dem frischen Motoren\u00f6l zugegeben. Sobald der Motor die Betriebstemperatur erreicht hat, geht MATHY-M eine stabile Verbindung mit dem Motoren\u00f6l ein.<\/p><\/div><\/section><section class=\"m-accordion-item js-accordion-item\"><\/section><\/div>\n\t\t\t\t<\/div>\n\t\t\t\t\t\t\t<div class=\"elementor-accordion-item\">\n\t\t\t\t\t<div id=\"elementor-tab-title-1332\" class=\"elementor-tab-title\" data-tab=\"2\" role=\"button\" aria-controls=\"elementor-tab-content-1332\" aria-expanded=\"false\">\n\t\t\t\t\t\t\t\t\t\t\t\t\t<span class=\"elementor-accordion-icon elementor-accordion-icon-left\" aria-hidden=\"true\">\n\t\t\t\t\t\t\t\t\t\t\t\t\t\t\t<span class=\"elementor-accordion-icon-closed\"><i class=\"fas fa-plus\"><\/i><\/span>\n\t\t\t\t\t\t\t\t<span class=\"elementor-accordion-icon-opened\"><i class=\"fas fa-minus\"><\/i><\/span>\n\t\t\t\t\t\t\t\t\t\t\t\t\t\t<\/span>\n\t\t\t\t\t\t\t\t\t\t\t\t<a class=\"elementor-accordion-title\" tabindex=\"0\">Sind in MATHY-M Feststoffe enthalten?<\/a>\n\t\t\t\t\t<\/div>\n\t\t\t\t\t<div id=\"elementor-tab-content-1332\" class=\"elementor-tab-content elementor-clearfix\" data-tab=\"2\" role=\"region\" aria-labelledby=\"elementor-tab-title-1332\"><section class=\"m-accordion-item js-accordion-item m-accordion--open\"><div class=\"m-accordion-content js-accordion-content\"><p>MATHY-M Motoren\u00f6l-Additiv ist frei von Feststoffen. Die Technologie basiert auf fl\u00fcssigen Kohlenwasserstoffverbindungen.\u00a0<\/p><\/div><\/section><section class=\"m-accordion-item js-accordion-item\"><\/section><\/div>\n\t\t\t\t<\/div>\n\t\t\t\t\t\t\t<div class=\"elementor-accordion-item\">\n\t\t\t\t\t<div id=\"elementor-tab-title-1333\" class=\"elementor-tab-title\" data-tab=\"3\" role=\"button\" aria-controls=\"elementor-tab-content-1333\" aria-expanded=\"false\">\n\t\t\t\t\t\t\t\t\t\t\t\t\t<span class=\"elementor-accordion-icon elementor-accordion-icon-left\" aria-hidden=\"true\">\n\t\t\t\t\t\t\t\t\t\t\t\t\t\t\t<span class=\"elementor-accordion-icon-closed\"><i class=\"fas fa-plus\"><\/i><\/span>\n\t\t\t\t\t\t\t\t<span class=\"elementor-accordion-icon-opened\"><i class=\"fas fa-minus\"><\/i><\/span>\n\t\t\t\t\t\t\t\t\t\t\t\t\t\t<\/span>\n\t\t\t\t\t\t\t\t\t\t\t\t<a class=\"elementor-accordion-title\" tabindex=\"0\">Kann MATHY-M bei einem neuen Rennmotor eingesetzt werden?<\/a>\n\t\t\t\t\t<\/div>\n\t\t\t\t\t<div id=\"elementor-tab-content-1333\" class=\"elementor-tab-content elementor-clearfix\" data-tab=\"3\" role=\"region\" aria-labelledby=\"elementor-tab-title-1333\"><section class=\"m-accordion-item js-accordion-item m-accordion--open\"><div class=\"m-accordion-content js-accordion-content\"><p>Gerade bei neuen Rennmotoren kann MATHY-M sofort seine sch\u00fctzenden Eigenschaften entwickeln. H\u00f6chster Verschlei\u00dfschutz von Anfang an sichert eine st\u00f6rungsfreie Rennsaison.\u00a0<\/p><\/div><\/section><section class=\"m-accordion-item js-accordion-item js-accordion-item--last\"><\/section><\/div>\n\t\t\t\t<\/div>\n\t\t\t\t\t\t\t<div class=\"elementor-accordion-item\">\n\t\t\t\t\t<div id=\"elementor-tab-title-1334\" class=\"elementor-tab-title\" data-tab=\"4\" role=\"button\" aria-controls=\"elementor-tab-content-1334\" aria-expanded=\"false\">\n\t\t\t\t\t\t\t\t\t\t\t\t\t<span class=\"elementor-accordion-icon elementor-accordion-icon-left\" aria-hidden=\"true\">\n\t\t\t\t\t\t\t\t\t\t\t\t\t\t\t<span class=\"elementor-accordion-icon-closed\"><i class=\"fas fa-plus\"><\/i><\/span>\n\t\t\t\t\t\t\t\t<span class=\"elementor-accordion-icon-opened\"><i class=\"fas fa-minus\"><\/i><\/span>\n\t\t\t\t\t\t\t\t\t\t\t\t\t\t<\/span>\n\t\t\t\t\t\t\t\t\t\t\t\t<a class=\"elementor-accordion-title\" tabindex=\"0\">Welche Erfahrungen gibt es mit dem Einsatz von MATHY-M in Rennmotoren?<\/a>\n\t\t\t\t\t<\/div>\n\t\t\t\t\t<div id=\"elementor-tab-content-1334\" class=\"elementor-tab-content elementor-clearfix\" data-tab=\"4\" role=\"region\" aria-labelledby=\"elementor-tab-title-1334\"><div class=\"m-accordion js-accordion\"><section class=\"m-accordion-item js-accordion-item js-accordion-item--last m-accordion--open\"><div class=\"m-accordion-content js-accordion-content\"><p>Erfolgreiche Rennfahrer in unterschiedlichen Serien setzen seit vielen Jahren MATHY-M im Motorsport ein. Weltrekorde, Europameisterschaften, Deutsche Meisterschaften und historischer Rennsport sind nur ein kleiner Teil von Erfolgen in den letzten Jahrzehnten.<\/p><\/div><\/section><\/div><\/div>\n\t\t\t\t<\/div>\n\t\t\t\t\t\t\t\t<\/div>\n\t\t\t\t\t\t<\/div>\n\t\t\t\t<\/div>\n\t\t\t\t\t<\/div>\n\t\t<\/div>\n\t\t\t\t\t<\/div>\n\t\t<\/section>\n\t\t\t\t<section class=\"elementor-section elementor-top-section elementor-element elementor-element-b971897 elementor-section-boxed elementor-section-height-default elementor-section-height-default\" data-id=\"b971897\" data-element_type=\"section\" data-e-type=\"section\">\n\t\t\t\t\t\t<div class=\"elementor-container elementor-column-gap-default\">\n\t\t\t\t\t<div class=\"elementor-column elementor-col-100 elementor-top-column elementor-element elementor-element-3a3f5af\" data-id=\"3a3f5af\" data-element_type=\"column\" data-e-type=\"column\">\n\t\t\t<div class=\"elementor-widget-wrap elementor-element-populated\">\n\t\t\t\t\t\t<div class=\"elementor-element elementor-element-63fa635 elementor-widget elementor-widget-text-editor\" data-id=\"63fa635\" data-element_type=\"widget\" data-e-type=\"widget\" data-widget_type=\"text-editor.default\">\n\t\t\t\t<div class=\"elementor-widget-container\">\n\t\t\t\t\t\t\t\t\t<div id=\"c1578\" class=\"frame frame-default frame-type-textmedia frame-layout-0\"><div class=\"ce-textpic ce-right ce-intext\"><div class=\"ce-bodytext\"><div id=\"c1207\" class=\"frame frame-default frame-type-textmedia frame-layout-0\"><div class=\"ce-textpic ce-right ce-intext\"><div class=\"ce-bodytext\"><h3>Unsere Probleml\u00f6ser f\u00fcr den Motor<\/h3><\/div><\/div><\/div><\/div><\/div><\/div>\t\t\t\t\t\t\t\t<\/div>\n\t\t\t\t<\/div>\n\t\t\t\t<div class=\"elementor-element elementor-element-7ac161f elementor-widget elementor-widget-the7-elements-woo-carousel\" data-id=\"7ac161f\" data-element_type=\"widget\" data-e-type=\"widget\" data-widget_type=\"the7-elements-woo-carousel.default\">\n\t\t\t\t<div class=\"elementor-widget-container\">\n\t\t\t\t\t<div class=\"owl-carousel products-carousel-shortcode dt-owl-carousel-call the7-elements-woo-carousel-7ac161f cart-btn-below-img bullets-small-dot-stroke reposition-arrows arrows-bg-on dt-arrow-border-on dt-arrow-hover-border-on disable-arrows-hover-bg arrows-hover-bg-on wc-img-hover hide-description\" data-scroll-mode=\"1\" data-wide-col-num=\"4\" data-col-num=\"3\" data-laptop-col=\"3\" data-h-tablet-columns-num=\"2\" data-v-tablet-columns-num=\"2\" data-phone-columns-num=\"1\" data-auto-height=\"false\" data-col-gap=\"15\" data-stage-padding=\"0\" data-speed=\"600\" data-autoplay=\"false\" data-autoplay_speed=\"6000\" data-arrows=\"true\" data-bullet=\"false\" data-next-icon=\"fas fa-chevron-right\" data-prev-icon=\"fas fa-chevron-left\"><article class=\"post post-1107 product type-product status-publish has-post-thumbnail product_brand-mvg-mathe-schmierstofftechnik-gmbh product_cat-motor product_cat-motorenoel description-off first instock taxable shipping-taxable purchasable product-type-variable\" ><figure class=\"woocom-project\">\n\t<div class=\"woo-buttons-on-img\">\n\n\t\t<a href=\"https:\/\/mathy-austria.com\/sk\/produkt\/sae-10w-60-racing\/\" class=\"alignnone layzr-bg\"><img fetchpriority=\"high\" decoding=\"async\" width=\"300\" height=\"300\" src=\"data:image\/svg+xml;charset=utf-8,%3Csvg xmlns%3D&#039;http%3A%2F%2Fwww.w3.org%2F2000%2Fsvg&#039; viewBox%3D&#039;0 0 300 300&#039;%2F%3E\" class=\"attachment-woocommerce_thumbnail size-woocommerce_thumbnail owl-lazy-load preload-me\" alt=\"SAE 10W-60 Racing\" data-src=\"https:\/\/mathy-austria.com\/wp-content\/uploads\/2015\/09\/mathy_sae_10w60_racing_motorenoel_1_liter-300x300.jpg\" data-srcset=\"https:\/\/mathy-austria.com\/wp-content\/uploads\/2015\/09\/mathy_sae_10w60_racing_motorenoel_1_liter-300x300.jpg 300w, https:\/\/mathy-austria.com\/wp-content\/uploads\/2015\/09\/mathy_sae_10w60_racing_motorenoel_1_liter-1024x1024.jpg 1024w, https:\/\/mathy-austria.com\/wp-content\/uploads\/2015\/09\/mathy_sae_10w60_racing_motorenoel_1_liter-150x150.jpg 150w, https:\/\/mathy-austria.com\/wp-content\/uploads\/2015\/09\/mathy_sae_10w60_racing_motorenoel_1_liter-768x768.jpg 768w, https:\/\/mathy-austria.com\/wp-content\/uploads\/2015\/09\/mathy_sae_10w60_racing_motorenoel_1_liter-1536x1536.jpg 1536w, https:\/\/mathy-austria.com\/wp-content\/uploads\/2015\/09\/mathy_sae_10w60_racing_motorenoel_1_liter-600x600.jpg 600w, https:\/\/mathy-austria.com\/wp-content\/uploads\/2015\/09\/mathy_sae_10w60_racing_motorenoel_1_liter-200x200.jpg 200w, https:\/\/mathy-austria.com\/wp-content\/uploads\/2015\/09\/mathy_sae_10w60_racing_motorenoel_1_liter.jpg 1600w\" \/><img decoding=\"async\" width=\"300\" height=\"300\" src=\"data:image\/svg+xml;charset=utf-8,%3Csvg xmlns%3D&#039;http%3A%2F%2Fwww.w3.org%2F2000%2Fsvg&#039; viewBox%3D&#039;0 0 300 300&#039;%2F%3E\" class=\"show-on-hover back-image owl-lazy-load preload-me\" alt=\"\" data-src=\"https:\/\/mathy-austria.com\/wp-content\/uploads\/2015\/09\/mathy_sae_10w60_racing_motorenoel_5_liter-1-300x300.jpg\" data-srcset=\"https:\/\/mathy-austria.com\/wp-content\/uploads\/2015\/09\/mathy_sae_10w60_racing_motorenoel_5_liter-1-300x300.jpg 300w, https:\/\/mathy-austria.com\/wp-content\/uploads\/2015\/09\/mathy_sae_10w60_racing_motorenoel_5_liter-1-1024x1024.jpg 1024w, https:\/\/mathy-austria.com\/wp-content\/uploads\/2015\/09\/mathy_sae_10w60_racing_motorenoel_5_liter-1-150x150.jpg 150w, https:\/\/mathy-austria.com\/wp-content\/uploads\/2015\/09\/mathy_sae_10w60_racing_motorenoel_5_liter-1-768x768.jpg 768w, https:\/\/mathy-austria.com\/wp-content\/uploads\/2015\/09\/mathy_sae_10w60_racing_motorenoel_5_liter-1-1536x1536.jpg 1536w, https:\/\/mathy-austria.com\/wp-content\/uploads\/2015\/09\/mathy_sae_10w60_racing_motorenoel_5_liter-1-600x600.jpg 600w, https:\/\/mathy-austria.com\/wp-content\/uploads\/2015\/09\/mathy_sae_10w60_racing_motorenoel_5_liter-1-200x200.jpg 200w, https:\/\/mathy-austria.com\/wp-content\/uploads\/2015\/09\/mathy_sae_10w60_racing_motorenoel_5_liter-1.jpg 1600w\" \/><\/a>\n\t<\/div>\n\t<figcaption class=\"woocom-list-content\">\n\n\t\t<div class=\"woo-buttons\"><a href=\"https:\/\/mathy-austria.com\/sk\/produkt\/sae-10w-60-racing\/\" aria-describedby=\"woocommerce_loop_add_to_cart_link_describedby_1107\" data-quantity=\"1\" class=\"product_type_variable add_to_cart_button\" data-product_id=\"1107\" data-product_sku=\"1175-999\" aria-label=\"V\u00fdber nastaven\u00ed pre \u201cSAE 10W-60 Racing\u201d\" rel=\"nofollow\" data-no-translation=\"\" data-trp-gettext=\"\" data-no-translation-aria-label=\"\">V\u00fdber mo\u017enost\u00ed<\/a>\t<span id=\"woocommerce_loop_add_to_cart_link_describedby_1107\" class=\"screen-reader-text\">\n\t\tTento v\u00fdrobok m\u00e1 viacero variantov. Varianty si m\u00f4\u017eete vybra\u0165 na str\u00e1nke produktu\t<\/span>\n<\/div>\n\t<\/figcaption>\n<\/figure>\n<\/article><article class=\"post post-902 product type-product status-publish has-post-thumbnail product_brand-mvg-mathe-schmierstofftechnik-gmbh product_cat-motor product_cat-spitzenreiter description-off  instock taxable shipping-taxable purchasable product-type-variable\" ><figure class=\"woocom-project\">\n\t<div class=\"woo-buttons-on-img\">\n\n\t\t<a href=\"https:\/\/mathy-austria.com\/sk\/produkt\/mathy-m-1l-das-motorenol-additiv-bestseller\/\" class=\"alignnone layzr-bg\"><img decoding=\"async\" width=\"300\" height=\"300\" src=\"data:image\/svg+xml;charset=utf-8,%3Csvg xmlns%3D&#039;http%3A%2F%2Fwww.w3.org%2F2000%2Fsvg&#039; viewBox%3D&#039;0 0 300 300&#039;%2F%3E\" class=\"attachment-woocommerce_thumbnail size-woocommerce_thumbnail owl-lazy-load preload-me\" alt=\"MATHY-M\" data-src=\"https:\/\/mathy-austria.com\/wp-content\/uploads\/2014\/04\/products-mathy-m-1l_600x600px2-300x300.jpg\" data-srcset=\"https:\/\/mathy-austria.com\/wp-content\/uploads\/2014\/04\/products-mathy-m-1l_600x600px2-300x300.jpg 300w, https:\/\/mathy-austria.com\/wp-content\/uploads\/2014\/04\/products-mathy-m-1l_600x600px2-200x200.jpg 200w, https:\/\/mathy-austria.com\/wp-content\/uploads\/2014\/04\/products-mathy-m-1l_600x600px2.jpg 150w, https:\/\/mathy-austria.com\/wp-content\/uploads\/2014\/04\/products-mathy-m-1l_600x600px2.jpg 600w\" \/><img loading=\"lazy\" decoding=\"async\" width=\"300\" height=\"300\" src=\"data:image\/svg+xml;charset=utf-8,%3Csvg xmlns%3D&#039;http%3A%2F%2Fwww.w3.org%2F2000%2Fsvg&#039; viewBox%3D&#039;0 0 300 300&#039;%2F%3E\" class=\"show-on-hover back-image owl-lazy-load preload-me\" alt=\"\" data-src=\"https:\/\/mathy-austria.com\/wp-content\/uploads\/2014\/04\/Mathy-M-500ml_1600x1600px-1-300x300.jpg\" data-srcset=\"https:\/\/mathy-austria.com\/wp-content\/uploads\/2014\/04\/Mathy-M-500ml_1600x1600px-1-300x300.jpg 300w, https:\/\/mathy-austria.com\/wp-content\/uploads\/2014\/04\/Mathy-M-500ml_1600x1600px-1-1024x1024.jpg 1024w, https:\/\/mathy-austria.com\/wp-content\/uploads\/2014\/04\/Mathy-M-500ml_1600x1600px-1-150x150.jpg 150w, https:\/\/mathy-austria.com\/wp-content\/uploads\/2014\/04\/Mathy-M-500ml_1600x1600px-1-768x768.jpg 768w, https:\/\/mathy-austria.com\/wp-content\/uploads\/2014\/04\/Mathy-M-500ml_1600x1600px-1-1536x1536.jpg 1536w, https:\/\/mathy-austria.com\/wp-content\/uploads\/2014\/04\/Mathy-M-500ml_1600x1600px-1-600x600.jpg 600w, https:\/\/mathy-austria.com\/wp-content\/uploads\/2014\/04\/Mathy-M-500ml_1600x1600px-1-200x200.jpg 200w, https:\/\/mathy-austria.com\/wp-content\/uploads\/2014\/04\/Mathy-M-500ml_1600x1600px-1.jpg 1600w\" \/><\/a>\n\t<\/div>\n\t<figcaption class=\"woocom-list-content\">\n\n\t\t<div class=\"woo-buttons\"><a href=\"https:\/\/mathy-austria.com\/sk\/produkt\/mathy-m-1l-das-motorenol-additiv-bestseller\/\" aria-describedby=\"woocommerce_loop_add_to_cart_link_describedby_902\" data-quantity=\"1\" class=\"product_type_variable add_to_cart_button\" data-product_id=\"902\" data-product_sku=\"1110-999\" aria-label=\"V\u00fdber nastaven\u00ed pre \u201cMATHY-M\u201d\" rel=\"nofollow\" data-no-translation=\"\" data-trp-gettext=\"\" data-no-translation-aria-label=\"\">V\u00fdber mo\u017enost\u00ed<\/a>\t<span id=\"woocommerce_loop_add_to_cart_link_describedby_902\" class=\"screen-reader-text\">\n\t\tTento v\u00fdrobok m\u00e1 viacero variantov. Varianty si m\u00f4\u017eete vybra\u0165 na str\u00e1nke produktu\t<\/span>\n<\/div>\n\t<\/figcaption>\n<\/figure>\n<\/article><\/div>\t\t\t\t<\/div>\n\t\t\t\t<\/div>\n\t\t\t\t\t<\/div>\n\t\t<\/div>\n\t\t\t\t\t<\/div>\n\t\t<\/section>\n\t\t\t\t<\/div>","protected":false},"excerpt":{"rendered":"<p>Viac ako 70 rokov sk\u00fasenost\u00ed s pretek\u00e1rskymi motormi Iba optim\u00e1lny mazac\u00ed v\u00fdkon poskytuje dlhodob\u00fa ochranu pretek\u00e1rskych motorov. Mnoho pretek\u00e1rskych t\u00edmov sa neust\u00e1le sna\u017e\u00ed vy\u0165a\u017ei\u0165 zo svojich pretek\u00e1rskych motorov viac v\u00fdkonu. \u010casto ide len o nieko\u013eko konsk\u00fdch s\u00edl. Ale pr\u00e1ve to je d\u00f4le\u017eit\u00e9 pre \u00faspe\u0161n\u00e9 prekro\u010denie cie\u013eovej \u010diary. Pou\u017eit\u00edm pr\u00edsady do motorov\u00e9ho oleja MATHY-M m\u00f4\u017eu pretek\u00e1rske motory...<\/p>","protected":false},"author":1,"featured_media":0,"parent":2126,"menu_order":0,"comment_status":"closed","ping_status":"closed","template":"","meta":{"footnotes":""},"class_list":["post-2430","page","type-page","status-publish","hentry"],"_links":{"self":[{"href":"https:\/\/mathy-austria.com\/sk\/wp-json\/wp\/v2\/pages\/2430","targetHints":{"allow":["GET"]}}],"collection":[{"href":"https:\/\/mathy-austria.com\/sk\/wp-json\/wp\/v2\/pages"}],"about":[{"href":"https:\/\/mathy-austria.com\/sk\/wp-json\/wp\/v2\/types\/page"}],"author":[{"embeddable":true,"href":"https:\/\/mathy-austria.com\/sk\/wp-json\/wp\/v2\/users\/1"}],"replies":[{"embeddable":true,"href":"https:\/\/mathy-austria.com\/sk\/wp-json\/wp\/v2\/comments?post=2430"}],"version-history":[{"count":0,"href":"https:\/\/mathy-austria.com\/sk\/wp-json\/wp\/v2\/pages\/2430\/revisions"}],"up":[{"embeddable":true,"href":"https:\/\/mathy-austria.com\/sk\/wp-json\/wp\/v2\/pages\/2126"}],"wp:attachment":[{"href":"https:\/\/mathy-austria.com\/sk\/wp-json\/wp\/v2\/media?parent=2430"}],"curies":[{"name":"wp","href":"https:\/\/api.w.org\/{rel}","templated":true}]}}