{"id":2137,"date":"2020-07-17T09:52:07","date_gmt":"2020-07-17T07:52:07","guid":{"rendered":"https:\/\/mathy-austria.com\/?page_id=2137"},"modified":"2020-10-23T08:05:12","modified_gmt":"2020-10-23T06:05:12","slug":"boote","status":"publish","type":"page","link":"https:\/\/mathy-austria.com\/sk\/anwendung\/boote\/","title":{"rendered":"Lode"},"content":{"rendered":"<div data-elementor-type=\"wp-page\" data-elementor-id=\"2137\" class=\"elementor elementor-2137\" data-elementor-post-type=\"page\">\n\t\t\t\t\t\t<section class=\"elementor-section elementor-top-section elementor-element elementor-element-6164498 elementor-section-boxed elementor-section-height-default elementor-section-height-default\" data-id=\"6164498\" data-element_type=\"section\" data-e-type=\"section\">\n\t\t\t\t\t\t<div class=\"elementor-container elementor-column-gap-default\">\n\t\t\t\t\t<div class=\"elementor-column elementor-col-100 elementor-top-column elementor-element elementor-element-51ac624\" data-id=\"51ac624\" data-element_type=\"column\" data-e-type=\"column\">\n\t\t\t<div class=\"elementor-widget-wrap elementor-element-populated\">\n\t\t\t\t\t\t<div class=\"elementor-element elementor-element-7be1869 elementor-widget elementor-widget-text-editor\" data-id=\"7be1869\" data-element_type=\"widget\" data-e-type=\"widget\" data-widget_type=\"text-editor.default\">\n\t\t\t\t<div class=\"elementor-widget-container\">\n\t\t\t\t\t\t\t\t\t<h1 class=\"\">Weniger Rauchbildung beim Kaltstart<\/h1><div class=\"row\"><div class=\"col-xs-12 col-md-8\"><div id=\"c927\" class=\"frame frame-default frame-type-textmedia frame-layout-0\"><div class=\"ce-textpic ce-right ce-intext\"><div class=\"ce-bodytext\"><p class=\"lead\"><strong>Optimale Pflege bei langen Liegezeiten. MATHY\u00a0sch\u00fctzt vor\u00a0Korrosion.<\/strong><\/p><p>Wohl jeder Skipper kennt die kleinen Wehwehchen, die Bootsmotoren und Bootsbesitzer qu\u00e4len k\u00f6nnen. Bockiges Anspringen, insbesondere nach l\u00e4ngeren Ruhezeiten, unrunder Lauf, zu hohe Lautst\u00e4rke, zu hoher Verbrauch, Korrosion, \u00d6lverlust und einiges mehr. Nat\u00fcrlich gibt es kein Mittel, das einem Motor oder auch der Kraftstoffanlage zum perfekten ewigen Leben verhilft, es gibt aber \u00d6l- und Kraftstoff-Additive, die manche technische Unzul\u00e4nglichkeit lindern oder gar beheben k\u00f6nnen.<\/p><p>MATHY reduziert den Verschlei\u00df, miniert den Abrieb, l\u00f6st Ablagerungen, erh\u00f6ht den Korrosionsschutz und hat gute Notlaufeigenschaften. Bei Kraftstoffen verbessert MATHY den Verbrennungsprozess. Verunreinigungen werden gel\u00f6st, D\u00fcsen gereinigt, der Schadstoffaussto\u00df verringert sowie der Kraftstoff stabilisiert.<\/p><\/div><\/div><\/div><\/div><\/div>\t\t\t\t\t\t\t\t<\/div>\n\t\t\t\t<\/div>\n\t\t\t\t<div class=\"elementor-element elementor-element-c76ddaf elementor-widget elementor-widget-text-editor\" data-id=\"c76ddaf\" data-element_type=\"widget\" data-e-type=\"widget\" data-widget_type=\"text-editor.default\">\n\t\t\t\t<div class=\"elementor-widget-container\">\n\t\t\t\t\t\t\t\t\t<div class=\"page-header\"><h2 class=\"vorteile\">Toto s\u00fa va\u0161e v\u00fdhody<\/h2><ul class=\"csc-bulletlist csc-bulletlist-0\"><li>Weniger Rauchbildung beim Kaltstart<\/li><li>Optimierung des Kraftstoffverbrauchs<\/li><li>Hoher Korrosionsschutz im Motor<\/li><li>Beseitigung von \u00d6lschlamm<\/li><li>Zn\u00ed\u017eenie opotrebovania<\/li><\/ul><\/div>\t\t\t\t\t\t\t\t<\/div>\n\t\t\t\t<\/div>\n\t\t\t\t\t<\/div>\n\t\t<\/div>\n\t\t\t\t\t<\/div>\n\t\t<\/section>\n\t\t\t\t<section class=\"elementor-section elementor-top-section elementor-element elementor-element-7558c73b elementor-section-boxed elementor-section-height-default elementor-section-height-default\" data-id=\"7558c73b\" data-element_type=\"section\" data-e-type=\"section\">\n\t\t\t\t\t\t<div class=\"elementor-container elementor-column-gap-default\">\n\t\t\t\t\t<div class=\"elementor-column elementor-col-100 elementor-top-column elementor-element elementor-element-728f3197\" data-id=\"728f3197\" data-element_type=\"column\" data-e-type=\"column\">\n\t\t\t<div class=\"elementor-widget-wrap elementor-element-populated\">\n\t\t\t\t\t\t<div class=\"elementor-element elementor-element-a849055 elementor-widget elementor-widget-heading\" data-id=\"a849055\" data-element_type=\"widget\" data-e-type=\"widget\" data-widget_type=\"heading.default\">\n\t\t\t\t<div class=\"elementor-widget-container\">\n\t\t\t\t\t<h2 class=\"elementor-heading-title elementor-size-default\">Die h\u00e4ufigsten Fragen rund um die Anwendung im Boot und Schiff<\/h2>\t\t\t\t<\/div>\n\t\t\t\t<\/div>\n\t\t\t\t<div class=\"elementor-element elementor-element-9eaa7fe elementor-widget elementor-widget-accordion\" data-id=\"9eaa7fe\" data-element_type=\"widget\" data-e-type=\"widget\" data-widget_type=\"accordion.default\">\n\t\t\t\t<div class=\"elementor-widget-container\">\n\t\t\t\t\t\t\t<div class=\"elementor-accordion\">\n\t\t\t\t\t\t\t<div class=\"elementor-accordion-item\">\n\t\t\t\t\t<div id=\"elementor-tab-title-1661\" class=\"elementor-tab-title\" data-tab=\"1\" role=\"button\" aria-controls=\"elementor-tab-content-1661\" aria-expanded=\"false\">\n\t\t\t\t\t\t\t\t\t\t\t\t\t<span class=\"elementor-accordion-icon elementor-accordion-icon-left\" aria-hidden=\"true\">\n\t\t\t\t\t\t\t\t\t\t\t\t\t\t\t<span class=\"elementor-accordion-icon-closed\"><i class=\"fas fa-plus\"><\/i><\/span>\n\t\t\t\t\t\t\t\t<span class=\"elementor-accordion-icon-opened\"><i class=\"fas fa-minus\"><\/i><\/span>\n\t\t\t\t\t\t\t\t\t\t\t\t\t\t<\/span>\n\t\t\t\t\t\t\t\t\t\t\t\t<a class=\"elementor-accordion-title\" tabindex=\"0\">Was bewirken MATHY-Zus\u00e4tze im Bootsmotor?<\/a>\n\t\t\t\t\t<\/div>\n\t\t\t\t\t<div id=\"elementor-tab-content-1661\" class=\"elementor-tab-content elementor-clearfix\" data-tab=\"1\" role=\"region\" aria-labelledby=\"elementor-tab-title-1661\"><section class=\"m-accordion-item js-accordion-item m-accordion--open\"><div class=\"m-accordion-content js-accordion-content\"><p>MATHY-Zus\u00e4tze reinigen den \u00d6lkreislauf und das Kraftstoffsystem. Sie optimieren den \u00d6l- und Kraftstoffdurchfluss und halten die Kreisl\u00e4ufe sauber. Zus\u00e4tzlich wird der Verschlei\u00df in Bootsmotoren reduziert und deren Lebensdauer verl\u00e4ngert. Bei regelm\u00e4\u00dfiger Anwendung werden Ausfallzeiten minimiert und nach langen Liegezeiten in den Wintermonaten der Kaltstart verbessert und eine h\u00e4ufig auftretende Rauchbildung reduziert.\u00a0<\/p><\/div><\/section><section class=\"m-accordion-item js-accordion-item\"><\/section><\/div>\n\t\t\t\t<\/div>\n\t\t\t\t\t\t\t<div class=\"elementor-accordion-item\">\n\t\t\t\t\t<div id=\"elementor-tab-title-1662\" class=\"elementor-tab-title\" data-tab=\"2\" role=\"button\" aria-controls=\"elementor-tab-content-1662\" aria-expanded=\"false\">\n\t\t\t\t\t\t\t\t\t\t\t\t\t<span class=\"elementor-accordion-icon elementor-accordion-icon-left\" aria-hidden=\"true\">\n\t\t\t\t\t\t\t\t\t\t\t\t\t\t\t<span class=\"elementor-accordion-icon-closed\"><i class=\"fas fa-plus\"><\/i><\/span>\n\t\t\t\t\t\t\t\t<span class=\"elementor-accordion-icon-opened\"><i class=\"fas fa-minus\"><\/i><\/span>\n\t\t\t\t\t\t\t\t\t\t\t\t\t\t<\/span>\n\t\t\t\t\t\t\t\t\t\t\t\t<a class=\"elementor-accordion-title\" tabindex=\"0\">Wie wende ich MATHY-Additive in Bootsmotoren an?<\/a>\n\t\t\t\t\t<\/div>\n\t\t\t\t\t<div id=\"elementor-tab-content-1662\" class=\"elementor-tab-content elementor-clearfix\" data-tab=\"2\" role=\"region\" aria-labelledby=\"elementor-tab-title-1662\"><section class=\"m-accordion-item js-accordion-item m-accordion--open\"><div class=\"m-accordion-content js-accordion-content\"><p>MATHY-Additive werden Motoren\u00f6len und Kraftstoffen zugegeben. Zu jedem Produkt liefern wir eine ausf\u00fchrliche Anwendungsbeschreibung. Bei weiteren Fragen zur Anwendung steht Ihnen unsere Hotline 0 51 91 \u2013 160 04 gerne zur Verf\u00fcgung.\u00a0<\/p><\/div><\/section><section class=\"m-accordion-item js-accordion-item js-accordion-item--last\"><\/section><\/div>\n\t\t\t\t<\/div>\n\t\t\t\t\t\t\t<div class=\"elementor-accordion-item\">\n\t\t\t\t\t<div id=\"elementor-tab-title-1663\" class=\"elementor-tab-title\" data-tab=\"3\" role=\"button\" aria-controls=\"elementor-tab-content-1663\" aria-expanded=\"false\">\n\t\t\t\t\t\t\t\t\t\t\t\t\t<span class=\"elementor-accordion-icon elementor-accordion-icon-left\" aria-hidden=\"true\">\n\t\t\t\t\t\t\t\t\t\t\t\t\t\t\t<span class=\"elementor-accordion-icon-closed\"><i class=\"fas fa-plus\"><\/i><\/span>\n\t\t\t\t\t\t\t\t<span class=\"elementor-accordion-icon-opened\"><i class=\"fas fa-minus\"><\/i><\/span>\n\t\t\t\t\t\t\t\t\t\t\t\t\t\t<\/span>\n\t\t\t\t\t\t\t\t\t\t\t\t<a class=\"elementor-accordion-title\" tabindex=\"0\">Mein Schiffsmotor qualmt bei jedem Kaltstart, kann MATHY das Problem l\u00f6sen?<\/a>\n\t\t\t\t\t<\/div>\n\t\t\t\t\t<div id=\"elementor-tab-content-1663\" class=\"elementor-tab-content elementor-clearfix\" data-tab=\"3\" role=\"region\" aria-labelledby=\"elementor-tab-title-1663\"><div class=\"m-accordion js-accordion\"><section class=\"m-accordion-item js-accordion-item js-accordion-item--last m-accordion--open\"><div class=\"m-accordion-content js-accordion-content\"><p>Durch eine unsaubere Verbrennung und alten Kraftstoffen treten in der Kaltstartphase von Schiffsmotoren oftmals erhebliche Rauchbildungen auf.\u00a0Bei einer regelm\u00e4\u00dfigen Anwendung von\u00a0MATHY-Additiven k\u00f6nnen diese Probleme gel\u00f6st werden. MATHY-M Motoren\u00f6l-Zusatz reinigt den \u00d6lkreislauf und verhindert eine Neubildung von Verkokungen. Unsere Kraftstoff-Zus\u00e4tze reinigen die Einspritzd\u00fcsen, Ventile\u00a0und Brennr\u00e4ume. Nur ein sauberes Kraftstoffsystem sorgt f\u00fcr eine optimale Verbrennung und eine reduzierte Rauchbildung.\u00a0\u00a0\u00a0<\/p><\/div><\/section><\/div><\/div>\n\t\t\t\t<\/div>\n\t\t\t\t\t\t\t\t<\/div>\n\t\t\t\t\t\t<\/div>\n\t\t\t\t<\/div>\n\t\t\t\t\t<\/div>\n\t\t<\/div>\n\t\t\t\t\t<\/div>\n\t\t<\/section>\n\t\t\t\t<\/div>","protected":false},"excerpt":{"rendered":"<p>Menej dymu pri studen\u00fdch \u0161tartoch. Optim\u00e1lna starostlivos\u0165 po\u010das dlh\u00fdch prest\u00e1vok. MATHY chr\u00e1ni pred kor\u00f3ziou. Takmer ka\u017ed\u00fd kapit\u00e1n pozn\u00e1 drobn\u00e9 probl\u00e9my, ktor\u00e9 m\u00f4\u017eu tr\u00e1pi\u0165 lodn\u00e9 motory a majite\u013eov lod\u00ed. \u0164a\u017ek\u00e9 \u0161tartovanie, najm\u00e4 po dlh\u0161\u00edch obdobiach ne\u010dinnosti, nerovnomern\u00fd chod, nadmern\u00fd hluk, nadmern\u00e1 spotreba paliva, kor\u00f3zia, \u00fanik oleja a mnoho \u010fal\u0161ieho. Samozrejme, neexistuje \u017eiadny liek, ktor\u00fd by \u00faplne vylie\u010dil motor alebo dokonca palivov\u00fd syst\u00e9m...<\/p>","protected":false},"author":1,"featured_media":0,"parent":1623,"menu_order":0,"comment_status":"closed","ping_status":"closed","template":"","meta":{"footnotes":""},"class_list":["post-2137","page","type-page","status-publish","hentry"],"_links":{"self":[{"href":"https:\/\/mathy-austria.com\/sk\/wp-json\/wp\/v2\/pages\/2137","targetHints":{"allow":["GET"]}}],"collection":[{"href":"https:\/\/mathy-austria.com\/sk\/wp-json\/wp\/v2\/pages"}],"about":[{"href":"https:\/\/mathy-austria.com\/sk\/wp-json\/wp\/v2\/types\/page"}],"author":[{"embeddable":true,"href":"https:\/\/mathy-austria.com\/sk\/wp-json\/wp\/v2\/users\/1"}],"replies":[{"embeddable":true,"href":"https:\/\/mathy-austria.com\/sk\/wp-json\/wp\/v2\/comments?post=2137"}],"version-history":[{"count":0,"href":"https:\/\/mathy-austria.com\/sk\/wp-json\/wp\/v2\/pages\/2137\/revisions"}],"up":[{"embeddable":true,"href":"https:\/\/mathy-austria.com\/sk\/wp-json\/wp\/v2\/pages\/1623"}],"wp:attachment":[{"href":"https:\/\/mathy-austria.com\/sk\/wp-json\/wp\/v2\/media?parent=2137"}],"curies":[{"name":"wp","href":"https:\/\/api.w.org\/{rel}","templated":true}]}}