{"id":2136,"date":"2020-07-17T09:52:06","date_gmt":"2020-07-17T07:52:06","guid":{"rendered":"https:\/\/mathy-austria.com\/?page_id=2136"},"modified":"2020-10-23T08:50:35","modified_gmt":"2020-10-23T06:50:35","slug":"heizung","status":"publish","type":"page","link":"https:\/\/mathy-austria.com\/sk\/anwendung\/heizung\/","title":{"rendered":"Vykurovanie"},"content":{"rendered":"<div data-elementor-type=\"wp-page\" data-elementor-id=\"2136\" class=\"elementor elementor-2136\" data-elementor-post-type=\"page\">\n\t\t\t\t\t\t<section class=\"elementor-section elementor-top-section elementor-element elementor-element-6164498 elementor-section-boxed elementor-section-height-default elementor-section-height-default\" data-id=\"6164498\" data-element_type=\"section\" data-e-type=\"section\">\n\t\t\t\t\t\t<div class=\"elementor-container elementor-column-gap-default\">\n\t\t\t\t\t<div class=\"elementor-column elementor-col-100 elementor-top-column elementor-element elementor-element-51ac624\" data-id=\"51ac624\" data-element_type=\"column\" data-e-type=\"column\">\n\t\t\t<div class=\"elementor-widget-wrap elementor-element-populated\">\n\t\t\t\t\t\t<div class=\"elementor-element elementor-element-7be1869 elementor-widget elementor-widget-text-editor\" data-id=\"7be1869\" data-element_type=\"widget\" data-e-type=\"widget\" data-widget_type=\"text-editor.default\">\n\t\t\t\t<div class=\"elementor-widget-container\">\n\t\t\t\t\t\t\t\t\t<h1 class=\"\">Menej sadz\u00ed a ni\u017e\u0161ia spotreba paliva<\/h1><div id=\"c1252\" class=\"frame frame-default frame-type-textmedia frame-layout-0\"><div class=\"ce-textpic ce-right ce-intext\"><div class=\"ce-bodytext\"><p class=\"lead\"><strong>Na \u010dist\u00e9 spa\u013eovanie vykurovacieho oleja<\/strong><\/p><p>MATHY SPEZIAL-H je vysoko \u00fa\u010dinn\u00e1 pr\u00edsada do vykurovac\u00edch olejov, ktorej modern\u00e9 akt\u00edvne zlo\u017eky sa daj\u00fa pou\u017ei\u0165 na udr\u017eate\u013en\u00fa \u00fasporu energie v \u0161irokom spektre aplik\u00e1ci\u00ed. Sp\u013a\u0148a v\u0161etky po\u017eiadavky najnov\u0161\u00edch technol\u00f3gi\u00ed hor\u00e1kov, a preto je vhodn\u00fd pre v\u0161etky kvality vykurovac\u00edch olejov (\u0161tandardn\u00e9 a n\u00edzkos\u00edrne). MATHY SPEZIAL-H men\u00ed ak\u00fdko\u013evek \u0161tandardn\u00fd vykurovac\u00ed olej na pr\u00e9miov\u00fd vykurovac\u00ed olej, ktor\u00fd menej za\u0165a\u017euje vykurovac\u00ed syst\u00e9m a poskytuje trval\u00fa ochranu. Zlep\u0161en\u00e1 tepeln\u00e1 stabilita optimalizuje spa\u013eovanie a zlep\u0161uje hodnoty spal\u00edn.<\/p><\/div><\/div><\/div>\t\t\t\t\t\t\t\t<\/div>\n\t\t\t\t<\/div>\n\t\t\t\t<div class=\"elementor-element elementor-element-b84a980 elementor-widget elementor-widget-text-editor\" data-id=\"b84a980\" data-element_type=\"widget\" data-e-type=\"widget\" data-widget_type=\"text-editor.default\">\n\t\t\t\t<div class=\"elementor-widget-container\">\n\t\t\t\t\t\t\t\t\t<div class=\"page-header\"><h2 class=\"vorteile\">Toto s\u00fa va\u0161e v\u00fdhody<\/h2><ul class=\"csc-bulletlist csc-bulletlist-0\"><li>Zn\u00ed\u017eenie tvorby sadz\u00ed<\/li><li>Zvy\u0161uje stabilitu vykurovacieho oleja pri starnut\u00ed<\/li><li>Zni\u017euje tvorbu z\u00e1pachu vo vykurovacom oleji<\/li><li>Zlep\u0161uje proces spa\u013eovania<\/li><li>Optimalizuje spotrebu vykurovacieho oleja<\/li><\/ul><\/div>\t\t\t\t\t\t\t\t<\/div>\n\t\t\t\t<\/div>\n\t\t\t\t\t<\/div>\n\t\t<\/div>\n\t\t\t\t\t<\/div>\n\t\t<\/section>\n\t\t\t\t<section class=\"elementor-section elementor-top-section elementor-element elementor-element-1a421006 elementor-section-boxed elementor-section-height-default elementor-section-height-default\" data-id=\"1a421006\" data-element_type=\"section\" data-e-type=\"section\">\n\t\t\t\t\t\t<div class=\"elementor-container elementor-column-gap-default\">\n\t\t\t\t\t<div class=\"elementor-column elementor-col-100 elementor-top-column elementor-element elementor-element-409b98ca\" data-id=\"409b98ca\" data-element_type=\"column\" data-e-type=\"column\">\n\t\t\t<div class=\"elementor-widget-wrap elementor-element-populated\">\n\t\t\t\t\t\t<div class=\"elementor-element elementor-element-688c4404 elementor-widget elementor-widget-heading\" data-id=\"688c4404\" data-element_type=\"widget\" data-e-type=\"widget\" data-widget_type=\"heading.default\">\n\t\t\t\t<div class=\"elementor-widget-container\">\n\t\t\t\t\t<h2 class=\"elementor-heading-title elementor-size-default\">Naj\u010dastej\u0161ie ot\u00e1zky t\u00fdkaj\u00face sa pou\u017e\u00edvania vykurovacieho oleja<\/h2>\t\t\t\t<\/div>\n\t\t\t\t<\/div>\n\t\t\t\t<div class=\"elementor-element elementor-element-42c791d5 elementor-widget elementor-widget-accordion\" data-id=\"42c791d5\" data-element_type=\"widget\" data-e-type=\"widget\" data-widget_type=\"accordion.default\">\n\t\t\t\t<div class=\"elementor-widget-container\">\n\t\t\t\t\t\t\t<div class=\"elementor-accordion\">\n\t\t\t\t\t\t\t<div class=\"elementor-accordion-item\">\n\t\t\t\t\t<div id=\"elementor-tab-title-1121\" class=\"elementor-tab-title\" data-tab=\"1\" role=\"button\" aria-controls=\"elementor-tab-content-1121\" aria-expanded=\"false\">\n\t\t\t\t\t\t\t\t\t\t\t\t\t<span class=\"elementor-accordion-icon elementor-accordion-icon-left\" aria-hidden=\"true\">\n\t\t\t\t\t\t\t\t\t\t\t\t\t\t\t<span class=\"elementor-accordion-icon-closed\"><i class=\"fas fa-plus\"><\/i><\/span>\n\t\t\t\t\t\t\t\t<span class=\"elementor-accordion-icon-opened\"><i class=\"fas fa-minus\"><\/i><\/span>\n\t\t\t\t\t\t\t\t\t\t\t\t\t\t<\/span>\n\t\t\t\t\t\t\t\t\t\t\t\t<a class=\"elementor-accordion-title\" tabindex=\"0\">V mojom hor\u00e1ku na vykurovac\u00ed olej sa tvoria sadze. Pre\u010do je to tak?<\/a>\n\t\t\t\t\t<\/div>\n\t\t\t\t\t<div id=\"elementor-tab-content-1121\" class=\"elementor-tab-content elementor-clearfix\" data-tab=\"1\" role=\"region\" aria-labelledby=\"elementor-tab-title-1121\">Wenn ein Brenner ru\u00dft, liegt eine Funktionsst\u00f6rung vor. MATHY SPEZIAL-H wirkt den Ursachen der Ru\u00dfentstehung entgegen und l\u00f6st bestehende Verru\u00dfungen auf, da es sowohl den Brennraum wie auch die Verbrennungsmechanik reinigt. Ru\u00dfablagerungen an der Kesselwand erh\u00f6hen den Heiz\u00f6lverbrauch \u2013 1 mm Ru\u00dfablagerung erh\u00f6ht den Heiz\u00f6lverbrauch um durchschnittlich 4 %. Durch MATHY SPEZIAL-H wird die Ru\u00dfbildung auf ein Minimum reduziert, wodurch sich weniger Ru\u00df ablagern kann. Die erzeugte W\u00e4rme kann ungehindert an das Heizungswasser abgegeben werden, was den Heiz\u00f6lverbrauch nachhaltig senkt. Das MATHY SPEZIAL-H Additivpaket verbrennt aschefrei und erf\u00fcllt somit die Anforderungen modernster Brenner- und Kesseltechnologien. MATHY SPEZIAL-H wurde speziell f\u00fcr die modernen, schwefelarmen Heiz\u00f6l EL Qualit\u00e4ten entwickelt. Der T\u00dcV NORD hat das Produkt \u00fcberpr\u00fcft und MATHY SPEZIAL-H wurde mit dem Pr\u00fcfzeichen \u201eSchutz des Heiz\u00f6lsystems nachgewiesen \u2013 Testobjekt: Additiv f\u00fcr Heiz\u00f6l EL\u201c versehen.\n\n<\/div>\n\t\t\t\t<\/div>\n\t\t\t\t\t\t\t<div class=\"elementor-accordion-item\">\n\t\t\t\t\t<div id=\"elementor-tab-title-1122\" class=\"elementor-tab-title\" data-tab=\"2\" role=\"button\" aria-controls=\"elementor-tab-content-1122\" aria-expanded=\"false\">\n\t\t\t\t\t\t\t\t\t\t\t\t\t<span class=\"elementor-accordion-icon elementor-accordion-icon-left\" aria-hidden=\"true\">\n\t\t\t\t\t\t\t\t\t\t\t\t\t\t\t<span class=\"elementor-accordion-icon-closed\"><i class=\"fas fa-plus\"><\/i><\/span>\n\t\t\t\t\t\t\t\t<span class=\"elementor-accordion-icon-opened\"><i class=\"fas fa-minus\"><\/i><\/span>\n\t\t\t\t\t\t\t\t\t\t\t\t\t\t<\/span>\n\t\t\t\t\t\t\t\t\t\t\t\t<a class=\"elementor-accordion-title\" tabindex=\"0\">M\u00f4\u017eem zn\u00ed\u017ei\u0165 spotrebu vykurovacieho oleja?<\/a>\n\t\t\t\t\t<\/div>\n\t\t\t\t\t<div id=\"elementor-tab-content-1122\" class=\"elementor-tab-content elementor-clearfix\" data-tab=\"2\" role=\"region\" aria-labelledby=\"elementor-tab-title-1122\"><p>Der Einsatz von MATHY SPEZIAL-H spart mehr als es kostet. Exemplarische Rechnung: Stand 01\/2017 2.000 Liter Heiz\u00f6l schwefelarm = 1.350,00 EUR bei nur 5 % Einsparung = 67,50 EUR abz\u00fcglich 1 Liter MATHY SPEZIAL-H = \u2013 22,95 EUR. Netto-Einsparung = 44,55 EUR. Die Netto-Einsparung ist also erheblich h\u00f6her als der Einstandspreis f\u00fcr MATHY SPEZIAL-H.<br \/>MATHY SPEZIAL-H je lacnej\u0161\u00ed ako mie\u0161anie z cisterny. Pr\u00edkladov\u00fd v\u00fdpo\u010det: Od 01\/2017 2 000 litrov n\u00edzkos\u00edrneho vykurovacieho oleja = 1 350,00 EUR. Primie\u0161avanie priamo z cisterny cca 0,02 \u20ac\/liter = 40,00 EUR. Celkov\u00e1 cena = 1 390,00 EUR. 2 000 litrov vykurovacieho oleja s n\u00edzkym obsahom s\u00edry = 1 350,00 EUR. Pridajte 1 liter MATHY SPEZIAL-H = 22,95 EUR Celkov\u00e1 cena = 1 372,95 EUR. \u00daspora pri priamom n\u00e1kupe na 2 000 litrov vykurovacieho oleja vo v\u00fd\u0161ke 17,05 EUR s MATHY SPEZIAL-H.<\/p><\/div>\n\t\t\t\t<\/div>\n\t\t\t\t\t\t\t<div class=\"elementor-accordion-item\">\n\t\t\t\t\t<div id=\"elementor-tab-title-1123\" class=\"elementor-tab-title\" data-tab=\"3\" role=\"button\" aria-controls=\"elementor-tab-content-1123\" aria-expanded=\"false\">\n\t\t\t\t\t\t\t\t\t\t\t\t\t<span class=\"elementor-accordion-icon elementor-accordion-icon-left\" aria-hidden=\"true\">\n\t\t\t\t\t\t\t\t\t\t\t\t\t\t\t<span class=\"elementor-accordion-icon-closed\"><i class=\"fas fa-plus\"><\/i><\/span>\n\t\t\t\t\t\t\t\t<span class=\"elementor-accordion-icon-opened\"><i class=\"fas fa-minus\"><\/i><\/span>\n\t\t\t\t\t\t\t\t\t\t\t\t\t\t<\/span>\n\t\t\t\t\t\t\t\t\t\t\t\t<a class=\"elementor-accordion-title\" tabindex=\"0\">V ktor\u00fdch hor\u00e1koch sa m\u00f4\u017ee MATHY SPEZIAL-H pou\u017e\u00edva\u0165?<\/a>\n\t\t\t\t\t<\/div>\n\t\t\t\t\t<div id=\"elementor-tab-content-1123\" class=\"elementor-tab-content elementor-clearfix\" data-tab=\"3\" role=\"region\" aria-labelledby=\"elementor-tab-title-1123\"><section class=\"m-accordion-item js-accordion-item m-accordion--open\"><div class=\"m-accordion-content js-accordion-content\"><p>M\u00f4\u017ee sa pou\u017e\u00edva\u0165 vo v\u0161etk\u00fdch typoch vykurovac\u00edch syst\u00e9mov vr\u00e1tane \u017elt\u00fdch, modr\u00fdch a pl\u00e1\u0161\u0165ov\u00fdch hor\u00e1kov (olejov\u00e9 pece) a predv\u00fdparn\u00edkov. Odpor\u00fa\u010da sa pre vykurovac\u00ed olej EL s n\u00edzkym obsahom s\u00edry, tie\u017e s n\u00edzkym obsahom bio, a \u0161tandardn\u00fd vykurovac\u00ed olej. MATHY SPEZIAL-H je \u00faplne rozpustn\u00fd v oleji, \u00fa\u010dinn\u00fd v ka\u017edom vykurovacom oleji EL, m\u00f4\u017ee sa pou\u017e\u00edva\u0165 vo v\u0161etk\u00fdch vykurovac\u00edch syst\u00e9moch a je kompatibiln\u00fd s materi\u00e1lmi.<\/p><\/div><\/section><section class=\"m-accordion-item js-accordion-item js-accordion-item--last\"><\/section><\/div>\n\t\t\t\t<\/div>\n\t\t\t\t\t\t\t<div class=\"elementor-accordion-item\">\n\t\t\t\t\t<div id=\"elementor-tab-title-1124\" class=\"elementor-tab-title\" data-tab=\"4\" role=\"button\" aria-controls=\"elementor-tab-content-1124\" aria-expanded=\"false\">\n\t\t\t\t\t\t\t\t\t\t\t\t\t<span class=\"elementor-accordion-icon elementor-accordion-icon-left\" aria-hidden=\"true\">\n\t\t\t\t\t\t\t\t\t\t\t\t\t\t\t<span class=\"elementor-accordion-icon-closed\"><i class=\"fas fa-plus\"><\/i><\/span>\n\t\t\t\t\t\t\t\t<span class=\"elementor-accordion-icon-opened\"><i class=\"fas fa-minus\"><\/i><\/span>\n\t\t\t\t\t\t\t\t\t\t\t\t\t\t<\/span>\n\t\t\t\t\t\t\t\t\t\t\t\t<a class=\"elementor-accordion-title\" tabindex=\"0\">Ako sa d\u00e1vkuje MATHY SPEZIAL-H?<\/a>\n\t\t\t\t\t<\/div>\n\t\t\t\t\t<div id=\"elementor-tab-content-1124\" class=\"elementor-tab-content elementor-clearfix\" data-tab=\"4\" role=\"region\" aria-labelledby=\"elementor-tab-title-1124\"><div class=\"m-accordion js-accordion\"><section class=\"m-accordion-item js-accordion-item js-accordion-item--last m-accordion--open\"><div class=\"m-accordion-content js-accordion-content\"><p>Obsah jednej f\u013ea\u0161e MATHY SPEZIAL-H vysta\u010d\u00ed na 2 000 litrov vykurovacieho oleja. (Pomer mie\u0161ania 1 : 2 000 = 1 liter pr\u00edsady na 2 000 litrov vykurovacieho oleja) Prid\u00e1vanie je ide\u00e1lne pri plnen\u00ed n\u00e1dr\u017ee vykurovacieho oleja, ale je mo\u017en\u00e9 aj po\u010das prev\u00e1dzky.<\/p><\/div><\/section><\/div><\/div>\n\t\t\t\t<\/div>\n\t\t\t\t\t\t\t\t<\/div>\n\t\t\t\t\t\t<\/div>\n\t\t\t\t<\/div>\n\t\t\t\t\t<\/div>\n\t\t<\/div>\n\t\t\t\t\t<\/div>\n\t\t<\/section>\n\t\t\t\t<section class=\"elementor-section elementor-top-section elementor-element elementor-element-7240b3cf elementor-section-boxed elementor-section-height-default elementor-section-height-default\" data-id=\"7240b3cf\" data-element_type=\"section\" data-e-type=\"section\">\n\t\t\t\t\t\t<div class=\"elementor-container elementor-column-gap-default\">\n\t\t\t\t\t<div class=\"elementor-column elementor-col-100 elementor-top-column elementor-element elementor-element-195a04a0\" data-id=\"195a04a0\" data-element_type=\"column\" data-e-type=\"column\">\n\t\t\t<div class=\"elementor-widget-wrap elementor-element-populated\">\n\t\t\t\t\t\t<div class=\"elementor-element elementor-element-320a960f elementor-widget elementor-widget-text-editor\" data-id=\"320a960f\" data-element_type=\"widget\" data-e-type=\"widget\" data-widget_type=\"text-editor.default\">\n\t\t\t\t<div class=\"elementor-widget-container\">\n\t\t\t\t\t\t\t\t\t<div id=\"c1270\" class=\"frame frame-default frame-type-textmedia frame-layout-0\"><div class=\"ce-textpic ce-right ce-intext\"><div class=\"ce-bodytext\"><h3>Na\u0161i rie\u0161itelia probl\u00e9mov v sektore vykurovac\u00edch olejov<\/h3><\/div><\/div><\/div>\t\t\t\t\t\t\t\t<\/div>\n\t\t\t\t<\/div>\n\t\t\t\t<div class=\"elementor-element elementor-element-fff84cf elementor-widget elementor-widget-the7-elements-woo-carousel\" data-id=\"fff84cf\" data-element_type=\"widget\" data-e-type=\"widget\" data-widget_type=\"the7-elements-woo-carousel.default\">\n\t\t\t\t<div class=\"elementor-widget-container\">\n\t\t\t\t\t<div class=\"owl-carousel products-carousel-shortcode dt-owl-carousel-call the7-elements-woo-carousel-fff84cf cart-btn-below-img bullets-small-dot-stroke reposition-arrows arrows-bg-on dt-arrow-border-on dt-arrow-hover-border-on disable-arrows-hover-bg arrows-hover-bg-on wc-img-hover hide-description\" data-scroll-mode=\"1\" data-wide-col-num=\"4\" data-col-num=\"3\" data-laptop-col=\"3\" data-h-tablet-columns-num=\"2\" data-v-tablet-columns-num=\"2\" data-phone-columns-num=\"1\" data-auto-height=\"false\" data-col-gap=\"15\" data-stage-padding=\"0\" data-speed=\"600\" data-autoplay=\"false\" data-autoplay_speed=\"6000\" data-arrows=\"true\" data-bullet=\"false\" data-next-icon=\"fas fa-chevron-right\" data-prev-icon=\"fas fa-chevron-left\"><article class=\"post post-969 product type-product status-publish has-post-thumbnail product_brand-mvg-mathe-schmierstofftechnik-gmbh product_cat-heizung description-off first onbackorder taxable shipping-taxable purchasable product-type-variable\" ><figure class=\"woocom-project\">\n\t<div class=\"woo-buttons-on-img\">\n\n\t\t<a href=\"https:\/\/mathy-austria.com\/sk\/produkt\/mathy-spezial-h-winter-1x-1-0l\/\" class=\"alignnone layzr-bg\"><img fetchpriority=\"high\" decoding=\"async\" width=\"300\" height=\"300\" src=\"data:image\/svg+xml;charset=utf-8,%3Csvg xmlns%3D&#039;http%3A%2F%2Fwww.w3.org%2F2000%2Fsvg&#039; viewBox%3D&#039;0 0 300 300&#039;%2F%3E\" class=\"attachment-woocommerce_thumbnail size-woocommerce_thumbnail owl-lazy-load preload-me\" alt=\"MATHY SPEZIAL-H WINTER\" data-src=\"https:\/\/mathy-austria.com\/wp-content\/uploads\/2014\/04\/1-mathy-spezial-h-winter_heizoel-additiv_1l_wb_1972_1920x1920-300x300.jpg\" data-srcset=\"https:\/\/mathy-austria.com\/wp-content\/uploads\/2014\/04\/1-mathy-spezial-h-winter_heizoel-additiv_1l_wb_1972_1920x1920-300x300.jpg 300w, https:\/\/mathy-austria.com\/wp-content\/uploads\/2014\/04\/1-mathy-spezial-h-winter_heizoel-additiv_1l_wb_1972_1920x1920-150x150.jpg 150w, https:\/\/mathy-austria.com\/wp-content\/uploads\/2014\/04\/1-mathy-spezial-h-winter_heizoel-additiv_1l_wb_1972_1920x1920-768x768.jpg 768w, https:\/\/mathy-austria.com\/wp-content\/uploads\/2014\/04\/1-mathy-spezial-h-winter_heizoel-additiv_1l_wb_1972_1920x1920-600x600.jpg 600w, https:\/\/mathy-austria.com\/wp-content\/uploads\/2014\/04\/1-mathy-spezial-h-winter_heizoel-additiv_1l_wb_1972_1920x1920-200x200.jpg 200w, https:\/\/mathy-austria.com\/wp-content\/uploads\/2014\/04\/1-mathy-spezial-h-winter_heizoel-additiv_1l_wb_1972_1920x1920.jpg 800w\" \/><img decoding=\"async\" width=\"300\" height=\"300\" src=\"data:image\/svg+xml;charset=utf-8,%3Csvg xmlns%3D&#039;http%3A%2F%2Fwww.w3.org%2F2000%2Fsvg&#039; viewBox%3D&#039;0 0 300 300&#039;%2F%3E\" class=\"show-on-hover back-image owl-lazy-load preload-me\" alt=\"\" data-src=\"https:\/\/mathy-austria.com\/wp-content\/uploads\/2014\/04\/1-mathy-spezial-h-winter_heizoel-additiv_1l_wb_1972_1920x1920-300x300.jpg\" data-srcset=\"https:\/\/mathy-austria.com\/wp-content\/uploads\/2014\/04\/1-mathy-spezial-h-winter_heizoel-additiv_1l_wb_1972_1920x1920-300x300.jpg 300w, https:\/\/mathy-austria.com\/wp-content\/uploads\/2014\/04\/1-mathy-spezial-h-winter_heizoel-additiv_1l_wb_1972_1920x1920-150x150.jpg 150w, https:\/\/mathy-austria.com\/wp-content\/uploads\/2014\/04\/1-mathy-spezial-h-winter_heizoel-additiv_1l_wb_1972_1920x1920-768x768.jpg 768w, https:\/\/mathy-austria.com\/wp-content\/uploads\/2014\/04\/1-mathy-spezial-h-winter_heizoel-additiv_1l_wb_1972_1920x1920-600x600.jpg 600w, https:\/\/mathy-austria.com\/wp-content\/uploads\/2014\/04\/1-mathy-spezial-h-winter_heizoel-additiv_1l_wb_1972_1920x1920-200x200.jpg 200w, https:\/\/mathy-austria.com\/wp-content\/uploads\/2014\/04\/1-mathy-spezial-h-winter_heizoel-additiv_1l_wb_1972_1920x1920.jpg 800w\" \/><\/a>\n\t<\/div>\n\t<figcaption class=\"woocom-list-content\">\n\n\t\t<div class=\"woo-buttons\"><a href=\"https:\/\/mathy-austria.com\/sk\/produkt\/mathy-spezial-h-winter-1x-1-0l\/\" aria-describedby=\"woocommerce_loop_add_to_cart_link_describedby_969\" data-quantity=\"1\" class=\"product_type_variable add_to_cart_button\" data-product_id=\"969\" data-product_sku=\"1265-999\" aria-label=\"V\u00fdber nastaven\u00ed pre \u201cMATHY SPEZIAL-H WINTER\u201d\" rel=\"nofollow\" data-no-translation=\"\" data-trp-gettext=\"\" data-no-translation-aria-label=\"\">V\u00fdber mo\u017enost\u00ed<\/a>\t<span id=\"woocommerce_loop_add_to_cart_link_describedby_969\" class=\"screen-reader-text\">\n\t\tTento v\u00fdrobok m\u00e1 viacero variantov. Varianty si m\u00f4\u017eete vybra\u0165 na str\u00e1nke produktu\t<\/span>\n<\/div>\n\t<\/figcaption>\n<\/figure>\n<\/article><article class=\"post post-963 product type-product status-publish has-post-thumbnail product_brand-mvg-mathe-schmierstofftechnik-gmbh product_cat-heizung product_cat-spitzenreiter description-off  instock taxable shipping-taxable purchasable product-type-variable\" ><figure class=\"woocom-project\">\n\t<div class=\"woo-buttons-on-img\">\n\n\t\t<a href=\"https:\/\/mathy-austria.com\/sk\/produkt\/mathy-spezial-h-heizol-additiv-1x-1-0l\/\" class=\"alignnone layzr-bg\"><img decoding=\"async\" width=\"300\" height=\"300\" src=\"data:image\/svg+xml;charset=utf-8,%3Csvg xmlns%3D&#039;http%3A%2F%2Fwww.w3.org%2F2000%2Fsvg&#039; viewBox%3D&#039;0 0 300 300&#039;%2F%3E\" class=\"attachment-woocommerce_thumbnail size-woocommerce_thumbnail owl-lazy-load preload-me\" alt=\"MATHY SPEZIAL-H Heiz\u00f6l-Additiv\" data-src=\"https:\/\/mathy-austria.com\/wp-content\/uploads\/2014\/04\/1-MATHY_Spezial-H_1l-300x300.jpg\" data-srcset=\"https:\/\/mathy-austria.com\/wp-content\/uploads\/2014\/04\/1-MATHY_Spezial-H_1l-300x300.jpg 300w, https:\/\/mathy-austria.com\/wp-content\/uploads\/2014\/04\/1-MATHY_Spezial-H_1l-1024x1024.jpg 1024w, https:\/\/mathy-austria.com\/wp-content\/uploads\/2014\/04\/1-MATHY_Spezial-H_1l-150x150.jpg 150w, https:\/\/mathy-austria.com\/wp-content\/uploads\/2014\/04\/1-MATHY_Spezial-H_1l-768x768.jpg 768w, https:\/\/mathy-austria.com\/wp-content\/uploads\/2014\/04\/1-MATHY_Spezial-H_1l-1536x1536.jpg 1536w, https:\/\/mathy-austria.com\/wp-content\/uploads\/2014\/04\/1-MATHY_Spezial-H_1l-600x600.jpg 600w, https:\/\/mathy-austria.com\/wp-content\/uploads\/2014\/04\/1-MATHY_Spezial-H_1l-200x200.jpg 200w, https:\/\/mathy-austria.com\/wp-content\/uploads\/2014\/04\/1-MATHY_Spezial-H_1l.jpg 1600w\" \/><img loading=\"lazy\" decoding=\"async\" width=\"300\" height=\"300\" src=\"data:image\/svg+xml;charset=utf-8,%3Csvg xmlns%3D&#039;http%3A%2F%2Fwww.w3.org%2F2000%2Fsvg&#039; viewBox%3D&#039;0 0 300 300&#039;%2F%3E\" class=\"show-on-hover back-image owl-lazy-load preload-me\" alt=\"\" data-src=\"https:\/\/mathy-austria.com\/wp-content\/uploads\/2014\/04\/2-MATHY_Spezial-H_5x1l-300x300.jpg\" data-srcset=\"https:\/\/mathy-austria.com\/wp-content\/uploads\/2014\/04\/2-MATHY_Spezial-H_5x1l-300x300.jpg 300w, https:\/\/mathy-austria.com\/wp-content\/uploads\/2014\/04\/2-MATHY_Spezial-H_5x1l-1024x1024.jpg 1024w, https:\/\/mathy-austria.com\/wp-content\/uploads\/2014\/04\/2-MATHY_Spezial-H_5x1l-150x150.jpg 150w, https:\/\/mathy-austria.com\/wp-content\/uploads\/2014\/04\/2-MATHY_Spezial-H_5x1l-768x768.jpg 768w, https:\/\/mathy-austria.com\/wp-content\/uploads\/2014\/04\/2-MATHY_Spezial-H_5x1l-1536x1536.jpg 1536w, https:\/\/mathy-austria.com\/wp-content\/uploads\/2014\/04\/2-MATHY_Spezial-H_5x1l-600x600.jpg 600w, https:\/\/mathy-austria.com\/wp-content\/uploads\/2014\/04\/2-MATHY_Spezial-H_5x1l-200x200.jpg 200w, https:\/\/mathy-austria.com\/wp-content\/uploads\/2014\/04\/2-MATHY_Spezial-H_5x1l.jpg 1600w\" \/><\/a>\n\t<\/div>\n\t<figcaption class=\"woocom-list-content\">\n\n\t\t<div class=\"woo-buttons\"><a href=\"https:\/\/mathy-austria.com\/sk\/produkt\/mathy-spezial-h-heizol-additiv-1x-1-0l\/\" aria-describedby=\"woocommerce_loop_add_to_cart_link_describedby_963\" data-quantity=\"1\" class=\"product_type_variable add_to_cart_button\" data-product_id=\"963\" data-product_sku=\"1260-999\" aria-label=\"V\u00fdber nastaven\u00ed pre \u201cMATHY SPEZIAL-H Heiz\u00f6l-Additiv\u201d\" rel=\"nofollow\" data-no-translation=\"\" data-trp-gettext=\"\" data-no-translation-aria-label=\"\">V\u00fdber mo\u017enost\u00ed<\/a>\t<span id=\"woocommerce_loop_add_to_cart_link_describedby_963\" class=\"screen-reader-text\">\n\t\tTento v\u00fdrobok m\u00e1 viacero variantov. Varianty si m\u00f4\u017eete vybra\u0165 na str\u00e1nke produktu\t<\/span>\n<\/div>\n\t<\/figcaption>\n<\/figure>\n<\/article><\/div>\t\t\t\t<\/div>\n\t\t\t\t<\/div>\n\t\t\t\t\t<\/div>\n\t\t<\/div>\n\t\t\t\t\t<\/div>\n\t\t<\/section>\n\t\t\t\t<\/div>","protected":false},"excerpt":{"rendered":"<p>Menej sadz\u00ed a ni\u017e\u0161ia spotreba. Pre \u010dist\u00e9 spa\u013eovanie vykurovacieho oleja. MATHY SPEZIAL-H je vysoko \u00fa\u010dinn\u00e1 pr\u00edsada do vykurovacieho oleja, ktorej modern\u00e9 akt\u00edvne zlo\u017eky dok\u00e1\u017eu trvalo \u0161etri\u0165 energiu v \u0161irokej \u0161k\u00e1le aplik\u00e1ci\u00ed. Sp\u013a\u0148a v\u0161etky po\u017eiadavky modern\u00fdch technol\u00f3gi\u00ed hor\u00e1kov, a preto je vhodn\u00e1 pre v\u0161etky kvality vykurovacieho oleja (\u0161tandardn\u00fd aj n\u00edzkosirn\u00fd). MATHY SPEZIAL-H premie\u0148a ak\u00fdko\u013evek \u0161tandardn\u00fd vykurovac\u00ed olej na pr\u00e9miov\u00fd vykurovac\u00ed olej,...<\/p>","protected":false},"author":1,"featured_media":0,"parent":1623,"menu_order":0,"comment_status":"closed","ping_status":"closed","template":"","meta":{"footnotes":""},"class_list":["post-2136","page","type-page","status-publish","hentry"],"_links":{"self":[{"href":"https:\/\/mathy-austria.com\/sk\/wp-json\/wp\/v2\/pages\/2136","targetHints":{"allow":["GET"]}}],"collection":[{"href":"https:\/\/mathy-austria.com\/sk\/wp-json\/wp\/v2\/pages"}],"about":[{"href":"https:\/\/mathy-austria.com\/sk\/wp-json\/wp\/v2\/types\/page"}],"author":[{"embeddable":true,"href":"https:\/\/mathy-austria.com\/sk\/wp-json\/wp\/v2\/users\/1"}],"replies":[{"embeddable":true,"href":"https:\/\/mathy-austria.com\/sk\/wp-json\/wp\/v2\/comments?post=2136"}],"version-history":[{"count":0,"href":"https:\/\/mathy-austria.com\/sk\/wp-json\/wp\/v2\/pages\/2136\/revisions"}],"up":[{"embeddable":true,"href":"https:\/\/mathy-austria.com\/sk\/wp-json\/wp\/v2\/pages\/1623"}],"wp:attachment":[{"href":"https:\/\/mathy-austria.com\/sk\/wp-json\/wp\/v2\/media?parent=2136"}],"curies":[{"name":"wp","href":"https:\/\/api.w.org\/{rel}","templated":true}]}}