{"id":2129,"date":"2020-07-17T09:51:06","date_gmt":"2020-07-17T07:51:06","guid":{"rendered":"https:\/\/mathy-austria.com\/?page_id=2129"},"modified":"2020-10-22T11:29:57","modified_gmt":"2020-10-22T09:29:57","slug":"offroad","status":"publish","type":"page","link":"https:\/\/mathy-austria.com\/sk\/anwendung\/offroad\/","title":{"rendered":"Offroad"},"content":{"rendered":"<div data-elementor-type=\"wp-page\" data-elementor-id=\"2129\" class=\"elementor elementor-2129\" data-elementor-post-type=\"page\">\n\t\t\t\t\t\t<section class=\"elementor-section elementor-top-section elementor-element elementor-element-6164498 elementor-section-boxed elementor-section-height-default elementor-section-height-default\" data-id=\"6164498\" data-element_type=\"section\" data-e-type=\"section\">\n\t\t\t\t\t\t<div class=\"elementor-container elementor-column-gap-default\">\n\t\t\t\t\t<div class=\"elementor-column elementor-col-100 elementor-top-column elementor-element elementor-element-51ac624\" data-id=\"51ac624\" data-element_type=\"column\" data-e-type=\"column\">\n\t\t\t<div class=\"elementor-widget-wrap elementor-element-populated\">\n\t\t\t\t\t\t<div class=\"elementor-element elementor-element-7be1869 elementor-widget elementor-widget-text-editor\" data-id=\"7be1869\" data-element_type=\"widget\" data-e-type=\"widget\" data-widget_type=\"text-editor.default\">\n\t\t\t\t<div class=\"elementor-widget-container\">\n\t\t\t\t\t\t\t\t\t<h1>\u0160pecialisti na hnacie \u00fastrojenstvo<\/h1><p><strong>Optim\u00e1lne mazanie v medzn\u00fdch rozsahoch<\/strong><\/p><p>Sortiment v\u00fdrobkov MATHY pon\u00faka dokonal\u00fa ochranu v\u0161etk\u00fdch jednotiek a cel\u00e9ho palivov\u00e9ho syst\u00e9mu, aby sa v\u00e1\u0161 ter\u00e9nny automobil dlho te\u0161il z jazdy. Adit\u00edva MATHY zni\u017euj\u00fa trenie a opotrebovanie v\u0161etk\u00fdch pohybliv\u00fdch \u010dast\u00ed motorov, prevodoviek, pohonov n\u00e1prav a diferenci\u00e1lov.<\/p><p style=\"color: #333333; quot;quot;,helvetica,arial,sans-serif;font-size: 16px; font-style: normal; font-variant: normal; font-weight: 400; letter-spacing: normal; text-align: left; text-decoration: none; text-indent: 0px; text-transform: none; margin: 0px 0px 1.4rem 0px;\">Najm\u00e4 v extr\u00e9mnych situ\u00e1ci\u00e1ch je d\u00f4le\u017eit\u00e9 zn\u00ed\u017ei\u0165 tlak na ve\u013emi nam\u00e1han\u00e9 a kritick\u00e9 oblasti v\u00e1\u0161ho ter\u00e9nneho vozidla. Pou\u017eit\u00edm MATHY v motore a prevodovke sa mnohon\u00e1sobne zv\u00fd\u0161i odolnos\u0165 olejov\u00e9ho filmu vo\u010di tlaku a zn\u00ed\u017ei sa n\u00e1chylnos\u0165 v\u00e1\u0161ho ter\u00e9nneho vozidla na poruchy. V\u00fdrazne sa zlep\u0161\u00ed prenos v\u00fdkonu z motora na hnacie koles\u00e1 a stabilizuje sa plynul\u00fd chod.<\/p>\t\t\t\t\t\t\t\t<\/div>\n\t\t\t\t<\/div>\n\t\t\t\t\t<\/div>\n\t\t<\/div>\n\t\t\t\t\t<\/div>\n\t\t<\/section>\n\t\t\t\t<section class=\"elementor-section elementor-top-section elementor-element elementor-element-6dc33fe0 elementor-section-boxed elementor-section-height-default elementor-section-height-default\" data-id=\"6dc33fe0\" data-element_type=\"section\" data-e-type=\"section\">\n\t\t\t\t\t\t<div class=\"elementor-container elementor-column-gap-default\">\n\t\t\t\t\t<div class=\"elementor-column elementor-col-100 elementor-top-column elementor-element elementor-element-4daef841\" data-id=\"4daef841\" data-element_type=\"column\" data-e-type=\"column\">\n\t\t\t<div class=\"elementor-widget-wrap elementor-element-populated\">\n\t\t\t\t\t\t<div class=\"elementor-element elementor-element-8e188f6 elementor-widget elementor-widget-heading\" data-id=\"8e188f6\" data-element_type=\"widget\" data-e-type=\"widget\" data-widget_type=\"heading.default\">\n\t\t\t\t<div class=\"elementor-widget-container\">\n\t\t\t\t\t<h2 class=\"elementor-heading-title elementor-size-default\">Naj\u010dastej\u0161ie ot\u00e1zky t\u00fdkaj\u00face sa aplik\u00e1cie v aplik\u00e1cii OFFROADER<\/h2>\t\t\t\t<\/div>\n\t\t\t\t<\/div>\n\t\t\t\t<div class=\"elementor-element elementor-element-6846e9ec elementor-widget elementor-widget-accordion\" data-id=\"6846e9ec\" data-element_type=\"widget\" data-e-type=\"widget\" data-widget_type=\"accordion.default\">\n\t\t\t\t<div class=\"elementor-widget-container\">\n\t\t\t\t\t\t\t<div class=\"elementor-accordion\">\n\t\t\t\t\t\t\t<div class=\"elementor-accordion-item\">\n\t\t\t\t\t<div id=\"elementor-tab-title-1741\" class=\"elementor-tab-title\" data-tab=\"1\" role=\"button\" aria-controls=\"elementor-tab-content-1741\" aria-expanded=\"false\">\n\t\t\t\t\t\t\t\t\t\t\t\t\t<span class=\"elementor-accordion-icon elementor-accordion-icon-left\" aria-hidden=\"true\">\n\t\t\t\t\t\t\t\t\t\t\t\t\t\t\t<span class=\"elementor-accordion-icon-closed\"><i class=\"fas fa-plus\"><\/i><\/span>\n\t\t\t\t\t\t\t\t<span class=\"elementor-accordion-icon-opened\"><i class=\"fas fa-minus\"><\/i><\/span>\n\t\t\t\t\t\t\t\t\t\t\t\t\t\t<\/span>\n\t\t\t\t\t\t\t\t\t\t\t\t<a class=\"elementor-accordion-title\" tabindex=\"0\">Ako funguj\u00fa adit\u00edva MATHY v ter\u00e9nnom vozidle?<\/a>\n\t\t\t\t\t<\/div>\n\t\t\t\t\t<div id=\"elementor-tab-content-1741\" class=\"elementor-tab-content elementor-clearfix\" data-tab=\"1\" role=\"region\" aria-labelledby=\"elementor-tab-title-1741\"><section class=\"m-accordion-item js-accordion-item m-accordion--open\"><div class=\"m-accordion-content js-accordion-content\"><p>Adit\u00edva MATHY optimalizuj\u00fa mazacie vlastnosti motorov\u00fdch, prevodov\u00fdch a diferenci\u00e1lnych olejov. S\u00fa\u010dasti potiahnut\u00e9 olejom zost\u00e1vaj\u00fa dlh\u0161ie chr\u00e1nen\u00e9 a menej sa odieraj\u00fa. T\u00fdm sa zni\u017euje opotrebovanie agreg\u00e1tov a predl\u017euje sa ich \u017eivotnos\u0165.\u00a0<\/p><\/div><\/section><section class=\"m-accordion-item js-accordion-item\"><\/section><\/div>\n\t\t\t\t<\/div>\n\t\t\t\t\t\t\t<div class=\"elementor-accordion-item\">\n\t\t\t\t\t<div id=\"elementor-tab-title-1742\" class=\"elementor-tab-title\" data-tab=\"2\" role=\"button\" aria-controls=\"elementor-tab-content-1742\" aria-expanded=\"false\">\n\t\t\t\t\t\t\t\t\t\t\t\t\t<span class=\"elementor-accordion-icon elementor-accordion-icon-left\" aria-hidden=\"true\">\n\t\t\t\t\t\t\t\t\t\t\t\t\t\t\t<span class=\"elementor-accordion-icon-closed\"><i class=\"fas fa-plus\"><\/i><\/span>\n\t\t\t\t\t\t\t\t<span class=\"elementor-accordion-icon-opened\"><i class=\"fas fa-minus\"><\/i><\/span>\n\t\t\t\t\t\t\t\t\t\t\t\t\t\t<\/span>\n\t\t\t\t\t\t\t\t\t\t\t\t<a class=\"elementor-accordion-title\" tabindex=\"0\">Ako \u010dasovo n\u00e1ro\u010dn\u00e1 je aplik\u00e1cia pr\u00edsad MATHY?<\/a>\n\t\t\t\t\t<\/div>\n\t\t\t\t\t<div id=\"elementor-tab-content-1742\" class=\"elementor-tab-content elementor-clearfix\" data-tab=\"2\" role=\"region\" aria-labelledby=\"elementor-tab-title-1742\"><section class=\"m-accordion-item js-accordion-item m-accordion--open\"><div class=\"m-accordion-content js-accordion-content\"><p>Aplik\u00e1cia je ve\u013emi jednoduch\u00e1. Pr\u00edsady do paliva MATHY sa prid\u00e1vaj\u00fa do n\u00e1dr\u017ee bezprostredne pred tankovan\u00edm. Adit\u00edva do motorov\u00e9ho a prevodov\u00e9ho oleja m\u00f4\u017eete bez probl\u00e9mov prid\u00e1va\u0165 do agreg\u00e1tov sami alebo v servisoch vozidiel. Ka\u017ed\u00fd v\u00fdrobok sa navy\u0161e dod\u00e1va s podrobn\u00fdm n\u00e1vodom na pou\u017eitie. \u00a0<\/p><\/div><\/section><section class=\"m-accordion-item js-accordion-item\"><\/section><\/div>\n\t\t\t\t<\/div>\n\t\t\t\t\t\t\t<div class=\"elementor-accordion-item\">\n\t\t\t\t\t<div id=\"elementor-tab-title-1743\" class=\"elementor-tab-title\" data-tab=\"3\" role=\"button\" aria-controls=\"elementor-tab-content-1743\" aria-expanded=\"false\">\n\t\t\t\t\t\t\t\t\t\t\t\t\t<span class=\"elementor-accordion-icon elementor-accordion-icon-left\" aria-hidden=\"true\">\n\t\t\t\t\t\t\t\t\t\t\t\t\t\t\t<span class=\"elementor-accordion-icon-closed\"><i class=\"fas fa-plus\"><\/i><\/span>\n\t\t\t\t\t\t\t\t<span class=\"elementor-accordion-icon-opened\"><i class=\"fas fa-minus\"><\/i><\/span>\n\t\t\t\t\t\t\t\t\t\t\t\t\t\t<\/span>\n\t\t\t\t\t\t\t\t\t\t\t\t<a class=\"elementor-accordion-title\" tabindex=\"0\">M\u00f4\u017eu adit\u00edva MATHY vyrie\u0161i\u0165 technick\u00e9 probl\u00e9my v ter\u00e9nnych vozidl\u00e1ch?<\/a>\n\t\t\t\t\t<\/div>\n\t\t\t\t\t<div id=\"elementor-tab-content-1743\" class=\"elementor-tab-content elementor-clearfix\" data-tab=\"3\" role=\"region\" aria-labelledby=\"elementor-tab-title-1743\"><section class=\"m-accordion-item js-accordion-item m-accordion--open\"><div class=\"m-accordion-content js-accordion-content\"><p>Adit\u00edva MATHY dok\u00e1\u017eu kompenzova\u0165 a minimalizova\u0165 chrastenie hydraulick\u00fdch koh\u00fatikov, ostr\u00e9 zvuky motora, zl\u00e9 \u0161tartovanie, lepkav\u00e9 radenie a stratu v\u00fdkonu. Probl\u00e9my s\u00favisiace s opotrebovan\u00edm sa dlhodobo zni\u017euj\u00fa.<\/p><\/div><\/section><section class=\"m-accordion-item js-accordion-item js-accordion-item--last\"><\/section><\/div>\n\t\t\t\t<\/div>\n\t\t\t\t\t\t\t<div class=\"elementor-accordion-item\">\n\t\t\t\t\t<div id=\"elementor-tab-title-1744\" class=\"elementor-tab-title\" data-tab=\"4\" role=\"button\" aria-controls=\"elementor-tab-content-1744\" aria-expanded=\"false\">\n\t\t\t\t\t\t\t\t\t\t\t\t\t<span class=\"elementor-accordion-icon elementor-accordion-icon-left\" aria-hidden=\"true\">\n\t\t\t\t\t\t\t\t\t\t\t\t\t\t\t<span class=\"elementor-accordion-icon-closed\"><i class=\"fas fa-plus\"><\/i><\/span>\n\t\t\t\t\t\t\t\t<span class=\"elementor-accordion-icon-opened\"><i class=\"fas fa-minus\"><\/i><\/span>\n\t\t\t\t\t\t\t\t\t\t\t\t\t\t<\/span>\n\t\t\t\t\t\t\t\t\t\t\t\t<a class=\"elementor-accordion-title\" tabindex=\"0\">V ktor\u00fdch oblastiach sa pou\u017e\u00edvaj\u00fa pr\u00edsady MATHY?<\/a>\n\t\t\t\t\t<\/div>\n\t\t\t\t\t<div id=\"elementor-tab-content-1744\" class=\"elementor-tab-content elementor-clearfix\" data-tab=\"4\" role=\"region\" aria-labelledby=\"elementor-tab-title-1744\"><div class=\"m-accordion js-accordion\"><section class=\"m-accordion-item js-accordion-item js-accordion-item--last m-accordion--open\"><div class=\"m-accordion-content js-accordion-content\"><p>V motoroch, manu\u00e1lnych prevodovk\u00e1ch, automatick\u00fdch prevodovk\u00e1ch, diferenci\u00e1loch, posil\u0148ova\u010doch riadenia, hydraulike, vstrekovac\u00edch \u010derpadl\u00e1ch, turbod\u00fachadl\u00e1ch, diferenci\u00e1loch\/zadn\u00fdch n\u00e1prav\u00e1ch, kompresoroch at\u010f.<\/p><\/div><\/section><\/div><\/div>\n\t\t\t\t<\/div>\n\t\t\t\t\t\t\t\t<\/div>\n\t\t\t\t\t\t<\/div>\n\t\t\t\t<\/div>\n\t\t\t\t\t<\/div>\n\t\t<\/div>\n\t\t\t\t\t<\/div>\n\t\t<\/section>\n\t\t\t\t<\/div>","protected":false},"excerpt":{"rendered":"<p>\u0160pecialisti na pohonn\u00e9 \u00fastrojenstvo Optim\u00e1lne mazanie na hranici mo\u017enost\u00ed Aby ste zabezpe\u010dili dlhodob\u00e9 pote\u0161enie z jazdy v\u00e1\u0161ho ter\u00e9nneho vozidla, rad produktov MATHY pon\u00faka dokonal\u00fa ochranu pre v\u0161etky komponenty a cel\u00fd palivov\u00fd syst\u00e9m. Pr\u00edsady MATHY zni\u017euj\u00fa trenie a opotrebovanie v\u0161etk\u00fdch pohybliv\u00fdch \u010dast\u00ed motorov, prevodoviek, pohonov n\u00e1prav a diferenci\u00e1lov. Najm\u00e4 v extr\u00e9mnych situ\u00e1ci\u00e1ch je od\u013eah\u010denie nevyhnutn\u00e9...<\/p>","protected":false},"author":1,"featured_media":0,"parent":1623,"menu_order":0,"comment_status":"closed","ping_status":"closed","template":"","meta":{"footnotes":""},"class_list":["post-2129","page","type-page","status-publish","hentry"],"_links":{"self":[{"href":"https:\/\/mathy-austria.com\/sk\/wp-json\/wp\/v2\/pages\/2129","targetHints":{"allow":["GET"]}}],"collection":[{"href":"https:\/\/mathy-austria.com\/sk\/wp-json\/wp\/v2\/pages"}],"about":[{"href":"https:\/\/mathy-austria.com\/sk\/wp-json\/wp\/v2\/types\/page"}],"author":[{"embeddable":true,"href":"https:\/\/mathy-austria.com\/sk\/wp-json\/wp\/v2\/users\/1"}],"replies":[{"embeddable":true,"href":"https:\/\/mathy-austria.com\/sk\/wp-json\/wp\/v2\/comments?post=2129"}],"version-history":[{"count":0,"href":"https:\/\/mathy-austria.com\/sk\/wp-json\/wp\/v2\/pages\/2129\/revisions"}],"up":[{"embeddable":true,"href":"https:\/\/mathy-austria.com\/sk\/wp-json\/wp\/v2\/pages\/1623"}],"wp:attachment":[{"href":"https:\/\/mathy-austria.com\/sk\/wp-json\/wp\/v2\/media?parent=2129"}],"curies":[{"name":"wp","href":"https:\/\/api.w.org\/{rel}","templated":true}]}}