{"id":2127,"date":"2020-07-17T09:51:03","date_gmt":"2020-07-17T07:51:03","guid":{"rendered":"https:\/\/mathy-austria.com\/?page_id=2127"},"modified":"2020-10-22T11:17:31","modified_gmt":"2020-10-22T09:17:31","slug":"tuning","status":"publish","type":"page","link":"https:\/\/mathy-austria.com\/sk\/anwendung\/tuning\/","title":{"rendered":"Ladenie"},"content":{"rendered":"<div data-elementor-type=\"wp-page\" data-elementor-id=\"2127\" class=\"elementor elementor-2127\" data-elementor-post-type=\"page\">\n\t\t\t\t\t\t<section class=\"elementor-section elementor-top-section elementor-element elementor-element-6164498 elementor-section-boxed elementor-section-height-default elementor-section-height-default\" data-id=\"6164498\" data-element_type=\"section\" data-e-type=\"section\">\n\t\t\t\t\t\t<div class=\"elementor-container elementor-column-gap-default\">\n\t\t\t\t\t<div class=\"elementor-column elementor-col-100 elementor-top-column elementor-element elementor-element-51ac624\" data-id=\"51ac624\" data-element_type=\"column\" data-e-type=\"column\">\n\t\t\t<div class=\"elementor-widget-wrap elementor-element-populated\">\n\t\t\t\t\t\t<div class=\"elementor-element elementor-element-7be1869 elementor-widget elementor-widget-text-editor\" data-id=\"7be1869\" data-element_type=\"widget\" data-e-type=\"widget\" data-widget_type=\"text-editor.default\">\n\t\t\t\t<div class=\"elementor-widget-container\">\n\t\t\t\t\t\t\t\t\t<h1>Pr\u00edsady MATHY maj\u00fa teplotu pod kontrolou<\/h1><p><strong>Jednoducho zn\u00ed\u017ete tepeln\u00e9 probl\u00e9my a generujte viac energie.<\/strong><\/p><p>Pridan\u00edm adit\u00edv MATHY do jednotiek vyladen\u00fdch vozidiel sa zni\u017euje v\u00fdvin tepla sp\u00f4soben\u00fd vy\u0161\u0161\u00edmi ot\u00e1\u010dkami motora. Zni\u017euje sa vn\u00fatorn\u00e9 trenie a maziv\u00e1 v motore, prevodovke a diferenci\u00e1loch s\u00fa chladnej\u0161ie. V\u00fdsledkom je optimaliz\u00e1cia mazac\u00edch vlastnost\u00ed olejov na hranici ich mo\u017enost\u00ed.<\/p><p>Adit\u00edva MATHY zvy\u0161uj\u00fa v\u00fdkonnostn\u00e9 hodnoty tuningov\u00fdch vozidiel a predl\u017euj\u00fa \u017eivotnos\u0165 technol\u00f3gie.<\/p>\t\t\t\t\t\t\t\t<\/div>\n\t\t\t\t<\/div>\n\t\t\t\t<div class=\"elementor-element elementor-element-e5ed1cb elementor-widget elementor-widget-text-editor\" data-id=\"e5ed1cb\" data-element_type=\"widget\" data-e-type=\"widget\" data-widget_type=\"text-editor.default\">\n\t\t\t\t<div class=\"elementor-widget-container\">\n\t\t\t\t\t\t\t\t\t<div class=\"page-header\"><h2 class=\"vorteile\">Toto s\u00fa va\u0161e v\u00fdhody<\/h2><ul class=\"csc-bulletlist csc-bulletlist-0\"><li>Tepeln\u00e9 probl\u00e9my sa zni\u017euj\u00fa<\/li><li>Vn\u00fatorn\u00e9 trenie je minimalizovan\u00e9<\/li><li>Optimaliz\u00e1cia v\u00fdkonu<\/li><li>Zn\u00ed\u017eenie opotrebovania<\/li><li>Pred\u013a\u017eenie \u017eivotnosti dielov<\/li><\/ul><\/div>\t\t\t\t\t\t\t\t<\/div>\n\t\t\t\t<\/div>\n\t\t\t\t\t<\/div>\n\t\t<\/div>\n\t\t\t\t\t<\/div>\n\t\t<\/section>\n\t\t\t\t<section class=\"elementor-section elementor-top-section elementor-element elementor-element-5bff7eda elementor-section-boxed elementor-section-height-default elementor-section-height-default\" data-id=\"5bff7eda\" data-element_type=\"section\" data-e-type=\"section\">\n\t\t\t\t\t\t<div class=\"elementor-container elementor-column-gap-default\">\n\t\t\t\t\t<div class=\"elementor-column elementor-col-100 elementor-top-column elementor-element elementor-element-154b7553\" data-id=\"154b7553\" data-element_type=\"column\" data-e-type=\"column\">\n\t\t\t<div class=\"elementor-widget-wrap elementor-element-populated\">\n\t\t\t\t\t\t<div class=\"elementor-element elementor-element-45b9f8f0 elementor-widget elementor-widget-heading\" data-id=\"45b9f8f0\" data-element_type=\"widget\" data-e-type=\"widget\" data-widget_type=\"heading.default\">\n\t\t\t\t<div class=\"elementor-widget-container\">\n\t\t\t\t\t<h2 class=\"elementor-heading-title elementor-size-default\">Naj\u010dastej\u0161ie ot\u00e1zky t\u00fdkaj\u00face sa aplik\u00e1cie na ladenie\n<\/h2>\t\t\t\t<\/div>\n\t\t\t\t<\/div>\n\t\t\t\t<div class=\"elementor-element elementor-element-715f08ce elementor-widget elementor-widget-accordion\" data-id=\"715f08ce\" data-element_type=\"widget\" data-e-type=\"widget\" data-widget_type=\"accordion.default\">\n\t\t\t\t<div class=\"elementor-widget-container\">\n\t\t\t\t\t\t\t<div class=\"elementor-accordion\">\n\t\t\t\t\t\t\t<div class=\"elementor-accordion-item\">\n\t\t\t\t\t<div id=\"elementor-tab-title-1901\" class=\"elementor-tab-title\" data-tab=\"1\" role=\"button\" aria-controls=\"elementor-tab-content-1901\" aria-expanded=\"false\">\n\t\t\t\t\t\t\t\t\t\t\t\t\t<span class=\"elementor-accordion-icon elementor-accordion-icon-left\" aria-hidden=\"true\">\n\t\t\t\t\t\t\t\t\t\t\t\t\t\t\t<span class=\"elementor-accordion-icon-closed\"><i class=\"fas fa-plus\"><\/i><\/span>\n\t\t\t\t\t\t\t\t<span class=\"elementor-accordion-icon-opened\"><i class=\"fas fa-minus\"><\/i><\/span>\n\t\t\t\t\t\t\t\t\t\t\t\t\t\t<\/span>\n\t\t\t\t\t\t\t\t\t\t\t\t<a class=\"elementor-accordion-title\" tabindex=\"0\">M\u00f4\u017ee sa pr\u00edsada do motorov\u00e9ho oleja MATHY-M mie\u0161a\u0165 s pretek\u00e1rskymi motorov\u00fdmi olejmi?<\/a>\n\t\t\t\t\t<\/div>\n\t\t\t\t\t<div id=\"elementor-tab-content-1901\" class=\"elementor-tab-content elementor-clearfix\" data-tab=\"1\" role=\"region\" aria-labelledby=\"elementor-tab-title-1901\"><section class=\"m-accordion-item js-accordion-item m-accordion--open\"><div class=\"m-accordion-content js-accordion-content\"><p>Pr\u00edsada do motorov\u00e9ho oleja MATHY-M je mie\u0161ate\u013en\u00e1 so v\u0161etk\u00fdmi polosyntetick\u00fdmi a plne syntetick\u00fdmi motorov\u00fdmi olejmi. Optimalizuje aj mazacie vlastnosti pretek\u00e1rskych motorov\u00fdch olejov. Optim\u00e1lne mazanie je obzvl\u00e1\u0161\u0165 d\u00f4le\u017eit\u00e9 pre vysoko nam\u00e1han\u00e9 tuningov\u00e9 motory. Zn\u00ed\u017een\u00edm vn\u00fatorn\u00e9ho trenia zost\u00e1va pretek\u00e1rsky olej chladnej\u0161\u00ed a zabezpe\u010duje dostato\u010dn\u00e9 z\u00e1sobovanie olejom pri limitn\u00fdch hodnot\u00e1ch.<\/p><\/div><\/section><section class=\"m-accordion-item js-accordion-item\"><\/section><\/div>\n\t\t\t\t<\/div>\n\t\t\t\t\t\t\t<div class=\"elementor-accordion-item\">\n\t\t\t\t\t<div id=\"elementor-tab-title-1902\" class=\"elementor-tab-title\" data-tab=\"2\" role=\"button\" aria-controls=\"elementor-tab-content-1902\" aria-expanded=\"false\">\n\t\t\t\t\t\t\t\t\t\t\t\t\t<span class=\"elementor-accordion-icon elementor-accordion-icon-left\" aria-hidden=\"true\">\n\t\t\t\t\t\t\t\t\t\t\t\t\t\t\t<span class=\"elementor-accordion-icon-closed\"><i class=\"fas fa-plus\"><\/i><\/span>\n\t\t\t\t\t\t\t\t<span class=\"elementor-accordion-icon-opened\"><i class=\"fas fa-minus\"><\/i><\/span>\n\t\t\t\t\t\t\t\t\t\t\t\t\t\t<\/span>\n\t\t\t\t\t\t\t\t\t\t\t\t<a class=\"elementor-accordion-title\" tabindex=\"0\">Ak\u00e9 s\u00fa v\u00fdhody pou\u017e\u00edvania maz\u00edv MATHY vo vyladen\u00fdch vozidl\u00e1ch?<\/a>\n\t\t\t\t\t<\/div>\n\t\t\t\t\t<div id=\"elementor-tab-content-1902\" class=\"elementor-tab-content elementor-clearfix\" data-tab=\"2\" role=\"region\" aria-labelledby=\"elementor-tab-title-1902\"><section class=\"m-accordion-item js-accordion-item m-accordion--open\"><div class=\"m-accordion-content js-accordion-content\"><p>Pridan\u00edm maz\u00edv MATHY do vyladen\u00fdch vozidiel dosiahnete zv\u00fd\u0161en\u00e9 zn\u00ed\u017eenie opotrebenia cel\u00e9ho hnacieho \u00fastrojenstva a \u010fal\u0161ie zlep\u0161enie v\u00fdkonu.<\/p><\/div><\/section><section class=\"m-accordion-item js-accordion-item\"><\/section><\/div>\n\t\t\t\t<\/div>\n\t\t\t\t\t\t\t<div class=\"elementor-accordion-item\">\n\t\t\t\t\t<div id=\"elementor-tab-title-1903\" class=\"elementor-tab-title\" data-tab=\"3\" role=\"button\" aria-controls=\"elementor-tab-content-1903\" aria-expanded=\"false\">\n\t\t\t\t\t\t\t\t\t\t\t\t\t<span class=\"elementor-accordion-icon elementor-accordion-icon-left\" aria-hidden=\"true\">\n\t\t\t\t\t\t\t\t\t\t\t\t\t\t\t<span class=\"elementor-accordion-icon-closed\"><i class=\"fas fa-plus\"><\/i><\/span>\n\t\t\t\t\t\t\t\t<span class=\"elementor-accordion-icon-opened\"><i class=\"fas fa-minus\"><\/i><\/span>\n\t\t\t\t\t\t\t\t\t\t\t\t\t\t<\/span>\n\t\t\t\t\t\t\t\t\t\t\t\t<a class=\"elementor-accordion-title\" tabindex=\"0\">M\u00f4\u017eu adit\u00edva MATHY zn\u00ed\u017ei\u0165 teplotu oleja vo vyladen\u00fdch motoroch?<\/a>\n\t\t\t\t\t<\/div>\n\t\t\t\t\t<div id=\"elementor-tab-content-1903\" class=\"elementor-tab-content elementor-clearfix\" data-tab=\"3\" role=\"region\" aria-labelledby=\"elementor-tab-title-1903\"><section class=\"m-accordion-item js-accordion-item m-accordion--open\"><div class=\"m-accordion-content js-accordion-content\"><p>Prostredn\u00edctvom pridania 10%ige z na\u0161ej\u00a0<b>Pr\u00edsada do motorov\u00e9ho oleja MATHY-M<\/b>\u00a0MATHY-M je priama zmes s motorov\u00fdm olejom, ktor\u00e1 zni\u017euje vn\u00fatorn\u00e9 trenie a udr\u017eiava ni\u017e\u0161iu teplotu oleja. MATHY-M neobsahuje pevn\u00e9 l\u00e1tky a vytv\u00e1ra priamu v\u00e4zbu na b\u00e1ze uh\u013eovod\u00edkov s motorov\u00fdm olejom. T\u00e1to zost\u00e1va stabiln\u00e1 a\u017e do \u010fal\u0161ej v\u00fdmeny oleja a zabezpe\u010duje optim\u00e1lne mazanie.\u00a0\u00a0\u00a0<\/p><\/div><\/section><section class=\"m-accordion-item js-accordion-item\"><\/section><\/div>\n\t\t\t\t<\/div>\n\t\t\t\t\t\t\t<div class=\"elementor-accordion-item\">\n\t\t\t\t\t<div id=\"elementor-tab-title-1904\" class=\"elementor-tab-title\" data-tab=\"4\" role=\"button\" aria-controls=\"elementor-tab-content-1904\" aria-expanded=\"false\">\n\t\t\t\t\t\t\t\t\t\t\t\t\t<span class=\"elementor-accordion-icon elementor-accordion-icon-left\" aria-hidden=\"true\">\n\t\t\t\t\t\t\t\t\t\t\t\t\t\t\t<span class=\"elementor-accordion-icon-closed\"><i class=\"fas fa-plus\"><\/i><\/span>\n\t\t\t\t\t\t\t\t<span class=\"elementor-accordion-icon-opened\"><i class=\"fas fa-minus\"><\/i><\/span>\n\t\t\t\t\t\t\t\t\t\t\t\t\t\t<\/span>\n\t\t\t\t\t\t\t\t\t\t\t\t<a class=\"elementor-accordion-title\" tabindex=\"0\">Ak\u00fd vplyv maj\u00fa pr\u00edsady do paliva na spa\u013eovanie v motore?<\/a>\n\t\t\t\t\t<\/div>\n\t\t\t\t\t<div id=\"elementor-tab-content-1904\" class=\"elementor-tab-content elementor-clearfix\" data-tab=\"4\" role=\"region\" aria-labelledby=\"elementor-tab-title-1904\"><section class=\"m-accordion-item js-accordion-item m-accordion--open\"><div class=\"m-accordion-content js-accordion-content\"><p>Pr\u00edsady do paliva MATHY \u010distia cel\u00fd palivov\u00fd syst\u00e9m od n\u00e1dr\u017ee a\u017e po spa\u013eovaciu komoru. Rozkladom zvy\u0161kov spa\u013eovania na vstrekovac\u00edch trysk\u00e1ch, sedl\u00e1ch ventilov a spa\u013eovac\u00edch komor\u00e1ch sa obnovuje star\u00fd v\u00fdkon vstrekovacieho syst\u00e9mu a optimalizuje sa spotreba paliva. Len \u010dist\u00fd palivov\u00fd syst\u00e9m zaru\u010duje bezprobl\u00e9mov\u00fa jazdu.\u00a0<\/p><\/div><\/section><section class=\"m-accordion-item js-accordion-item js-accordion-item--last\"><\/section><\/div>\n\t\t\t\t<\/div>\n\t\t\t\t\t\t\t<div class=\"elementor-accordion-item\">\n\t\t\t\t\t<div id=\"elementor-tab-title-1905\" class=\"elementor-tab-title\" data-tab=\"5\" role=\"button\" aria-controls=\"elementor-tab-content-1905\" aria-expanded=\"false\">\n\t\t\t\t\t\t\t\t\t\t\t\t\t<span class=\"elementor-accordion-icon elementor-accordion-icon-left\" aria-hidden=\"true\">\n\t\t\t\t\t\t\t\t\t\t\t\t\t\t\t<span class=\"elementor-accordion-icon-closed\"><i class=\"fas fa-plus\"><\/i><\/span>\n\t\t\t\t\t\t\t\t<span class=\"elementor-accordion-icon-opened\"><i class=\"fas fa-minus\"><\/i><\/span>\n\t\t\t\t\t\t\t\t\t\t\t\t\t\t<\/span>\n\t\t\t\t\t\t\t\t\t\t\t\t<a class=\"elementor-accordion-title\" tabindex=\"0\">V ktor\u00fdch oblastiach mo\u017eno v\u0161ade pou\u017ei\u0165 pr\u00edsady MATHY?<\/a>\n\t\t\t\t\t<\/div>\n\t\t\t\t\t<div id=\"elementor-tab-content-1905\" class=\"elementor-tab-content elementor-clearfix\" data-tab=\"5\" role=\"region\" aria-labelledby=\"elementor-tab-title-1905\"><div class=\"m-accordion js-accordion\"><section class=\"m-accordion-item js-accordion-item js-accordion-item--last m-accordion--open\"><div class=\"m-accordion-content js-accordion-content\"><p>V spa\u013eovac\u00edch motoroch (dieselov\u00fdch a benz\u00ednov\u00fdch), manu\u00e1lnych a automatick\u00fdch prevodovk\u00e1ch, posil\u0148ova\u010doch riadenia, hydraulick\u00fdch syst\u00e9moch, vstrekovac\u00edch syst\u00e9moch, turbod\u00fachadl\u00e1ch, zadn\u00fdch n\u00e1prav\u00e1ch a kompresoroch.<\/p><\/div><\/section><\/div><\/div>\n\t\t\t\t<\/div>\n\t\t\t\t\t\t\t\t<\/div>\n\t\t\t\t\t\t<\/div>\n\t\t\t\t<\/div>\n\t\t\t\t\t<\/div>\n\t\t<\/div>\n\t\t\t\t\t<\/div>\n\t\t<\/section>\n\t\t\t\t<\/div>","protected":false},"excerpt":{"rendered":"<p>Pr\u00edsady MATHY udr\u017eiavaj\u00fa teploty pod kontrolou. \u013dahko zni\u017euj\u00fa tepeln\u00e9 probl\u00e9my a generuj\u00fa vy\u0161\u0161\u00ed v\u00fdkon. Pridan\u00edm pr\u00edsad MATHY do motorov upraven\u00fdch vozidiel sa zni\u017euje teplo generovan\u00e9 vy\u0161\u0161\u00edmi ot\u00e1\u010dkami motora. Zni\u017euje sa vn\u00fatorn\u00e9 trenie a maziv\u00e1 v motore, prevodovke a diferenci\u00e1loch sa udr\u017eiavaj\u00fa chladnej\u0161ie. V\u00fdsledkom je mazac\u00ed v\u00fdkon olejov v...<\/p>","protected":false},"author":1,"featured_media":0,"parent":1623,"menu_order":0,"comment_status":"closed","ping_status":"closed","template":"","meta":{"footnotes":""},"class_list":["post-2127","page","type-page","status-publish","hentry"],"_links":{"self":[{"href":"https:\/\/mathy-austria.com\/sk\/wp-json\/wp\/v2\/pages\/2127","targetHints":{"allow":["GET"]}}],"collection":[{"href":"https:\/\/mathy-austria.com\/sk\/wp-json\/wp\/v2\/pages"}],"about":[{"href":"https:\/\/mathy-austria.com\/sk\/wp-json\/wp\/v2\/types\/page"}],"author":[{"embeddable":true,"href":"https:\/\/mathy-austria.com\/sk\/wp-json\/wp\/v2\/users\/1"}],"replies":[{"embeddable":true,"href":"https:\/\/mathy-austria.com\/sk\/wp-json\/wp\/v2\/comments?post=2127"}],"version-history":[{"count":0,"href":"https:\/\/mathy-austria.com\/sk\/wp-json\/wp\/v2\/pages\/2127\/revisions"}],"up":[{"embeddable":true,"href":"https:\/\/mathy-austria.com\/sk\/wp-json\/wp\/v2\/pages\/1623"}],"wp:attachment":[{"href":"https:\/\/mathy-austria.com\/sk\/wp-json\/wp\/v2\/media?parent=2127"}],"curies":[{"name":"wp","href":"https:\/\/api.w.org\/{rel}","templated":true}]}}