{"id":973,"date":"2014-04-10T08:44:18","date_gmt":"2014-04-10T07:44:18","guid":{"rendered":"https:\/\/mathy-austria.com\/?post_type=product&#038;p=973"},"modified":"2025-10-05T11:30:34","modified_gmt":"2025-10-05T10:30:34","slug":"mathe-classic-motorol-additiv","status":"publish","type":"product","link":"https:\/\/mathy-austria.com\/hu\/termek\/mathe-classic-motorol-additiv\/","title":{"rendered":"MATH\u00c9 Classic Motoren\u00f6l-Zusatz \u2013 1l"},"content":{"rendered":"<p><strong>Math\u00e9 Classic<\/strong> ist als Motor\u00f6l-Additiv geeignet f\u00fcr Old- und Youngtimer. Besonders gut geeignet f\u00fcr Oldtimer, die mit Motoren\u00f6len der Viskosit\u00e4t <strong>SAE 30<\/strong> bis<strong> SAE 40<\/strong> gefahren werden. <strong>Math\u00e9 Classic<\/strong> gilt als Repr\u00e4sentant modernster Additiv-Technologie ohne Feststoffe.<\/p>\n<p><!-- Header: [begin] --><\/p>\n<div class=\"head leistungssteigerung ka-handler\">\n<h2 class=\"accordion\">Leistungssteigerung<\/h2>\n<\/div>\n<p><!-- Header: [end] --> <!-- Bullet list: [begin] --><\/p>\n<div class=\"ka-content\">\n<ul class=\"csc-bulletlist csc-bulletlist-0\">\n<li class=\"odd\">h\u00f6here Geschwindigkeit<\/li>\n<li class=\"even\">mehr Durchzugskraft<\/li>\n<li class=\"odd\">h\u00f6here Elastizit\u00e4t<\/li>\n<li class=\"even\">h\u00f6here Kompression<\/li>\n<\/ul>\n<h2 class=\"accordion\">Kostensenkung<\/h2>\n<p><!-- Header: [end] --> <!-- Bullet list: [begin] --><\/p>\n<div class=\"ka-content\">\n<ul class=\"csc-bulletlist csc-bulletlist-0\">\n<li class=\"odd\">senkt Kosten f\u00fcr Reparatur und Wartung<\/li>\n<\/ul>\n<h2 class=\"accordion\">Fahrkomfort<\/h2>\n<p><!-- Header: [end] --> <!-- Bullet list: [begin] --><\/p>\n<div class=\"ka-content\">\n<ul class=\"csc-bulletlist csc-bulletlist-0\">\n<li class=\"odd\">ruhigerer, runderer Lauf<\/li>\n<li class=\"odd\">leisere Motorger\u00e4usche<\/li>\n<li class=\"odd\">weniger Vibrationen<\/li>\n<li class=\"even\">erh\u00f6ht die Betriebssicherheit<\/li>\n<li class=\"odd\">leichterer Start<\/li>\n<\/ul>\n<h2 class=\"accordion\">Schutz &amp; Reinigung<\/h2>\n<p><!-- Header: [end] --> <!-- Bullet list: [begin] --><\/p>\n<div class=\"ka-content\">\n<ul class=\"csc-bulletlist csc-bulletlist-0\">\n<li class=\"odd\">minimiert die Abnutzung<\/li>\n<li class=\"even\">verhindert Hei\u00dflaufen<\/li>\n<li class=\"odd\">vermeidet Lager- und Kolbenfresser<\/li>\n<li class=\"even\">reinigt den Motor, l\u00f6st Verkrustungen<\/li>\n<li class=\"odd\">verhindert Ablagerungen<\/li>\n<li class=\"even\">gl\u00e4ttet angefressene Lauffl\u00e4chen<\/li>\n<li class=\"odd\">korrosionshemmend<\/li>\n<li class=\"even\">wasserresistent<\/li>\n<li class=\"odd\">reduziert Kaltstartverschlei\u00df auf ein Minimum<\/li>\n<li class=\"even\">verhindert Korrosion bei langen Standzeiten<\/li>\n<li class=\"odd\">katalysatorgeeignet<\/li>\n<li class=\"even\">technische Probleme werden reduziert oder beseitigt<\/li>\n<\/ul>\n<\/div>\n<p><!-- Bullet list: [end] --> <!-- CONTENT ELEMENT, uid:2986\/bullets [end] --> <!-- CONTENT ELEMENT, uid:117\/text [begin] --> <!-- Header: [begin] --><\/p>\n<h2 class=\"einsatzbereiche\">Die Einsatzbereiche<\/h2>\n<ul>\n<li>Absicherung bei motorischen Einlaufvorg\u00e4ngen<\/li>\n<li>hervorragend in klassischen Oldtimern bew\u00e4hrt<\/li>\n<li>Schutz gegen Verschlei\u00df<\/li>\n<li>Verl\u00e4ngerung der Standzeit von Motoren, Maschinen und Werkzeugen<\/li>\n<li>f\u00fcr alle Viertaktmotoren \u00e4lterer Baujahre, insbesondere mit w\u00e4lzgelagerten Pleueln\/Kurbelwellen<\/li>\n<li>auch geeignet f\u00fcr Fahrzeuge mit\u00a0 \u00d6lsumpfschmierung<\/li>\n<\/ul>\n<h2 class=\"dosierung\">Dosierung<\/h2>\n<p>Zur Reinigung bei erstmaliger Verwendung in gebrauchten Fahrzeugen und Maschinen:<\/p>\n<ul>\n<li>etwa 500 km oder 8 Beriebsstunden vor dem n\u00e4chsten \u00d6lwechsel 10% <strong>Math\u00e9<\/strong> Classic Motor\u00f6l-Additiv beigeben<\/li>\n<\/ul>\n<p>Normal-Dosierung: mindestens 10% <strong>Math\u00e9<\/strong> Classic Motor\u00f6l-Additiv\u00a0verwenden, d.h.:<\/p>\n<ul>\n<li>bei\u00a0Motor-Gesamtf\u00fcllmenge 4,0 l: 3,6 l Motoren\u00f6l nach Herstellervorgabe + 0,4 l\u00a0<strong>Math\u00e9<\/strong> Classic Motor\u00f6l-Additiv<\/li>\n<\/ul>\n<p>Bei hoher Belastung: mindestens 20%\u00a0<strong>Math\u00e9<\/strong> Classic Motor\u00f6l-Additiv verwenden, d.h.:<\/p>\n<ul>\n<li>bei\u00a0Motor-Gesamtf\u00fcllmenge 4,0 l = 3,2 l Motoren\u00f6l nach Herstellervorgabe + 0,8 l\u00a0<strong>Math\u00e9<\/strong> Classic Motor\u00f6l-Additiv.a<\/li>\n<\/ul>\n<\/div>\n<\/div>\n<\/div>\n","protected":false},"excerpt":{"rendered":"<p>Motor\u00f6l-Additiv f\u00fcr klassische Fahrzeuge \u2013 1,0 l<\/p>","protected":false},"featured_media":107579,"template":"","meta":[],"product_brand":[125],"product_cat":[124,131],"product_tag":[],"class_list":{"0":"post-973","1":"product","2":"type-product","3":"status-publish","4":"has-post-thumbnail","6":"product_brand-mvg-mathe-schmierstofftechnik-gmbh","7":"product_cat-motor","8":"product_cat-klassiker","9":"description-off","11":"first","12":"instock","13":"taxable","14":"shipping-taxable","15":"purchasable","16":"product-type-variable"},"_links":{"self":[{"href":"https:\/\/mathy-austria.com\/hu\/wp-json\/wp\/v2\/product\/973","targetHints":{"allow":["GET"]}}],"collection":[{"href":"https:\/\/mathy-austria.com\/hu\/wp-json\/wp\/v2\/product"}],"about":[{"href":"https:\/\/mathy-austria.com\/hu\/wp-json\/wp\/v2\/types\/product"}],"wp:featuredmedia":[{"embeddable":true,"href":"https:\/\/mathy-austria.com\/hu\/wp-json\/wp\/v2\/media\/107579"}],"wp:attachment":[{"href":"https:\/\/mathy-austria.com\/hu\/wp-json\/wp\/v2\/media?parent=973"}],"wp:term":[{"taxonomy":"product_brand","embeddable":true,"href":"https:\/\/mathy-austria.com\/hu\/wp-json\/wp\/v2\/product_brand?post=973"},{"taxonomy":"product_cat","embeddable":true,"href":"https:\/\/mathy-austria.com\/hu\/wp-json\/wp\/v2\/product_cat?post=973"},{"taxonomy":"product_tag","embeddable":true,"href":"https:\/\/mathy-austria.com\/hu\/wp-json\/wp\/v2\/product_tag?post=973"}],"curies":[{"name":"wp","href":"https:\/\/api.w.org\/{rel}","templated":true}]}}