{"id":950,"date":"2014-04-09T10:46:16","date_gmt":"2014-04-09T08:46:16","guid":{"rendered":"https:\/\/mathy-austria.com\/?post_type=product&#038;p=950"},"modified":"2026-03-04T15:08:19","modified_gmt":"2026-03-04T14:08:19","slug":"mathy-ks","status":"publish","type":"product","link":"https:\/\/mathy-austria.com\/hu\/termek\/mathy-ks\/","title":{"rendered":"MATHY-KS"},"content":{"rendered":"<p><strong>MATHY-KS<\/strong> ist ein vollsynthetisches, helles, stark haftendes Trockenkettenspray. Besonders gut einsetzbar ist dieser Spezialschmierstoff gegen Alterung, Korrosion und Verschlei\u00df an Ketten von Motorr\u00e4der und Fahrr\u00e4dern. Der hohe PTFE-Feststoffanteil garantiert eine fettfreie Versiegelung der gesamten Oberfl\u00e4che.<\/p>\n<h2>Alkalmaz\u00e1si ter\u00fcletek<\/h2>\n<p><strong>MATHY-KS<\/strong> eignet sich zur Schmierung aller Ketten, Gleitfl\u00e4chen, Keilwellen, Kardan- und Kreuzgelenke, Spindeln, F\u00fchrungen und Zahnr\u00e4der. Bei Motorr\u00e4dern, Quads, Fahrr\u00e4dern und allen Arten von Fahrzeugen mit Kettenantrieb sowie im Motorsport kommt <strong>MATHY-KS<\/strong> az alkalmaz\u00e1shoz.<\/p>\n<p>K\u00fcl\u00f6n\u00f6sen poros k\u00f6rnyezetben, azaz ahol nagy a por \u00e9s a szennyez\u0151d\u00e9s, a <strong>MATHY-KS<\/strong> ide\u00e1lis esetben kibontakoztatja a hat\u00e1s\u00e1t.<\/p>\n<p>Optimaler Ketten-Schutz bei folgenden Fahrzeugen:<\/p>\n<p>Motorrad \u2013 Moped \u2013 Mofa \u2013 Quad \u2013 Kleinkraftr\u00e4der \u2013 Fahrrad \u2013 E-Bike \u2013 Trekkingrad<\/p>\n<h2>Alkalmaz\u00e1s<\/h2>\n<p><strong>MATHY-KS<\/strong> vor Gebrauch gut sch\u00fctteln. Die Oberfl\u00e4chen sollten trocken, staub- und fettfrei sein. Das Trockenkettenspray d\u00fcnn auftragen. Nach ca. 2 Minuten den Vorgang wiederholen und vor Belastung sehr gut abtrocknen lassen.<\/p>\n<h2>Vesz\u00e9ly<\/h2>\n<ul>\n<li>H222: Fokozottan t\u0171zvesz\u00e9lyes aeroszol.<\/li>\n<li>H229: Nyom\u00e1s alatt \u00e1ll\u00f3 tart\u00e1ly: Felforr\u00f3sod\u00e1s eset\u00e9n felrobbanhat.<\/li>\n<li>H315: B\u0151rirrit\u00e1ci\u00f3t okoz.<\/li>\n<li>H317: Allergi\u00e1s b\u0151rreakci\u00f3t okozhat.<\/li>\n<li>H336: \u00c1lmoss\u00e1got vagy sz\u00e9d\u00fcl\u00e9st okozhat.<\/li>\n<li>H411: Hosszan tart\u00f3an m\u00e9rgez\u0151 a v\u00edzi \u00e9l\u0151vil\u00e1gra.<\/li>\n<\/ul>","protected":false},"excerpt":{"rendered":"<p>Sz\u00e1raz l\u00e1nc spray<\/p>","protected":false},"featured_media":149627,"template":"","meta":[],"product_brand":[125],"product_cat":[128],"product_tag":[594,463,464,465,466,595,467,468,478,479,469,471,472,470,473,474,475,476,477,480,481,482,483,484,485,486,487,488,596,597,489,598,490,491,492,511,499,501,500,493,494,495,496,497,498,502,504,505,506,507,508,509,503,510,512,513,599,600,601,602,516,248,522,514,517,518,519,520,521,249,523,462,619,459,460,515,524,525,526,527,528,529,543,544,545,530,533,531,534,532,535,536,537,539,540,538,541,542,546,547,548,551,549,550,552,553,554,555,556,557,603,560,561,562,604,563,564,565,558,559,566,605,606,567,607,569,570,568,572,573,574,571,575,576,577,578,579,580,608,581,609,610,611,582,612,613,583,584,585,586,587,614,615,588,589,616,617,590,618,591,592,593],"class_list":{"0":"post-950","1":"product","2":"type-product","3":"status-publish","4":"has-post-thumbnail","6":"product_brand-mvg-mathe-schmierstofftechnik-gmbh","7":"product_cat-pflege-wartung","8":"product_tag-bestes-kettenspray-motorrad-trocken","9":"product_tag-e-bike-kettenspray-langlebige-schmierung","10":"product_tag-e-bike-schmiermittel","11":"product_tag-e-bike-wartung-schmierstoff-spray","12":"product_tag-e-bike-wartung-spray","13":"product_tag-effiziente-kettenwartung","14":"product_tag-enbike-kettenpflege","15":"product_tag-enbike-kettenspray","16":"product_tag-fahrrad-kettenoel","17":"product_tag-fahrrad-kettenoel-alternative","18":"product_tag-fahrrad-kettenpflege","19":"product_tag-fahrrad-kettenpflege-fuer-e-bike","20":"product_tag-fahrrad-kettenpflege-langlebig","21":"product_tag-fahrrad-kettenpflege-spray","22":"product_tag-fahrrad-kettenpflege-staubfrei","23":"product_tag-fahrrad-kettenpflege-trocken-ptfe","24":"product_tag-fahrrad-kettenpflege-wartungsarm","25":"product_tag-fahrrad-kettenspray","26":"product_tag-fahrrad-kettenspray-trocken-schmierung","27":"product_tag-fahrrad-pflegeprodukt","28":"product_tag-fahrrad-schmiermittel","29":"product_tag-fahrrad-schmiermittel-kette","30":"product_tag-fahrrad-schmiermittel-ohne-oelrueckstaende","31":"product_tag-fahrrad-wartung-produkt","32":"product_tag-fahrrad-wartung-spray","33":"product_tag-fahrradkette-schmieren","34":"product_tag-high-performance-kettenspray","35":"product_tag-high-performance-schmiermittel","36":"product_tag-hochhaftendes-kettenspray-ohne-tropfen","37":"product_tag-hochwertige-kettenpflege","38":"product_tag-industrie-schmiermittel-spray","39":"product_tag-kein-abschleudern-kettenspray","40":"product_tag-ketten-schmiermittel-fuer-fahrzeuge","41":"product_tag-kettenantrieb-schmiermittel","42":"product_tag-kettenlebensdauer-verlaengern","43":"product_tag-kettenoel-alternative","44":"product_tag-kettenpflege-bei-staub-und-schmutz","45":"product_tag-kettenpflege-fuer-hohe-drehzahlen","46":"product_tag-kettenpflege-fuer-outdoor-einsatz","47":"product_tag-kettenpflege-industrie","48":"product_tag-kettenpflege-motorrad","49":"product_tag-kettenpflege-motorrad-spray","50":"product_tag-kettenpflege-produkt","51":"product_tag-kettenpflege-spray","52":"product_tag-kettenpflege-spray-fuer-werkstatt-und-hobby","53":"product_tag-kettenschmierstoff-spray","54":"product_tag-kettenspray-fuer-industrie-kettenantrieb","55":"product_tag-kettenspray-fuer-kart-und-motorsport","56":"product_tag-kettenspray-fuer-moped-roller","57":"product_tag-kettenspray-fuer-motorrad-fahrrad-quad","58":"product_tag-kettenspray-fuer-o-ring-ketten-motorrad","59":"product_tag-kettenspray-fuer-x-ring-ketten-motorrad","60":"product_tag-kettenspray-motorrad","61":"product_tag-kettenwartung-spray","62":"product_tag-korrosionsschutz-kette","63":"product_tag-korrosionsschutz-spray","64":"product_tag-langlebige-kettenpflege","65":"product_tag-langlebige-schmierung","66":"product_tag-langlebige-schmierung-fuer-antriebsketten","67":"product_tag-langlebiger-schmierfilm-fuer-ketten","68":"product_tag-made-in-germany-schmierstoff","69":"product_tag-mathy-austria","70":"product_tag-mathy-kettenspray","71":"product_tag-mathy-ks","72":"product_tag-mathy-ks-kettenspray","73":"product_tag-mathy-ks-kettenspray-fuer-motorradketten","74":"product_tag-mathy-ks-ptfe-trockenkettenspray","75":"product_tag-mathy-ks-trockenkettenspray","76":"product_tag-mathy-ks-trockenkettenspray-motorrad","77":"product_tag-mathy-oesterreich","78":"product_tag-mathy-schmierstoff","79":"product_tag-mathy-ks-e-bike-kettenpflege-schutz-vor-verschleiss","80":"product_tag-mathy-ks-kaufen","81":"product_tag-mathy-linz","82":"product_tag-mathy-shop","83":"product_tag-mathynks","84":"product_tag-mofa-kettenpflege","85":"product_tag-moped-kettenspray","86":"product_tag-motorrad-antriebskette-pflege","87":"product_tag-motorrad-antriebskette-schmiermittel","88":"product_tag-motorrad-kette-richtig-schmieren-spray","89":"product_tag-motorrad-kette-schmieren","90":"product_tag-motorrad-kettenoel","91":"product_tag-motorrad-kettenoel-alternative","92":"product_tag-motorrad-kettenoel-spray","93":"product_tag-motorrad-kettenpflege","94":"product_tag-motorrad-kettenpflege-gegen-verschleiss","95":"product_tag-motorrad-kettenpflege-korrosionsschutz","96":"product_tag-motorrad-kettenpflege-langlebig","97":"product_tag-motorrad-kettenpflege-profi-produkt","98":"product_tag-motorrad-kettenpflege-staubabweisend","99":"product_tag-motorrad-kettenpflege-wasserabweisend","100":"product_tag-motorrad-kettenschmierstoff","101":"product_tag-motorrad-kettenspray-mit-ptfe","102":"product_tag-motorrad-kettenspray-ohne-abschleudern","103":"product_tag-motorrad-kettenspray-ptfe","104":"product_tag-motorrad-kettenspray-schmutzabweisend","105":"product_tag-motorrad-kettenwartung","106":"product_tag-motorrad-pflege-spray","107":"product_tag-motorrad-pflegeprodukt-premium","108":"product_tag-motorrad-schmiermittel-hohe-haftung","109":"product_tag-motorrad-schmieroel-kette","110":"product_tag-motorrad-schmierstoff","111":"product_tag-motorrad-schmierstoff-kette","112":"product_tag-motorrad-wartung-schmierstoff-spray","113":"product_tag-motorrad-wartung-spray","114":"product_tag-motorrad-wartungsprodukt","115":"product_tag-motorrad-zubehoer-pflege","116":"product_tag-motorsport-kettenpflege","117":"product_tag-onring-ketten-spray","118":"product_tag-optimale-kettenleistung","119":"product_tag-premium-kettenpflege","120":"product_tag-premium-schmiermittel-fuer-kettenantriebe","121":"product_tag-premium-schmierstoff","122":"product_tag-professionelles-kettenspray-made-in-germany","123":"product_tag-profi-kettenpflege-spray","124":"product_tag-profi-schmiermittel","125":"product_tag-profi-schmierstoff-spray","126":"product_tag-ptfe-kettenspray","127":"product_tag-ptfe-schmierstoff-spray","128":"product_tag-quad-kettenspray","129":"product_tag-reibungsarme-kettenschmierung","130":"product_tag-reibungsarme-schmierung-fuer-ketten","131":"product_tag-roller-kettenspray","132":"product_tag-saubere-kettenschmierung","133":"product_tag-schmiermittel-fuer-zahnraeder-und-ketten","134":"product_tag-schmiermittel-mit-ptfe-festschmierstoff","135":"product_tag-schmiermittel-spray","136":"product_tag-schmierstoff-fuer-gleitflaechen-und-fuehrungen","137":"product_tag-schmierstoff-fuer-kreuzgelenke-und-spindeln","138":"product_tag-schmierstoff-fuer-stark-belastete-ketten","139":"product_tag-schmierstoff-spray","140":"product_tag-schmierung-fuehrungen","141":"product_tag-schmierung-gleitflaechen","142":"product_tag-schmierung-kardanwellen","143":"product_tag-schmierung-kreuzgelenke","144":"product_tag-schmierung-spindeln","145":"product_tag-schmierung-zahnraeder","146":"product_tag-schmutzabweisendes-kettenspray","147":"product_tag-spezialschmierstoff-kettenantrieb","148":"product_tag-stark-haftendes-kettenspray","149":"product_tag-staubabweisendes-kettenspray","150":"product_tag-technisches-wartungsspray","151":"product_tag-trekkingrad-kettenpflege","152":"product_tag-trockene-schmierung-ohne-schmutzanhaftung","153":"product_tag-trockener-schmierfilm-kette","154":"product_tag-trockenkettenspray","155":"product_tag-trockenkettenspray-motorrad","156":"product_tag-trockenschmierstoff-kette","157":"product_tag-trockenschmierstoff-spray","158":"product_tag-universal-schmierstoff-spray","159":"product_tag-universelles-kettenspray-fuer-fahrzeuge","160":"product_tag-universelles-schmiermittel-spray","161":"product_tag-verschleissschutz-kette","162":"product_tag-verschleissschutz-spray","163":"product_tag-wartungsarme-kettenpflege","164":"product_tag-wartungsarmes-schmiermittel-fuer-ketten","165":"product_tag-wartungsspray-ketten","166":"product_tag-wasserabweisendes-kettenspray","167":"product_tag-werkstatt-kettenspray","168":"product_tag-werkstatt-schmiermittel","169":"product_tag-xnring-ketten-spray","170":"description-off","172":"first","173":"instock","174":"taxable","175":"shipping-taxable","176":"purchasable","177":"product-type-variable"},"_links":{"self":[{"href":"https:\/\/mathy-austria.com\/hu\/wp-json\/wp\/v2\/product\/950","targetHints":{"allow":["GET"]}}],"collection":[{"href":"https:\/\/mathy-austria.com\/hu\/wp-json\/wp\/v2\/product"}],"about":[{"href":"https:\/\/mathy-austria.com\/hu\/wp-json\/wp\/v2\/types\/product"}],"wp:featuredmedia":[{"embeddable":true,"href":"https:\/\/mathy-austria.com\/hu\/wp-json\/wp\/v2\/media\/149627"}],"wp:attachment":[{"href":"https:\/\/mathy-austria.com\/hu\/wp-json\/wp\/v2\/media?parent=950"}],"wp:term":[{"taxonomy":"product_brand","embeddable":true,"href":"https:\/\/mathy-austria.com\/hu\/wp-json\/wp\/v2\/product_brand?post=950"},{"taxonomy":"product_cat","embeddable":true,"href":"https:\/\/mathy-austria.com\/hu\/wp-json\/wp\/v2\/product_cat?post=950"},{"taxonomy":"product_tag","embeddable":true,"href":"https:\/\/mathy-austria.com\/hu\/wp-json\/wp\/v2\/product_tag?post=950"}],"curies":[{"name":"wp","href":"https:\/\/api.w.org\/{rel}","templated":true}]}}