{"id":906,"date":"2014-04-08T17:40:07","date_gmt":"2014-04-08T15:40:07","guid":{"rendered":"https:\/\/mathy-austria.com\/?post_type=product&#038;p=906"},"modified":"2024-07-15T07:11:39","modified_gmt":"2024-07-15T06:11:39","slug":"mathy-d","status":"publish","type":"product","link":"https:\/\/mathy-austria.com\/hu\/termek\/mathy-d\/","title":{"rendered":"MATHY-D"},"content":{"rendered":"<div class=\"ka-content\">\n<div class=\"ka-content\"><\/div>\n<\/div>\n<div class=\"ka-content\">\n<p><strong>MATHY-D<\/strong> reinigt das Dieselsystem, erh\u00f6ht die Betriebssicherheit und Wirtschaftlichkeit von Dieselmotoren. Geeignet f\u00fcr alle Dieselmotoren (CDI und TDI) und Dieselkraftstoffarten, Sommer- und Winterdiesel. Es ist mit allen Diesel-Oxidations-Katalysatoren und Partikelfiltern (DPF) vertr\u00e4glich. Die Wirkstoffkombination mit reinigenden, dispergierenden, werkstoffsch\u00fctzenden &amp; Cetanzahl erh\u00f6henden Eigenschaften ist abgestimmt zur schnellen und kosteng\u00fcnstigen Reinigung von Ablagerungen.<\/p>\n<h2>A technikai probl\u00e9m\u00e1k cs\u00f6kkennek vagy megsz\u0171nnek<\/h2>\n<ul>\n<li>reinigt das gesamte Dieselsystem<\/li>\n<li>Biztos\u00edtja a befecskendez\u0151 f\u00fav\u00f3k\u00e1k biztons\u00e1gos z\u00e1r\u00e1s\u00e1t \u00e9s megfelel\u0151 nyit\u00e1s\u00e1t a szennyez\u0151d\u00e9sek laz\u00edt\u00e1s\u00e1val.<\/li>\n<li>sorgt f\u00fcr reibungslose Funktion aller Komponenten des Dieselsystems<\/li>\n<li>l\u00f6st Verschmutzungen im Dieselsystem<\/li>\n<li>reinigt Ventile und Verbrennungsraum<\/li>\n<li>wirkt den negativen Auswirkungen das Bioanteils im Diesel entgegen<\/li>\n<\/ul>\n<h2>Alkalmaz\u00e1si ter\u00fcletek<\/h2>\n<ul>\n<li>Ny\u00e1ri \u00e9s t\u00e9li g\u00e1zolajhoz<\/li>\n<li>Alkalmas a modern common rail (CDI) \u00e9s szivatty\u00fa-befecskendez\u0151 (TDI) rendszerekhez.<\/li>\n<li>Kompatibilis minden modern d\u00edzel oxid\u00e1ci\u00f3s kataliz\u00e1torral \u00e9s r\u00e9szecskesz\u0171r\u0151vel (PDF)<\/li>\n<\/ul>\n<h2>Az adagol\u00e1s<\/h2>\n<p>Der Doseninhalt (250 ml) reicht f\u00fcr bis zu 50L Dieselkraftstoff mit einem Anteil von bis zu 10% Biodiesel (das ist der \u201enormale\u201c Diesel).<\/p>\n<h2>Alkalmaz\u00e1s<\/h2>\n<p>Egyszer\u0171en adja a kanna tartalm\u00e1t (250 ml) a g\u00e1zolajhoz. A f\u00fav\u00f3k\u00e1k tisztas\u00e1g\u00e1nak \u00e9s korr\u00f3zi\u00f3v\u00e9delm\u00e9nek biztos\u00edt\u00e1sa \u00e9rdek\u00e9ben 3000 km-enk\u00e9nt adagolja a d\u00edzel\u00fczemanyag-tart\u00e1lyba. Akut probl\u00e9ma elh\u00e1r\u00edt\u00e1s\u00e1hoz <strong>MATHY-D<\/strong> a d\u00edzel\u00fczemanyaghoz minden egyes tankol\u00e1s alkalm\u00e1val kb. 2500 km hossz\u00fas\u00e1gban.<\/p>\n<p>Megjegyz\u00e9s: A tart\u00e1lyban l\u00e9v\u0151 \u00fczemanyag mennyis\u00e9g\u00e9nek legal\u00e1bb a tartal\u00e9k mennyis\u00e9ggel kell megegyeznie.<\/p>\n<h2>Vesz\u00e9ly<\/h2>\n<ul>\n<li>H315: B\u0151rirrit\u00e1ci\u00f3t okoz.<\/li>\n<li>H319: S\u00falyos szemirrit\u00e1ci\u00f3t okoz.<\/li>\n<li>H304: Lenyelve \u00e9s a l\u00e9gutakba jutva hal\u00e1los lehet.<\/li>\n<li>H412: A v\u00edzi \u00e9l\u0151vil\u00e1gra k\u00e1ros, hosszan tart\u00f3 hat\u00e1s\u00fa.<\/li>\n<\/ul>\n<\/div>","protected":false},"excerpt":{"rendered":"<p>D\u00edzel rendszer tiszt\u00edt\u00f3szer, 250ml<\/p>","protected":false},"featured_media":907,"template":"","meta":[],"product_brand":[125],"product_cat":[127],"product_tag":[],"class_list":{"0":"post-906","1":"product","2":"type-product","3":"status-publish","4":"has-post-thumbnail","6":"product_brand-mvg-mathe-schmierstofftechnik-gmbh","7":"product_cat-kraftstoffsystem","8":"description-off","10":"first","11":"instock","12":"taxable","13":"shipping-taxable","14":"purchasable","15":"product-type-variable"},"_links":{"self":[{"href":"https:\/\/mathy-austria.com\/hu\/wp-json\/wp\/v2\/product\/906","targetHints":{"allow":["GET"]}}],"collection":[{"href":"https:\/\/mathy-austria.com\/hu\/wp-json\/wp\/v2\/product"}],"about":[{"href":"https:\/\/mathy-austria.com\/hu\/wp-json\/wp\/v2\/types\/product"}],"wp:featuredmedia":[{"embeddable":true,"href":"https:\/\/mathy-austria.com\/hu\/wp-json\/wp\/v2\/media\/907"}],"wp:attachment":[{"href":"https:\/\/mathy-austria.com\/hu\/wp-json\/wp\/v2\/media?parent=906"}],"wp:term":[{"taxonomy":"product_brand","embeddable":true,"href":"https:\/\/mathy-austria.com\/hu\/wp-json\/wp\/v2\/product_brand?post=906"},{"taxonomy":"product_cat","embeddable":true,"href":"https:\/\/mathy-austria.com\/hu\/wp-json\/wp\/v2\/product_cat?post=906"},{"taxonomy":"product_tag","embeddable":true,"href":"https:\/\/mathy-austria.com\/hu\/wp-json\/wp\/v2\/product_tag?post=906"}],"curies":[{"name":"wp","href":"https:\/\/api.w.org\/{rel}","templated":true}]}}