{"id":904,"date":"2014-04-08T17:26:13","date_gmt":"2014-04-08T15:26:13","guid":{"rendered":"https:\/\/mathy-austria.com\/?post_type=product&#038;p=904"},"modified":"2024-07-15T07:11:39","modified_gmt":"2024-07-15T06:11:39","slug":"mathy-be","status":"publish","type":"product","link":"https:\/\/mathy-austria.com\/hu\/termek\/mathy-be\/","title":{"rendered":"MATHY-BE"},"content":{"rendered":"<p><strong>MATHY-BE<\/strong> egy speci\u00e1lisan kifejlesztett \u00fczemanyag-adal\u00e9kanyag minden benzin\u00fczemanyaghoz, benzinmotorokba. Hat\u00e9konyan ellens\u00falyozza az E5 \u00e9s E85 k\u00f6z\u00f6tti \u00fczemanyagok negat\u00edv hat\u00e1sait. Az etanol, a benzin \u00e9s az etanol-benzin kever\u00e9kekhez val\u00f3 innovat\u00edv hat\u00f3anyagcsomagja rendk\u00edv\u00fcl hat\u00e9kony, tiszt\u00edt\u00f3 \u00e9s \u00e1pol\u00f3 hat\u00e1s\u00fa. <strong>MATHY-BE<\/strong> megakad\u00e1lyozza az \u00fczemanyagot sz\u00e1ll\u00edt\u00f3 alkatr\u00e9szek k\u00e1rosod\u00e1s\u00e1t; az \u00fczemanyagrendszer hat\u00e9konys\u00e1g\u00e1t cs\u00f6kkent\u0151 lerak\u00f3d\u00e1sokat feloldja \u00e9s marad\u00e9k n\u00e9lk\u00fcl el\u00e9geti.<\/p>\n<h2><strong>A technikai probl\u00e9m\u00e1k cs\u00f6kkennek vagy megsz\u0171nnek<\/strong><\/h2>\n<ul>\n<li>Biztos\u00edtja a befecskendez\u0151 f\u00fav\u00f3k\u00e1k biztons\u00e1gos z\u00e1r\u00e1s\u00e1t \u00e9s megfelel\u0151 nyit\u00e1s\u00e1t a szennyez\u0151d\u00e9sek laz\u00edt\u00e1s\u00e1val.<\/li>\n<li>Biztos\u00edtja az \u00f6sszes \u00fczemanyagrendszer-alkatr\u00e9sz zavartalan m\u0171k\u00f6d\u00e9s\u00e9t<\/li>\n<li>Feloldja a szennyez\u0151d\u00e9seket az \u00fczemanyagrendszerben<\/li>\n<li>Tiszt\u00edtja a szelepeket \u00e9s az \u00e9g\u00e9stermet, megszak\u00edt\u00e1s n\u00e9lk\u00fcl tiszt\u00e1n tartja azt<\/li>\n<li>hossz\u00fa t\u00e1von ellens\u00falyozza az \u00fczemanyagok biotartalm\u00e1nak negat\u00edv hat\u00e1sait<\/li>\n<\/ul>\n<h2><strong>Az adagol\u00e1s<\/strong><\/h2>\n<p>A doboz tartalma (250 ml) legfeljebb 60 liter etanol, benzin \u00e9s etanol-benzin kever\u00e9k (E5, E10-t\u0151l E85-ig) fogyaszt\u00e1s\u00e1hoz elegend\u0151.<\/p>\n<h2><strong>Alkalmaz\u00e1s<\/strong><\/h2>\n<p>Egyszer\u0171en adja a kanna tartalm\u00e1t (250 ml) az \u00fczemanyaghoz. Az alkalmaz\u00e1sra 3000 km-enk\u00e9nt kell sort ker\u00edteni, mert a v\u00e9d\u0151hat\u00e1sa a <strong>MATHY-BE<\/strong> ak\u00e1r 3000 km-t is kib\u00edr. Folyamatos haszn\u00e1lat (minden tankol\u00e1ssal) gond n\u00e9lk\u00fcl lehets\u00e9ges.<\/p>\n<p>Megjegyz\u00e9s: A tart\u00e1lyban l\u00e9v\u0151 \u00fczemanyag mennyis\u00e9g\u00e9nek legal\u00e1bb a tartal\u00e9k mennyis\u00e9ggel kell megegyeznie.<\/p>\n<h2>Vesz\u00e9ly<\/h2>\n<ul>\n<li>H225: K\u00f6nnyen t\u0171zvesz\u00e9lyes folyad\u00e9k \u00e9s g\u0151z.<\/li>\n<li>H304: Lenyelve \u00e9s a l\u00e9gutakba jutva hal\u00e1los lehet.<\/li>\n<li>H319: S\u00falyos szemirrit\u00e1ci\u00f3t okoz.<\/li>\n<li>H336: \u00c1lmoss\u00e1got vagy sz\u00e9d\u00fcl\u00e9st okozhat.<\/li>\n<li>H412: A v\u00edzi \u00e9l\u0151vil\u00e1gra k\u00e1ros, hosszan tart\u00f3 hat\u00e1s\u00fa.<\/li>\n<li>EUH066: Ism\u00e9telt expoz\u00edci\u00f3 b\u0151rsz\u00e1razs\u00e1got vagy repedez\u00e9st okozhat.<\/li>\n<\/ul>","protected":false},"excerpt":{"rendered":"<p>Benzin rendszer tiszt\u00edt\u00f3, 250ml<\/p>","protected":false},"featured_media":905,"template":"","meta":[],"product_brand":[125],"product_cat":[127],"product_tag":[],"class_list":{"0":"post-904","1":"product","2":"type-product","3":"status-publish","4":"has-post-thumbnail","6":"product_brand-mvg-mathe-schmierstofftechnik-gmbh","7":"product_cat-kraftstoffsystem","8":"description-off","10":"first","11":"instock","12":"taxable","13":"shipping-taxable","14":"purchasable","15":"product-type-variable"},"_links":{"self":[{"href":"https:\/\/mathy-austria.com\/hu\/wp-json\/wp\/v2\/product\/904","targetHints":{"allow":["GET"]}}],"collection":[{"href":"https:\/\/mathy-austria.com\/hu\/wp-json\/wp\/v2\/product"}],"about":[{"href":"https:\/\/mathy-austria.com\/hu\/wp-json\/wp\/v2\/types\/product"}],"wp:featuredmedia":[{"embeddable":true,"href":"https:\/\/mathy-austria.com\/hu\/wp-json\/wp\/v2\/media\/905"}],"wp:attachment":[{"href":"https:\/\/mathy-austria.com\/hu\/wp-json\/wp\/v2\/media?parent=904"}],"wp:term":[{"taxonomy":"product_brand","embeddable":true,"href":"https:\/\/mathy-austria.com\/hu\/wp-json\/wp\/v2\/product_brand?post=904"},{"taxonomy":"product_cat","embeddable":true,"href":"https:\/\/mathy-austria.com\/hu\/wp-json\/wp\/v2\/product_cat?post=904"},{"taxonomy":"product_tag","embeddable":true,"href":"https:\/\/mathy-austria.com\/hu\/wp-json\/wp\/v2\/product_tag?post=904"}],"curies":[{"name":"wp","href":"https:\/\/api.w.org\/{rel}","templated":true}]}}