{"id":3381,"date":"2020-12-09T19:41:47","date_gmt":"2020-12-09T18:41:47","guid":{"rendered":"https:\/\/mathy-austria.com\/?post_type=product&#038;p=3381"},"modified":"2024-07-15T07:11:33","modified_gmt":"2024-07-15T06:11:33","slug":"oelwechsel-set-sae-5w-40-performance-vx4","status":"publish","type":"product","link":"https:\/\/mathy-austria.com\/hu\/termek\/oelwechsel-set-sae-5w-40-performance-vx4\/","title":{"rendered":"SAE 5W-40 Performance VX4 olajcsere k\u00e9szlet SAE 5W-40 Performance VX4"},"content":{"rendered":"<p>A k\u00f6vetkez\u0151 olajcser\u00e9hez sz\u00fcks\u00e9ges kombin\u00e1ci\u00f3 az \u00d6n \u00e1ltal v\u00e1lasztott motorolajb\u00f3l, egy liter motorolaj-adal\u00e9kanyagb\u00f3l \u00e9s egy m\u00e9r\u0151poh\u00e1rb\u00f3l \u00e1ll a pontos felt\u00f6lt\u00e9shez.<\/p>\n<p>K\u00e9rj\u00fck, vegye figyelembe az 1,0 literes motorolajok minden t\u00edpus\u00e1ra vonatkoz\u00f3 aj\u00e1nlatainkat is. <strong>SAE oszt\u00e1lyok<\/strong>!<\/p>\n<p>&nbsp;<\/p>\n<h2>FIGYELEM:<\/h2>\n<ul>\n<li>H317: Allergi\u00e1s b\u0151rreakci\u00f3t okozhat.<\/li>\n<li>H319: S\u00falyos szemirrit\u00e1ci\u00f3t okoz.<\/li>\n<li>H412: A v\u00edzi \u00e9l\u0151vil\u00e1gra k\u00e1ros, hosszan tart\u00f3 hat\u00e1s\u00fa.<\/li>\n<li>EUH208: Hossz\u00fa l\u00e1nc\u00fa alkil-amint tartalmaz. Allergi\u00e1s reakci\u00f3kat okozhat.<\/li>\n<\/ul>\n<p>&nbsp;<\/p>","protected":false},"excerpt":{"rendered":"<p>SAE 5W-40 Performance VX4 olajcsere k\u00e9szlet SAE 5W-40 Performance VX4<br \/>\n5,0 liter motorolaj + 1,0 liter MATHY-M + 0,5 liter m\u00e9r\u0151poh\u00e1r<\/p>","protected":false},"featured_media":3382,"template":"","meta":[],"product_brand":[],"product_cat":[132],"product_tag":[],"class_list":{"0":"post-3381","1":"product","2":"type-product","3":"status-publish","4":"has-post-thumbnail","6":"product_cat-produkt-sets","7":"description-off","9":"first","10":"instock","11":"taxable","12":"shipping-taxable","13":"purchasable","14":"product-type-simple"},"_links":{"self":[{"href":"https:\/\/mathy-austria.com\/hu\/wp-json\/wp\/v2\/product\/3381","targetHints":{"allow":["GET"]}}],"collection":[{"href":"https:\/\/mathy-austria.com\/hu\/wp-json\/wp\/v2\/product"}],"about":[{"href":"https:\/\/mathy-austria.com\/hu\/wp-json\/wp\/v2\/types\/product"}],"wp:featuredmedia":[{"embeddable":true,"href":"https:\/\/mathy-austria.com\/hu\/wp-json\/wp\/v2\/media\/3382"}],"wp:attachment":[{"href":"https:\/\/mathy-austria.com\/hu\/wp-json\/wp\/v2\/media?parent=3381"}],"wp:term":[{"taxonomy":"product_brand","embeddable":true,"href":"https:\/\/mathy-austria.com\/hu\/wp-json\/wp\/v2\/product_brand?post=3381"},{"taxonomy":"product_cat","embeddable":true,"href":"https:\/\/mathy-austria.com\/hu\/wp-json\/wp\/v2\/product_cat?post=3381"},{"taxonomy":"product_tag","embeddable":true,"href":"https:\/\/mathy-austria.com\/hu\/wp-json\/wp\/v2\/product_tag?post=3381"}],"curies":[{"name":"wp","href":"https:\/\/api.w.org\/{rel}","templated":true}]}}