{"id":3085,"date":"2020-11-13T09:02:41","date_gmt":"2020-11-13T08:02:41","guid":{"rendered":"https:\/\/mathy-austria.com\/?post_type=product&#038;p=3085"},"modified":"2024-07-15T07:11:33","modified_gmt":"2024-07-15T06:11:33","slug":"mathy-2t-zweitakt-motoroel","status":"publish","type":"product","link":"https:\/\/mathy-austria.com\/hu\/termek\/mathy-2t-zweitakt-motoroel\/","title":{"rendered":"MATHY-2T K\u00e9t\u00fctem\u0171 motorolaj"},"content":{"rendered":"<p>Hochwertiges teilsynthetisches 2-Takt-Motoren\u00f6l f\u00fcr den Einsatz in allen luft- und wassergek\u00fchlten 2-Takt-Motoren. Die Kombination ausgew\u00e4hlter Grund\u00f6le sichert eine gute Schmierf\u00e4higkeit und verhindert einen erh\u00f6hten Reibwert im Motor. Die aschearme Zusammenstellung der Basiskomponenten verhindert eine erh\u00f6hte Rauchentwicklung.<\/p>\n<p>Perfektes Basis\u00f6l f\u00fcr den Einsatz mit dem Zweitakt-Additiv MATHY-TS.<\/p>\n<h2>Spezifikationen\/Freigaben*:<\/h2>\n<ul>\n<li>API TC<\/li>\n<li>JASO FC<\/li>\n<li>TISI<\/li>\n<li>ISO L-EGC<\/li>\n<\/ul>\n<p>*Az enged\u00e9lyek m\u00e1s fajtajel\u00f6l\u00e9s alatt \u00e1llnak rendelkez\u00e9sre.<\/p>\n<h3>Figyelem<\/h3>\n<ul>\n<li>EUH066: Ism\u00e9telt expoz\u00edci\u00f3 b\u0151rsz\u00e1razs\u00e1got vagy repedez\u00e9st okozhat.<\/li>\n<\/ul>","protected":false},"excerpt":{"rendered":"<p class=\"lead m-article_information-shortdesc\">F\u00e9lszintetikus k\u00e9t\u00fctem\u0171 motorolaj<\/p>","protected":false},"featured_media":3191,"template":"","meta":[],"product_brand":[],"product_cat":[124,168],"product_tag":[],"class_list":{"0":"post-3085","1":"product","2":"type-product","3":"status-publish","4":"has-post-thumbnail","6":"product_cat-motor","7":"product_cat-motorenoel","8":"description-off","10":"first","11":"instock","12":"taxable","13":"shipping-taxable","14":"purchasable","15":"product-type-variable"},"_links":{"self":[{"href":"https:\/\/mathy-austria.com\/hu\/wp-json\/wp\/v2\/product\/3085","targetHints":{"allow":["GET"]}}],"collection":[{"href":"https:\/\/mathy-austria.com\/hu\/wp-json\/wp\/v2\/product"}],"about":[{"href":"https:\/\/mathy-austria.com\/hu\/wp-json\/wp\/v2\/types\/product"}],"wp:featuredmedia":[{"embeddable":true,"href":"https:\/\/mathy-austria.com\/hu\/wp-json\/wp\/v2\/media\/3191"}],"wp:attachment":[{"href":"https:\/\/mathy-austria.com\/hu\/wp-json\/wp\/v2\/media?parent=3085"}],"wp:term":[{"taxonomy":"product_brand","embeddable":true,"href":"https:\/\/mathy-austria.com\/hu\/wp-json\/wp\/v2\/product_brand?post=3085"},{"taxonomy":"product_cat","embeddable":true,"href":"https:\/\/mathy-austria.com\/hu\/wp-json\/wp\/v2\/product_cat?post=3085"},{"taxonomy":"product_tag","embeddable":true,"href":"https:\/\/mathy-austria.com\/hu\/wp-json\/wp\/v2\/product_tag?post=3085"}],"curies":[{"name":"wp","href":"https:\/\/api.w.org\/{rel}","templated":true}]}}