{"id":3080,"date":"2020-11-13T08:50:31","date_gmt":"2020-11-13T07:50:31","guid":{"rendered":"https:\/\/mathy-austria.com\/?post_type=product&#038;p=3080"},"modified":"2024-07-15T07:11:33","modified_gmt":"2024-07-15T06:11:33","slug":"mathy-absaugpumpe","status":"publish","type":"product","link":"https:\/\/mathy-austria.com\/hu\/termek\/mathy-absaugpumpe\/","title":{"rendered":"MATHY sz\u00edv\u00f3szivatty\u00fa"},"content":{"rendered":"<p>Die MATHY-Absaugpumpe dient zum einfachen Absaugen von fl\u00fcssigen Stoffen wie Motor- und Getriebe\u00f6len, Kraftstoffen (Benzin\/Diesel)\u00a0und Wasser.<\/p>\n<div>Durch den flexiblen Schlauch ist die Pumpe auch\u00a0in\u00a0schwer zug\u00e4nglichen Bereichen einsetzbar. Die Fl\u00fcssigkeit wird im Saugvorgang direkt in den<\/div>\n<div>angeschlossenen Auffangbeh\u00e4lter geleitet. Durch die hohe Saugwirkung optimal f\u00fcr den Entnahme von Motoren\u00f6l. Kraftstoff und \u00d6l-stabil.<\/div>\n<div><\/div>\n<div><strong>Lieferumfang:<\/strong><\/div>\n<div>Manuelle Saugpumpe (Unterdruck)<\/div>\n<div>Auffangbeh\u00e4lter\u00a0mit 1,6 Liter Volumen<\/div>\n<div>Dichtstopfen<\/div>\n<div>Absperrklip zur Entleerung das Auffangbeh\u00e4lters<\/div>\n<div>Transparenter Saugschlauch mit 1,3 m L\u00e4nge (8 mm Durchmesser)<\/div>","protected":false},"excerpt":{"rendered":"<p>A MATHY sz\u00edv\u00f3szivatty\u00fa foly\u00e9kony anyagok, p\u00e9ld\u00e1ul motor- \u00e9s v\u00e1lt\u00f3olajok, \u00fczemanyagok (benzin\/d\u00edzel) \u00e9s v\u00edz egyszer\u0171 kisz\u00edv\u00e1s\u00e1ra szolg\u00e1l. A flexibilis t\u00f6ml\u0151 lehet\u0151v\u00e9 teszi a szivatty\u00fa haszn\u00e1lat\u00e1t nehezen el\u00e9rhet\u0151 helyeken is. A sz\u00edv\u00e1si folyamat sor\u00e1n a folyad\u00e9k k\u00f6zvetlen\u00fcl a csatlakoztatott gy\u0171jt\u0151tart\u00e1lyba ker\u00fcl. Nagy sz\u00edv\u00f3ereje ide\u00e1liss\u00e1 teszi motorolaj kisz\u00edv\u00e1s\u00e1ra. \u00dczemanyag- \u00e9s olajstabil. Sz\u00e1ll\u00edt\u00e1si terjedelem: K\u00e9zi sz\u00edv\u00f3szivatty\u00fa (v\u00e1kuum)\u2026<\/p>","protected":false},"featured_media":3081,"template":"","meta":[],"product_brand":[],"product_cat":[124,129,168],"product_tag":[],"class_list":{"0":"post-3080","1":"product","2":"type-product","3":"status-publish","4":"has-post-thumbnail","6":"product_cat-motor","7":"product_cat-zubehor","8":"product_cat-motorenoel","9":"description-off","11":"first","12":"instock","13":"taxable","14":"shipping-taxable","15":"purchasable","16":"product-type-simple"},"_links":{"self":[{"href":"https:\/\/mathy-austria.com\/hu\/wp-json\/wp\/v2\/product\/3080","targetHints":{"allow":["GET"]}}],"collection":[{"href":"https:\/\/mathy-austria.com\/hu\/wp-json\/wp\/v2\/product"}],"about":[{"href":"https:\/\/mathy-austria.com\/hu\/wp-json\/wp\/v2\/types\/product"}],"wp:featuredmedia":[{"embeddable":true,"href":"https:\/\/mathy-austria.com\/hu\/wp-json\/wp\/v2\/media\/3081"}],"wp:attachment":[{"href":"https:\/\/mathy-austria.com\/hu\/wp-json\/wp\/v2\/media?parent=3080"}],"wp:term":[{"taxonomy":"product_brand","embeddable":true,"href":"https:\/\/mathy-austria.com\/hu\/wp-json\/wp\/v2\/product_brand?post=3080"},{"taxonomy":"product_cat","embeddable":true,"href":"https:\/\/mathy-austria.com\/hu\/wp-json\/wp\/v2\/product_cat?post=3080"},{"taxonomy":"product_tag","embeddable":true,"href":"https:\/\/mathy-austria.com\/hu\/wp-json\/wp\/v2\/product_tag?post=3080"}],"curies":[{"name":"wp","href":"https:\/\/api.w.org\/{rel}","templated":true}]}}