{"id":2953,"date":"2020-10-27T21:53:52","date_gmt":"2020-10-27T19:53:52","guid":{"rendered":"https:\/\/mathy-austria.com\/?post_type=product&#038;p=2953"},"modified":"2024-07-15T07:11:34","modified_gmt":"2024-07-15T06:11:34","slug":"mathy-br","status":"publish","type":"product","link":"https:\/\/mathy-austria.com\/hu\/termek\/mathy-br\/","title":{"rendered":"MATHY-BR"},"content":{"rendered":"<p>A MATHY-BR egy rendk\u00edv\u00fcl hat\u00e9kony rendszertiszt\u00edt\u00f3 a downsized benzinmotorok \u00e9g\u00e9sterm\u00e9keinek tiszt\u00edt\u00e1s\u00e1ra. Az intenz\u00edv tiszt\u00edt\u00f3 hat\u00e1s feloldja az \u00e9g\u00e9st\u00e9rben l\u00e9v\u0151 sz\u00e9nr\u00e9szecsk\u00e9ket, \u00e9s \u00edgy jelent\u0151sen cs\u00f6kkenti az LSPI (Low Speed Pre-Ignition, alacsony fordulatsz\u00e1m\u00fa el\u0151gy\u00fajt\u00e1s) \u00e9rt\u00e9k\u00e9t alacsony fordulatsz\u00e1mon.<\/p>\n<p>A MATHY-BR k\u00e9miai \u00f6sszet\u00e9tele lebontja a dugatty\u00fakoron\u00e1n l\u00e9v\u0151 makacs lerak\u00f3d\u00e1sokat, \u00e9s cs\u00f6kkenti a benzin-leveg\u0151 kever\u00e9k spont\u00e1n \u00e9g\u00e9s\u00e9nek kock\u00e1zat\u00e1t. A MATHY-BR rendszeres haszn\u00e1lat\u00e1val minim\u00e1lisra cs\u00f6kken a motor k\u00e1rosod\u00e1s\u00e1nak kock\u00e1zata. Haszn\u00e1lhat\u00f3 cs\u00f6kkentett l\u00f6kett\u00e9rfogat\u00fa benzinmotorok befecskendez\u0151 rendszer\u00e9ben (p\u00e9lda: 1,0 l l\u00f6kett\u00e9rfogat 150 LE teljes\u00edtm\u00e9ny mellett).<\/p>\n<p><strong>V\u00e9dje meg motorj\u00e1t a korai \u00f6ngyullad\u00e1s okozta k\u00e1rokt\u00f3l. A MATHY-BR \u00e9g\u00e9st\u00e9r-tiszt\u00edt\u00f3 k\u00f6nnyen kezelhet\u0151 \u00e9s b\u00e1rmikor haszn\u00e1lhat\u00f3. Nincs sz\u00fcks\u00e9g a m\u0171helyl\u00e1togat\u00e1sra.<\/strong><\/p>\n<p>&nbsp;<\/p>\n<h2>A technikai probl\u00e9m\u00e1k cs\u00f6kkennek vagy megsz\u0171nnek<\/h2>\n<ul>\n<li>Intenz\u00edv tiszt\u00edt\u00f3 hat\u00e1s a benzinmotorok \u00e9g\u00e9sterm\u00e9ben<\/li>\n<li>Cs\u00f6kkenti az \u00fczemanyag-el\u0151gyullad\u00e1s kock\u00e1zat\u00e1t (LSPI)<\/li>\n<li>Minimaliz\u00e1lja az izz\u00f3 r\u00e9szecsk\u00e9k k\u00e9pz\u0151d\u00e9s\u00e9t<\/li>\n<li>Cs\u00f6kkenti a motork\u00e1rosod\u00e1s kock\u00e1zat\u00e1t<\/li>\n<li>Minden benzin\u00fczemanyagban haszn\u00e1lhat\u00f3<\/li>\n<li>Egyszer\u0171 adagol\u00e1s a tart\u00e1lyon kereszt\u00fcl<\/li>\n<li>M\u0171helyl\u00e1togat\u00e1s n\u00e9lk\u00fcl alkalmazhat\u00f3<\/li>\n<\/ul>\n<p>&nbsp;<\/p>\n<h2>Alkalmaz\u00e1si ter\u00fcletek<\/h2>\n<ul>\n<li>Cs\u00f6kkentett l\u00f6kett\u00e9rfogat\u00fa benzinmotorok (downsized motorok)<br \/>\nMinden benzin\u00fczemanyagban<br \/>\nKompatibilis minden kipufog\u00f3g\u00e1zsz\u0171r\u0151 rendszerrel<\/li>\n<li>Az adagol\u00e1s<br \/>\nA MATHY-BR kanna tartalma (250 ml) 50,0 l - 60,0 liter benzinhez elegend\u0151.<\/li>\n<li>Alkalmaz\u00e1s<br \/>\nA MATHY-BR-t k\u00f6zvetlen\u00fcl a tankol\u00e1s el\u0151tt adja a tart\u00e1lyhoz. Az optim\u00e1lis kevered\u00e9s \u00e9rdek\u00e9ben a tart\u00e1ly t\u00e9rfogat\u00e1t a tartal\u00e9k szintig engedje le. Minden benzin\u00fczemanyaggal haszn\u00e1lhat\u00f3. Ism\u00e9telje meg 10 000 km-enk\u00e9nt.<\/li>\n<li>100.000 km feletti fut\u00e1steljes\u00edtm\u00e9nyt\u0151l kezdve v\u00e9gezze el a MATHY-BR haszn\u00e1lata el\u0151tt a MATHY benzinkezel\u00e9st. Ezt k\u00f6vet\u0151en a MATHY BR kezel\u00e9s\u00fcnket \u00e9vente egyszer aj\u00e1nljuk a kisebb henger\u0171rtartalm\u00fa benzinmotorok eset\u00e9ben.<\/li>\n<\/ul>\n<p><strong>Megjegyz\u00e9s: A tart\u00e1lyban l\u00e9v\u0151 \u00fczemanyag mennyis\u00e9g\u00e9nek legal\u00e1bb a tartal\u00e9k mennyis\u00e9ggel kell megegyeznie.<\/strong><\/p>\n<p><strong>Ne haszn\u00e1lja egy\u00fctt m\u00e1s adal\u00e9kanyagokkal!<\/strong><\/p>\n<p>&nbsp;<\/p>\n<h2>Vesz\u00e9ly<\/h2>\n<ul>\n<li>H317: Allergi\u00e1s b\u0151rreakci\u00f3t okozhat.<\/li>\n<li>H304: Lenyelve \u00e9s a l\u00e9gutakba jutva hal\u00e1los lehet.<\/li>\n<li>H319: S\u00falyos szemirrit\u00e1ci\u00f3t okoz.<\/li>\n<li>H411: Hosszan tart\u00f3an m\u00e9rgez\u0151 a v\u00edzi \u00e9l\u0151vil\u00e1gra.<\/li>\n<li>EUH066: Ism\u00e9telt expoz\u00edci\u00f3 b\u0151rsz\u00e1razs\u00e1got vagy repedez\u00e9st okozhat.<\/li>\n<\/ul>","protected":false},"excerpt":{"rendered":"<p>A MATHY-BR egy rendk\u00edv\u00fcl hat\u00e9kony rendszertiszt\u00edt\u00f3 a kisebb l\u00f6kett\u00e9rben l\u00e9v\u0151 benzinmotorok \u00e9g\u00e9stereihez. Intenz\u00edv tiszt\u00edt\u00f3hat\u00e1sa feloldja a sz\u00e9nr\u00e9szecsk\u00e9ket az \u00e9g\u00e9st\u00e9rben, jelent\u0151sen cs\u00f6kkentve az LSPI-t (alacsony sebess\u00e9g\u0171 el\u0151gy\u00fajt\u00e1s) alacsony motorfordulatsz\u00e1mon. A MATHY-BR k\u00e9miai \u00f6sszet\u00e9tele lebontja a makacs lerak\u00f3d\u00e1sokat a dugatty\u00fatet\u0151n, \u00e9s cs\u00f6kkenti a benzin-leveg\u0151 kever\u00e9k spont\u00e1n \u00e9g\u00e9s\u00e9nek kock\u00e1zat\u00e1t. A motor k\u00e1rosod\u00e1s\u00e1nak kock\u00e1zata jelent\u0151sen cs\u00f6kken a rendszeres haszn\u00e1lattal...<\/p>","protected":false},"featured_media":3198,"template":"","meta":[],"product_brand":[],"product_cat":[127],"product_tag":[],"class_list":{"0":"post-2953","1":"product","2":"type-product","3":"status-publish","4":"has-post-thumbnail","6":"product_cat-kraftstoffsystem","7":"description-off","9":"first","10":"instock","11":"taxable","12":"shipping-taxable","13":"purchasable","14":"product-type-variable"},"_links":{"self":[{"href":"https:\/\/mathy-austria.com\/hu\/wp-json\/wp\/v2\/product\/2953","targetHints":{"allow":["GET"]}}],"collection":[{"href":"https:\/\/mathy-austria.com\/hu\/wp-json\/wp\/v2\/product"}],"about":[{"href":"https:\/\/mathy-austria.com\/hu\/wp-json\/wp\/v2\/types\/product"}],"wp:featuredmedia":[{"embeddable":true,"href":"https:\/\/mathy-austria.com\/hu\/wp-json\/wp\/v2\/media\/3198"}],"wp:attachment":[{"href":"https:\/\/mathy-austria.com\/hu\/wp-json\/wp\/v2\/media?parent=2953"}],"wp:term":[{"taxonomy":"product_brand","embeddable":true,"href":"https:\/\/mathy-austria.com\/hu\/wp-json\/wp\/v2\/product_brand?post=2953"},{"taxonomy":"product_cat","embeddable":true,"href":"https:\/\/mathy-austria.com\/hu\/wp-json\/wp\/v2\/product_cat?post=2953"},{"taxonomy":"product_tag","embeddable":true,"href":"https:\/\/mathy-austria.com\/hu\/wp-json\/wp\/v2\/product_tag?post=2953"}],"curies":[{"name":"wp","href":"https:\/\/api.w.org\/{rel}","templated":true}]}}