{"id":1261,"date":"2020-05-03T06:42:20","date_gmt":"2020-05-03T05:42:20","guid":{"rendered":"https:\/\/mathy-austria.com\/?post_type=product&#038;p=1261"},"modified":"2024-07-15T07:11:34","modified_gmt":"2024-07-15T06:11:34","slug":"automatikgetriebeol-reinigungsset","status":"publish","type":"product","link":"https:\/\/mathy-austria.com\/hu\/termek\/automatikgetriebeol-reinigungsset\/","title":{"rendered":"Automata sebess\u00e9gv\u00e1lt\u00f3 olajtiszt\u00edt\u00f3 k\u00e9szlet"},"content":{"rendered":"<p><strong>A tiszt\u00edt\u00f3 k\u00e9szlet tartalmazza:<\/strong><\/p>\n<ul>\n<li>150 ml <strong>MATHY-ATR<\/strong> Automatikus sebess\u00e9gv\u00e1lt\u00f3 tiszt\u00edt\u00f3<\/li>\n<li>500 ml <strong>MATHY-TA<\/strong> Automata sebess\u00e9gv\u00e1lt\u00f3 olajadal\u00e9k<\/li>\n<\/ul>\n<p>A MATHY automata sebess\u00e9gv\u00e1lt\u00f3 tiszt\u00edt\u00f3k\u00e9szlet az automata sebess\u00e9gv\u00e1lt\u00f3k tiszt\u00edt\u00e1s\u00e1ra \u00e9s kop\u00e1scs\u00f6kkent\u00e9s\u00e9re szolg\u00e1l. A tiszt\u00edt\u00f3k\u00e9szlet megsz\u00fcnteti a v\u00e1lt\u00e1si probl\u00e9m\u00e1kat, az ind\u00edt\u00e1si r\u00e1ng\u00e1sokat \u00e9s a kop\u00e1ssal kapcsolatos fut\u00f3hangokat, valamint meghosszabb\u00edtja az automata sebess\u00e9gv\u00e1lt\u00f3 \u00e9lettartam\u00e1t. Az optim\u00e1lis eredm\u00e9ny \u00e9rdek\u00e9ben 60 000 km-enk\u00e9nt javasoljuk a tiszt\u00edt\u00e1st.<\/p>\n<p><strong>A technikai probl\u00e9m\u00e1k cs\u00f6kkennek vagy megsz\u0171nnek<\/strong><\/p>\n<ul>\n<li>Az olajkutakban l\u00e9v\u0151 szennyez\u0151d\u00e9sek elt\u00e1vol\u00edt\u00e1sa<\/li>\n<li>A kop\u00e1ssal kapcsolatos fut\u00e1si zajok cs\u00f6kkennek<\/li>\n<li>A v\u00e1lt\u00e1si probl\u00e9m\u00e1k \u00e9s az ind\u00edt\u00e1si r\u00e1ng\u00e1sok megsz\u0171nnek.<\/li>\n<li>Az automata sebess\u00e9gv\u00e1lt\u00f3 bels\u0151 s\u00farl\u00f3d\u00e1si egy\u00fctthat\u00f3i a lehet\u0151 legkisebbek.<\/li>\n<li>A fogsz\u00e9lek kop\u00e1si h\u00e9zagai kiegyenl\u00edt\u0151dnek (a nyom\u00f3szil\u00e1rds\u00e1g n\u00f6veked\u00e9se)<\/li>\n<li>Az ATF-olaj \u00f6reged\u00e9si stabilit\u00e1sa megn\u00f6vekedett.<\/li>\n<\/ul>\n<p><strong>Alkalmaz\u00e1si ter\u00fcletek<\/strong><\/p>\n<p>A tiszt\u00edt\u00f3k\u00e9szlet minden olyan automata sebess\u00e9gv\u00e1lt\u00f3hoz haszn\u00e1lhat\u00f3, amely ATF-olajjal van felt\u00f6ltve.<\/p>\n<p><strong>Adagol\u00e1s<\/strong><\/p>\n<p><strong>Tiszt\u00edt\u00e1shoz:<\/strong>\u00a0<strong>MATHY-ATR<\/strong> Az automata sebess\u00e9gv\u00e1lt\u00f3 tiszt\u00edt\u00f3szer (150 ml) elegend\u0151 3-6 literes sebess\u00e9gv\u00e1lt\u00f3olaj-mennyis\u00e9ghez.<\/p>\n<p><strong>Az \u00e1pol\u00e1s \u00e9s a kop\u00e1s cs\u00f6kkent\u00e9se \u00e9rdek\u00e9ben:<\/strong>\u00a010% <strong>MATHY-TA<\/strong> Adjon hozz\u00e1 automata sebess\u00e9gv\u00e1lt\u00f3olaj-adal\u00e9kot (500 ml) a friss ATF sebess\u00e9gv\u00e1lt\u00f3olajhoz. Maxim\u00e1lis hozz\u00e1ad\u00e1s a sebess\u00e9gv\u00e1lt\u00f3olajhoz: 10%<\/p>\n<p><strong>P\u00e9lda a 10% eset\u00e9ben:<\/strong>\u00a05,0 liter olaj t\u00e9rfogat = 4,5 liter ATF olaj + 500 ml <strong>MATHY-TA<\/strong><\/p>\n<p><strong>Alkalmaz\u00e1s<\/strong><\/p>\n<p><strong>1. l\u00e9p\u00e9s Tiszt\u00edt\u00e1s a MATHY-ATR seg\u00edts\u00e9g\u00e9vel:<\/strong><br \/>\nTiszt\u00edtsa meg a r\u00e9gi ATF v\u00e1lt\u00f3olajjal. A doboz tartalma 150 ml <strong>MATHY-ATR<\/strong> a sebess\u00e9gv\u00e1lt\u00f3olaj \u00fczemi h\u0151m\u00e9rs\u00e9klet\u00e9re az olajcsere el\u0151tt. \u00dcgyeljen arra, hogy a felt\u00f6lt\u00e9si mennyis\u00e9get ne l\u00e9pje t\u00fal, \u00e9s sz\u00fcks\u00e9g eset\u00e9n engedjen le egy kis sebess\u00e9gv\u00e1lt\u00f3olajat. Az olaj hozz\u00e1ad\u00e1sa ut\u00e1n 15 percig vezessen, \u00e9s t\u00f6bbsz\u00f6r kapcsoljon \u00e1t minden fokozaton. Ezut\u00e1n meleg \u00e1llapotban cser\u00e9lje ki a sebess\u00e9gv\u00e1lt\u00f3olajat.<\/p>\n<p><strong>2. l\u00e9p\u00e9s a friss olaj felt\u00f6lt\u00e9se MATHY-TA-val:<\/strong><br \/>\nAz olaj tiszt\u00edt\u00e1sa \u00e9s cser\u00e9je ut\u00e1n friss ATF v\u00e1lt\u00f3olaj + 10% <strong>MATHY-TA<\/strong> T\u00f6ltse fel automata sebess\u00e9gv\u00e1lt\u00f3 olajadal\u00e9kkal.<\/p>\n<p><strong>Figyelem<\/strong><\/p>\n<ul>\n<li>H317: Allergi\u00e1s b\u0151rreakci\u00f3t okozhat.<\/li>\n<li>H412: A v\u00edzi \u00e9l\u0151vil\u00e1gra k\u00e1ros, hosszan tart\u00f3 hat\u00e1s\u00fa.<\/li>\n<li>EUH208: 1-(tert-dodeciltio)prop\u00e1n-2-olt, acetamidot, 2-hidroxi-, N,N-dikoko-alkilsz\u00e1rmaz\u00e9kokat, 1,2-prop\u00e1ndiol, 3-amino-, N,N-dikoko-alkilsz\u00e1rmaz\u00e9kokat tartalmaz. Allergi\u00e1s reakci\u00f3kat okozhat.<\/li>\n<\/ul>\n<p>&nbsp;<\/p>\n<p>&nbsp;<\/p>","protected":false},"excerpt":{"rendered":"<p>Automatikus sebess\u00e9gv\u00e1lt\u00f3olaj-rendszer tiszt\u00edt\u00f3szer \u00e9s automatikus sebess\u00e9gv\u00e1lt\u00f3olaj-adal\u00e9kanyag<\/p>","protected":false},"featured_media":23630,"template":"","meta":[],"product_brand":[125],"product_cat":[126,132],"product_tag":[],"class_list":{"0":"post-1261","1":"product","2":"type-product","3":"status-publish","4":"has-post-thumbnail","6":"product_brand-mvg-mathe-schmierstofftechnik-gmbh","7":"product_cat-getriebe","8":"product_cat-produkt-sets","9":"description-off","11":"first","12":"instock","13":"taxable","14":"shipping-taxable","15":"purchasable","16":"product-type-simple"},"_links":{"self":[{"href":"https:\/\/mathy-austria.com\/hu\/wp-json\/wp\/v2\/product\/1261","targetHints":{"allow":["GET"]}}],"collection":[{"href":"https:\/\/mathy-austria.com\/hu\/wp-json\/wp\/v2\/product"}],"about":[{"href":"https:\/\/mathy-austria.com\/hu\/wp-json\/wp\/v2\/types\/product"}],"wp:featuredmedia":[{"embeddable":true,"href":"https:\/\/mathy-austria.com\/hu\/wp-json\/wp\/v2\/media\/23630"}],"wp:attachment":[{"href":"https:\/\/mathy-austria.com\/hu\/wp-json\/wp\/v2\/media?parent=1261"}],"wp:term":[{"taxonomy":"product_brand","embeddable":true,"href":"https:\/\/mathy-austria.com\/hu\/wp-json\/wp\/v2\/product_brand?post=1261"},{"taxonomy":"product_cat","embeddable":true,"href":"https:\/\/mathy-austria.com\/hu\/wp-json\/wp\/v2\/product_cat?post=1261"},{"taxonomy":"product_tag","embeddable":true,"href":"https:\/\/mathy-austria.com\/hu\/wp-json\/wp\/v2\/product_tag?post=1261"}],"curies":[{"name":"wp","href":"https:\/\/api.w.org\/{rel}","templated":true}]}}