{"id":1259,"date":"2020-05-03T06:35:55","date_gmt":"2020-05-03T05:35:55","guid":{"rendered":"https:\/\/mathy-austria.com\/?post_type=product&#038;p=1259"},"modified":"2024-07-15T07:11:34","modified_gmt":"2024-07-15T06:11:34","slug":"schaltgetriebeol-reinigungsset-plus","status":"publish","type":"product","link":"https:\/\/mathy-austria.com\/hu\/termek\/schaltgetriebeol-reinigungsset-plus\/","title":{"rendered":"K\u00e9zi sebess\u00e9gv\u00e1lt\u00f3 olajtiszt\u00edt\u00f3 k\u00e9szlet Plus (\u00faj)"},"content":{"rendered":"<p><strong>A tiszt\u00edt\u00f3 k\u00e9szlet tartalmazza:<\/strong><\/p>\n<p><strong>150 ml MATHY-SGR<\/strong> Schaltgetriebe-Reiniger<br \/>\n<strong>1,0 l \u00a0 \u00a0MATHY-T<\/strong> Schaltgetriebe-Additiv<\/p>\n<p>A <strong>MATHY<\/strong> <strong>Schaltgetriebe-Reinigungs-Set<\/strong> k\u00e9zi sebess\u00e9gv\u00e1lt\u00f3k, h\u00e1ts\u00f3 tengelyek \u00e9s mell\u00e9khajt\u00e1sok tiszt\u00edt\u00e1s\u00e1ra \u00e9s karbantart\u00e1s\u00e1ra szolg\u00e1l. A tiszt\u00edt\u00f3k\u00e9szlet kik\u00fcsz\u00f6b\u00f6li a v\u00e1lt\u00e1si probl\u00e9m\u00e1kat (ragad\u00f3s fogaskerekek), a kop\u00e1ssal kapcsolatos fut\u00f3hangokat \u00e9s a h\u00e1ts\u00f3 tengely ny\u00f6sz\u00f6rg\u00e9s\u00e9t, \u00e9s meghosszabb\u00edtja az egys\u00e9gek \u00e9lettartam\u00e1t. Az optim\u00e1lis eredm\u00e9ny \u00e9rdek\u00e9ben 60 000 km-enk\u00e9nt javasoljuk a tiszt\u00edt\u00e1st.<\/p>\n<ul>\n<li>A technikai probl\u00e9m\u00e1k cs\u00f6kkennek vagy megsz\u0171nnek<\/li>\n<li>Az olajkutakban l\u00e9v\u0151 szennyez\u0151d\u00e9sek elt\u00e1vol\u00edt\u00e1sa<\/li>\n<li>A kop\u00e1ssal kapcsolatos fut\u00e1si zajok cs\u00f6kkennek<\/li>\n<li>A szaggatott \u00e1ramk\u00f6r\u00f6k ism\u00e9t k\u00f6nnyebben kezelhet\u0151v\u00e9 v\u00e1lnak (l\u00e1gyabbak)<\/li>\n<li>A bels\u0151 s\u00farl\u00f3d\u00e1s minim\u00e1lisra cs\u00f6kken<\/li>\n<li>A fogsz\u00e9lek kop\u00e1si h\u00e9zagai kiegyenl\u00edt\u0151dnek (a nyom\u00f3szil\u00e1rds\u00e1g n\u00f6veked\u00e9se)<\/li>\n<li>Alkalmaz\u00e1si ter\u00fcletek<\/li>\n<\/ul>\n<p>Das Reinigungs-Set ist einsetzbar in allen Schaltgetrieben, Differenzialen und Nebenantrieben von PKW\u2019S, LKW\u2019S, landwirtschaftlichen Maschinen, Baumaschinen, Booten, Motorr\u00e4dern und Industrieanlagen.<\/p>\n<h2>Adagol\u00e1s<\/h2>\n<ul>\n<li>Tiszt\u00edt\u00e1shoz:\u00a0<strong>MATHY-SGR Schaltgetriebereiniger (150ml)<\/strong> ist ausreichend f\u00fcr Getriebe\u00f6lmengen von 3 bis 6 Liter Volumen.<\/li>\n<li>Az \u00e1pol\u00e1s \u00e9s a kop\u00e1s cs\u00f6kkent\u00e9se \u00e9rdek\u00e9ben:<strong>\u00a0MATHY-T Schaltgetriebe\u00f6l-Additiv (500ml)<\/strong> 20% dem frischen Getriebe\u00f6l zugeben. Maximale<\/li>\n<li>Hozz\u00e1ad\u00e1s a hajt\u00f3m\u0171olajhoz: 50%<\/li>\n<li>Beispiel bei 20%:\u00a02,5 Liter \u00d6lvolumen = 2,0 Liter Getriebe\u00f6l + 500ml <strong>MATHY-T<\/strong><\/li>\n<\/ul>\n<h2>Alkalmaz\u00e1s<\/h2>\n<ul>\n<li>Schritt 1 die Reinigung mit <strong>MATHY-SGR<\/strong>:<br \/>\nTiszt\u00edtsa meg a r\u00e9gi sebess\u00e9gv\u00e1lt\u00f3 olajjal. A doboz tartalma 150 ml <strong>MATHY-SGR<\/strong> a sebess\u00e9gv\u00e1lt\u00f3\/h\u00e1ts\u00f3 tengely olaj\u00e1t \u00fczemi h\u0151m\u00e9rs\u00e9kleten az olajcsere el\u0151tt. \u00dcgyeljen arra, hogy a t\u00f6lt\u00e9si mennyis\u00e9get ne l\u00e9pje t\u00fal, \u00e9s sz\u00fcks\u00e9g eset\u00e9n engedjen le egy kis sebess\u00e9gv\u00e1lt\u00f3olajat. Az olaj hozz\u00e1ad\u00e1sa ut\u00e1n 15 percig vezessen, \u00e9s t\u00f6bbsz\u00f6r kapcsoljon \u00e1t minden fokozaton. Ezut\u00e1n meleg \u00e1llapotban cser\u00e9lje ki a sebess\u00e9gv\u00e1lt\u00f3 olajat.<\/li>\n<li>Schritt 2 die Frisch\u00f6l-Bef\u00fcllung mit <strong>MATHY-T<\/strong>:<br \/>\nTiszt\u00edt\u00e1s \u00e9s olajcsere ut\u00e1n friss sebess\u00e9gv\u00e1lt\u00f3 olaj + 20% <strong>MATHY-T Getriebe\u00f6l-Additiv<\/strong> t\u00f6ltsd fel. A teljes hat\u00e9konys\u00e1ga <strong>MATHY-T<\/strong> kb. 1500 km megt\u00e9tele ut\u00e1n k\u00f6vetkezik be.<\/li>\n<\/ul>\n<h2>Vesz\u00e9ly<\/h2>\n<ul>\n<li>H317: Allergi\u00e1s b\u0151rreakci\u00f3t okozhat.<\/li>\n<li>H318: S\u00falyos szemk\u00e1rosod\u00e1st okoz.<\/li>\n<li>H412: A v\u00edzi \u00e9l\u0151vil\u00e1gra k\u00e1ros, hosszan tart\u00f3 hat\u00e1s\u00fa.<\/li>\n<li>EUH208: Tartalmaz 1-(tert-dodeciltio)prop\u00e1n-2-olt, acetamidot, 2-hidroxi-, N,N-dikoko-alkilsz\u00e1rmaz\u00e9kokat, 1,2-prop\u00e1ndiol, 3-amino-, N,N-dikoko-alkilsz\u00e1rmaz\u00e9kokat. Allergi\u00e1s reakci\u00f3kat okozhat.<\/li>\n<\/ul>","protected":false},"excerpt":{"rendered":"<p>150 ml MATHY-SGR k\u00e9zi sebess\u00e9gv\u00e1lt\u00f3 tiszt\u00edt\u00f3 + 1,0 liter MATHY-T k\u00e9zi sebess\u00e9gv\u00e1lt\u00f3 olaj adal\u00e9kanyag<\/p>","protected":false},"featured_media":3318,"template":"","meta":[],"product_brand":[125],"product_cat":[183,126,132],"product_tag":[],"class_list":{"0":"post-1259","1":"product","2":"type-product","3":"status-publish","4":"has-post-thumbnail","6":"product_brand-mvg-mathe-schmierstofftechnik-gmbh","7":"product_cat-spitzenreiter","8":"product_cat-getriebe","9":"product_cat-produkt-sets","10":"description-off","12":"first","13":"instock","14":"taxable","15":"shipping-taxable","16":"purchasable","17":"product-type-simple"},"_links":{"self":[{"href":"https:\/\/mathy-austria.com\/hu\/wp-json\/wp\/v2\/product\/1259","targetHints":{"allow":["GET"]}}],"collection":[{"href":"https:\/\/mathy-austria.com\/hu\/wp-json\/wp\/v2\/product"}],"about":[{"href":"https:\/\/mathy-austria.com\/hu\/wp-json\/wp\/v2\/types\/product"}],"wp:featuredmedia":[{"embeddable":true,"href":"https:\/\/mathy-austria.com\/hu\/wp-json\/wp\/v2\/media\/3318"}],"wp:attachment":[{"href":"https:\/\/mathy-austria.com\/hu\/wp-json\/wp\/v2\/media?parent=1259"}],"wp:term":[{"taxonomy":"product_brand","embeddable":true,"href":"https:\/\/mathy-austria.com\/hu\/wp-json\/wp\/v2\/product_brand?post=1259"},{"taxonomy":"product_cat","embeddable":true,"href":"https:\/\/mathy-austria.com\/hu\/wp-json\/wp\/v2\/product_cat?post=1259"},{"taxonomy":"product_tag","embeddable":true,"href":"https:\/\/mathy-austria.com\/hu\/wp-json\/wp\/v2\/product_tag?post=1259"}],"curies":[{"name":"wp","href":"https:\/\/api.w.org\/{rel}","templated":true}]}}