{"id":1235,"date":"2019-08-07T14:06:53","date_gmt":"2019-08-07T12:06:53","guid":{"rendered":"https:\/\/mathy-austria.com\/?post_type=product&#038;p=1235"},"modified":"2026-02-22T14:38:08","modified_gmt":"2026-02-22T13:38:08","slug":"mathy-benzin-kur","status":"publish","type":"product","link":"https:\/\/mathy-austria.com\/hu\/termek\/mathy-benzin-kur\/","title":{"rendered":"MATHY benzink\u00fara"},"content":{"rendered":"<h2>MATHY-Benzin Kur<\/h2>\n<ul>\n<li>3 x 250 ml <strong>MATHY-BE Benzin-Systemreiniger<\/strong><\/li>\n<li>1 x 200 ml <strong>MATHY-IB Injektor-Reiniger Benzin<\/strong><\/li>\n<\/ul>\n<p>Ohne Werkstattbesuch das gesamte Benzin-System einfach \u00fcber den Tank reinigen.<br \/>\nAb einer Laufleistung von \u00fcber 50.000 km empfehlen wir unsere System-Kur f\u00fcr Benzinmotoren. Die beiden hochwirksamen Benzin-Reiniger <strong>MATHY-BE<\/strong> \u00e9s <strong>MATHY-IB<\/strong> l\u00f6sen Verharzungen, beseitigen Verbrennungsr\u00fcckst\u00e4nde und optimieren die Abgaswerte. Vom Tank bis zum Brennraum werden Verunreinigungen effizient beseitigt. Der Kaltstart wird verbessert und die Abgaswerte optimiert. Einsetzbar in allen Ottomotoren und Benzinkraftstoffarten.<\/p>\n<h2>Alkalmaz\u00e1s l\u00e9p\u00e9sr\u0151l l\u00e9p\u00e9sre<\/h2>\n<ul>\n<li>Um mit der <strong>Benzin-Kur<\/strong> zu starten, fahren Sie bis auf Reserve runter und geben eine Dose<strong> MATHY-BE Benzin-Systemreiniger<\/strong> vor der Betankung (max. 50 l Benzin) in den Tank. Nun fahren Sie den ersten Reinigungszyklus. W\u00e4hrend dieser Phase werden Verunreinigungen auf Kohlenstoffbasis im Brennraum und an den Einspritzd\u00fcsen abgebaut. Anschlie\u00dfend bef\u00fcllen Sie den Tank\u00a0einmal ohne Additiv,\u00a0dann wieder\u00a0mit MATHY-BE, ohne und wieder mit\u00a0MATHY-BE\u00a0bis alle drei Dosen aufgebraucht sind.<\/li>\n<li>Wenn dieser Zyklus beendet ist, kommt unser\u00a0Injektor-Reiniger <strong>MATHY-IB<\/strong> zum Einsatz. Dieser l\u00f6\u00dft lackartige Aush\u00e4rtungen an der Injektorspitze aus und verbessert das Spr\u00fchbild. Geben Sie eine Dose MATHY-IB in den leeren Tank und bef\u00fcllen diesen mit 50,0 Liter Benzin-Kraftstoff. Anschlie\u00dfend fahren Sie den Tank leer und die Benzin-Kur ist beendet.<\/li>\n<li>F\u00fcr einen optimalen Reinigungszyklus empfehlen wir eine 30 min\u00fctige Autobahnfahrt mit <strong>MATHY-BE<\/strong> im Tank.<\/li>\n<li>Einfach den Doseninhalt vor der Betankung in den Tank f\u00fcllen.<\/li>\n<li>Tankf\u00fcllung eine Dose 250 ml <strong>MATHY-BE<\/strong><\/li>\n<li>Tankf\u00fcllung ohne Additiv<\/li>\n<li>Tankf\u00fcllung eine Dose 250 ml<strong> MATHY-BE<\/strong><\/li>\n<li>Tankf\u00fcllung ohne<\/li>\n<li>Tankf\u00fcllung eine Dose 250 ml <strong>MATHY-BE<\/strong><\/li>\n<li>Tankf\u00fcllung eine Dose 200 ml <strong>MATHY-IB<\/strong><\/li>\n<\/ul>","protected":false},"excerpt":{"rendered":"<p>3 x 250 ml MATHY-BE + 1 x 200 ml MATHY-IB<\/p>","protected":false},"featured_media":146115,"template":"","meta":[],"product_brand":[125],"product_cat":[183,127,132],"product_tag":[311,322,304,325,335,301,300,399,398,315,318,327,332,303,308,338,316,285,333,339,320,337,326,334,336,321,302,310,324,247,248,319,400,253,249,251,255,250,254,252,330,299,331,272,312,328,317,329,306,305,313,314,307,309,323],"class_list":{"0":"post-1235","1":"product","2":"type-product","3":"status-publish","4":"has-post-thumbnail","6":"product_brand-mvg-mathe-schmierstofftechnik-gmbh","7":"product_cat-spitzenreiter","8":"product_cat-kraftstoffsystem","9":"product_cat-produkt-sets","10":"product_tag-abgase-verbessern","11":"product_tag-ablagerungen-loesen-benzinmotor","12":"product_tag-auto-benzin-additiv","13":"product_tag-auto-benzin-reinigung","14":"product_tag-benzin-auto-performance-enhancement","15":"product_tag-benzin-injektor-reiniger","16":"product_tag-benzin-kraftstoff-additiv","17":"product_tag-benzin-kur-in-oesterreich-kaufen","18":"product_tag-benzin-kur-kaufen","19":"product_tag-benzin-kur-set","20":"product_tag-benzin-system-additiv-kaufen","21":"product_tag-benzin-tankadditiv","22":"product_tag-benzin-kur-komplett","23":"product_tag-benzinmotor-pflege","24":"product_tag-brennraum-reiniger","25":"product_tag-car-fuel-system-cleaner","26":"product_tag-e5-e10-e85-additiv","27":"product_tag-emissionen-reduzieren-additiv","28":"product_tag-fahrzeug-kraftstoffpflege","29":"product_tag-fuel-injector-cleaner-petrol","30":"product_tag-hochwirksames-benzin-additiv","31":"product_tag-injectors-cleaning-fuel-additive","32":"product_tag-kraftstoff-additiv-online-kaufen","33":"product_tag-kraftstoff-additive-wirkung","34":"product_tag-kraftstoffsystem-gesundheit","35":"product_tag-kraftstoffsystem-pflege","36":"product_tag-kraftstoffsystem-reinigung-benzin","37":"product_tag-kraftstoffverbrauch-reduzieren","38":"product_tag-leistungssteigerung-benzinmotor","39":"product_tag-mathy","40":"product_tag-mathy-austria","41":"product_tag-mathy-austria-additive","42":"product_tag-mathy-benzin-kur-in-oesterreich-kaufen","43":"product_tag-mathy-hungaria","44":"product_tag-mathy-oesterreich","45":"product_tag-mathy-slovakia","46":"product_tag-mathy-slovenija","47":"product_tag-mathy-slowakei","48":"product_tag-mathy-slowenien","49":"product_tag-mathy-ungarn","50":"product_tag-mathy-be","51":"product_tag-mathy-benzin-systemreiniger","52":"product_tag-mathy-ib","53":"product_tag-motor-auto-pflege","54":"product_tag-motorlauf-verbessern","55":"product_tag-motorschutz-benzin","56":"product_tag-ottomotor-pflege","57":"product_tag-ottomotor-reinigung-additiv","58":"product_tag-reinigung-einspritzduesen","59":"product_tag-reinigung-kraftstoffsystem","60":"product_tag-startverhalten-verbessern","61":"product_tag-tuev-zertifizierter-benzin-reiniger","62":"product_tag-ventile-reinigen-benzin","63":"product_tag-verbrennungsprozess-optimieren","64":"product_tag-verkokungen-entfernen-einspritzung","65":"description-off","67":"first","68":"instock","69":"taxable","70":"shipping-taxable","71":"purchasable","72":"product-type-simple"},"_links":{"self":[{"href":"https:\/\/mathy-austria.com\/hu\/wp-json\/wp\/v2\/product\/1235","targetHints":{"allow":["GET"]}}],"collection":[{"href":"https:\/\/mathy-austria.com\/hu\/wp-json\/wp\/v2\/product"}],"about":[{"href":"https:\/\/mathy-austria.com\/hu\/wp-json\/wp\/v2\/types\/product"}],"wp:featuredmedia":[{"embeddable":true,"href":"https:\/\/mathy-austria.com\/hu\/wp-json\/wp\/v2\/media\/146115"}],"wp:attachment":[{"href":"https:\/\/mathy-austria.com\/hu\/wp-json\/wp\/v2\/media?parent=1235"}],"wp:term":[{"taxonomy":"product_brand","embeddable":true,"href":"https:\/\/mathy-austria.com\/hu\/wp-json\/wp\/v2\/product_brand?post=1235"},{"taxonomy":"product_cat","embeddable":true,"href":"https:\/\/mathy-austria.com\/hu\/wp-json\/wp\/v2\/product_cat?post=1235"},{"taxonomy":"product_tag","embeddable":true,"href":"https:\/\/mathy-austria.com\/hu\/wp-json\/wp\/v2\/product_tag?post=1235"}],"curies":[{"name":"wp","href":"https:\/\/api.w.org\/{rel}","templated":true}]}}