{"id":1231,"date":"2019-08-07T13:49:34","date_gmt":"2019-08-07T11:49:34","guid":{"rendered":"https:\/\/mathy-austria.com\/?post_type=product&#038;p=1231"},"modified":"2026-02-22T14:36:24","modified_gmt":"2026-02-22T13:36:24","slug":"mathy-agr-kur","status":"publish","type":"product","link":"https:\/\/mathy-austria.com\/hu\/termek\/mathy-agr-kur\/","title":{"rendered":"MATHY-AGR Gy\u00f3gym\u00f3d"},"content":{"rendered":"<h2>MATHY-AGR Kur Diesel<\/h2>\n<ul>\n<li>1 x 250 ml <strong>MATHY-D Diesel System Cleaner<\/strong><\/li>\n<li>3 x 300 ml <strong>MATHY-AGR Reiniger f\u00fcr Abgasr\u00fcckf\u00fchrungssysteme<\/strong><\/li>\n<\/ul>\n<p>Die einfachste Art das Abgasr\u00fcckf\u00fchrungssystem sauber zu halten. MATHY-AGR ist ein hochwirksamer Abgasr\u00fcckf\u00fchrventil-Reiniger (AGR-Ventil) f\u00fcr Dieselfahrzeuge. Bei einer regelm\u00e4\u00dfigen Anwendung von MATHY-AGR \u00fcber den Dieselkraftstoff wird ein Aufbau von kohlenstoffhaltigen R\u00fcckst\u00e4nden im Abgasr\u00fcckf\u00fchrungssystem reduziert und so der Reparaturaufwand minimiert. Verunreinigungen werden \u00fcber den Abgasstrom chemisch abgebaut. St\u00f6rungen die durch ein verunreinigtes AGR-Ventil verursacht werden, k\u00f6nnen somit nachhaltig vermieden werden.<\/p>\n<h2>Das Problem<\/h2>\n<p>Durch den erh\u00f6hten Bioanteil in heutigen Dieselkraftstoffen, h\u00e4ufigen Kurzstreckenfahrten (Stop and Go) und die Einf\u00fchrung der Euro 5 Norm wird neben dem gesamten Dieselsystem auch das Abgasr\u00fcckf\u00fchrungssystem permanent belastet. Diese Belastung zeigt sich im Aufbau von Verkokungen (Verbrennungsr\u00fcckst\u00e4nden) an mechanisch beweglichen Bauteilen, die sich im Abgasstrom befinden. Diese Verunreinigungen verursachen die meisten Funktionsst\u00f6rungen im Abgasr\u00fcckf\u00fchrventil. Im Extremfall bleibt das AGR-Ventil h\u00e4ngen und der Motor geht in das Notlaufprogramm.<\/p>\n<h2>Alkalmaz\u00e1s l\u00e9p\u00e9sr\u0151l l\u00e9p\u00e9sre<\/h2>\n<p>Einfach den Doseninhalt vor der Betankung dem Dieselkraftstoff beigeben.<\/p>\n<ul>\n<li>Tankf\u00fcllung eine Dose <strong>MATHY-D<\/strong><\/li>\n<li>Tankf\u00fcllung eine Dose <strong>MATHY-AGR<\/strong><\/li>\n<li>Tankf\u00fcllung ohne Additiv<\/li>\n<li>Tankf\u00fcllung eine Dose <strong>MATHY-AGR<\/strong><\/li>\n<li>Tankf\u00fcllung ohne Additiv<\/li>\n<li>Tankf\u00fcllung eine Dose <strong>MATHY-AGR<\/strong><\/li>\n<\/ul>\n<p>Um mit der <strong>AGR-Kur<\/strong> zu starten, fahren Sie bis auf Reserve runter und geben eine Dose <strong>MATHY-D d\u00edzel rendszer tiszt\u00edt\u00f3szer<\/strong> vor der Betankung in den Tank. Nun fahren Sie den ersten Reinigungszyklus. W\u00e4hrend dieser Phase werden Verunreinigungen im Brennraum und an den Einspritzd\u00fcsen abgebaut.<br \/>\nWenn dieser Zyklus beendet ist, kommt unser <strong>MATHY-AGR Diesel-Abasr\u00fcckf\u00fchrungssystem-Reiniger<\/strong> zum Einsatz. Hierzu geben Sie bitte eine Dose <strong>MATHY-AGR<\/strong> in den leeren Tank und bef\u00fcllen diesen mit 50 Liter Diesel-Kraftstoff. Fahren Sie den Tank leer. Anschlie\u00dfend bef\u00fcllen Sie den Tank einmal ohne und dann wieder mit MATHY-AGR bis alle drei Dosen der Kur aufgebraucht sind.<br \/>\nF\u00fcr einen optimalen Reinigungszyklus empfehlen wir eine 30 min\u00fctige Autobahnfahrt mit <strong>MATHY-AGR<\/strong> im Tank.<\/p>\n<h2>Fontos megjegyz\u00e9s:<\/h2>\n<p>Bereits vollst\u00e4ndig verkokte Abgasr\u00fcckf\u00fchrungsventile (AGR) k\u00f6nnen mit <strong>MATHY-AGR<\/strong> nicht mehr gereinigt werden. Sollte bereits die Motorkontrollleuchte teilweise oder auch dauerhaft leuchten (gelb), kann auch hier<strong> MATHY-AGR<\/strong> nicht helfen. In diesen F\u00e4llen muss das AGR-Ventil ausgebaut oder manuell gereinigt werden. Wir empfehlen <strong>MATHY-AGR<\/strong> megel\u0151z\u0151 int\u00e9zked\u00e9sk\u00e9nt!<\/p>","protected":false},"excerpt":{"rendered":"<p>Tiszt\u00edt\u00f3 k\u00e9szlet az EGR-hez<br \/>\n1 x 250 ml MATHY-D + 3 x 300 ml MATHY-AGR<\/p>","protected":false},"featured_media":146050,"template":"","meta":[],"product_brand":[125],"product_cat":[183,127,132],"product_tag":[311,368,382,396,395,351,369,379,346,352,343,386,362,361,357,366,360,341,375,385,356,363,347,358,374,377,359,378,373,348,247,397,388,248,387,253,249,251,255,250,254,252,345,376,355,350,381,354,313,383,380,384],"class_list":{"0":"post-1231","1":"product","2":"type-product","3":"status-publish","4":"has-post-thumbnail","6":"product_brand-mvg-mathe-schmierstofftechnik-gmbh","7":"product_cat-spitzenreiter","8":"product_cat-kraftstoffsystem","9":"product_cat-produkt-sets","10":"product_tag-abgase-verbessern","11":"product_tag-abgasrueckfuehrventil-reinigung","12":"product_tag-ablagerungen-loesen","13":"product_tag-agr-kur-in-oesterreich-kaufen","14":"product_tag-agr-kur-kaufen","15":"product_tag-agr-ventil-reinigen","16":"product_tag-agr-verkokungen-entfernen","17":"product_tag-cetanzahl-erhoehen","18":"product_tag-diesel-additiv","19":"product_tag-diesel-additiv-kaufen","20":"product_tag-diesel-agr-ventil-reiniger","21":"product_tag-diesel-leistungssteigerung","22":"product_tag-diesel-motorpflege","23":"product_tag-diesel-reiniger-tuev","24":"product_tag-diesel-reinigungskur","25":"product_tag-diesel-russfilter-regenerieren","26":"product_tag-diesel-system-pflege","27":"product_tag-diesel-systemreiniger","28":"product_tag-diesel-tank-reiniger","29":"product_tag-diesel-verbrauch-senken","30":"product_tag-dieselabgase-reduzieren","31":"product_tag-dieselkraftstoff-additiv","32":"product_tag-dieselmotor-reinigen","33":"product_tag-dieselpflegemittel","34":"product_tag-dieselsystem-reinigung","35":"product_tag-kfz-kraftstoffpflege","36":"product_tag-kraftstoff-additiv","37":"product_tag-kraftstoffadditiv-diesel","38":"product_tag-kraftstoffsystem-pflegen","39":"product_tag-kraftstoffsystem-reinigen","40":"product_tag-mathy","41":"product_tag-mathy-agr-kur-in-oesterreich-kaufen","42":"product_tag-mathy-agr-kur-kaufen","43":"product_tag-mathy-austria","44":"product_tag-mathy-diesel-agr-kur","45":"product_tag-mathy-hungaria","46":"product_tag-mathy-oesterreich","47":"product_tag-mathy-slovakia","48":"product_tag-mathy-slovenija","49":"product_tag-mathy-slowakei","50":"product_tag-mathy-slowenien","51":"product_tag-mathy-ungarn","52":"product_tag-mathy-universal","53":"product_tag-motor-dieselpflege","54":"product_tag-motorschutz-diesel","55":"product_tag-partikelfilter-reinigung","56":"product_tag-russpartikel-verbrennen","57":"product_tag-russpartikelfilter-reinigen","58":"product_tag-startverhalten-verbessern","59":"product_tag-ventile-reinigen","60":"product_tag-verbrennung-optimieren","61":"product_tag-verkokungen-entfernen","62":"description-off","64":"first","65":"instock","66":"taxable","67":"shipping-taxable","68":"purchasable","69":"product-type-simple"},"_links":{"self":[{"href":"https:\/\/mathy-austria.com\/hu\/wp-json\/wp\/v2\/product\/1231","targetHints":{"allow":["GET"]}}],"collection":[{"href":"https:\/\/mathy-austria.com\/hu\/wp-json\/wp\/v2\/product"}],"about":[{"href":"https:\/\/mathy-austria.com\/hu\/wp-json\/wp\/v2\/types\/product"}],"wp:featuredmedia":[{"embeddable":true,"href":"https:\/\/mathy-austria.com\/hu\/wp-json\/wp\/v2\/media\/146050"}],"wp:attachment":[{"href":"https:\/\/mathy-austria.com\/hu\/wp-json\/wp\/v2\/media?parent=1231"}],"wp:term":[{"taxonomy":"product_brand","embeddable":true,"href":"https:\/\/mathy-austria.com\/hu\/wp-json\/wp\/v2\/product_brand?post=1231"},{"taxonomy":"product_cat","embeddable":true,"href":"https:\/\/mathy-austria.com\/hu\/wp-json\/wp\/v2\/product_cat?post=1231"},{"taxonomy":"product_tag","embeddable":true,"href":"https:\/\/mathy-austria.com\/hu\/wp-json\/wp\/v2\/product_tag?post=1231"}],"curies":[{"name":"wp","href":"https:\/\/api.w.org\/{rel}","templated":true}]}}