{"id":1229,"date":"2019-08-04T20:55:44","date_gmt":"2019-08-04T18:55:44","guid":{"rendered":"https:\/\/mathy-austria.com\/?post_type=product&#038;p=1229"},"modified":"2025-12-07T13:05:41","modified_gmt":"2025-12-07T12:05:41","slug":"mathy-fd-250ml","status":"publish","type":"product","link":"https:\/\/mathy-austria.com\/hu\/termek\/mathy-fd-250ml\/","title":{"rendered":"MATHY-FD d\u00edzel \u00fczemanyag-adal\u00e9kanyag"},"content":{"rendered":"<p><strong>MATHY-FD<\/strong> jav\u00edtja a d\u00edzelmotorok teljes\u00edtm\u00e9ny\u00e9t. Haszn\u00e1lata optimaliz\u00e1lja az \u00e9g\u00e9st, a cet\u00e1nsz\u00e1m n\u00f6vel\u00e9s\u00e9vel jav\u00edtja a gy\u00fal\u00e9konys\u00e1got \u00e9s optimaliz\u00e1lja a kipufog\u00f3g\u00e1zok \u00e9rt\u00e9keit. A befecskendez\u0151 f\u00fav\u00f3k\u00e1kon l\u00e9v\u0151 lerak\u00f3d\u00e1sok lebomlanak, \u00e9s megakad\u00e1lyozza azok kialakul\u00e1s\u00e1t. Rendszeres haszn\u00e1lat eset\u00e9n az eg\u00e9sz \u00fczemanyagrendszer tiszta marad. <strong>MATHY-FD<\/strong> minden d\u00edzel\u00fczem\u0171 j\u00e1rm\u0171ben haszn\u00e1lhat\u00f3.<\/p>\n<p><strong>MATHY-FD D\u00edzel\u00fczemanyag-adal\u00e9kanyag<\/strong> minden d\u00edzel\u00fczem\u0171 j\u00e1rm\u0171h\u00f6z aj\u00e1nlott, hogy ellens\u00falyozza a d\u00edzel\u00fczemanyag legfeljebb 7 % biod\u00edzel-tartalm\u00e1nak negat\u00edv hat\u00e1sait.<\/p>\n<ul>\n<li>A technikai probl\u00e9m\u00e1k cs\u00f6kkennek vagy megsz\u0171nnek<\/li>\n<li>Tiszt\u00edtja a teljes \u00fczemanyagrendszert<\/li>\n<li>Cs\u00f6kkenti a szennyez\u0151anyag-kibocs\u00e1t\u00e1st<\/li>\n<li>Jav\u00edtja az ind\u00edt\u00e1si viselked\u00e9st<\/li>\n<li>Biztos\u00edtja a tiszta \u00e9g\u00e9st<\/li>\n<li>N\u00f6veli a cet\u00e1nsz\u00e1mot<\/li>\n<li>Tiszt\u00e1n tartja a befecskendez\u0151 szivatty\u00fakat, a befecskendez\u0151 f\u00fav\u00f3k\u00e1kat \u00e9s az \u00e9g\u00e9sterm\u00e9keket<\/li>\n<\/ul>\n<h2>Alkalmaz\u00e1si ter\u00fcletek<\/h2>\n<ul>\n<li>Adal\u00e9k minden t\u00edpus\u00fa d\u00edzel\u00fczemanyaghoz<\/li>\n<li>a teljes \u00fczemanyagrendszer tiszt\u00e1n tart\u00e1sa \u00e9s ken\u00e9se<\/li>\n<li>megn\u00f6vekedett \u00fczemanyag-fogyaszt\u00e1ssal<\/li>\n<li>nagy terhel\u00e9s \u00e9s kop\u00e1s eset\u00e9n (befecskendez\u0151 szivatty\u00fak \u00e9s szelepek)<\/li>\n<\/ul>\n<h2>Az adagol\u00e1s<\/h2>\n<ul>\n<li><strong>MATHY-FD<\/strong> 1:1000 ar\u00e1nyban. Ez 10 ml adal\u00e9kanyagnak felel meg 10 liter d\u00edzel\u00fczemanyaghoz. Adja hozz\u00e1 a <strong>MATHY-FD<\/strong> minden tankol\u00e1skor, \u00e9s egy \u00e9ven bel\u00fcl haszn\u00e1lja fel a term\u00e9ket. Ha<strong> MATHY-FD<\/strong> k\u00f6zvetlen\u00fcl a tankol\u00e1s el\u0151tt, akkor a tankol\u00e1s sor\u00e1n az adal\u00e9kanyag \u00e9s a d\u00edzel\u00fczemanyag optim\u00e1lis kever\u00e9k\u00e9t kapja.<\/li>\n<\/ul>\n<h2>Vesz\u00e9ly<\/h2>\n<ul>\n<li>H304: Lenyelve \u00e9s a l\u00e9gutakba jutva hal\u00e1los lehet.<\/li>\n<li>H319: S\u00falyos szemirrit\u00e1ci\u00f3t okoz.<\/li>\n<li>H412: A v\u00edzi \u00e9l\u0151vil\u00e1gra k\u00e1ros, hosszan tart\u00f3 hat\u00e1s\u00fa.<\/li>\n<li>EUH044: Robban\u00e1svesz\u00e9ly, ha bez\u00e1rts\u00e1g alatt felmelegszik.<\/li>\n<li>EUH066: Ism\u00e9telt expoz\u00edci\u00f3 b\u0151rsz\u00e1razs\u00e1got vagy repedez\u00e9st okozhat.<\/li>\n<\/ul>","protected":false},"excerpt":{"rendered":"<p>D\u00edzel \u00fczemanyag-adal\u00e9kanyag<br \/>\n1 x 250ml (literenk\u00e9nti \u00e1r \u20ac 71.80)<\/p>","protected":false},"featured_media":107495,"template":"","meta":[],"product_brand":[125],"product_cat":[127],"product_tag":[],"class_list":{"0":"post-1229","1":"product","2":"type-product","3":"status-publish","4":"has-post-thumbnail","6":"product_brand-mvg-mathe-schmierstofftechnik-gmbh","7":"product_cat-kraftstoffsystem","8":"description-off","10":"first","11":"instock","12":"taxable","13":"shipping-taxable","14":"purchasable","15":"product-type-variable","16":"has-default-attributes"},"_links":{"self":[{"href":"https:\/\/mathy-austria.com\/hu\/wp-json\/wp\/v2\/product\/1229","targetHints":{"allow":["GET"]}}],"collection":[{"href":"https:\/\/mathy-austria.com\/hu\/wp-json\/wp\/v2\/product"}],"about":[{"href":"https:\/\/mathy-austria.com\/hu\/wp-json\/wp\/v2\/types\/product"}],"wp:featuredmedia":[{"embeddable":true,"href":"https:\/\/mathy-austria.com\/hu\/wp-json\/wp\/v2\/media\/107495"}],"wp:attachment":[{"href":"https:\/\/mathy-austria.com\/hu\/wp-json\/wp\/v2\/media?parent=1229"}],"wp:term":[{"taxonomy":"product_brand","embeddable":true,"href":"https:\/\/mathy-austria.com\/hu\/wp-json\/wp\/v2\/product_brand?post=1229"},{"taxonomy":"product_cat","embeddable":true,"href":"https:\/\/mathy-austria.com\/hu\/wp-json\/wp\/v2\/product_cat?post=1229"},{"taxonomy":"product_tag","embeddable":true,"href":"https:\/\/mathy-austria.com\/hu\/wp-json\/wp\/v2\/product_tag?post=1229"}],"curies":[{"name":"wp","href":"https:\/\/api.w.org\/{rel}","templated":true}]}}