{"id":1199,"date":"2016-11-14T11:37:26","date_gmt":"2016-11-14T10:37:26","guid":{"rendered":"https:\/\/mathy-austria.com\/?post_type=product&#038;p=1199"},"modified":"2024-07-15T07:11:35","modified_gmt":"2024-07-15T06:11:35","slug":"lwechsel-set-plus-sae-10w-40-performance-vx1","status":"publish","type":"product","link":"https:\/\/mathy-austria.com\/hu\/termek\/lwechsel-set-plus-sae-10w-40-performance-vx1\/","title":{"rendered":"Olajcsere-k\u00e9szlet-PLUS SAE 10W-40 Performance VX1"},"content":{"rendered":"<p>A k\u00f6vetkez\u0151 olajcser\u00e9hez sz\u00fcks\u00e9ges k\u00e9szlet egy bels\u0151 motortiszt\u00edt\u00f3b\u00f3l, az \u00d6n \u00e1ltal v\u00e1lasztott motorolajb\u00f3l, egy liter motorolaj-adal\u00e9kb\u00f3l \u00e9s egy m\u00e9r\u0151poh\u00e1rb\u00f3l \u00e1ll a pontos felt\u00f6lt\u00e9shez.<\/p>\n<p>K\u00e9rj\u00fck, vegye figyelembe az 1,0 literes motorolajok minden t\u00edpus\u00e1ra vonatkoz\u00f3 aj\u00e1nlatainkat is. <strong>SAE oszt\u00e1lyok<\/strong>!<\/p>\n<h2>Vesz\u00e9ly<\/h2>\n<ul>\n<li>H304: Lenyelve \u00e9s a l\u00e9gutakba jutva hal\u00e1los lehet.<\/li>\n<li>H317: Allergi\u00e1s b\u0151rreakci\u00f3t okozhat.<\/li>\n<li>H319: S\u00falyos szemirrit\u00e1ci\u00f3t okoz.<\/li>\n<li>H412: A v\u00edzi \u00e9l\u0151vil\u00e1gra k\u00e1ros, hosszan tart\u00f3 hat\u00e1s\u00fa.<\/li>\n<li>EUH066: Ism\u00e9telt expoz\u00edci\u00f3 b\u0151rsz\u00e1razs\u00e1got vagy repedez\u00e9st okozhat.<\/li>\n<li>EUH208: Hossz\u00fa l\u00e1nc\u00fa alkil-amint tartalmaz. Allergi\u00e1s reakci\u00f3kat okozhat.<\/li>\n<\/ul>","protected":false},"excerpt":{"rendered":"<p>SAE 10W-40 Performance VX1 olajcsere k\u00e9szlet SAE 10W-40 Performance VX1<br \/>\n5,0 liter motorolaj + 0,4 liter MATHY-C bels\u0151 motortiszt\u00edt\u00f3 + MATHY-M motorolaj-adal\u00e9k + 0,5 liter m\u00e9r\u0151poh\u00e1r<\/p>","protected":false},"featured_media":3256,"template":"","meta":[],"product_brand":[125],"product_cat":[132],"product_tag":[],"class_list":{"0":"post-1199","1":"product","2":"type-product","3":"status-publish","4":"has-post-thumbnail","6":"product_brand-mvg-mathe-schmierstofftechnik-gmbh","7":"product_cat-produkt-sets","8":"description-off","10":"first","11":"instock","12":"taxable","13":"shipping-taxable","14":"purchasable","15":"product-type-simple"},"_links":{"self":[{"href":"https:\/\/mathy-austria.com\/hu\/wp-json\/wp\/v2\/product\/1199","targetHints":{"allow":["GET"]}}],"collection":[{"href":"https:\/\/mathy-austria.com\/hu\/wp-json\/wp\/v2\/product"}],"about":[{"href":"https:\/\/mathy-austria.com\/hu\/wp-json\/wp\/v2\/types\/product"}],"wp:featuredmedia":[{"embeddable":true,"href":"https:\/\/mathy-austria.com\/hu\/wp-json\/wp\/v2\/media\/3256"}],"wp:attachment":[{"href":"https:\/\/mathy-austria.com\/hu\/wp-json\/wp\/v2\/media?parent=1199"}],"wp:term":[{"taxonomy":"product_brand","embeddable":true,"href":"https:\/\/mathy-austria.com\/hu\/wp-json\/wp\/v2\/product_brand?post=1199"},{"taxonomy":"product_cat","embeddable":true,"href":"https:\/\/mathy-austria.com\/hu\/wp-json\/wp\/v2\/product_cat?post=1199"},{"taxonomy":"product_tag","embeddable":true,"href":"https:\/\/mathy-austria.com\/hu\/wp-json\/wp\/v2\/product_tag?post=1199"}],"curies":[{"name":"wp","href":"https:\/\/api.w.org\/{rel}","templated":true}]}}