{"id":1164,"date":"2016-10-25T08:55:11","date_gmt":"2016-10-25T06:55:11","guid":{"rendered":"https:\/\/mathy-austria.com\/?post_type=product&#038;p=1164"},"modified":"2024-07-15T07:11:35","modified_gmt":"2024-07-15T06:11:35","slug":"sae-5w-40-performance-vx4","status":"publish","type":"product","link":"https:\/\/mathy-austria.com\/hu\/termek\/sae-5w-40-performance-vx4\/","title":{"rendered":"SAE 5W-40 Performance VX4"},"content":{"rendered":"<p><strong>SAE 5W-40 Performance VX4<\/strong> hidrokrakk-szint\u00e9zisen (HC) alapul\u00f3 motorolaj. Ide\u00e1lis 4 \u00fctem\u0171 benzin- \u00e9s d\u00edzelmotorok, sz\u00edv\u00f3- \u00e9s turb\u00f3motorok motorv\u00e9delm\u00e9re.<br \/>\nA motorolaj haszn\u00e1lat\u00e1val<strong> SAE 5W-40 Performance VX4<\/strong> a motorolaj h\u0151m\u00e9rs\u00e9klete magas h\u0151m\u00e9rs\u00e9kleten is optim\u00e1lis szinten marad. <strong>MATHY SAE 5W-40 Performance VX4 SAE 5W-40 Performance VX4<\/strong> a t\u00f6k\u00e9letes alapolaj a <strong>MATHY -M <\/strong>Motorolaj-adal\u00e9k.<\/p>\n<h2>Specifik\u00e1ci\u00f3k\/enged\u00e9lyek*<\/h2>\n<ul>\n<li>ACEA A3\/B4<\/li>\n<li>PI SN\/CF<\/li>\n<li>Mercedes Benz MB kiad\u00e1s 229.3<\/li>\n<li>Porsche A40<\/li>\n<li>BMW, a BMW Longlife-01 szerint<\/li>\n<li>Opel GM-LL-B025<\/li>\n<li>Volkswagen VW, a VW 502 00, 505 00 szabv\u00e1nyok szerint<\/li>\n<li>PSA B71 2296<\/li>\n<li>Renault RN 0700\/0710<\/li>\n<\/ul>\n<p>*Az enged\u00e9lyek m\u00e1s fajtajel\u00f6l\u00e9s alatt \u00e1llnak rendelkez\u00e9sre.<\/p>\n<h2>Figyelem<\/h2>\n<ul>\n<li>H319: S\u00falyos szemirrit\u00e1ci\u00f3t okoz.<\/li>\n<li>EUH208: Hossz\u00fa l\u00e1nc\u00fa alkil-amint tartalmaz. Allergi\u00e1s reakci\u00f3kat okozhat.<\/li>\n<\/ul>","protected":false},"excerpt":{"rendered":"<p>Szintetikus HC motorolaj<br \/>\nminden 4 \u00fctem\u0171 benzin- \u00e9s d\u00edzelmotorhoz, sz\u00edv\u00f3- \u00e9s turb\u00f3motorhoz 1.0L<\/p>","protected":false},"featured_media":3246,"template":"","meta":[],"product_brand":[125],"product_cat":[124,168],"product_tag":[],"class_list":{"0":"post-1164","1":"product","2":"type-product","3":"status-publish","4":"has-post-thumbnail","6":"product_brand-mvg-mathe-schmierstofftechnik-gmbh","7":"product_cat-motor","8":"product_cat-motorenoel","9":"description-off","11":"first","12":"instock","13":"taxable","14":"shipping-taxable","15":"purchasable","16":"product-type-variable"},"_links":{"self":[{"href":"https:\/\/mathy-austria.com\/hu\/wp-json\/wp\/v2\/product\/1164","targetHints":{"allow":["GET"]}}],"collection":[{"href":"https:\/\/mathy-austria.com\/hu\/wp-json\/wp\/v2\/product"}],"about":[{"href":"https:\/\/mathy-austria.com\/hu\/wp-json\/wp\/v2\/types\/product"}],"wp:featuredmedia":[{"embeddable":true,"href":"https:\/\/mathy-austria.com\/hu\/wp-json\/wp\/v2\/media\/3246"}],"wp:attachment":[{"href":"https:\/\/mathy-austria.com\/hu\/wp-json\/wp\/v2\/media?parent=1164"}],"wp:term":[{"taxonomy":"product_brand","embeddable":true,"href":"https:\/\/mathy-austria.com\/hu\/wp-json\/wp\/v2\/product_brand?post=1164"},{"taxonomy":"product_cat","embeddable":true,"href":"https:\/\/mathy-austria.com\/hu\/wp-json\/wp\/v2\/product_cat?post=1164"},{"taxonomy":"product_tag","embeddable":true,"href":"https:\/\/mathy-austria.com\/hu\/wp-json\/wp\/v2\/product_tag?post=1164"}],"curies":[{"name":"wp","href":"https:\/\/api.w.org\/{rel}","templated":true}]}}