{"id":1162,"date":"2016-10-25T07:51:05","date_gmt":"2016-10-25T06:51:05","guid":{"rendered":"https:\/\/mathy-austria.com\/?post_type=product&#038;p=1162"},"modified":"2024-07-15T07:11:35","modified_gmt":"2024-07-15T06:11:35","slug":"mathe-classic-bleiersatz","status":"publish","type":"product","link":"https:\/\/mathy-austria.com\/hu\/termek\/mathe-classic-bleiersatz\/","title":{"rendered":"MATH\u00c9 Classic \u2013 Bleiersatz"},"content":{"rendered":"<p><strong>MATH\u00c9 Klasszikus \u00f3lomhelyettes\u00edt\u0151<\/strong> \u00f3lomhelyettes\u00edt\u0151k\u00e9nt 1 : 1000 ar\u00e1nyban adj\u00e1k a benzin\u00fczemanyagokhoz.<br \/>\n<strong>MATH\u00c9 Klasszikus \u00f3lomhelyettes\u00edt\u0151<\/strong> biztos\u00edtja a rendszeroldali ken\u0151hat\u00e1st az \u00f6sszes \u00fczemanyaggal \u00e1t\u00f6bl\u00edtett alkatr\u00e9sz sz\u00e1m\u00e1ra, \u00e9s kem\u00e9ny\u00edtetlen szelepf\u00e9szekbet\u00e9tekkel \u00e9s sz\u00fcrke \u00f6nt\u00f6ttvas alap\u00fa hengerfejekkel ell\u00e1tott benzinmotorokban haszn\u00e1lhat\u00f3.<\/p>\n<h2>Alkalmaz\u00e1s\/adagol\u00e1s:<\/h2>\n<ul>\n<li>Tankol\u00e1s el\u0151tt 1:1000 ar\u00e1nyban keverje a tart\u00e1lyba. Nyissa ki a biztons\u00e1gi kupakot, \u00e9s a palack megnyom\u00e1s\u00e1val pump\u00e1lja a sz\u00fcks\u00e9ges mennyis\u00e9g\u0171 \u00f3lomp\u00f3tl\u00f3t az adagol\u00f3ed\u00e9nybe: 25 ml. <strong>MATH\u00c9 Klasszikus \u00f3lomhelyettes\u00edt\u0151<\/strong> 25 liter benzin\u00e9rt.<\/li>\n<li>250 ml elegend\u0151 250 liter benzinhez.<\/li>\n<li>Aj\u00e1nl\u00e1s: Adja hozz\u00e1 minden benzintankhoz.<\/li>\n<\/ul>\n<h2>Vesz\u00e9ly<\/h2>\n<ul>\n<li>H304: Lenyelve \u00e9s a l\u00e9gutakba jutva hal\u00e1los lehet.<\/li>\n<li>H412: A v\u00edzi \u00e9l\u0151vil\u00e1gra k\u00e1ros, hosszan tart\u00f3 hat\u00e1s\u00fa.<\/li>\n<li>EUH066: Ism\u00e9telt expoz\u00edci\u00f3 b\u0151rsz\u00e1razs\u00e1got vagy repedez\u00e9st okozhat.<\/li>\n<\/ul>","protected":false},"excerpt":{"rendered":"<p>Vezet\u0151 helyettes\u00edt\u0151<br \/>\n250ml (literenk\u00e9nti \u00e1r 51,60 \u20ac)<\/p>","protected":false},"featured_media":3157,"template":"","meta":[],"product_brand":[125],"product_cat":[127,131],"product_tag":[],"class_list":{"0":"post-1162","1":"product","2":"type-product","3":"status-publish","4":"has-post-thumbnail","6":"product_brand-mvg-mathe-schmierstofftechnik-gmbh","7":"product_cat-kraftstoffsystem","8":"product_cat-klassiker","9":"description-off","11":"first","12":"instock","13":"taxable","14":"shipping-taxable","15":"purchasable","16":"product-type-variable"},"_links":{"self":[{"href":"https:\/\/mathy-austria.com\/hu\/wp-json\/wp\/v2\/product\/1162","targetHints":{"allow":["GET"]}}],"collection":[{"href":"https:\/\/mathy-austria.com\/hu\/wp-json\/wp\/v2\/product"}],"about":[{"href":"https:\/\/mathy-austria.com\/hu\/wp-json\/wp\/v2\/types\/product"}],"wp:featuredmedia":[{"embeddable":true,"href":"https:\/\/mathy-austria.com\/hu\/wp-json\/wp\/v2\/media\/3157"}],"wp:attachment":[{"href":"https:\/\/mathy-austria.com\/hu\/wp-json\/wp\/v2\/media?parent=1162"}],"wp:term":[{"taxonomy":"product_brand","embeddable":true,"href":"https:\/\/mathy-austria.com\/hu\/wp-json\/wp\/v2\/product_brand?post=1162"},{"taxonomy":"product_cat","embeddable":true,"href":"https:\/\/mathy-austria.com\/hu\/wp-json\/wp\/v2\/product_cat?post=1162"},{"taxonomy":"product_tag","embeddable":true,"href":"https:\/\/mathy-austria.com\/hu\/wp-json\/wp\/v2\/product_tag?post=1162"}],"curies":[{"name":"wp","href":"https:\/\/api.w.org\/{rel}","templated":true}]}}